{"id":53688,"date":"2025-10-15T09:06:58","date_gmt":"2025-10-15T15:06:58","guid":{"rendered":"https:\/\/www.holycross.com\/?page_id=53688"},"modified":"2025-10-20T11:38:45","modified_gmt":"2025-10-20T17:38:45","slug":"property-damage","status":"publish","type":"page","link":"https:\/\/www.holycross.com\/es\/contact\/property-damage","title":{"rendered":"Da\u00f1os a la propiedad"},"content":{"rendered":"<div data-elementor-type=\"wp-page\" data-elementor-id=\"53688\" class=\"elementor elementor-53688\" data-elementor-post-type=\"page\">\n\t\t\t\t\t\t<section class=\"elementor-section elementor-top-section elementor-element elementor-element-ca995d5 elementor-section-items-stretch elementor-section-content-middle elementor-section-height-min-height elementor-section-boxed elementor-section-height-default parallax_section_no qode_elementor_container_no\" data-id=\"ca995d5\" data-element_type=\"section\" data-e-type=\"section\" data-settings=\"{&quot;background_background&quot;:&quot;classic&quot;}\">\n\t\t\t\t\t\t\t<div class=\"elementor-background-overlay\"><\/div>\n\t\t\t\t\t\t\t<div class=\"elementor-container elementor-column-gap-default\">\n\t\t\t\t\t<div class=\"elementor-column elementor-col-50 elementor-top-column elementor-element elementor-element-be7ebc3\" data-id=\"be7ebc3\" data-element_type=\"column\" data-e-type=\"column\">\n\t\t\t<div class=\"elementor-widget-wrap elementor-element-populated\">\n\t\t\t\t\t\t<div class=\"elementor-element elementor-element-4dfdd47 elementor-widget elementor-widget-heading\" data-id=\"4dfdd47\" data-element_type=\"widget\" data-e-type=\"widget\" data-widget_type=\"heading.default\">\n\t\t\t\t<div class=\"elementor-widget-container\">\n\t\t\t\t\t<h3 class=\"elementor-heading-title elementor-size-default\">Cont\u00e1ctenos<\/h3>\t\t\t\t<\/div>\n\t\t\t\t<\/div>\n\t\t\t\t\t<\/div>\n\t\t<\/div>\n\t\t\t\t<div class=\"elementor-column elementor-col-50 elementor-top-column elementor-element elementor-element-908f8ec\" data-id=\"908f8ec\" data-element_type=\"column\" data-e-type=\"column\">\n\t\t\t<div class=\"elementor-widget-wrap\">\n\t\t\t\t\t\t\t<\/div>\n\t\t<\/div>\n\t\t\t\t\t<\/div>\n\t\t<\/section>\n\t\t\t\t<section class=\"elementor-section elementor-top-section elementor-element elementor-element-9fed15b elementor-section-boxed elementor-section-height-default elementor-section-height-default parallax_section_no qode_elementor_container_no\" data-id=\"9fed15b\" data-element_type=\"section\" data-e-type=\"section\">\n\t\t\t\t\t\t<div class=\"elementor-container elementor-column-gap-default\">\n\t\t\t\t\t<div class=\"elementor-column elementor-col-100 elementor-top-column elementor-element elementor-element-c6f462c\" data-id=\"c6f462c\" data-element_type=\"column\" data-e-type=\"column\">\n\t\t\t<div class=\"elementor-widget-wrap elementor-element-populated\">\n\t\t\t\t\t\t<div class=\"elementor-element elementor-element-79cbaee elementor-widget elementor-widget-heading\" data-id=\"79cbaee\" data-element_type=\"widget\" data-e-type=\"widget\" data-widget_type=\"heading.default\">\n\t\t\t\t<div class=\"elementor-widget-container\">\n\t\t\t\t\t<h3 class=\"elementor-heading-title elementor-size-default\">Denunciar da\u00f1os a la propiedad<\/h3>\t\t\t\t<\/div>\n\t\t\t\t<\/div>\n\t\t\t\t<div class=\"elementor-element elementor-element-4c3767b elementor-widget elementor-widget-text-editor\" data-id=\"4c3767b\" data-element_type=\"widget\" data-e-type=\"widget\" data-widget_type=\"text-editor.default\">\n\t\t\t\t<div class=\"elementor-widget-container\">\n\t\t\t\t\t\t\t\t\t<p role=\"presentation\" aria-hidden=\"true\" data-uw-rm-heading=\"hide\">Nos comprometemos a mantener un alto nivel de servicio y atenci\u00f3n para todos nuestros miembros. Si ha tenido alg\u00fan problema o da\u00f1o con su propiedad o equipo, utilice el formulario a continuaci\u00f3n para compartir los detalles con nosotros.<\/p><p>Su solicitud nos ayuda a comprender mejor la situaci\u00f3n para poder revisarla a fondo y darle el seguimiento necesario. Completar este formulario no implica la aceptaci\u00f3n de responsabilidad, pero nos permite iniciar el proceso de revisi\u00f3n lo antes posible.<\/p><p><span style=\"letter-spacing: 0px;\">Si tiene alguna pregunta, p\u00f3ngase en contacto con la especialista en cuentas clave de HCE, Ginette Puidokas, en\u00a0<\/span><a href=\"mailto:gpuidokas@holycross.com\" target=\"_blank\" rel=\"noopener\">gpuidokas@holycross.com<\/a><span style=\"letter-spacing: 0px;\">\u00a0o\u00a0<\/span><a href=\"http:\/\/tel:9709475536\" target=\"_blank\" rel=\"noopener\" aria-label=\"970.947.5536. - Abrir en una pesta\u00f1a nueva\" data-uw-rm-ext-link=\"\">970.947.5536.<\/a><\/p>\t\t\t\t\t\t\t\t<\/div>\n\t\t\t\t<\/div>\n\t\t\t\t<div class=\"elementor-element elementor-element-eca21ff elementor-widget elementor-widget-html\" data-id=\"eca21ff\" data-element_type=\"widget\" data-e-type=\"widget\" data-widget_type=\"html.default\">\n\t\t\t\t<div class=\"elementor-widget-container\">\n\t\t\t\t\t<script type=\"text\/javascript\" src=\"https:\/\/hce.formstack.com\/forms\/js.php\/hce_damage_claim\"><\/script><noscript><a href=\"https:\/\/hce.formstack.com\/forms\/hce_damage_claim\" title=\"Formulario en linea\">Formulario en l\u00ednea - Formulario de reclamaci\u00f3n por da\u00f1os<\/a><\/noscript>\t\t\t\t<\/div>\n\t\t\t\t<\/div>\n\t\t\t\t\t<\/div>\n\t\t<\/div>\n\t\t\t\t\t<\/div>\n\t\t<\/section>\n\t\t\t\t<\/div>","protected":false},"excerpt":{"rendered":"<p>Cont\u00e1ctenos para reportar da\u00f1os a la propiedad. Nos comprometemos a mantener un alto nivel de servicio y atenci\u00f3n para todos nuestros miembros. Si ha experimentado alg\u00fan problema o da\u00f1o a su propiedad o equipo, utilice el formulario a continuaci\u00f3n para compartir la informaci\u00f3n con nosotros. Su env\u00edo nos ayuda...<\/p>","protected":false},"author":6,"featured_media":0,"parent":594,"menu_order":0,"comment_status":"closed","ping_status":"closed","template":"elementor_header_footer","meta":{"_acf_changed":false,"footnotes":""},"class_list":["post-53688","page","type-page","status-publish","hentry"],"acf":[],"yoast_head":"<!-- This site is optimized with the Yoast SEO plugin v27.3 - https:\/\/yoast.com\/product\/yoast-seo-wordpress\/ -->\n<title>Property Damage - Holy Cross Energy<\/title>\n<meta name=\"robots\" content=\"noindex, follow\" \/>\n<meta property=\"og:locale\" content=\"es_MX\" \/>\n<meta property=\"og:type\" content=\"article\" \/>\n<meta property=\"og:title\" content=\"Property Damage - Holy Cross Energy\" \/>\n<meta property=\"og:description\" content=\"Contact Us Report Property Damage We\u2019re committed to maintaining a high standard of service and care for all our members. If you\u2019ve experienced an issue or damage involving property or equipment, please use the form below to share the details with us. Your submission helps...\" \/>\n<meta property=\"og:url\" content=\"https:\/\/www.holycross.com\/es\/contact\/property-damage\/\" \/>\n<meta property=\"og:site_name\" content=\"Holy Cross Energy\" \/>\n<meta property=\"article:modified_time\" content=\"2025-10-20T17:38:45+00:00\" \/>\n<meta name=\"twitter:card\" content=\"summary_large_image\" \/>\n<meta name=\"twitter:label1\" content=\"Tiempo de lectura\" \/>\n\t<meta name=\"twitter:data1\" content=\"1 minuto\" \/>\n<script type=\"application\/ld+json\" class=\"yoast-schema-graph\">{\"@context\":\"https:\\\/\\\/schema.org\",\"@graph\":[{\"@type\":\"WebPage\",\"@id\":\"https:\\\/\\\/www.holycross.com\\\/contact\\\/property-damage\",\"url\":\"https:\\\/\\\/www.holycross.com\\\/contact\\\/property-damage\",\"name\":\"Property Damage - Holy Cross Energy\",\"isPartOf\":{\"@id\":\"https:\\\/\\\/www.holycross.com\\\/#website\"},\"datePublished\":\"2025-10-15T15:06:58+00:00\",\"dateModified\":\"2025-10-20T17:38:45+00:00\",\"breadcrumb\":{\"@id\":\"https:\\\/\\\/www.holycross.com\\\/contact\\\/property-damage#breadcrumb\"},\"inLanguage\":\"es\",\"potentialAction\":[{\"@type\":\"ReadAction\",\"target\":[\"https:\\\/\\\/www.holycross.com\\\/contact\\\/property-damage\"]}]},{\"@type\":\"BreadcrumbList\",\"@id\":\"https:\\\/\\\/www.holycross.com\\\/contact\\\/property-damage#breadcrumb\",\"itemListElement\":[{\"@type\":\"ListItem\",\"position\":1,\"name\":\"Home\",\"item\":\"https:\\\/\\\/www.holycross.com\\\/\"},{\"@type\":\"ListItem\",\"position\":2,\"name\":\"Contact\",\"item\":\"https:\\\/\\\/www.holycross.com\\\/contact\"},{\"@type\":\"ListItem\",\"position\":3,\"name\":\"Property Damage\"}]},{\"@type\":\"WebSite\",\"@id\":\"https:\\\/\\\/www.holycross.com\\\/#website\",\"url\":\"https:\\\/\\\/www.holycross.com\\\/\",\"name\":\"Holy Cross Energy\",\"description\":\"\",\"publisher\":{\"@id\":\"https:\\\/\\\/www.holycross.com\\\/#organization\"},\"potentialAction\":[{\"@type\":\"SearchAction\",\"target\":{\"@type\":\"EntryPoint\",\"urlTemplate\":\"https:\\\/\\\/www.holycross.com\\\/?s={search_term_string}\"},\"query-input\":{\"@type\":\"PropertyValueSpecification\",\"valueRequired\":true,\"valueName\":\"search_term_string\"}}],\"inLanguage\":\"es\"},{\"@type\":\"Organization\",\"@id\":\"https:\\\/\\\/www.holycross.com\\\/#organization\",\"name\":\"Holy Cross Energy\",\"url\":\"https:\\\/\\\/www.holycross.com\\\/\",\"logo\":{\"@type\":\"ImageObject\",\"inLanguage\":\"es\",\"@id\":\"https:\\\/\\\/www.holycross.com\\\/#\\\/schema\\\/logo\\\/image\\\/\",\"url\":\"https:\\\/\\\/www.holycross.com\\\/wp-content\\\/uploads\\\/2022\\\/07\\\/HCE-NEW-LOGO-GREEN.png\",\"contentUrl\":\"https:\\\/\\\/www.holycross.com\\\/wp-content\\\/uploads\\\/2022\\\/07\\\/HCE-NEW-LOGO-GREEN.png\",\"width\":288,\"height\":288,\"caption\":\"Holy Cross Energy\"},\"image\":{\"@id\":\"https:\\\/\\\/www.holycross.com\\\/#\\\/schema\\\/logo\\\/image\\\/\"}}]}<\/script>\n<!-- \/ Yoast SEO plugin. -->","yoast_head_json":{"title":"Da\u00f1os a la propiedad - Holy Cross Energy","robots":{"index":"noindex","follow":"follow"},"og_locale":"es_MX","og_type":"article","og_title":"Property Damage - Holy Cross Energy","og_description":"Contact Us Report Property Damage We\u2019re committed to maintaining a high standard of service and care for all our members. If you\u2019ve experienced an issue or damage involving property or equipment, please use the form below to share the details with us. Your submission helps...","og_url":"https:\/\/www.holycross.com\/es\/contact\/property-damage\/","og_site_name":"Holy Cross Energy","article_modified_time":"2025-10-20T17:38:45+00:00","twitter_card":"summary_large_image","twitter_misc":{"Tiempo de lectura":"1 minuto"},"schema":{"@context":"https:\/\/schema.org","@graph":[{"@type":"WebPage","@id":"https:\/\/www.holycross.com\/contact\/property-damage","url":"https:\/\/www.holycross.com\/contact\/property-damage","name":"Da\u00f1os a la propiedad - Holy Cross Energy","isPartOf":{"@id":"https:\/\/www.holycross.com\/#website"},"datePublished":"2025-10-15T15:06:58+00:00","dateModified":"2025-10-20T17:38:45+00:00","breadcrumb":{"@id":"https:\/\/www.holycross.com\/contact\/property-damage#breadcrumb"},"inLanguage":"es","potentialAction":[{"@type":"ReadAction","target":["https:\/\/www.holycross.com\/contact\/property-damage"]}]},{"@type":"BreadcrumbList","@id":"https:\/\/www.holycross.com\/contact\/property-damage#breadcrumb","itemListElement":[{"@type":"ListItem","position":1,"name":"Home","item":"https:\/\/www.holycross.com\/"},{"@type":"ListItem","position":2,"name":"Contact","item":"https:\/\/www.holycross.com\/contact"},{"@type":"ListItem","position":3,"name":"Property Damage"}]},{"@type":"WebSite","@id":"https:\/\/www.holycross.com\/#website","url":"https:\/\/www.holycross.com\/","name":"Holy Cross Energy","description":"","publisher":{"@id":"https:\/\/www.holycross.com\/#organization"},"potentialAction":[{"@type":"SearchAction","target":{"@type":"EntryPoint","urlTemplate":"https:\/\/www.holycross.com\/?s={search_term_string}"},"query-input":{"@type":"PropertyValueSpecification","valueRequired":true,"valueName":"search_term_string"}}],"inLanguage":"es"},{"@type":"Organization","@id":"https:\/\/www.holycross.com\/#organization","name":"Holy Cross Energy","url":"https:\/\/www.holycross.com\/","logo":{"@type":"ImageObject","inLanguage":"es","@id":"https:\/\/www.holycross.com\/#\/schema\/logo\/image\/","url":"https:\/\/www.holycross.com\/wp-content\/uploads\/2022\/07\/HCE-NEW-LOGO-GREEN.png","contentUrl":"https:\/\/www.holycross.com\/wp-content\/uploads\/2022\/07\/HCE-NEW-LOGO-GREEN.png","width":288,"height":288,"caption":"Holy Cross Energy"},"image":{"@id":"https:\/\/www.holycross.com\/#\/schema\/logo\/image\/"}}]}},"_links":{"self":[{"href":"https:\/\/www.holycross.com\/es\/wp-json\/wp\/v2\/pages\/53688","targetHints":{"allow":["GET"]}}],"collection":[{"href":"https:\/\/www.holycross.com\/es\/wp-json\/wp\/v2\/pages"}],"about":[{"href":"https:\/\/www.holycross.com\/es\/wp-json\/wp\/v2\/types\/page"}],"author":[{"embeddable":true,"href":"https:\/\/www.holycross.com\/es\/wp-json\/wp\/v2\/users\/6"}],"replies":[{"embeddable":true,"href":"https:\/\/www.holycross.com\/es\/wp-json\/wp\/v2\/comments?post=53688"}],"version-history":[{"count":18,"href":"https:\/\/www.holycross.com\/es\/wp-json\/wp\/v2\/pages\/53688\/revisions"}],"predecessor-version":[{"id":53793,"href":"https:\/\/www.holycross.com\/es\/wp-json\/wp\/v2\/pages\/53688\/revisions\/53793"}],"up":[{"embeddable":true,"href":"https:\/\/www.holycross.com\/es\/wp-json\/wp\/v2\/pages\/594"}],"wp:attachment":[{"href":"https:\/\/www.holycross.com\/es\/wp-json\/wp\/v2\/media?parent=53688"}],"curies":[{"name":"wp","href":"https:\/\/api.w.org\/{rel}","templated":true}]}}