{"id":53469,"date":"2025-10-01T08:42:53","date_gmt":"2025-10-01T14:42:53","guid":{"rendered":"https:\/\/www.holycross.com\/?page_id=53469"},"modified":"2025-10-08T14:20:07","modified_gmt":"2025-10-08T20:20:07","slug":"coffee-with-your-co-op","status":"publish","type":"page","link":"https:\/\/www.holycross.com\/es\/community\/engagement\/events\/coffee-with-your-co-op","title":{"rendered":"Caf\u00e9 con tu cooperativa"},"content":{"rendered":"<div data-elementor-type=\"wp-page\" data-elementor-id=\"53469\" class=\"elementor elementor-53469\" data-elementor-post-type=\"page\">\n\t\t\t\t\t\t<section class=\"elementor-section elementor-top-section elementor-element elementor-element-c67babb elementor-section-content-middle elementor-section-boxed elementor-section-height-default elementor-section-height-default parallax_section_no qode_elementor_container_no\" data-id=\"c67babb\" data-element_type=\"section\" data-settings=\"{&quot;background_background&quot;:&quot;classic&quot;}\">\n\t\t\t\t\t\t\t<div class=\"elementor-background-overlay\"><\/div>\n\t\t\t\t\t\t\t<div class=\"elementor-container elementor-column-gap-default\">\n\t\t\t\t\t<div class=\"elementor-column elementor-col-100 elementor-top-column elementor-element elementor-element-cef4006\" data-id=\"cef4006\" data-element_type=\"column\">\n\t\t\t<div class=\"elementor-widget-wrap elementor-element-populated\">\n\t\t\t\t\t\t<div class=\"elementor-element elementor-element-765e838 elementor-widget elementor-widget-image\" data-id=\"765e838\" data-element_type=\"widget\" data-widget_type=\"image.default\">\n\t\t\t\t<div class=\"elementor-widget-container\">\n\t\t\t\t\t\t\t\t\t\t\t\t\t\t\t<img fetchpriority=\"high\" decoding=\"async\" width=\"600\" height=\"600\" src=\"https:\/\/www.holycross.com\/wp-content\/uploads\/2025\/10\/HCE_Coffee-with-your-co-op-logo-2025.png\" class=\"attachment-large size-large wp-image-53474\" alt=\"\" srcset=\"https:\/\/www.holycross.com\/wp-content\/uploads\/2025\/10\/HCE_Coffee-with-your-co-op-logo-2025.png 600w, https:\/\/www.holycross.com\/wp-content\/uploads\/2025\/10\/HCE_Coffee-with-your-co-op-logo-2025-300x300.png 300w, https:\/\/www.holycross.com\/wp-content\/uploads\/2025\/10\/HCE_Coffee-with-your-co-op-logo-2025-150x150.png 150w, https:\/\/www.holycross.com\/wp-content\/uploads\/2025\/10\/HCE_Coffee-with-your-co-op-logo-2025-12x12.png 12w, https:\/\/www.holycross.com\/wp-content\/uploads\/2025\/10\/HCE_Coffee-with-your-co-op-logo-2025-570x570.png 570w, https:\/\/www.holycross.com\/wp-content\/uploads\/2025\/10\/HCE_Coffee-with-your-co-op-logo-2025-500x500.png 500w\" sizes=\"(max-width: 600px) 100vw, 600px\" \/>\t\t\t\t\t\t\t\t\t\t\t\t\t\t\t<\/div>\n\t\t\t\t<\/div>\n\t\t\t\t\t<\/div>\n\t\t<\/div>\n\t\t\t\t\t<\/div>\n\t\t<\/section>\n\t\t\t\t<section class=\"elementor-section elementor-top-section elementor-element elementor-element-01eceaa elementor-section-boxed elementor-section-height-default elementor-section-height-default parallax_section_no qode_elementor_container_no\" data-id=\"01eceaa\" data-element_type=\"section\">\n\t\t\t\t\t\t<div class=\"elementor-container elementor-column-gap-default\">\n\t\t\t\t\t<div class=\"elementor-column elementor-col-50 elementor-top-column elementor-element elementor-element-76136da\" data-id=\"76136da\" data-element_type=\"column\">\n\t\t\t<div class=\"elementor-widget-wrap elementor-element-populated\">\n\t\t\t\t\t\t<div class=\"elementor-element elementor-element-4b3ff39 elementor-widget elementor-widget-heading\" data-id=\"4b3ff39\" data-element_type=\"widget\" data-widget_type=\"heading.default\">\n\t\t\t\t<div class=\"elementor-widget-container\">\n\t\t\t\t\t<h2 class=\"elementor-heading-title elementor-size-default\">Celebre el Mes de la Cooperativa con una taza de caf\u00e9, \u00a1por nuestra cuenta!<\/h2>\t\t\t\t<\/div>\n\t\t\t\t<\/div>\n\t\t\t\t<div class=\"elementor-element elementor-element-7553faa elementor-widget elementor-widget-text-editor\" data-id=\"7553faa\" data-element_type=\"widget\" data-widget_type=\"text-editor.default\">\n\t\t\t\t<div class=\"elementor-widget-container\">\n\t\t\t\t\t\t\t\t\t<p>\u00a1Octubre es el mes de las cooperativas! Y en Holy Cross Energy, tu cooperativa el\u00e9ctrica rural local, creemos que vale la pena celebrarlo.\u00a0<\/p><p>Visita una de las cafeter\u00edas participantes el jueves 16 de octubre, entre las 8 y las 10 am.\u00a0<span style=\"letter-spacing: 0px;\">Disfrute de una taza de caf\u00e9 gratis, conozca a nuestro equipo y aprenda m\u00e1s sobre c\u00f3mo impulsamos nuestras comunidades.<\/span><\/p><p><span style=\"letter-spacing: 0px;\">Estaremos all\u00ed para conversar sobre todo lo relacionado con la energ\u00eda, responder a tus preguntas sobre la cooperativa y ayudarte a explorar programas y servicios que te pueden beneficiar.<\/span><\/p><p><span style=\"letter-spacing: 0px;\">\u00a1Ven a saludarnos! \u00a1El caf\u00e9 corre por nuestra cuenta!<\/span><\/p>\t\t\t\t\t\t\t\t<\/div>\n\t\t\t\t<\/div>\n\t\t\t\t<div class=\"elementor-element elementor-element-fcde971 elementor-widget-divider--view-line elementor-widget elementor-widget-divider\" data-id=\"fcde971\" data-element_type=\"widget\" data-widget_type=\"divider.default\">\n\t\t\t\t<div class=\"elementor-widget-container\">\n\t\t\t\t\t\t\t<div class=\"elementor-divider\">\n\t\t\t<span class=\"elementor-divider-separator\">\n\t\t\t\t\t\t<\/span>\n\t\t<\/div>\n\t\t\t\t\t\t<\/div>\n\t\t\t\t<\/div>\n\t\t\t\t<div class=\"elementor-element elementor-element-e13e99d elementor-widget elementor-widget-heading\" data-id=\"e13e99d\" data-element_type=\"widget\" data-widget_type=\"heading.default\">\n\t\t\t\t<div class=\"elementor-widget-container\">\n\t\t\t\t\t<h3 class=\"elementor-heading-title elementor-size-default\">Jueves 16 de octubre<\/h3>\t\t\t\t<\/div>\n\t\t\t\t<\/div>\n\t\t\t\t<div class=\"elementor-element elementor-element-81e90fd elementor-widget elementor-widget-heading\" data-id=\"81e90fd\" data-element_type=\"widget\" data-widget_type=\"heading.default\">\n\t\t\t\t<div class=\"elementor-widget-container\">\n\t\t\t\t\t<h3 class=\"elementor-heading-title elementor-size-default\">8:00 - 10:00 am<\/h3>\t\t\t\t<\/div>\n\t\t\t\t<\/div>\n\t\t\t\t<div class=\"elementor-element elementor-element-06ac4ca elementor-widget-divider--view-line elementor-widget elementor-widget-divider\" data-id=\"06ac4ca\" data-element_type=\"widget\" data-widget_type=\"divider.default\">\n\t\t\t\t<div class=\"elementor-widget-container\">\n\t\t\t\t\t\t\t<div class=\"elementor-divider\">\n\t\t\t<span class=\"elementor-divider-separator\">\n\t\t\t\t\t\t<\/span>\n\t\t<\/div>\n\t\t\t\t\t\t<\/div>\n\t\t\t\t<\/div>\n\t\t\t\t<div class=\"elementor-element elementor-element-398fc27 elementor-widget elementor-widget-heading\" data-id=\"398fc27\" data-element_type=\"widget\" data-widget_type=\"heading.default\">\n\t\t\t\t<div class=\"elementor-widget-container\">\n\t\t\t\t\t<h4 class=\"elementor-heading-title elementor-size-default\"><a href=\"https:\/\/www.mountainheartbrewing.com\/\">Cervecer\u00eda y cafeter\u00eda Mountain Heart \u2014 Basalt<\/a><\/h4>\t\t\t\t<\/div>\n\t\t\t\t<\/div>\n\t\t\t\t<div class=\"elementor-element elementor-element-88f3cf0 elementor-widget elementor-widget-text-editor\" data-id=\"88f3cf0\" data-element_type=\"widget\" data-widget_type=\"text-editor.default\">\n\t\t\t\t<div class=\"elementor-widget-container\">\n\t\t\t\t\t\t\t\t\t<p>132 Midland Ave Suite #1, Basalt, CO 81621<\/p>\t\t\t\t\t\t\t\t<\/div>\n\t\t\t\t<\/div>\n\t\t\t\t<div class=\"elementor-element elementor-element-9584e71 elementor-widget elementor-widget-heading\" data-id=\"9584e71\" data-element_type=\"widget\" data-widget_type=\"heading.default\">\n\t\t\t\t<div class=\"elementor-widget-container\">\n\t\t\t\t\t<h4 class=\"elementor-heading-title elementor-size-default\"><a href=\"https:\/\/www.yetisgrind.com\/\">La rutina del Yeti<span> \u2014 <\/span><span style=\"letter-spacing: 0px\">Edwards<\/span><span style=\"letter-spacing: 0px\"><\/span><br><\/a><\/h4>\t\t\t\t<\/div>\n\t\t\t\t<\/div>\n\t\t\t\t<div class=\"elementor-element elementor-element-11929ac elementor-widget elementor-widget-text-editor\" data-id=\"11929ac\" data-element_type=\"widget\" data-widget_type=\"text-editor.default\">\n\t\t\t\t<div class=\"elementor-widget-container\">\n\t\t\t\t\t\t\t\t\t<p>105 Edwards Village Blvd., E101, Edwards, CO 81632<\/p>\t\t\t\t\t\t\t\t<\/div>\n\t\t\t\t<\/div>\n\t\t\t\t<div class=\"elementor-element elementor-element-18eb05b elementor-widget elementor-widget-heading\" data-id=\"18eb05b\" data-element_type=\"widget\" data-widget_type=\"heading.default\">\n\t\t\t\t<div class=\"elementor-widget-container\">\n\t\t\t\t\t<h4 class=\"elementor-heading-title elementor-size-default\"><a href=\"https:\/\/www.facebook.com\/thelittlecoffeeshack\/\">La cafeter\u00eda<span> \u2014 <\/span><span style=\"letter-spacing: 0px\">Paraca\u00eddas<\/span><span style=\"letter-spacing: 0px\"><\/span><br><\/a><\/h4>\t\t\t\t<\/div>\n\t\t\t\t<\/div>\n\t\t\t\t<div class=\"elementor-element elementor-element-73fad20 elementor-widget elementor-widget-text-editor\" data-id=\"73fad20\" data-element_type=\"widget\" data-widget_type=\"text-editor.default\">\n\t\t\t\t<div class=\"elementor-widget-container\">\n\t\t\t\t\t\t\t\t\t<p>258 S Rail Rd Ave, Parachute, CO 81635<\/p>\t\t\t\t\t\t\t\t<\/div>\n\t\t\t\t<\/div>\n\t\t\t\t\t<\/div>\n\t\t<\/div>\n\t\t\t\t<div class=\"elementor-column elementor-col-50 elementor-top-column elementor-element elementor-element-db5b3a8\" data-id=\"db5b3a8\" data-element_type=\"column\">\n\t\t\t<div class=\"elementor-widget-wrap elementor-element-populated\">\n\t\t\t\t\t\t<div class=\"elementor-element elementor-element-086908c elementor-widget elementor-widget-image\" data-id=\"086908c\" data-element_type=\"widget\" data-widget_type=\"image.default\">\n\t\t\t\t<div class=\"elementor-widget-container\">\n\t\t\t\t\t\t\t\t\t\t\t\t\t\t\t<img decoding=\"async\" width=\"100\" height=\"100\" src=\"https:\/\/www.holycross.com\/wp-content\/uploads\/2024\/09\/right-tree-right-place.png\" class=\"attachment-full size-full wp-image-48729\" alt=\"\" srcset=\"https:\/\/www.holycross.com\/wp-content\/uploads\/2024\/09\/right-tree-right-place.png 100w, https:\/\/www.holycross.com\/wp-content\/uploads\/2024\/09\/right-tree-right-place-12x12.png 12w\" sizes=\"(max-width: 100px) 100vw, 100px\" \/>\t\t\t\t\t\t\t\t\t\t\t\t\t\t\t<\/div>\n\t\t\t\t<\/div>\n\t\t\t\t<div class=\"elementor-element elementor-element-3cccbc4 elementor-widget-divider--view-line elementor-widget elementor-widget-divider\" data-id=\"3cccbc4\" data-element_type=\"widget\" data-widget_type=\"divider.default\">\n\t\t\t\t<div class=\"elementor-widget-container\">\n\t\t\t\t\t\t\t<div class=\"elementor-divider\">\n\t\t\t<span class=\"elementor-divider-separator\">\n\t\t\t\t\t\t<\/span>\n\t\t<\/div>\n\t\t\t\t\t\t<\/div>\n\t\t\t\t<\/div>\n\t\t\t\t<div class=\"elementor-element elementor-element-51bf448 elementor-widget elementor-widget-text-editor\" data-id=\"51bf448\" data-element_type=\"widget\" data-widget_type=\"text-editor.default\">\n\t\t\t\t<div class=\"elementor-widget-container\">\n\t\t\t\t\t\t\t\t\t<p><strong>\u00bfSab\u00edas que una gran parte del caf\u00e9 del mundo es producido por cooperativas? <\/strong><em>Estos grupos de agricultores unen fuerzas para acceder a mejores recursos, mejorar las oportunidades de comercializaci\u00f3n y negocios, recibir capacitaci\u00f3n y fortalecer sus comunidades.<\/em><\/p>\t\t\t\t\t\t\t\t<\/div>\n\t\t\t\t<\/div>\n\t\t\t\t\t<\/div>\n\t\t<\/div>\n\t\t\t\t\t<\/div>\n\t\t<\/section>\n\t\t\t\t<\/div>","protected":false},"excerpt":{"rendered":"<p>Celebra el Mes de las Cooperativas con un caf\u00e9, \u00a1por nuestra cuenta! \u00a1Octubre es el mes de las cooperativas! Y en Holy Cross Energy, tu cooperativa el\u00e9ctrica rural local, creemos que vale la pena celebrarlo. Visita una de las cafeter\u00edas participantes el jueves 16 de octubre, entre las 8 y\u2026<\/p>","protected":false},"author":6,"featured_media":53470,"parent":35437,"menu_order":0,"comment_status":"closed","ping_status":"closed","template":"elementor_header_footer","meta":{"_acf_changed":false,"footnotes":""},"class_list":["post-53469","page","type-page","status-publish","has-post-thumbnail","hentry"],"acf":[],"yoast_head":"<!-- This site is optimized with the Yoast SEO plugin v22.8 - https:\/\/yoast.com\/wordpress\/plugins\/seo\/ -->\n<title>Coffee with your co-op - Holy Cross Energy<\/title>\n<meta name=\"robots\" content=\"index, follow, max-snippet:-1, max-image-preview:large, max-video-preview:-1\" \/>\n<link rel=\"canonical\" href=\"https:\/\/www.holycross.com\/es\/community\/engagement\/events\/coffee-with-your-co-op\/\" \/>\n<meta property=\"og:locale\" content=\"es_MX\" \/>\n<meta property=\"og:type\" content=\"article\" \/>\n<meta property=\"og:title\" content=\"Coffee with your co-op - Holy Cross Energy\" \/>\n<meta property=\"og:description\" content=\"Celebrate Co-op Month with a cup of coffee \u2014 on us! October is co-op month! And at Holy Cross Energy, your local rural electric cooperative, we think that\u2019s worth celebrating.\u00a0 Stop by one of the participating coffee shops on Thursday, October 16, between 8 and...\" \/>\n<meta property=\"og:url\" content=\"https:\/\/www.holycross.com\/es\/community\/engagement\/events\/coffee-with-your-co-op\/\" \/>\n<meta property=\"og:site_name\" content=\"Holy Cross Energy\" \/>\n<meta property=\"article:modified_time\" content=\"2025-10-08T20:20:07+00:00\" \/>\n<meta property=\"og:image\" content=\"https:\/\/www.holycross.com\/wp-content\/uploads\/2025\/10\/HCE_CoffeeWithYourCoop_EventBanner_Oct2025.jpg\" \/>\n\t<meta property=\"og:image:width\" content=\"1920\" \/>\n\t<meta property=\"og:image:height\" content=\"1005\" \/>\n\t<meta property=\"og:image:type\" content=\"image\/jpeg\" \/>\n<meta name=\"twitter:card\" content=\"summary_large_image\" \/>\n<meta name=\"twitter:label1\" content=\"Tiempo de lectura\" \/>\n\t<meta name=\"twitter:data1\" content=\"2 minutos\" \/>\n<script type=\"application\/ld+json\" class=\"yoast-schema-graph\">{\"@context\":\"https:\/\/schema.org\",\"@graph\":[{\"@type\":\"WebPage\",\"@id\":\"https:\/\/www.holycross.com\/community\/engagement\/events\/coffee-with-your-co-op\",\"url\":\"https:\/\/www.holycross.com\/community\/engagement\/events\/coffee-with-your-co-op\",\"name\":\"Coffee with your co-op - Holy Cross Energy\",\"isPartOf\":{\"@id\":\"https:\/\/www.holycross.com\/#website\"},\"primaryImageOfPage\":{\"@id\":\"https:\/\/www.holycross.com\/community\/engagement\/events\/coffee-with-your-co-op#primaryimage\"},\"image\":{\"@id\":\"https:\/\/www.holycross.com\/community\/engagement\/events\/coffee-with-your-co-op#primaryimage\"},\"thumbnailUrl\":\"https:\/\/www.holycross.com\/wp-content\/uploads\/2025\/10\/HCE_CoffeeWithYourCoop_EventBanner_Oct2025.jpg\",\"datePublished\":\"2025-10-01T14:42:53+00:00\",\"dateModified\":\"2025-10-08T20:20:07+00:00\",\"breadcrumb\":{\"@id\":\"https:\/\/www.holycross.com\/community\/engagement\/events\/coffee-with-your-co-op#breadcrumb\"},\"inLanguage\":\"es\",\"potentialAction\":[{\"@type\":\"ReadAction\",\"target\":[\"https:\/\/www.holycross.com\/community\/engagement\/events\/coffee-with-your-co-op\"]}]},{\"@type\":\"ImageObject\",\"inLanguage\":\"es\",\"@id\":\"https:\/\/www.holycross.com\/community\/engagement\/events\/coffee-with-your-co-op#primaryimage\",\"url\":\"https:\/\/www.holycross.com\/wp-content\/uploads\/2025\/10\/HCE_CoffeeWithYourCoop_EventBanner_Oct2025.jpg\",\"contentUrl\":\"https:\/\/www.holycross.com\/wp-content\/uploads\/2025\/10\/HCE_CoffeeWithYourCoop_EventBanner_Oct2025.jpg\",\"width\":1920,\"height\":1005},{\"@type\":\"BreadcrumbList\",\"@id\":\"https:\/\/www.holycross.com\/community\/engagement\/events\/coffee-with-your-co-op#breadcrumb\",\"itemListElement\":[{\"@type\":\"ListItem\",\"position\":1,\"name\":\"Home\",\"item\":\"https:\/\/www.holycross.com\/\"},{\"@type\":\"ListItem\",\"position\":2,\"name\":\"COMMUNITY\",\"item\":\"https:\/\/www.holycross.com\/community\"},{\"@type\":\"ListItem\",\"position\":3,\"name\":\"ENGAGEMENT\",\"item\":\"https:\/\/www.holycross.com\/community\/engagement\"},{\"@type\":\"ListItem\",\"position\":4,\"name\":\"Events\",\"item\":\"https:\/\/www.holycross.com\/community\/engagement\/events\"},{\"@type\":\"ListItem\",\"position\":5,\"name\":\"Coffee with your co-op\"}]},{\"@type\":\"WebSite\",\"@id\":\"https:\/\/www.holycross.com\/#website\",\"url\":\"https:\/\/www.holycross.com\/\",\"name\":\"Holy Cross Energy\",\"description\":\"\",\"publisher\":{\"@id\":\"https:\/\/www.holycross.com\/#organization\"},\"potentialAction\":[{\"@type\":\"SearchAction\",\"target\":{\"@type\":\"EntryPoint\",\"urlTemplate\":\"https:\/\/www.holycross.com\/?s={search_term_string}\"},\"query-input\":\"required name=search_term_string\"}],\"inLanguage\":\"es\"},{\"@type\":\"Organization\",\"@id\":\"https:\/\/www.holycross.com\/#organization\",\"name\":\"Holy Cross Energy\",\"url\":\"https:\/\/www.holycross.com\/\",\"logo\":{\"@type\":\"ImageObject\",\"inLanguage\":\"es\",\"@id\":\"https:\/\/www.holycross.com\/#\/schema\/logo\/image\/\",\"url\":\"https:\/\/www.holycross.com\/wp-content\/uploads\/2022\/07\/HCE-NEW-LOGO-GREEN.png\",\"contentUrl\":\"https:\/\/www.holycross.com\/wp-content\/uploads\/2022\/07\/HCE-NEW-LOGO-GREEN.png\",\"width\":288,\"height\":288,\"caption\":\"Holy Cross Energy\"},\"image\":{\"@id\":\"https:\/\/www.holycross.com\/#\/schema\/logo\/image\/\"}}]}<\/script>\n<!-- \/ Yoast SEO plugin. -->","yoast_head_json":{"title":"Caf\u00e9 con tu cooperativa - Holy Cross Energy","robots":{"index":"index","follow":"follow","max-snippet":"max-snippet:-1","max-image-preview":"max-image-preview:large","max-video-preview":"max-video-preview:-1"},"canonical":"https:\/\/www.holycross.com\/es\/community\/engagement\/events\/coffee-with-your-co-op\/","og_locale":"es_MX","og_type":"article","og_title":"Coffee with your co-op - Holy Cross Energy","og_description":"Celebrate Co-op Month with a cup of coffee \u2014 on us! October is co-op month! And at Holy Cross Energy, your local rural electric cooperative, we think that\u2019s worth celebrating.\u00a0 Stop by one of the participating coffee shops on Thursday, October 16, between 8 and...","og_url":"https:\/\/www.holycross.com\/es\/community\/engagement\/events\/coffee-with-your-co-op\/","og_site_name":"Holy Cross Energy","article_modified_time":"2025-10-08T20:20:07+00:00","og_image":[{"width":1920,"height":1005,"url":"https:\/\/www.holycross.com\/wp-content\/uploads\/2025\/10\/HCE_CoffeeWithYourCoop_EventBanner_Oct2025.jpg","type":"image\/jpeg"}],"twitter_card":"summary_large_image","twitter_misc":{"Tiempo de lectura":"2 minutos"},"schema":{"@context":"https:\/\/schema.org","@graph":[{"@type":"WebPage","@id":"https:\/\/www.holycross.com\/community\/engagement\/events\/coffee-with-your-co-op","url":"https:\/\/www.holycross.com\/community\/engagement\/events\/coffee-with-your-co-op","name":"Caf\u00e9 con tu cooperativa - Holy Cross Energy","isPartOf":{"@id":"https:\/\/www.holycross.com\/#website"},"primaryImageOfPage":{"@id":"https:\/\/www.holycross.com\/community\/engagement\/events\/coffee-with-your-co-op#primaryimage"},"image":{"@id":"https:\/\/www.holycross.com\/community\/engagement\/events\/coffee-with-your-co-op#primaryimage"},"thumbnailUrl":"https:\/\/www.holycross.com\/wp-content\/uploads\/2025\/10\/HCE_CoffeeWithYourCoop_EventBanner_Oct2025.jpg","datePublished":"2025-10-01T14:42:53+00:00","dateModified":"2025-10-08T20:20:07+00:00","breadcrumb":{"@id":"https:\/\/www.holycross.com\/community\/engagement\/events\/coffee-with-your-co-op#breadcrumb"},"inLanguage":"es","potentialAction":[{"@type":"ReadAction","target":["https:\/\/www.holycross.com\/community\/engagement\/events\/coffee-with-your-co-op"]}]},{"@type":"ImageObject","inLanguage":"es","@id":"https:\/\/www.holycross.com\/community\/engagement\/events\/coffee-with-your-co-op#primaryimage","url":"https:\/\/www.holycross.com\/wp-content\/uploads\/2025\/10\/HCE_CoffeeWithYourCoop_EventBanner_Oct2025.jpg","contentUrl":"https:\/\/www.holycross.com\/wp-content\/uploads\/2025\/10\/HCE_CoffeeWithYourCoop_EventBanner_Oct2025.jpg","width":1920,"height":1005},{"@type":"BreadcrumbList","@id":"https:\/\/www.holycross.com\/community\/engagement\/events\/coffee-with-your-co-op#breadcrumb","itemListElement":[{"@type":"ListItem","position":1,"name":"Home","item":"https:\/\/www.holycross.com\/"},{"@type":"ListItem","position":2,"name":"COMMUNITY","item":"https:\/\/www.holycross.com\/community"},{"@type":"ListItem","position":3,"name":"ENGAGEMENT","item":"https:\/\/www.holycross.com\/community\/engagement"},{"@type":"ListItem","position":4,"name":"Events","item":"https:\/\/www.holycross.com\/community\/engagement\/events"},{"@type":"ListItem","position":5,"name":"Coffee with your co-op"}]},{"@type":"WebSite","@id":"https:\/\/www.holycross.com\/#website","url":"https:\/\/www.holycross.com\/","name":"Holy Cross Energy","description":"","publisher":{"@id":"https:\/\/www.holycross.com\/#organization"},"potentialAction":[{"@type":"SearchAction","target":{"@type":"EntryPoint","urlTemplate":"https:\/\/www.holycross.com\/?s={search_term_string}"},"query-input":"required name=search_term_string"}],"inLanguage":"es"},{"@type":"Organization","@id":"https:\/\/www.holycross.com\/#organization","name":"Holy Cross Energy","url":"https:\/\/www.holycross.com\/","logo":{"@type":"ImageObject","inLanguage":"es","@id":"https:\/\/www.holycross.com\/#\/schema\/logo\/image\/","url":"https:\/\/www.holycross.com\/wp-content\/uploads\/2022\/07\/HCE-NEW-LOGO-GREEN.png","contentUrl":"https:\/\/www.holycross.com\/wp-content\/uploads\/2022\/07\/HCE-NEW-LOGO-GREEN.png","width":288,"height":288,"caption":"Holy Cross Energy"},"image":{"@id":"https:\/\/www.holycross.com\/#\/schema\/logo\/image\/"}}]}},"_links":{"self":[{"href":"https:\/\/www.holycross.com\/es\/wp-json\/wp\/v2\/pages\/53469","targetHints":{"allow":["GET"]}}],"collection":[{"href":"https:\/\/www.holycross.com\/es\/wp-json\/wp\/v2\/pages"}],"about":[{"href":"https:\/\/www.holycross.com\/es\/wp-json\/wp\/v2\/types\/page"}],"author":[{"embeddable":true,"href":"https:\/\/www.holycross.com\/es\/wp-json\/wp\/v2\/users\/6"}],"replies":[{"embeddable":true,"href":"https:\/\/www.holycross.com\/es\/wp-json\/wp\/v2\/comments?post=53469"}],"version-history":[{"count":25,"href":"https:\/\/www.holycross.com\/es\/wp-json\/wp\/v2\/pages\/53469\/revisions"}],"predecessor-version":[{"id":53582,"href":"https:\/\/www.holycross.com\/es\/wp-json\/wp\/v2\/pages\/53469\/revisions\/53582"}],"up":[{"embeddable":true,"href":"https:\/\/www.holycross.com\/es\/wp-json\/wp\/v2\/pages\/35437"}],"wp:featuredmedia":[{"embeddable":true,"href":"https:\/\/www.holycross.com\/es\/wp-json\/wp\/v2\/media\/53470"}],"wp:attachment":[{"href":"https:\/\/www.holycross.com\/es\/wp-json\/wp\/v2\/media?parent=53469"}],"curies":[{"name":"wp","href":"https:\/\/api.w.org\/{rel}","templated":true}]}}