{"id":53284,"date":"2025-09-02T16:55:41","date_gmt":"2025-09-02T22:55:41","guid":{"rendered":"https:\/\/www.holycross.com\/?page_id=53284"},"modified":"2025-09-02T17:22:40","modified_gmt":"2025-09-02T23:22:40","slug":"educational-presentations","status":"publish","type":"page","link":"https:\/\/www.holycross.com\/es\/community\/community-programs\/educational-presentations","title":{"rendered":"Presentaciones educativas"},"content":{"rendered":"<div data-elementor-type=\"wp-page\" data-elementor-id=\"53284\" class=\"elementor elementor-53284\" data-elementor-post-type=\"page\">\n\t\t\t\t\t\t<section class=\"elementor-section elementor-top-section elementor-element elementor-element-016f192 elementor-section-items-stretch elementor-section-content-middle elementor-section-height-min-height elementor-section-boxed elementor-section-height-default parallax_section_no qode_elementor_container_no\" data-id=\"016f192\" data-element_type=\"section\" data-e-type=\"section\" data-settings=\"{&quot;background_background&quot;:&quot;classic&quot;}\">\n\t\t\t\t\t\t\t<div class=\"elementor-background-overlay\"><\/div>\n\t\t\t\t\t\t\t<div class=\"elementor-container elementor-column-gap-no\">\n\t\t\t\t\t<div class=\"elementor-column elementor-col-100 elementor-top-column elementor-element elementor-element-3fc33f7\" data-id=\"3fc33f7\" data-element_type=\"column\" data-e-type=\"column\">\n\t\t\t<div class=\"elementor-widget-wrap elementor-element-populated\">\n\t\t\t\t\t\t<div class=\"elementor-element elementor-element-594c48c elementor-widget elementor-widget-heading\" data-id=\"594c48c\" data-element_type=\"widget\" data-e-type=\"widget\" data-widget_type=\"heading.default\">\n\t\t\t\t<div class=\"elementor-widget-container\">\n\t\t\t\t\t<h2 class=\"elementor-heading-title elementor-size-default\">Oportunidades educativas<\/h2>\t\t\t\t<\/div>\n\t\t\t\t<\/div>\n\t\t\t\t\t<\/div>\n\t\t<\/div>\n\t\t\t\t\t<\/div>\n\t\t<\/section>\n\t\t\t\t<section class=\"elementor-section elementor-top-section elementor-element elementor-element-4ed5590 elementor-section-boxed elementor-section-height-default elementor-section-height-default parallax_section_no qode_elementor_container_no\" data-id=\"4ed5590\" data-element_type=\"section\" data-e-type=\"section\">\n\t\t\t\t\t\t<div class=\"elementor-container elementor-column-gap-default\">\n\t\t\t\t\t<div class=\"elementor-column elementor-col-100 elementor-top-column elementor-element elementor-element-44d43c2\" data-id=\"44d43c2\" data-element_type=\"column\" data-e-type=\"column\">\n\t\t\t<div class=\"elementor-widget-wrap elementor-element-populated\">\n\t\t\t\t\t\t<section class=\"elementor-section elementor-inner-section elementor-element elementor-element-92e9e2f elementor-section-boxed elementor-section-height-default elementor-section-height-default parallax_section_no qode_elementor_container_no\" data-id=\"92e9e2f\" data-element_type=\"section\" data-e-type=\"section\">\n\t\t\t\t\t\t<div class=\"elementor-container elementor-column-gap-default\">\n\t\t\t\t\t<div class=\"elementor-column elementor-col-100 elementor-inner-column elementor-element elementor-element-e6b6fbb\" data-id=\"e6b6fbb\" data-element_type=\"column\" data-e-type=\"column\">\n\t\t\t<div class=\"elementor-widget-wrap elementor-element-populated\">\n\t\t\t\t\t\t<div class=\"elementor-element elementor-element-ab322d0 elementor-widget elementor-widget-spacer\" data-id=\"ab322d0\" data-element_type=\"widget\" data-e-type=\"widget\" data-widget_type=\"spacer.default\">\n\t\t\t\t<div class=\"elementor-widget-container\">\n\t\t\t\t\t\t\t<div class=\"elementor-spacer\">\n\t\t\t<div class=\"elementor-spacer-inner\"><\/div>\n\t\t<\/div>\n\t\t\t\t\t\t<\/div>\n\t\t\t\t<\/div>\n\t\t\t\t\t<\/div>\n\t\t<\/div>\n\t\t\t\t\t<\/div>\n\t\t<\/section>\n\t\t\t\t\t<\/div>\n\t\t<\/div>\n\t\t\t\t\t<\/div>\n\t\t<\/section>\n\t\t\t\t<section class=\"elementor-section elementor-top-section elementor-element elementor-element-997761d elementor-section-boxed elementor-section-height-default elementor-section-height-default parallax_section_no qode_elementor_container_no\" data-id=\"997761d\" data-element_type=\"section\" data-e-type=\"section\">\n\t\t\t\t\t\t<div class=\"elementor-container elementor-column-gap-default\">\n\t\t\t\t\t<div class=\"elementor-column elementor-col-33 elementor-top-column elementor-element elementor-element-935874c\" data-id=\"935874c\" data-element_type=\"column\" data-e-type=\"column\">\n\t\t\t<div class=\"elementor-widget-wrap elementor-element-populated\">\n\t\t\t\t\t\t<div class=\"elementor-element elementor-element-b0cd5e6 elementor-widget elementor-widget-image\" data-id=\"b0cd5e6\" data-element_type=\"widget\" data-e-type=\"widget\" data-widget_type=\"image.default\">\n\t\t\t\t<div class=\"elementor-widget-container\">\n\t\t\t\t\t\t\t\t\t\t\t\t\t\t\t<img fetchpriority=\"high\" decoding=\"async\" width=\"720\" height=\"540\" src=\"https:\/\/www.holycross.com\/wp-content\/uploads\/2025\/09\/electricity-education.jpg\" class=\"attachment-large size-large wp-image-53329\" alt=\"\" srcset=\"https:\/\/www.holycross.com\/wp-content\/uploads\/2025\/09\/electricity-education.jpg 720w, https:\/\/www.holycross.com\/wp-content\/uploads\/2025\/09\/electricity-education-300x225.jpg 300w, https:\/\/www.holycross.com\/wp-content\/uploads\/2025\/09\/electricity-education-16x12.jpg 16w, https:\/\/www.holycross.com\/wp-content\/uploads\/2025\/09\/electricity-education-700x525.jpg 700w\" sizes=\"(max-width: 720px) 100vw, 720px\" \/>\t\t\t\t\t\t\t\t\t\t\t\t\t\t\t<\/div>\n\t\t\t\t<\/div>\n\t\t\t\t\t<\/div>\n\t\t<\/div>\n\t\t\t\t<div class=\"elementor-column elementor-col-33 elementor-top-column elementor-element elementor-element-d47fb1a\" data-id=\"d47fb1a\" data-element_type=\"column\" data-e-type=\"column\">\n\t\t\t<div class=\"elementor-widget-wrap elementor-element-populated\">\n\t\t\t\t\t\t<div class=\"elementor-element elementor-element-34ad5e5 elementor-widget elementor-widget-image\" data-id=\"34ad5e5\" data-element_type=\"widget\" data-e-type=\"widget\" data-widget_type=\"image.default\">\n\t\t\t\t<div class=\"elementor-widget-container\">\n\t\t\t\t\t\t\t\t\t\t\t\t\t\t\t<img decoding=\"async\" width=\"720\" height=\"540\" src=\"https:\/\/www.holycross.com\/wp-content\/uploads\/2025\/09\/community-safety-education.jpg\" class=\"attachment-large size-large wp-image-53331\" alt=\"\" srcset=\"https:\/\/www.holycross.com\/wp-content\/uploads\/2025\/09\/community-safety-education.jpg 720w, https:\/\/www.holycross.com\/wp-content\/uploads\/2025\/09\/community-safety-education-300x225.jpg 300w, https:\/\/www.holycross.com\/wp-content\/uploads\/2025\/09\/community-safety-education-16x12.jpg 16w, https:\/\/www.holycross.com\/wp-content\/uploads\/2025\/09\/community-safety-education-700x525.jpg 700w\" sizes=\"(max-width: 720px) 100vw, 720px\" \/>\t\t\t\t\t\t\t\t\t\t\t\t\t\t\t<\/div>\n\t\t\t\t<\/div>\n\t\t\t\t\t<\/div>\n\t\t<\/div>\n\t\t\t\t<div class=\"elementor-column elementor-col-33 elementor-top-column elementor-element elementor-element-8767e87\" data-id=\"8767e87\" data-element_type=\"column\" data-e-type=\"column\">\n\t\t\t<div class=\"elementor-widget-wrap elementor-element-populated\">\n\t\t\t\t\t\t<div class=\"elementor-element elementor-element-55c75e1 elementor-widget elementor-widget-image\" data-id=\"55c75e1\" data-element_type=\"widget\" data-e-type=\"widget\" data-widget_type=\"image.default\">\n\t\t\t\t<div class=\"elementor-widget-container\">\n\t\t\t\t\t\t\t\t\t\t\t\t\t\t\t<img decoding=\"async\" width=\"720\" height=\"540\" src=\"https:\/\/www.holycross.com\/wp-content\/uploads\/2025\/09\/classroom-education.jpg\" class=\"attachment-large size-large wp-image-53330\" alt=\"\" srcset=\"https:\/\/www.holycross.com\/wp-content\/uploads\/2025\/09\/classroom-education.jpg 720w, https:\/\/www.holycross.com\/wp-content\/uploads\/2025\/09\/classroom-education-300x225.jpg 300w, https:\/\/www.holycross.com\/wp-content\/uploads\/2025\/09\/classroom-education-16x12.jpg 16w, https:\/\/www.holycross.com\/wp-content\/uploads\/2025\/09\/classroom-education-700x525.jpg 700w\" sizes=\"(max-width: 720px) 100vw, 720px\" \/>\t\t\t\t\t\t\t\t\t\t\t\t\t\t\t<\/div>\n\t\t\t\t<\/div>\n\t\t\t\t\t<\/div>\n\t\t<\/div>\n\t\t\t\t\t<\/div>\n\t\t<\/section>\n\t\t\t\t<section class=\"elementor-section elementor-top-section elementor-element elementor-element-8b1564e elementor-section-boxed elementor-section-height-default elementor-section-height-default parallax_section_no qode_elementor_container_no\" data-id=\"8b1564e\" data-element_type=\"section\" data-e-type=\"section\">\n\t\t\t\t\t\t<div class=\"elementor-container elementor-column-gap-default\">\n\t\t\t\t\t<div class=\"elementor-column elementor-col-50 elementor-top-column elementor-element elementor-element-0bddede\" data-id=\"0bddede\" data-element_type=\"column\" data-e-type=\"column\">\n\t\t\t<div class=\"elementor-widget-wrap elementor-element-populated\">\n\t\t\t\t\t\t<div class=\"elementor-element elementor-element-0994032 elementor-widget elementor-widget-text-editor\" data-id=\"0994032\" data-element_type=\"widget\" data-e-type=\"widget\" data-widget_type=\"text-editor.default\">\n\t\t\t\t<div class=\"elementor-widget-container\">\n\t\t\t\t\t\t\t\t\t<p data-start=\"131\" data-end=\"472\">Cuando el tiempo lo permite, estamos orgullosos de ofrecer experiencias educativas atractivas para escuelas, personal de primera respuesta y organizaciones comunitarias, que incluyen:<\/p><ul data-start=\"474\" data-end=\"699\"><li data-start=\"474\" data-end=\"512\"><p data-start=\"476\" data-end=\"512\">Demostraciones de seguridad de alto voltaje<\/p><\/li><li data-start=\"513\" data-end=\"604\"><p data-start=\"515\" data-end=\"604\">Presentaciones en el aula sobre seguridad el\u00e9ctrica, energ\u00edas renovables y el negocio energ\u00e9tico.<\/p><\/li><li data-start=\"605\" data-end=\"646\"><p data-start=\"607\" data-end=\"646\">Visitas al campus de Holy Cross Energy<\/p><\/li><li data-start=\"647\" data-end=\"699\"><p data-start=\"649\" data-end=\"699\">Ponentes expertos para eventos y paneles de conferencias<\/p><\/li><\/ul><p data-start=\"701\" data-end=\"780\"><span style=\"background-color: #fdfbfa; letter-spacing: 0px;\">Nos encanta compartir nuestra experiencia con la comunidad. Pero como nuestra prioridad es mantener el negocio funcionando, estas oportunidades dependen del tiempo del personal, la disponibilidad horaria y la adecuaci\u00f3n al p\u00fablico.<\/span><\/p><p data-start=\"782\" data-end=\"911\">Si su grupo est\u00e1 interesado, complete el formulario a continuaci\u00f3n y un miembro de nuestro equipo se comunicar\u00e1 con usted para explorar lo que es posible.<\/p>\t\t\t\t\t\t\t\t<\/div>\n\t\t\t\t<\/div>\n\t\t\t\t\t<\/div>\n\t\t<\/div>\n\t\t\t\t<div class=\"elementor-column elementor-col-50 elementor-top-column elementor-element elementor-element-179b090\" data-id=\"179b090\" data-element_type=\"column\" data-e-type=\"column\" data-settings=\"{&quot;background_background&quot;:&quot;classic&quot;}\">\n\t\t\t<div class=\"elementor-widget-wrap elementor-element-populated\">\n\t\t\t\t\t\t<div class=\"elementor-element elementor-element-1b81f87 elementor-widget elementor-widget-heading\" data-id=\"1b81f87\" data-element_type=\"widget\" data-e-type=\"widget\" data-widget_type=\"heading.default\">\n\t\t\t\t<div class=\"elementor-widget-container\">\n\t\t\t\t\t<h4 class=\"elementor-heading-title elementor-size-default\">Solicitar una presentaci\u00f3n<\/h4>\t\t\t\t<\/div>\n\t\t\t\t<\/div>\n\t\t\t\t<div class=\"elementor-element elementor-element-8ad81be elementor-widget elementor-widget-html\" data-id=\"8ad81be\" data-element_type=\"widget\" data-e-type=\"widget\" data-widget_type=\"html.default\">\n\t\t\t\t<div class=\"elementor-widget-container\">\n\t\t\t\t\t<script type=\"text\/javascript\" src=\"https:\/\/hce.formstack.com\/forms\/js.php\/request_an_educational_presentation\"><\/script><noscript><a href=\"https:\/\/hce.formstack.com\/forms\/request_an_educational_presentation\" title=\"Formulario en linea\">Formulario en l\u00ednea: Solicite una presentaci\u00f3n educativa<\/a><\/noscript>\t\t\t\t<\/div>\n\t\t\t\t<\/div>\n\t\t\t\t\t<\/div>\n\t\t<\/div>\n\t\t\t\t\t<\/div>\n\t\t<\/section>\n\t\t\t\t<\/div>","protected":false},"excerpt":{"rendered":"<p>Oportunidades educativas Cuando el tiempo lo permite, estamos orgullosos de ofrecer experiencias educativas interesantes para escuelas, personal de primera respuesta y organizaciones comunitarias, que incluyen: Demostraciones de seguridad de alto voltaje Presentaciones en el aula sobre seguridad el\u00e9ctrica, energ\u00eda renovable y el negocio energ\u00e9tico Visitas al campus de Holy Cross Energy Oradores expertos para eventos\u2026<\/p>","protected":false},"author":6,"featured_media":0,"parent":35422,"menu_order":0,"comment_status":"closed","ping_status":"closed","template":"elementor_header_footer","meta":{"_acf_changed":false,"footnotes":""},"class_list":["post-53284","page","type-page","status-publish","hentry"],"acf":[],"yoast_head":"<!-- This site is optimized with the Yoast SEO plugin v27.3 - https:\/\/yoast.com\/product\/yoast-seo-wordpress\/ -->\n<title>Educational Presentations - Holy Cross Energy<\/title>\n<meta name=\"robots\" content=\"index, follow, max-snippet:-1, max-image-preview:large, max-video-preview:-1\" \/>\n<link rel=\"canonical\" href=\"https:\/\/www.holycross.com\/es\/community\/community-programs\/educational-presentations\/\" \/>\n<meta property=\"og:locale\" content=\"es_MX\" \/>\n<meta property=\"og:type\" content=\"article\" \/>\n<meta property=\"og:title\" content=\"Educational Presentations - Holy Cross Energy\" \/>\n<meta property=\"og:description\" content=\"Educational Opportunities When time allows, we\u2019re proud to offer engaging educational experiences for schools, first responders, and community organizations, including: High-voltage safety demonstrations Classroom presentations on electrical safety, renewable energy, and the energy business Tours of the Holy Cross Energy campus Expert speakers for events...\" \/>\n<meta property=\"og:url\" content=\"https:\/\/www.holycross.com\/es\/community\/community-programs\/educational-presentations\/\" \/>\n<meta property=\"og:site_name\" content=\"Holy Cross Energy\" \/>\n<meta property=\"article:modified_time\" content=\"2025-09-02T23:22:40+00:00\" \/>\n<meta property=\"og:image\" content=\"https:\/\/www.holycross.com\/wp-content\/uploads\/2025\/09\/electricity-education.jpg\" \/>\n<meta name=\"twitter:card\" content=\"summary_large_image\" \/>\n<meta name=\"twitter:label1\" content=\"Tiempo de lectura\" \/>\n\t<meta name=\"twitter:data1\" content=\"2 minutos\" \/>\n<script type=\"application\/ld+json\" class=\"yoast-schema-graph\">{\"@context\":\"https:\\\/\\\/schema.org\",\"@graph\":[{\"@type\":\"WebPage\",\"@id\":\"https:\\\/\\\/www.holycross.com\\\/community\\\/community-programs\\\/educational-presentations\",\"url\":\"https:\\\/\\\/www.holycross.com\\\/community\\\/community-programs\\\/educational-presentations\",\"name\":\"Educational Presentations - Holy Cross Energy\",\"isPartOf\":{\"@id\":\"https:\\\/\\\/www.holycross.com\\\/#website\"},\"primaryImageOfPage\":{\"@id\":\"https:\\\/\\\/www.holycross.com\\\/community\\\/community-programs\\\/educational-presentations#primaryimage\"},\"image\":{\"@id\":\"https:\\\/\\\/www.holycross.com\\\/community\\\/community-programs\\\/educational-presentations#primaryimage\"},\"thumbnailUrl\":\"https:\\\/\\\/www.holycross.com\\\/wp-content\\\/uploads\\\/2025\\\/09\\\/electricity-education.jpg\",\"datePublished\":\"2025-09-02T22:55:41+00:00\",\"dateModified\":\"2025-09-02T23:22:40+00:00\",\"breadcrumb\":{\"@id\":\"https:\\\/\\\/www.holycross.com\\\/community\\\/community-programs\\\/educational-presentations#breadcrumb\"},\"inLanguage\":\"es\",\"potentialAction\":[{\"@type\":\"ReadAction\",\"target\":[\"https:\\\/\\\/www.holycross.com\\\/community\\\/community-programs\\\/educational-presentations\"]}]},{\"@type\":\"ImageObject\",\"inLanguage\":\"es\",\"@id\":\"https:\\\/\\\/www.holycross.com\\\/community\\\/community-programs\\\/educational-presentations#primaryimage\",\"url\":\"https:\\\/\\\/www.holycross.com\\\/wp-content\\\/uploads\\\/2025\\\/09\\\/electricity-education.jpg\",\"contentUrl\":\"https:\\\/\\\/www.holycross.com\\\/wp-content\\\/uploads\\\/2025\\\/09\\\/electricity-education.jpg\"},{\"@type\":\"BreadcrumbList\",\"@id\":\"https:\\\/\\\/www.holycross.com\\\/community\\\/community-programs\\\/educational-presentations#breadcrumb\",\"itemListElement\":[{\"@type\":\"ListItem\",\"position\":1,\"name\":\"Home\",\"item\":\"https:\\\/\\\/www.holycross.com\\\/\"},{\"@type\":\"ListItem\",\"position\":2,\"name\":\"COMMUNITY\",\"item\":\"https:\\\/\\\/www.holycross.com\\\/community\"},{\"@type\":\"ListItem\",\"position\":3,\"name\":\"COMMUNITY PROGRAMS\",\"item\":\"https:\\\/\\\/www.holycross.com\\\/community\\\/community-programs\"},{\"@type\":\"ListItem\",\"position\":4,\"name\":\"Educational Presentations\"}]},{\"@type\":\"WebSite\",\"@id\":\"https:\\\/\\\/www.holycross.com\\\/#website\",\"url\":\"https:\\\/\\\/www.holycross.com\\\/\",\"name\":\"Holy Cross Energy\",\"description\":\"\",\"publisher\":{\"@id\":\"https:\\\/\\\/www.holycross.com\\\/#organization\"},\"potentialAction\":[{\"@type\":\"SearchAction\",\"target\":{\"@type\":\"EntryPoint\",\"urlTemplate\":\"https:\\\/\\\/www.holycross.com\\\/?s={search_term_string}\"},\"query-input\":{\"@type\":\"PropertyValueSpecification\",\"valueRequired\":true,\"valueName\":\"search_term_string\"}}],\"inLanguage\":\"es\"},{\"@type\":\"Organization\",\"@id\":\"https:\\\/\\\/www.holycross.com\\\/#organization\",\"name\":\"Holy Cross Energy\",\"url\":\"https:\\\/\\\/www.holycross.com\\\/\",\"logo\":{\"@type\":\"ImageObject\",\"inLanguage\":\"es\",\"@id\":\"https:\\\/\\\/www.holycross.com\\\/#\\\/schema\\\/logo\\\/image\\\/\",\"url\":\"https:\\\/\\\/www.holycross.com\\\/wp-content\\\/uploads\\\/2022\\\/07\\\/HCE-NEW-LOGO-GREEN.png\",\"contentUrl\":\"https:\\\/\\\/www.holycross.com\\\/wp-content\\\/uploads\\\/2022\\\/07\\\/HCE-NEW-LOGO-GREEN.png\",\"width\":288,\"height\":288,\"caption\":\"Holy Cross Energy\"},\"image\":{\"@id\":\"https:\\\/\\\/www.holycross.com\\\/#\\\/schema\\\/logo\\\/image\\\/\"}}]}<\/script>\n<!-- \/ Yoast SEO plugin. -->","yoast_head_json":{"title":"Presentaciones educativas - Holy Cross Energy","robots":{"index":"index","follow":"follow","max-snippet":"max-snippet:-1","max-image-preview":"max-image-preview:large","max-video-preview":"max-video-preview:-1"},"canonical":"https:\/\/www.holycross.com\/es\/community\/community-programs\/educational-presentations\/","og_locale":"es_MX","og_type":"article","og_title":"Educational Presentations - Holy Cross Energy","og_description":"Educational Opportunities When time allows, we\u2019re proud to offer engaging educational experiences for schools, first responders, and community organizations, including: High-voltage safety demonstrations Classroom presentations on electrical safety, renewable energy, and the energy business Tours of the Holy Cross Energy campus Expert speakers for events...","og_url":"https:\/\/www.holycross.com\/es\/community\/community-programs\/educational-presentations\/","og_site_name":"Holy Cross Energy","article_modified_time":"2025-09-02T23:22:40+00:00","og_image":[{"url":"https:\/\/www.holycross.com\/wp-content\/uploads\/2025\/09\/electricity-education.jpg","type":"","width":"","height":""}],"twitter_card":"summary_large_image","twitter_misc":{"Tiempo de lectura":"2 minutos"},"schema":{"@context":"https:\/\/schema.org","@graph":[{"@type":"WebPage","@id":"https:\/\/www.holycross.com\/community\/community-programs\/educational-presentations","url":"https:\/\/www.holycross.com\/community\/community-programs\/educational-presentations","name":"Presentaciones educativas - Holy Cross Energy","isPartOf":{"@id":"https:\/\/www.holycross.com\/#website"},"primaryImageOfPage":{"@id":"https:\/\/www.holycross.com\/community\/community-programs\/educational-presentations#primaryimage"},"image":{"@id":"https:\/\/www.holycross.com\/community\/community-programs\/educational-presentations#primaryimage"},"thumbnailUrl":"https:\/\/www.holycross.com\/wp-content\/uploads\/2025\/09\/electricity-education.jpg","datePublished":"2025-09-02T22:55:41+00:00","dateModified":"2025-09-02T23:22:40+00:00","breadcrumb":{"@id":"https:\/\/www.holycross.com\/community\/community-programs\/educational-presentations#breadcrumb"},"inLanguage":"es","potentialAction":[{"@type":"ReadAction","target":["https:\/\/www.holycross.com\/community\/community-programs\/educational-presentations"]}]},{"@type":"ImageObject","inLanguage":"es","@id":"https:\/\/www.holycross.com\/community\/community-programs\/educational-presentations#primaryimage","url":"https:\/\/www.holycross.com\/wp-content\/uploads\/2025\/09\/electricity-education.jpg","contentUrl":"https:\/\/www.holycross.com\/wp-content\/uploads\/2025\/09\/electricity-education.jpg"},{"@type":"BreadcrumbList","@id":"https:\/\/www.holycross.com\/community\/community-programs\/educational-presentations#breadcrumb","itemListElement":[{"@type":"ListItem","position":1,"name":"Home","item":"https:\/\/www.holycross.com\/"},{"@type":"ListItem","position":2,"name":"COMMUNITY","item":"https:\/\/www.holycross.com\/community"},{"@type":"ListItem","position":3,"name":"COMMUNITY PROGRAMS","item":"https:\/\/www.holycross.com\/community\/community-programs"},{"@type":"ListItem","position":4,"name":"Educational Presentations"}]},{"@type":"WebSite","@id":"https:\/\/www.holycross.com\/#website","url":"https:\/\/www.holycross.com\/","name":"Holy Cross Energy","description":"","publisher":{"@id":"https:\/\/www.holycross.com\/#organization"},"potentialAction":[{"@type":"SearchAction","target":{"@type":"EntryPoint","urlTemplate":"https:\/\/www.holycross.com\/?s={search_term_string}"},"query-input":{"@type":"PropertyValueSpecification","valueRequired":true,"valueName":"search_term_string"}}],"inLanguage":"es"},{"@type":"Organization","@id":"https:\/\/www.holycross.com\/#organization","name":"Holy Cross Energy","url":"https:\/\/www.holycross.com\/","logo":{"@type":"ImageObject","inLanguage":"es","@id":"https:\/\/www.holycross.com\/#\/schema\/logo\/image\/","url":"https:\/\/www.holycross.com\/wp-content\/uploads\/2022\/07\/HCE-NEW-LOGO-GREEN.png","contentUrl":"https:\/\/www.holycross.com\/wp-content\/uploads\/2022\/07\/HCE-NEW-LOGO-GREEN.png","width":288,"height":288,"caption":"Holy Cross Energy"},"image":{"@id":"https:\/\/www.holycross.com\/#\/schema\/logo\/image\/"}}]}},"_links":{"self":[{"href":"https:\/\/www.holycross.com\/es\/wp-json\/wp\/v2\/pages\/53284","targetHints":{"allow":["GET"]}}],"collection":[{"href":"https:\/\/www.holycross.com\/es\/wp-json\/wp\/v2\/pages"}],"about":[{"href":"https:\/\/www.holycross.com\/es\/wp-json\/wp\/v2\/types\/page"}],"author":[{"embeddable":true,"href":"https:\/\/www.holycross.com\/es\/wp-json\/wp\/v2\/users\/6"}],"replies":[{"embeddable":true,"href":"https:\/\/www.holycross.com\/es\/wp-json\/wp\/v2\/comments?post=53284"}],"version-history":[{"count":16,"href":"https:\/\/www.holycross.com\/es\/wp-json\/wp\/v2\/pages\/53284\/revisions"}],"predecessor-version":[{"id":53334,"href":"https:\/\/www.holycross.com\/es\/wp-json\/wp\/v2\/pages\/53284\/revisions\/53334"}],"up":[{"embeddable":true,"href":"https:\/\/www.holycross.com\/es\/wp-json\/wp\/v2\/pages\/35422"}],"wp:attachment":[{"href":"https:\/\/www.holycross.com\/es\/wp-json\/wp\/v2\/media?parent=53284"}],"curies":[{"name":"wp","href":"https:\/\/api.w.org\/{rel}","templated":true}]}}