{"id":44584,"date":"2023-11-02T22:56:08","date_gmt":"2023-11-02T22:56:08","guid":{"rendered":"https:\/\/holycross.com\/?page_id=44584"},"modified":"2023-11-02T23:18:38","modified_gmt":"2023-11-02T23:18:38","slug":"electric-and-magnetic-fields","status":"publish","type":"page","link":"https:\/\/www.holycross.com\/es\/community\/safety\/our-commitment-to-safety\/electric-and-magnetic-fields","title":{"rendered":"Campos el\u00e9ctricos y magn\u00e9ticos"},"content":{"rendered":"<div data-elementor-type=\"wp-page\" data-elementor-id=\"44584\" class=\"elementor elementor-44584\" data-elementor-post-type=\"page\">\n\t\t\t\t\t\t<section class=\"elementor-section elementor-top-section elementor-element elementor-element-893c97e elementor-section-items-stretch elementor-section-content-middle elementor-section-height-min-height elementor-section-boxed elementor-section-height-default parallax_section_no qode_elementor_container_no\" data-id=\"893c97e\" data-element_type=\"section\" data-settings=\"{&quot;background_background&quot;:&quot;classic&quot;}\">\n\t\t\t\t\t\t\t<div class=\"elementor-background-overlay\"><\/div>\n\t\t\t\t\t\t\t<div class=\"elementor-container elementor-column-gap-default\">\n\t\t\t\t\t<div class=\"elementor-column elementor-col-50 elementor-top-column elementor-element elementor-element-b41fbb9\" data-id=\"b41fbb9\" data-element_type=\"column\">\n\t\t\t<div class=\"elementor-widget-wrap elementor-element-populated\">\n\t\t\t\t\t\t<div class=\"elementor-element elementor-element-4f45b33 elementor-widget elementor-widget-text-editor\" data-id=\"4f45b33\" data-element_type=\"widget\" data-widget_type=\"text-editor.default\">\n\t\t\t\t<div class=\"elementor-widget-container\">\n\t\t\t\t\t\t\t\t\tLos campos el\u00e9ctricos y magn\u00e9ticos (CEM) plantean un problema importante para Holy Cross Energy (HCE) y sus consumidores. Estos campos existen en todas partes en nuestro entorno y son tanto naturales como artificiales. Adem\u00e1s de las l\u00edneas de transmisi\u00f3n el\u00e9ctrica, las fuentes de CEM incluyen: cableado de edificios, electrodom\u00e9sticos, computadoras, instalaciones de comunicaciones y dispositivos electr\u00f3nicos.\t\t\t\t\t\t\t\t<\/div>\n\t\t\t\t<\/div>\n\t\t\t\t\t<\/div>\n\t\t<\/div>\n\t\t\t\t<div class=\"elementor-column elementor-col-50 elementor-top-column elementor-element elementor-element-ccb0788\" data-id=\"ccb0788\" data-element_type=\"column\">\n\t\t\t<div class=\"elementor-widget-wrap\">\n\t\t\t\t\t\t\t<\/div>\n\t\t<\/div>\n\t\t\t\t\t<\/div>\n\t\t<\/section>\n\t\t\t\t<section class=\"elementor-section elementor-top-section elementor-element elementor-element-74a2d79c elementor-section-boxed elementor-section-height-default elementor-section-height-default parallax_section_no qode_elementor_container_no\" data-id=\"74a2d79c\" data-element_type=\"section\" data-settings=\"{&quot;background_background&quot;:&quot;classic&quot;}\">\n\t\t\t\t\t\t\t<div class=\"elementor-background-overlay\"><\/div>\n\t\t\t\t\t\t\t<div class=\"elementor-container elementor-column-gap-default\">\n\t\t\t\t\t<div class=\"elementor-column elementor-col-100 elementor-top-column elementor-element elementor-element-7790d800\" data-id=\"7790d800\" data-element_type=\"column\">\n\t\t\t<div class=\"elementor-widget-wrap elementor-element-populated\">\n\t\t\t\t\t\t<div class=\"elementor-element elementor-element-76b1c0ce elementor-invisible elementor-widget elementor-widget-heading\" data-id=\"76b1c0ce\" data-element_type=\"widget\" data-settings=\"{&quot;_animation&quot;:&quot;fadeIn&quot;,&quot;_animation_delay&quot;:200}\" data-widget_type=\"heading.default\">\n\t\t\t\t<div class=\"elementor-widget-container\">\n\t\t\t\t\t<h6 class=\"elementor-heading-title elementor-size-default\">DECLARACI\u00d3N DE POSICI\u00d3N DE HOLY CROSS ENERGY SOBRE<\/h6>\t\t\t\t<\/div>\n\t\t\t\t<\/div>\n\t\t\t\t<div class=\"elementor-element elementor-element-6c3a133 elementor-invisible elementor-widget elementor-widget-heading\" data-id=\"6c3a133\" data-element_type=\"widget\" data-settings=\"{&quot;_animation&quot;:&quot;fadeIn&quot;,&quot;_animation_delay&quot;:200}\" data-widget_type=\"heading.default\">\n\t\t\t\t<div class=\"elementor-widget-container\">\n\t\t\t\t\t<h3 class=\"elementor-heading-title elementor-size-default\">Campos el\u00e9ctricos y magn\u00e9ticos<\/h3>\t\t\t\t<\/div>\n\t\t\t\t<\/div>\n\t\t\t\t<section class=\"elementor-section elementor-inner-section elementor-element elementor-element-b81f146 elementor-section-boxed elementor-section-height-default elementor-section-height-default parallax_section_no qode_elementor_container_no\" data-id=\"b81f146\" data-element_type=\"section\">\n\t\t\t\t\t\t<div class=\"elementor-container elementor-column-gap-no\">\n\t\t\t\t\t<div class=\"elementor-column elementor-col-50 elementor-inner-column elementor-element elementor-element-1a7e5bf\" data-id=\"1a7e5bf\" data-element_type=\"column\">\n\t\t\t<div class=\"elementor-widget-wrap elementor-element-populated\">\n\t\t\t\t\t\t<div class=\"elementor-element elementor-element-3f5169ad animated-slow elementor-invisible elementor-widget elementor-widget-text-editor\" data-id=\"3f5169ad\" data-element_type=\"widget\" data-settings=\"{&quot;_animation&quot;:&quot;fadeIn&quot;,&quot;_animation_delay&quot;:400}\" data-widget_type=\"text-editor.default\">\n\t\t\t\t<div class=\"elementor-widget-container\">\n\t\t\t\t\t\t\t\t\t<p>Los campos el\u00e9ctricos y magn\u00e9ticos (CEM) plantean un problema importante para Holy Cross Energy (HCE) y sus consumidores. Estos campos existen en todas partes en nuestro entorno y son tanto naturales como artificiales. Adem\u00e1s de las l\u00edneas de transmisi\u00f3n el\u00e9ctrica, las fuentes de CEM incluyen: cableado de edificios, electrodom\u00e9sticos, computadoras, instalaciones de comunicaciones y dispositivos electr\u00f3nicos.<\/p><p>En las \u00faltimas tres d\u00e9cadas, las empresas de servicios p\u00fablicos, las agencias gubernamentales y los investigadores independientes han llevado a cabo una amplia investigaci\u00f3n para investigar los posibles efectos de los campos electromagn\u00e9ticos en las plantas, los animales y la salud humana. Este conjunto de investigaciones incluye una amplia gama de estudios epidemiol\u00f3gicos y cient\u00edficos b\u00e1sicos, as\u00ed como evaluaciones de la exposici\u00f3n e investigaciones de gesti\u00f3n de campo.<\/p><p>Numerosas instituciones cient\u00edficas independientes, organizaciones de salud y organismos gubernamentales han evaluado cuidadosamente la investigaci\u00f3n para determinar si estos campos podr\u00edan tener implicaciones adversas para la salud humana. Entre ellos se incluyen paneles independientes convocados por Oak Ridge Associated Universities, la Academia Nacional de Ciencias, la Organizaci\u00f3n Mundial de la Salud y la Junta Nacional de Protecci\u00f3n Radiol\u00f3gica del Reino Unido. En Colorado, la Comisi\u00f3n de Servicios P\u00fablicos y un consorcio de cient\u00edficos universitarios han considerado la investigaci\u00f3n sobre los campos electromagn\u00e9ticos.\u00a0 <b>Hasta la fecha, las organizaciones estatales, nacionales e internacionales que han evaluado la investigaci\u00f3n sobre los campos electromagn\u00e9ticos apoyan la conclusi\u00f3n de que no hay evidencia convincente de que los campos electromagn\u00e9ticos de las l\u00edneas el\u00e9ctricas tengan o puedan provocar problemas de salud p\u00fablica.<\/b><b><\/b><\/p>\t\t\t\t\t\t\t\t<\/div>\n\t\t\t\t<\/div>\n\t\t\t\t\t<\/div>\n\t\t<\/div>\n\t\t\t\t<div class=\"elementor-column elementor-col-50 elementor-inner-column elementor-element elementor-element-d204cdf\" data-id=\"d204cdf\" data-element_type=\"column\">\n\t\t\t<div class=\"elementor-widget-wrap elementor-element-populated\">\n\t\t\t\t\t\t<div class=\"elementor-element elementor-element-31dbcbc elementor-invisible elementor-widget elementor-widget-image\" data-id=\"31dbcbc\" data-element_type=\"widget\" data-settings=\"{&quot;_animation&quot;:&quot;fadeInRight&quot;,&quot;_animation_delay&quot;:400}\" data-widget_type=\"image.default\">\n\t\t\t\t<div class=\"elementor-widget-container\">\n\t\t\t\t\t\t\t\t\t\t\t\t\t\t\t<img fetchpriority=\"high\" decoding=\"async\" width=\"500\" height=\"480\" src=\"https:\/\/www.holycross.com\/wp-content\/uploads\/2018\/05\/Tri-State-Norwood-5003-500x480.jpg\" class=\"attachment-portfolio_masonry_regular size-portfolio_masonry_regular wp-image-23210\" alt=\"\" \/>\t\t\t\t\t\t\t\t\t\t\t\t\t\t\t<\/div>\n\t\t\t\t<\/div>\n\t\t\t\t\t<\/div>\n\t\t<\/div>\n\t\t\t\t\t<\/div>\n\t\t<\/section>\n\t\t\t\t<div class=\"elementor-element elementor-element-bcc36e5 animated-slow elementor-invisible elementor-widget elementor-widget-text-editor\" data-id=\"bcc36e5\" data-element_type=\"widget\" data-settings=\"{&quot;_animation&quot;:&quot;fadeIn&quot;,&quot;_animation_delay&quot;:400}\" data-widget_type=\"text-editor.default\">\n\t\t\t\t<div class=\"elementor-widget-container\">\n\t\t\t\t\t\t\t\t\t<p>La HCE se basa en el consenso de la opini\u00f3n cient\u00edfica reflejado en las revisiones independientes de la investigaci\u00f3n sobre los campos electromagn\u00e9ticos y coincide con \u00e9l. Por lo tanto, en ausencia de una relaci\u00f3n causal demostrada entre los campos electromagn\u00e9ticos y la salud humana, la posici\u00f3n actual de la HCE es que: la descarga el\u00e9ctrica sigue siendo la mayor preocupaci\u00f3n demostrada en materia de salud y seguridad p\u00fablica asociada con la electricidad y, por ello, es importante que:<\/p><p>HCE garantiza que sus instalaciones est\u00e9n construidas de acuerdo con el c\u00f3digo nacional de seguridad el\u00e9ctrica. El p\u00fablico debe ser consciente del peligro de descarga el\u00e9ctrica y debe tomar las precauciones adecuadas cuando se encuentre cerca de l\u00edneas el\u00e9ctricas.<\/p><p>HCE seguir\u00e1 analizando nuevas investigaciones en esta \u00e1rea a medida que est\u00e9n disponibles. HCE tambi\u00e9n apoya programas nacionales de comunicaci\u00f3n sobre campos electromagn\u00e9ticos y se compromete a poner informaci\u00f3n sobre campos electromagn\u00e9ticos a disposici\u00f3n de sus miembros y empleados. Puede acceder a materiales educativos e informaci\u00f3n general adicional siguiendo los enlaces de la World Wide Web que se indican a continuaci\u00f3n:<\/p><p><a href=\"http:\/\/www.niehs.nih.gov\/health\/topics\/agents\/emf\/\" target=\"_blank\" rel=\"noopener\"><b>www.niehs.nih.gov\/health\/topics\/agents\/emf\/<\/b><b><\/b><\/a><\/p><p><a href=\"http:\/\/www.nap.edu\/catalog\/5155.html\" target=\"_blank\" rel=\"noopener\"><b>www.nap.edu\/catalog\/5155.html<\/b><b><\/b><\/a><\/p><p><a href=\"http:\/\/www.who.int\/peh-emf\/en\/\" target=\"_blank\" rel=\"noopener\"><b>www.who.int\/peh-emf\/es\/<\/b><b><\/b><\/a><\/p><p>Tambi\u00e9n puede comunicarse con la oficina de HCE para obtener m\u00e1s informaci\u00f3n al: <a href=\"tel:970-945-5491\"><b>970.945.5491<\/b><\/a>.<\/p><p>HCE considera que la salud y la seguridad de las personas son de suma importancia y sigue comprometida con la provisi\u00f3n de un entorno seguro y saludable para sus empleados y con el suministro de energ\u00eda el\u00e9ctrica segura, confiable y econ\u00f3mica a sus clientes y las comunidades a las que presta servicios. HCE seguir\u00e1 brindando servicio el\u00e9ctrico de manera coherente con todas las leyes y regulaciones aplicables y cumplir\u00e1 con los requisitos regulatorios, como el C\u00f3digo Nacional de Seguridad El\u00e9ctrica, para la construcci\u00f3n, operaci\u00f3n y distribuci\u00f3n de electricidad y las regulaciones de la Comisi\u00f3n de Servicios P\u00fablicos de Colorado en relaci\u00f3n con la consideraci\u00f3n de la prevenci\u00f3n prudente en la ubicaci\u00f3n y el dise\u00f1o de nuevas l\u00edneas el\u00e9ctricas.<\/p><p>Adoptado: 18 de agosto de 1993<br \/>Revisado: 20 de mayo de 2017<\/p><p><a href=\"https:\/\/holycross.com\/wp-content\/uploads\/2018\/12\/EMF-Position-Statement-12.18.pdf\" target=\"_blank\" rel=\"noopener\"><b>Posici\u00f3n del HCE sobre campos el\u00e9ctricos y magn\u00e9ticos (PDF)<\/b><\/a><\/p>\t\t\t\t\t\t\t\t<\/div>\n\t\t\t\t<\/div>\n\t\t\t\t\t<\/div>\n\t\t<\/div>\n\t\t\t\t\t<\/div>\n\t\t<\/section>\n\t\t\t\t<\/div>","protected":false},"excerpt":{"rendered":"<p>Los campos el\u00e9ctricos y magn\u00e9ticos (CEM) representan un problema importante para Holy Cross Energy (HCE) y sus consumidores. Estos campos existen en todo nuestro entorno, tanto naturales como artificiales. Adem\u00e1s de las l\u00edneas el\u00e9ctricas, las fuentes de CEM incluyen: cableado de edificios, electrodom\u00e9sticos, ordenadores, etc.<\/p>","protected":false},"author":1,"featured_media":0,"parent":40375,"menu_order":0,"comment_status":"closed","ping_status":"closed","template":"elementor_header_footer","meta":{"_acf_changed":false,"footnotes":""},"class_list":["post-44584","page","type-page","status-publish","hentry"],"acf":[],"yoast_head":"<!-- This site is optimized with the Yoast SEO plugin v22.8 - https:\/\/yoast.com\/wordpress\/plugins\/seo\/ -->\n<title>Electric and magnetic fields - Holy Cross Energy<\/title>\n<meta name=\"robots\" content=\"index, follow, max-snippet:-1, max-image-preview:large, max-video-preview:-1\" \/>\n<link rel=\"canonical\" href=\"https:\/\/www.holycross.com\/es\/community\/safety\/our-commitment-to-safety\/electric-and-magnetic-fields\/\" \/>\n<meta property=\"og:locale\" content=\"es_MX\" \/>\n<meta property=\"og:type\" content=\"article\" \/>\n<meta property=\"og:title\" content=\"Electric and magnetic fields - Holy Cross Energy\" \/>\n<meta property=\"og:description\" content=\"Electric and Magnetic fields (EMF) pose an important issue for Holy Cross Energy (HCE) and its consumers. These fields exist everywhere in our environment and are both natural and manmade. In addition to electric power lines, sources of EMF include: building wiring, electric appliances, computers,...\" \/>\n<meta property=\"og:url\" content=\"https:\/\/www.holycross.com\/es\/community\/safety\/our-commitment-to-safety\/electric-and-magnetic-fields\/\" \/>\n<meta property=\"og:site_name\" content=\"Holy Cross Energy\" \/>\n<meta property=\"article:modified_time\" content=\"2023-11-02T23:18:38+00:00\" \/>\n<meta property=\"og:image\" content=\"https:\/\/holycross.com\/wp-content\/uploads\/2018\/05\/Tri-State-Norwood-5003-500x480.jpg\" \/>\n<meta name=\"twitter:card\" content=\"summary_large_image\" \/>\n<meta name=\"twitter:label1\" content=\"Tiempo de lectura\" \/>\n\t<meta name=\"twitter:data1\" content=\"3 minutos\" \/>\n<script type=\"application\/ld+json\" class=\"yoast-schema-graph\">{\"@context\":\"https:\/\/schema.org\",\"@graph\":[{\"@type\":\"WebPage\",\"@id\":\"https:\/\/www.holycross.com\/community\/safety\/our-commitment-to-safety\/electric-and-magnetic-fields\",\"url\":\"https:\/\/www.holycross.com\/community\/safety\/our-commitment-to-safety\/electric-and-magnetic-fields\",\"name\":\"Electric and magnetic fields - Holy Cross Energy\",\"isPartOf\":{\"@id\":\"https:\/\/www.holycross.com\/#website\"},\"primaryImageOfPage\":{\"@id\":\"https:\/\/www.holycross.com\/community\/safety\/our-commitment-to-safety\/electric-and-magnetic-fields#primaryimage\"},\"image\":{\"@id\":\"https:\/\/www.holycross.com\/community\/safety\/our-commitment-to-safety\/electric-and-magnetic-fields#primaryimage\"},\"thumbnailUrl\":\"https:\/\/holycross.com\/wp-content\/uploads\/2018\/05\/Tri-State-Norwood-5003-500x480.jpg\",\"datePublished\":\"2023-11-02T22:56:08+00:00\",\"dateModified\":\"2023-11-02T23:18:38+00:00\",\"breadcrumb\":{\"@id\":\"https:\/\/www.holycross.com\/community\/safety\/our-commitment-to-safety\/electric-and-magnetic-fields#breadcrumb\"},\"inLanguage\":\"es\",\"potentialAction\":[{\"@type\":\"ReadAction\",\"target\":[\"https:\/\/www.holycross.com\/community\/safety\/our-commitment-to-safety\/electric-and-magnetic-fields\"]}]},{\"@type\":\"ImageObject\",\"inLanguage\":\"es\",\"@id\":\"https:\/\/www.holycross.com\/community\/safety\/our-commitment-to-safety\/electric-and-magnetic-fields#primaryimage\",\"url\":\"https:\/\/holycross.com\/wp-content\/uploads\/2018\/05\/Tri-State-Norwood-5003-500x480.jpg\",\"contentUrl\":\"https:\/\/holycross.com\/wp-content\/uploads\/2018\/05\/Tri-State-Norwood-5003-500x480.jpg\"},{\"@type\":\"BreadcrumbList\",\"@id\":\"https:\/\/www.holycross.com\/community\/safety\/our-commitment-to-safety\/electric-and-magnetic-fields#breadcrumb\",\"itemListElement\":[{\"@type\":\"ListItem\",\"position\":1,\"name\":\"Home\",\"item\":\"https:\/\/www.holycross.com\/\"},{\"@type\":\"ListItem\",\"position\":2,\"name\":\"COMMUNITY\",\"item\":\"https:\/\/www.holycross.com\/community\"},{\"@type\":\"ListItem\",\"position\":3,\"name\":\"SAFETY\",\"item\":\"https:\/\/www.holycross.com\/community\/safety\"},{\"@type\":\"ListItem\",\"position\":4,\"name\":\"Our commitment to safety\",\"item\":\"https:\/\/www.holycross.com\/community\/safety\/our-commitment-to-safety\"},{\"@type\":\"ListItem\",\"position\":5,\"name\":\"Electric and magnetic fields\"}]},{\"@type\":\"WebSite\",\"@id\":\"https:\/\/www.holycross.com\/#website\",\"url\":\"https:\/\/www.holycross.com\/\",\"name\":\"Holy Cross Energy\",\"description\":\"\",\"publisher\":{\"@id\":\"https:\/\/www.holycross.com\/#organization\"},\"potentialAction\":[{\"@type\":\"SearchAction\",\"target\":{\"@type\":\"EntryPoint\",\"urlTemplate\":\"https:\/\/www.holycross.com\/?s={search_term_string}\"},\"query-input\":\"required name=search_term_string\"}],\"inLanguage\":\"es\"},{\"@type\":\"Organization\",\"@id\":\"https:\/\/www.holycross.com\/#organization\",\"name\":\"Holy Cross Energy\",\"url\":\"https:\/\/www.holycross.com\/\",\"logo\":{\"@type\":\"ImageObject\",\"inLanguage\":\"es\",\"@id\":\"https:\/\/www.holycross.com\/#\/schema\/logo\/image\/\",\"url\":\"https:\/\/www.holycross.com\/wp-content\/uploads\/2022\/07\/HCE-NEW-LOGO-GREEN.png\",\"contentUrl\":\"https:\/\/www.holycross.com\/wp-content\/uploads\/2022\/07\/HCE-NEW-LOGO-GREEN.png\",\"width\":288,\"height\":288,\"caption\":\"Holy Cross Energy\"},\"image\":{\"@id\":\"https:\/\/www.holycross.com\/#\/schema\/logo\/image\/\"}}]}<\/script>\n<!-- \/ Yoast SEO plugin. -->","yoast_head_json":{"title":"Electric and magnetic fields - Holy Cross Energy","robots":{"index":"index","follow":"follow","max-snippet":"max-snippet:-1","max-image-preview":"max-image-preview:large","max-video-preview":"max-video-preview:-1"},"canonical":"https:\/\/www.holycross.com\/es\/community\/safety\/our-commitment-to-safety\/electric-and-magnetic-fields\/","og_locale":"es_MX","og_type":"article","og_title":"Electric and magnetic fields - Holy Cross Energy","og_description":"Electric and Magnetic fields (EMF) pose an important issue for Holy Cross Energy (HCE) and its consumers. These fields exist everywhere in our environment and are both natural and manmade. In addition to electric power lines, sources of EMF include: building wiring, electric appliances, computers,...","og_url":"https:\/\/www.holycross.com\/es\/community\/safety\/our-commitment-to-safety\/electric-and-magnetic-fields\/","og_site_name":"Holy Cross Energy","article_modified_time":"2023-11-02T23:18:38+00:00","og_image":[{"url":"https:\/\/holycross.com\/wp-content\/uploads\/2018\/05\/Tri-State-Norwood-5003-500x480.jpg"}],"twitter_card":"summary_large_image","twitter_misc":{"Tiempo de lectura":"3 minutos"},"schema":{"@context":"https:\/\/schema.org","@graph":[{"@type":"WebPage","@id":"https:\/\/www.holycross.com\/community\/safety\/our-commitment-to-safety\/electric-and-magnetic-fields","url":"https:\/\/www.holycross.com\/community\/safety\/our-commitment-to-safety\/electric-and-magnetic-fields","name":"Electric and magnetic fields - Holy Cross Energy","isPartOf":{"@id":"https:\/\/www.holycross.com\/#website"},"primaryImageOfPage":{"@id":"https:\/\/www.holycross.com\/community\/safety\/our-commitment-to-safety\/electric-and-magnetic-fields#primaryimage"},"image":{"@id":"https:\/\/www.holycross.com\/community\/safety\/our-commitment-to-safety\/electric-and-magnetic-fields#primaryimage"},"thumbnailUrl":"https:\/\/holycross.com\/wp-content\/uploads\/2018\/05\/Tri-State-Norwood-5003-500x480.jpg","datePublished":"2023-11-02T22:56:08+00:00","dateModified":"2023-11-02T23:18:38+00:00","breadcrumb":{"@id":"https:\/\/www.holycross.com\/community\/safety\/our-commitment-to-safety\/electric-and-magnetic-fields#breadcrumb"},"inLanguage":"es","potentialAction":[{"@type":"ReadAction","target":["https:\/\/www.holycross.com\/community\/safety\/our-commitment-to-safety\/electric-and-magnetic-fields"]}]},{"@type":"ImageObject","inLanguage":"es","@id":"https:\/\/www.holycross.com\/community\/safety\/our-commitment-to-safety\/electric-and-magnetic-fields#primaryimage","url":"https:\/\/holycross.com\/wp-content\/uploads\/2018\/05\/Tri-State-Norwood-5003-500x480.jpg","contentUrl":"https:\/\/holycross.com\/wp-content\/uploads\/2018\/05\/Tri-State-Norwood-5003-500x480.jpg"},{"@type":"BreadcrumbList","@id":"https:\/\/www.holycross.com\/community\/safety\/our-commitment-to-safety\/electric-and-magnetic-fields#breadcrumb","itemListElement":[{"@type":"ListItem","position":1,"name":"Home","item":"https:\/\/www.holycross.com\/"},{"@type":"ListItem","position":2,"name":"COMMUNITY","item":"https:\/\/www.holycross.com\/community"},{"@type":"ListItem","position":3,"name":"SAFETY","item":"https:\/\/www.holycross.com\/community\/safety"},{"@type":"ListItem","position":4,"name":"Our commitment to safety","item":"https:\/\/www.holycross.com\/community\/safety\/our-commitment-to-safety"},{"@type":"ListItem","position":5,"name":"Electric and magnetic fields"}]},{"@type":"WebSite","@id":"https:\/\/www.holycross.com\/#website","url":"https:\/\/www.holycross.com\/","name":"Holy Cross Energy","description":"","publisher":{"@id":"https:\/\/www.holycross.com\/#organization"},"potentialAction":[{"@type":"SearchAction","target":{"@type":"EntryPoint","urlTemplate":"https:\/\/www.holycross.com\/?s={search_term_string}"},"query-input":"required name=search_term_string"}],"inLanguage":"es"},{"@type":"Organization","@id":"https:\/\/www.holycross.com\/#organization","name":"Holy Cross Energy","url":"https:\/\/www.holycross.com\/","logo":{"@type":"ImageObject","inLanguage":"es","@id":"https:\/\/www.holycross.com\/#\/schema\/logo\/image\/","url":"https:\/\/www.holycross.com\/wp-content\/uploads\/2022\/07\/HCE-NEW-LOGO-GREEN.png","contentUrl":"https:\/\/www.holycross.com\/wp-content\/uploads\/2022\/07\/HCE-NEW-LOGO-GREEN.png","width":288,"height":288,"caption":"Holy Cross Energy"},"image":{"@id":"https:\/\/www.holycross.com\/#\/schema\/logo\/image\/"}}]}},"_links":{"self":[{"href":"https:\/\/www.holycross.com\/es\/wp-json\/wp\/v2\/pages\/44584","targetHints":{"allow":["GET"]}}],"collection":[{"href":"https:\/\/www.holycross.com\/es\/wp-json\/wp\/v2\/pages"}],"about":[{"href":"https:\/\/www.holycross.com\/es\/wp-json\/wp\/v2\/types\/page"}],"author":[{"embeddable":true,"href":"https:\/\/www.holycross.com\/es\/wp-json\/wp\/v2\/users\/1"}],"replies":[{"embeddable":true,"href":"https:\/\/www.holycross.com\/es\/wp-json\/wp\/v2\/comments?post=44584"}],"version-history":[{"count":28,"href":"https:\/\/www.holycross.com\/es\/wp-json\/wp\/v2\/pages\/44584\/revisions"}],"predecessor-version":[{"id":44617,"href":"https:\/\/www.holycross.com\/es\/wp-json\/wp\/v2\/pages\/44584\/revisions\/44617"}],"up":[{"embeddable":true,"href":"https:\/\/www.holycross.com\/es\/wp-json\/wp\/v2\/pages\/40375"}],"wp:attachment":[{"href":"https:\/\/www.holycross.com\/es\/wp-json\/wp\/v2\/media?parent=44584"}],"curies":[{"name":"wp","href":"https:\/\/api.w.org\/{rel}","templated":true}]}}