{"id":44547,"date":"2023-11-02T22:24:13","date_gmt":"2023-11-02T22:24:13","guid":{"rendered":"https:\/\/holycross.com\/?page_id=44547"},"modified":"2025-07-24T10:52:19","modified_gmt":"2025-07-24T16:52:19","slug":"home-energy-audit","status":"publish","type":"page","link":"https:\/\/www.holycross.com\/es\/member-programs\/home-energy-audit","title":{"rendered":"Auditor\u00eda energ\u00e9tica del hogar"},"content":{"rendered":"<div data-elementor-type=\"wp-page\" data-elementor-id=\"44547\" class=\"elementor elementor-44547\" data-elementor-post-type=\"page\">\n\t\t\t\t\t\t<section class=\"elementor-section elementor-top-section elementor-element elementor-element-0eb471d elementor-section-items-stretch elementor-section-content-middle elementor-section-height-min-height elementor-section-boxed elementor-section-height-default parallax_section_no qode_elementor_container_no\" data-id=\"0eb471d\" data-element_type=\"section\" data-settings=\"{&quot;background_background&quot;:&quot;classic&quot;}\">\n\t\t\t\t\t\t\t<div class=\"elementor-background-overlay\"><\/div>\n\t\t\t\t\t\t\t<div class=\"elementor-container elementor-column-gap-default\">\n\t\t\t\t\t<div class=\"elementor-column elementor-col-100 elementor-top-column elementor-element elementor-element-48596eb\" data-id=\"48596eb\" data-element_type=\"column\">\n\t\t\t<div class=\"elementor-widget-wrap elementor-element-populated\">\n\t\t\t\t\t\t<div class=\"elementor-element elementor-element-94f91da elementor-widget elementor-widget-heading\" data-id=\"94f91da\" data-element_type=\"widget\" data-widget_type=\"heading.default\">\n\t\t\t\t<div class=\"elementor-widget-container\">\n\t\t\t\t\t<h2 class=\"elementor-heading-title elementor-size-default\">Auditor\u00edas energ\u00e9ticas<\/h2>\t\t\t\t<\/div>\n\t\t\t\t<\/div>\n\t\t\t\t\t<\/div>\n\t\t<\/div>\n\t\t\t\t\t<\/div>\n\t\t<\/section>\n\t\t\t\t<section class=\"elementor-section elementor-top-section elementor-element elementor-element-048156d elementor-section-boxed elementor-section-height-default elementor-section-height-default parallax_section_no qode_elementor_container_no\" data-id=\"048156d\" data-element_type=\"section\">\n\t\t\t\t\t\t<div class=\"elementor-container elementor-column-gap-default\">\n\t\t\t\t\t<div class=\"elementor-column elementor-col-100 elementor-top-column elementor-element elementor-element-47cd732\" data-id=\"47cd732\" data-element_type=\"column\">\n\t\t\t<div class=\"elementor-widget-wrap elementor-element-populated\">\n\t\t\t\t\t\t<div class=\"elementor-element elementor-element-98536fb elementor-widget elementor-widget-spacer\" data-id=\"98536fb\" data-element_type=\"widget\" data-widget_type=\"spacer.default\">\n\t\t\t\t<div class=\"elementor-widget-container\">\n\t\t\t\t\t\t\t<div class=\"elementor-spacer\">\n\t\t\t<div class=\"elementor-spacer-inner\"><\/div>\n\t\t<\/div>\n\t\t\t\t\t\t<\/div>\n\t\t\t\t<\/div>\n\t\t\t\t\t<\/div>\n\t\t<\/div>\n\t\t\t\t\t<\/div>\n\t\t<\/section>\n\t\t\t\t<section class=\"elementor-section elementor-top-section elementor-element elementor-element-428e5d2 elementor-section-boxed elementor-section-height-default elementor-section-height-default parallax_section_no qode_elementor_container_no\" data-id=\"428e5d2\" data-element_type=\"section\">\n\t\t\t\t\t\t<div class=\"elementor-container elementor-column-gap-default\">\n\t\t\t\t\t<div class=\"elementor-column elementor-col-50 elementor-top-column elementor-element elementor-element-b2abd6c\" data-id=\"b2abd6c\" data-element_type=\"column\">\n\t\t\t<div class=\"elementor-widget-wrap elementor-element-populated\">\n\t\t\t\t\t\t<div class=\"elementor-element elementor-element-d3d3b31 elementor-widget elementor-widget-heading\" data-id=\"d3d3b31\" data-element_type=\"widget\" data-widget_type=\"heading.default\">\n\t\t\t\t<div class=\"elementor-widget-container\">\n\t\t\t\t\t<h4 class=\"elementor-heading-title elementor-size-default\">Para tu hogar<\/h4>\t\t\t\t<\/div>\n\t\t\t\t<\/div>\n\t\t\t\t<div class=\"elementor-element elementor-element-c0959a6 elementor-widget elementor-widget-text-editor\" data-id=\"c0959a6\" data-element_type=\"widget\" data-widget_type=\"text-editor.default\">\n\t\t\t\t<div class=\"elementor-widget-container\">\n\t\t\t\t\t\t\t\t\t<div class=\"wpb_text_column\"><div class=\"wpb_wrapper\"><p><strong>\u00a1Prep\u00e1rate para el invierno con un chequeo de salud energ\u00e9tica en el hogar!<\/strong><\/p><p><span data-contrast=\"none\">Reg\u00edstrese para una evaluaci\u00f3n energ\u00e9tica del hogar a trav\u00e9s de nuestros socios del programa Energy Smart Colorado. <\/span><span data-contrast=\"none\">Una evaluaci\u00f3n energ\u00e9tica del hogar es la mejor manera de:<\/span><\/p><ul><li><strong>Aborde cualquier problema de salud y seguridad en su hogar.<\/strong><\/li><li><strong>Descubra si su hogar podr\u00eda beneficiarse de mejoras en la eficiencia energ\u00e9tica<\/strong><\/li><li><strong>Califique para reembolsos antes de la temporada de calefacci\u00f3n de invierno.\u00a0<\/strong><\/li><\/ul><\/div><\/div><div class=\"w-btn-wrapper width_auto align_left\">\u00a0<\/div>\t\t\t\t\t\t\t\t<\/div>\n\t\t\t\t<\/div>\n\t\t\t\t<div class=\"elementor-element elementor-element-cdf4637 elementor-align-left elementor-mobile-align-center animated-slow elementor-invisible elementor-widget elementor-widget-button\" data-id=\"cdf4637\" data-element_type=\"widget\" data-settings=\"{&quot;_animation&quot;:&quot;fadeIn&quot;,&quot;_animation_delay&quot;:800}\" data-widget_type=\"button.default\">\n\t\t\t\t<div class=\"elementor-widget-container\">\n\t\t\t\t\t\t\t\t\t<div class=\"elementor-button-wrapper\">\n\t\t\t\t\t<a class=\"elementor-button elementor-button-link elementor-size-sm\" href=\"https:\/\/energysmartcolorado.formstack.com\/forms\/residential_enrollment\">\n\t\t\t\t\t\t<span class=\"elementor-button-content-wrapper\">\n\t\t\t\t\t\t\t\t\t<span class=\"elementor-button-text\">Inscr\u00edbete - Evaluaci\u00f3n energ\u00e9tica del hogar<\/span>\n\t\t\t\t\t<\/span>\n\t\t\t\t\t<\/a>\n\t\t\t\t<\/div>\n\t\t\t\t\t\t\t\t<\/div>\n\t\t\t\t<\/div>\n\t\t\t\t\t<\/div>\n\t\t<\/div>\n\t\t\t\t<div class=\"elementor-column elementor-col-50 elementor-top-column elementor-element elementor-element-fe532be\" data-id=\"fe532be\" data-element_type=\"column\">\n\t\t\t<div class=\"elementor-widget-wrap elementor-element-populated\">\n\t\t\t\t\t\t<div class=\"elementor-element elementor-element-c9766bf elementor-widget elementor-widget-image\" data-id=\"c9766bf\" data-element_type=\"widget\" data-widget_type=\"image.default\">\n\t\t\t\t<div class=\"elementor-widget-container\">\n\t\t\t\t\t\t\t\t\t\t\t\t\t\t\t<img fetchpriority=\"high\" decoding=\"async\" width=\"900\" height=\"600\" src=\"https:\/\/www.holycross.com\/wp-content\/uploads\/2022\/12\/home-energy-assessment.webp\" class=\"attachment-large size-large wp-image-41722\" alt=\"\" srcset=\"https:\/\/www.holycross.com\/wp-content\/uploads\/2022\/12\/home-energy-assessment.webp 900w, https:\/\/www.holycross.com\/wp-content\/uploads\/2022\/12\/home-energy-assessment-300x200.webp 300w, https:\/\/www.holycross.com\/wp-content\/uploads\/2022\/12\/home-energy-assessment-768x512.webp 768w, https:\/\/www.holycross.com\/wp-content\/uploads\/2022\/12\/home-energy-assessment-18x12.webp 18w, https:\/\/www.holycross.com\/wp-content\/uploads\/2022\/12\/home-energy-assessment-700x467.webp 700w\" sizes=\"(max-width: 900px) 100vw, 900px\" \/>\t\t\t\t\t\t\t\t\t\t\t\t\t\t\t<\/div>\n\t\t\t\t<\/div>\n\t\t\t\t\t<\/div>\n\t\t<\/div>\n\t\t\t\t\t<\/div>\n\t\t<\/section>\n\t\t\t\t<section class=\"elementor-section elementor-top-section elementor-element elementor-element-665a340 elementor-section-boxed elementor-section-height-default elementor-section-height-default parallax_section_no qode_elementor_container_no\" data-id=\"665a340\" data-element_type=\"section\">\n\t\t\t\t\t\t<div class=\"elementor-container elementor-column-gap-default\">\n\t\t\t\t\t<div class=\"elementor-column elementor-col-100 elementor-top-column elementor-element elementor-element-9bd6d99\" data-id=\"9bd6d99\" data-element_type=\"column\">\n\t\t\t<div class=\"elementor-widget-wrap elementor-element-populated\">\n\t\t\t\t\t\t<div class=\"elementor-element elementor-element-0a1413e elementor-widget elementor-widget-spacer\" data-id=\"0a1413e\" data-element_type=\"widget\" data-widget_type=\"spacer.default\">\n\t\t\t\t<div class=\"elementor-widget-container\">\n\t\t\t\t\t\t\t<div class=\"elementor-spacer\">\n\t\t\t<div class=\"elementor-spacer-inner\"><\/div>\n\t\t<\/div>\n\t\t\t\t\t\t<\/div>\n\t\t\t\t<\/div>\n\t\t\t\t\t<\/div>\n\t\t<\/div>\n\t\t\t\t\t<\/div>\n\t\t<\/section>\n\t\t\t\t<section class=\"elementor-section elementor-top-section elementor-element elementor-element-6ae4bcd elementor-section-boxed elementor-section-height-default elementor-section-height-default parallax_section_no qode_elementor_container_no\" data-id=\"6ae4bcd\" data-element_type=\"section\">\n\t\t\t\t\t\t<div class=\"elementor-container elementor-column-gap-default\">\n\t\t\t\t\t<div class=\"elementor-column elementor-col-50 elementor-top-column elementor-element elementor-element-9c55bf3\" data-id=\"9c55bf3\" data-element_type=\"column\">\n\t\t\t<div class=\"elementor-widget-wrap elementor-element-populated\">\n\t\t\t\t\t\t<div class=\"elementor-element elementor-element-6d91293 elementor-widget elementor-widget-heading\" data-id=\"6d91293\" data-element_type=\"widget\" data-widget_type=\"heading.default\">\n\t\t\t\t<div class=\"elementor-widget-container\">\n\t\t\t\t\t<h4 class=\"elementor-heading-title elementor-size-default\">Para su negocio<\/h4>\t\t\t\t<\/div>\n\t\t\t\t<\/div>\n\t\t\t\t<div class=\"elementor-element elementor-element-5725234 elementor-widget elementor-widget-text-editor\" data-id=\"5725234\" data-element_type=\"widget\" data-widget_type=\"text-editor.default\">\n\t\t\t\t<div class=\"elementor-widget-container\">\n\t\t\t\t\t\t\t\t\t<div class=\"wpb_text_column\"><div class=\"wpb_wrapper\"><p><strong>Si bien el programa de cada comunidad difiere, una visita de negocios generalmente implicar\u00e1:<\/strong><\/p><ul><li>Un recorrido por su negocio<\/li><li>Una revisi\u00f3n de la iluminaci\u00f3n de su negocio<\/li><li>Una breve evaluaci\u00f3n de sus equipos y sistemas mec\u00e1nicos y su respectivo uso de energ\u00eda<\/li><li>Un informe que recomienda los primeros pasos a seguir para empezar a ahorrar energ\u00eda y dinero en sus facturas de servicios p\u00fablicos.<\/li><li>Un plan de acci\u00f3n para mejorar los sistemas operativos de su edificio y reducir su consumo energ\u00e9tico<\/li><li>Asistencia con reembolsos comunitarios y de servicios p\u00fablicos<br \/>Consulte con su socio local de Energy Smart para determinar los servicios que se ofrecen a las empresas de su comunidad.<\/li><\/ul><\/div><\/div>\t\t\t\t\t\t\t\t<\/div>\n\t\t\t\t<\/div>\n\t\t\t\t<div class=\"elementor-element elementor-element-1186225 elementor-align-left elementor-mobile-align-center animated-slow elementor-invisible elementor-widget elementor-widget-button\" data-id=\"1186225\" data-element_type=\"widget\" data-settings=\"{&quot;_animation&quot;:&quot;fadeIn&quot;,&quot;_animation_delay&quot;:800}\" data-widget_type=\"button.default\">\n\t\t\t\t<div class=\"elementor-widget-container\">\n\t\t\t\t\t\t\t\t\t<div class=\"elementor-button-wrapper\">\n\t\t\t\t\t<a class=\"elementor-button elementor-button-link elementor-size-sm\" href=\"https:\/\/www.holycross.com\/working-with-us\/for-partners\/our-partners\">\n\t\t\t\t\t\t<span class=\"elementor-button-content-wrapper\">\n\t\t\t\t\t\t\t\t\t<span class=\"elementor-button-text\">Contacte con el socio de su zona<\/span>\n\t\t\t\t\t<\/span>\n\t\t\t\t\t<\/a>\n\t\t\t\t<\/div>\n\t\t\t\t\t\t\t\t<\/div>\n\t\t\t\t<\/div>\n\t\t\t\t\t<\/div>\n\t\t<\/div>\n\t\t\t\t<div class=\"elementor-column elementor-col-50 elementor-top-column elementor-element elementor-element-e03e8d4\" data-id=\"e03e8d4\" data-element_type=\"column\">\n\t\t\t<div class=\"elementor-widget-wrap elementor-element-populated\">\n\t\t\t\t\t\t<div class=\"elementor-element elementor-element-0d3f23f elementor-widget elementor-widget-image\" data-id=\"0d3f23f\" data-element_type=\"widget\" data-widget_type=\"image.default\">\n\t\t\t\t<div class=\"elementor-widget-container\">\n\t\t\t\t\t\t\t\t\t\t\t\t\t\t\t<img decoding=\"async\" width=\"600\" height=\"450\" src=\"https:\/\/www.holycross.com\/wp-content\/uploads\/2024\/03\/commercial-led-lighting.jpg\" class=\"attachment-large size-large wp-image-45888\" alt=\"\" srcset=\"https:\/\/www.holycross.com\/wp-content\/uploads\/2024\/03\/commercial-led-lighting.jpg 600w, https:\/\/www.holycross.com\/wp-content\/uploads\/2024\/03\/commercial-led-lighting-300x225.jpg 300w, https:\/\/www.holycross.com\/wp-content\/uploads\/2024\/03\/commercial-led-lighting-16x12.jpg 16w\" sizes=\"(max-width: 600px) 100vw, 600px\" \/>\t\t\t\t\t\t\t\t\t\t\t\t\t\t\t<\/div>\n\t\t\t\t<\/div>\n\t\t\t\t\t<\/div>\n\t\t<\/div>\n\t\t\t\t\t<\/div>\n\t\t<\/section>\n\t\t\t\t<\/div>","protected":false},"excerpt":{"rendered":"<p>Auditor\u00edas Energ\u00e9ticas para su Hogar. \u00a1Prep\u00e1rese para el invierno con una evaluaci\u00f3n energ\u00e9tica de su hogar! Solicite una evaluaci\u00f3n energ\u00e9tica a trav\u00e9s de nuestros socios del programa Energy Smart Colorado. Una evaluaci\u00f3n energ\u00e9tica es la mejor manera de: abordar cualquier problema de salud y seguridad en\u2026<\/p>","protected":false},"author":1,"featured_media":0,"parent":35397,"menu_order":0,"comment_status":"closed","ping_status":"closed","template":"elementor_header_footer","meta":{"_acf_changed":false,"footnotes":""},"class_list":["post-44547","page","type-page","status-publish","hentry"],"acf":[],"yoast_head":"<!-- This site is optimized with the Yoast SEO plugin v22.8 - https:\/\/yoast.com\/wordpress\/plugins\/seo\/ -->\n<title>Home energy audit - Holy Cross Energy<\/title>\n<meta name=\"robots\" content=\"index, follow, max-snippet:-1, max-image-preview:large, max-video-preview:-1\" \/>\n<link rel=\"canonical\" href=\"https:\/\/www.holycross.com\/es\/member-programs\/home-energy-audit\/\" \/>\n<meta property=\"og:locale\" content=\"es_MX\" \/>\n<meta property=\"og:type\" content=\"article\" \/>\n<meta property=\"og:title\" content=\"Home energy audit - Holy Cross Energy\" \/>\n<meta property=\"og:description\" content=\"Energy Audits For Your Home Get ready for winter with a home energy health check-up! Sign up for a home energy assessment through our Energy Smart Colorado program partners. A home energy assessment is the best way to: Address any health and safety issues in...\" \/>\n<meta property=\"og:url\" content=\"https:\/\/www.holycross.com\/es\/member-programs\/home-energy-audit\/\" \/>\n<meta property=\"og:site_name\" content=\"Holy Cross Energy\" \/>\n<meta property=\"article:modified_time\" content=\"2025-07-24T16:52:19+00:00\" \/>\n<meta property=\"og:image\" content=\"https:\/\/www.holycross.com\/wp-content\/uploads\/2022\/12\/home-energy-assessment.webp\" \/>\n<meta name=\"twitter:card\" content=\"summary_large_image\" \/>\n<meta name=\"twitter:label1\" content=\"Tiempo de lectura\" \/>\n\t<meta name=\"twitter:data1\" content=\"2 minutos\" \/>\n<script type=\"application\/ld+json\" class=\"yoast-schema-graph\">{\"@context\":\"https:\/\/schema.org\",\"@graph\":[{\"@type\":\"WebPage\",\"@id\":\"https:\/\/www.holycross.com\/member-programs\/home-energy-audit\",\"url\":\"https:\/\/www.holycross.com\/member-programs\/home-energy-audit\",\"name\":\"Home energy audit - Holy Cross Energy\",\"isPartOf\":{\"@id\":\"https:\/\/www.holycross.com\/#website\"},\"primaryImageOfPage\":{\"@id\":\"https:\/\/www.holycross.com\/member-programs\/home-energy-audit#primaryimage\"},\"image\":{\"@id\":\"https:\/\/www.holycross.com\/member-programs\/home-energy-audit#primaryimage\"},\"thumbnailUrl\":\"https:\/\/www.holycross.com\/wp-content\/uploads\/2022\/12\/home-energy-assessment.webp\",\"datePublished\":\"2023-11-02T22:24:13+00:00\",\"dateModified\":\"2025-07-24T16:52:19+00:00\",\"breadcrumb\":{\"@id\":\"https:\/\/www.holycross.com\/member-programs\/home-energy-audit#breadcrumb\"},\"inLanguage\":\"es\",\"potentialAction\":[{\"@type\":\"ReadAction\",\"target\":[\"https:\/\/www.holycross.com\/member-programs\/home-energy-audit\"]}]},{\"@type\":\"ImageObject\",\"inLanguage\":\"es\",\"@id\":\"https:\/\/www.holycross.com\/member-programs\/home-energy-audit#primaryimage\",\"url\":\"https:\/\/www.holycross.com\/wp-content\/uploads\/2022\/12\/home-energy-assessment.webp\",\"contentUrl\":\"https:\/\/www.holycross.com\/wp-content\/uploads\/2022\/12\/home-energy-assessment.webp\"},{\"@type\":\"BreadcrumbList\",\"@id\":\"https:\/\/www.holycross.com\/member-programs\/home-energy-audit#breadcrumb\",\"itemListElement\":[{\"@type\":\"ListItem\",\"position\":1,\"name\":\"Home\",\"item\":\"https:\/\/www.holycross.com\/\"},{\"@type\":\"ListItem\",\"position\":2,\"name\":\"Member Programs Overview\",\"item\":\"https:\/\/www.holycross.com\/member-programs\"},{\"@type\":\"ListItem\",\"position\":3,\"name\":\"Home energy audit\"}]},{\"@type\":\"WebSite\",\"@id\":\"https:\/\/www.holycross.com\/#website\",\"url\":\"https:\/\/www.holycross.com\/\",\"name\":\"Holy Cross Energy\",\"description\":\"\",\"publisher\":{\"@id\":\"https:\/\/www.holycross.com\/#organization\"},\"potentialAction\":[{\"@type\":\"SearchAction\",\"target\":{\"@type\":\"EntryPoint\",\"urlTemplate\":\"https:\/\/www.holycross.com\/?s={search_term_string}\"},\"query-input\":\"required name=search_term_string\"}],\"inLanguage\":\"es\"},{\"@type\":\"Organization\",\"@id\":\"https:\/\/www.holycross.com\/#organization\",\"name\":\"Holy Cross Energy\",\"url\":\"https:\/\/www.holycross.com\/\",\"logo\":{\"@type\":\"ImageObject\",\"inLanguage\":\"es\",\"@id\":\"https:\/\/www.holycross.com\/#\/schema\/logo\/image\/\",\"url\":\"https:\/\/www.holycross.com\/wp-content\/uploads\/2022\/07\/HCE-NEW-LOGO-GREEN.png\",\"contentUrl\":\"https:\/\/www.holycross.com\/wp-content\/uploads\/2022\/07\/HCE-NEW-LOGO-GREEN.png\",\"width\":288,\"height\":288,\"caption\":\"Holy Cross Energy\"},\"image\":{\"@id\":\"https:\/\/www.holycross.com\/#\/schema\/logo\/image\/\"}}]}<\/script>\n<!-- \/ Yoast SEO plugin. -->","yoast_head_json":{"title":"Auditor\u00eda energ\u00e9tica del hogar - Holy Cross Energy","robots":{"index":"index","follow":"follow","max-snippet":"max-snippet:-1","max-image-preview":"max-image-preview:large","max-video-preview":"max-video-preview:-1"},"canonical":"https:\/\/www.holycross.com\/es\/member-programs\/home-energy-audit\/","og_locale":"es_MX","og_type":"article","og_title":"Home energy audit - Holy Cross Energy","og_description":"Energy Audits For Your Home Get ready for winter with a home energy health check-up! Sign up for a home energy assessment through our Energy Smart Colorado program partners. A home energy assessment is the best way to: Address any health and safety issues in...","og_url":"https:\/\/www.holycross.com\/es\/member-programs\/home-energy-audit\/","og_site_name":"Holy Cross Energy","article_modified_time":"2025-07-24T16:52:19+00:00","og_image":[{"url":"https:\/\/www.holycross.com\/wp-content\/uploads\/2022\/12\/home-energy-assessment.webp"}],"twitter_card":"summary_large_image","twitter_misc":{"Tiempo de lectura":"2 minutos"},"schema":{"@context":"https:\/\/schema.org","@graph":[{"@type":"WebPage","@id":"https:\/\/www.holycross.com\/member-programs\/home-energy-audit","url":"https:\/\/www.holycross.com\/member-programs\/home-energy-audit","name":"Auditor\u00eda energ\u00e9tica del hogar - Holy Cross Energy","isPartOf":{"@id":"https:\/\/www.holycross.com\/#website"},"primaryImageOfPage":{"@id":"https:\/\/www.holycross.com\/member-programs\/home-energy-audit#primaryimage"},"image":{"@id":"https:\/\/www.holycross.com\/member-programs\/home-energy-audit#primaryimage"},"thumbnailUrl":"https:\/\/www.holycross.com\/wp-content\/uploads\/2022\/12\/home-energy-assessment.webp","datePublished":"2023-11-02T22:24:13+00:00","dateModified":"2025-07-24T16:52:19+00:00","breadcrumb":{"@id":"https:\/\/www.holycross.com\/member-programs\/home-energy-audit#breadcrumb"},"inLanguage":"es","potentialAction":[{"@type":"ReadAction","target":["https:\/\/www.holycross.com\/member-programs\/home-energy-audit"]}]},{"@type":"ImageObject","inLanguage":"es","@id":"https:\/\/www.holycross.com\/member-programs\/home-energy-audit#primaryimage","url":"https:\/\/www.holycross.com\/wp-content\/uploads\/2022\/12\/home-energy-assessment.webp","contentUrl":"https:\/\/www.holycross.com\/wp-content\/uploads\/2022\/12\/home-energy-assessment.webp"},{"@type":"BreadcrumbList","@id":"https:\/\/www.holycross.com\/member-programs\/home-energy-audit#breadcrumb","itemListElement":[{"@type":"ListItem","position":1,"name":"Home","item":"https:\/\/www.holycross.com\/"},{"@type":"ListItem","position":2,"name":"Member Programs Overview","item":"https:\/\/www.holycross.com\/member-programs"},{"@type":"ListItem","position":3,"name":"Home energy audit"}]},{"@type":"WebSite","@id":"https:\/\/www.holycross.com\/#website","url":"https:\/\/www.holycross.com\/","name":"Holy Cross Energy","description":"","publisher":{"@id":"https:\/\/www.holycross.com\/#organization"},"potentialAction":[{"@type":"SearchAction","target":{"@type":"EntryPoint","urlTemplate":"https:\/\/www.holycross.com\/?s={search_term_string}"},"query-input":"required name=search_term_string"}],"inLanguage":"es"},{"@type":"Organization","@id":"https:\/\/www.holycross.com\/#organization","name":"Holy Cross Energy","url":"https:\/\/www.holycross.com\/","logo":{"@type":"ImageObject","inLanguage":"es","@id":"https:\/\/www.holycross.com\/#\/schema\/logo\/image\/","url":"https:\/\/www.holycross.com\/wp-content\/uploads\/2022\/07\/HCE-NEW-LOGO-GREEN.png","contentUrl":"https:\/\/www.holycross.com\/wp-content\/uploads\/2022\/07\/HCE-NEW-LOGO-GREEN.png","width":288,"height":288,"caption":"Holy Cross Energy"},"image":{"@id":"https:\/\/www.holycross.com\/#\/schema\/logo\/image\/"}}]}},"_links":{"self":[{"href":"https:\/\/www.holycross.com\/es\/wp-json\/wp\/v2\/pages\/44547","targetHints":{"allow":["GET"]}}],"collection":[{"href":"https:\/\/www.holycross.com\/es\/wp-json\/wp\/v2\/pages"}],"about":[{"href":"https:\/\/www.holycross.com\/es\/wp-json\/wp\/v2\/types\/page"}],"author":[{"embeddable":true,"href":"https:\/\/www.holycross.com\/es\/wp-json\/wp\/v2\/users\/1"}],"replies":[{"embeddable":true,"href":"https:\/\/www.holycross.com\/es\/wp-json\/wp\/v2\/comments?post=44547"}],"version-history":[{"count":4,"href":"https:\/\/www.holycross.com\/es\/wp-json\/wp\/v2\/pages\/44547\/revisions"}],"predecessor-version":[{"id":52691,"href":"https:\/\/www.holycross.com\/es\/wp-json\/wp\/v2\/pages\/44547\/revisions\/52691"}],"up":[{"embeddable":true,"href":"https:\/\/www.holycross.com\/es\/wp-json\/wp\/v2\/pages\/35397"}],"wp:attachment":[{"href":"https:\/\/www.holycross.com\/es\/wp-json\/wp\/v2\/media?parent=44547"}],"curies":[{"name":"wp","href":"https:\/\/api.w.org\/{rel}","templated":true}]}}