{"id":44543,"date":"2023-11-02T22:16:53","date_gmt":"2023-11-02T22:16:53","guid":{"rendered":"https:\/\/holycross.com\/?page_id=44543"},"modified":"2025-04-29T10:50:11","modified_gmt":"2025-04-29T16:50:11","slug":"mission-and-vision","status":"publish","type":"page","link":"https:\/\/www.holycross.com\/es\/about-us\/mission-and-vision","title":{"rendered":"Misi\u00f3n y visi\u00f3n"},"content":{"rendered":"<div data-elementor-type=\"wp-page\" data-elementor-id=\"44543\" class=\"elementor elementor-44543\" data-elementor-post-type=\"page\">\n\t\t\t\t\t\t<section class=\"elementor-section elementor-top-section elementor-element elementor-element-24290953 elementor-section-items-stretch elementor-section-content-middle elementor-section-height-min-height elementor-section-boxed elementor-section-height-default parallax_section_no qode_elementor_container_no\" data-id=\"24290953\" data-element_type=\"section\" data-e-type=\"section\" data-settings=\"{&quot;background_background&quot;:&quot;classic&quot;}\">\n\t\t\t\t\t\t\t<div class=\"elementor-background-overlay\"><\/div>\n\t\t\t\t\t\t\t<div class=\"elementor-container elementor-column-gap-default\">\n\t\t\t\t\t<div class=\"elementor-column elementor-col-50 elementor-top-column elementor-element elementor-element-1a6d5097\" data-id=\"1a6d5097\" data-element_type=\"column\" data-e-type=\"column\">\n\t\t\t<div class=\"elementor-widget-wrap elementor-element-populated\">\n\t\t\t\t\t\t<div class=\"elementor-element elementor-element-74a97adb elementor-widget elementor-widget-heading\" data-id=\"74a97adb\" data-element_type=\"widget\" data-e-type=\"widget\" data-widget_type=\"heading.default\">\n\t\t\t\t<div class=\"elementor-widget-container\">\n\t\t\t\t\t<h3 class=\"elementor-heading-title elementor-size-default\">Nuestra Misi\u00f3n y Visi\u00f3n<\/h3>\t\t\t\t<\/div>\n\t\t\t\t<\/div>\n\t\t\t\t\t<\/div>\n\t\t<\/div>\n\t\t\t\t<div class=\"elementor-column elementor-col-50 elementor-top-column elementor-element elementor-element-7b40b5e8\" data-id=\"7b40b5e8\" data-element_type=\"column\" data-e-type=\"column\">\n\t\t\t<div class=\"elementor-widget-wrap\">\n\t\t\t\t\t\t\t<\/div>\n\t\t<\/div>\n\t\t\t\t\t<\/div>\n\t\t<\/section>\n\t\t\t\t<section class=\"elementor-section elementor-top-section elementor-element elementor-element-62ede291 elementor-section-boxed elementor-section-height-default elementor-section-height-default parallax_section_no qode_elementor_container_no\" data-id=\"62ede291\" data-element_type=\"section\" data-e-type=\"section\" data-settings=\"{&quot;background_background&quot;:&quot;classic&quot;}\">\n\t\t\t\t\t\t\t<div class=\"elementor-background-overlay\"><\/div>\n\t\t\t\t\t\t\t<div class=\"elementor-container elementor-column-gap-default\">\n\t\t\t\t\t<div class=\"elementor-column elementor-col-50 elementor-top-column elementor-element elementor-element-2f3e4f6a\" data-id=\"2f3e4f6a\" data-element_type=\"column\" data-e-type=\"column\">\n\t\t\t<div class=\"elementor-widget-wrap elementor-element-populated\">\n\t\t\t\t\t\t<div class=\"elementor-element elementor-element-7dd26f08 elementor-invisible elementor-widget elementor-widget-heading\" data-id=\"7dd26f08\" data-element_type=\"widget\" data-e-type=\"widget\" data-settings=\"{&quot;_animation&quot;:&quot;fadeIn&quot;,&quot;_animation_delay&quot;:200}\" data-widget_type=\"heading.default\">\n\t\t\t\t<div class=\"elementor-widget-container\">\n\t\t\t\t\t<h4 class=\"elementor-heading-title elementor-size-default\">Sobre nosotros<\/h4>\t\t\t\t<\/div>\n\t\t\t\t<\/div>\n\t\t\t\t<div class=\"elementor-element elementor-element-3e6a881 animated-slow elementor-invisible elementor-widget elementor-widget-text-editor\" data-id=\"3e6a881\" data-element_type=\"widget\" data-e-type=\"widget\" data-settings=\"{&quot;_animation&quot;:&quot;fadeIn&quot;,&quot;_animation_delay&quot;:400}\" data-widget_type=\"text-editor.default\">\n\t\t\t\t<div class=\"elementor-widget-container\">\n\t\t\t\t\t\t\t\t\t<p>Fundada en 1939, Holy Cross Energy (HCE) es una cooperativa el\u00e9ctrica rural sin fines de lucro que proporciona energ\u00eda y servicios seguros, confiables, asequibles y sostenibles que mejoran la calidad de vida de m\u00e1s de 45,000 miembros en el oeste de Colorado.&nbsp;<\/p><p>HCE fue creado por y pertenece a las diversas comunidades y miembros a los que servimos. La membres\u00eda est\u00e1 abierta a todas las personas en nuestro territorio de servicio, sin importar raza, religi\u00f3n, edad, discapacidad, idioma, perspectiva pol\u00edtica o nivel socioecon\u00f3mico.&nbsp;<\/p><p>HCE se compromete a liderar la transici\u00f3n responsable hacia un futuro de energ\u00eda limpia con el objetivo de proporcionar de manera segura energ\u00eda limpia, asequible y confiable a sus miembros para el a\u00f1o 2030.<\/p>\t\t\t\t\t\t\t\t<\/div>\n\t\t\t\t<\/div>\n\t\t\t\t\t<\/div>\n\t\t<\/div>\n\t\t\t\t<div class=\"elementor-column elementor-col-50 elementor-top-column elementor-element elementor-element-15c2817\" data-id=\"15c2817\" data-element_type=\"column\" data-e-type=\"column\">\n\t\t\t<div class=\"elementor-widget-wrap elementor-element-populated\">\n\t\t\t\t\t\t<div class=\"elementor-element elementor-element-b1a127c elementor-invisible elementor-widget elementor-widget-heading\" data-id=\"b1a127c\" data-element_type=\"widget\" data-e-type=\"widget\" data-settings=\"{&quot;_animation&quot;:&quot;fadeIn&quot;,&quot;_animation_delay&quot;:200}\" data-widget_type=\"heading.default\">\n\t\t\t\t<div class=\"elementor-widget-container\">\n\t\t\t\t\t<h4 class=\"elementor-heading-title elementor-size-default\">Nuestra visi\u00f3n<\/h4>\t\t\t\t<\/div>\n\t\t\t\t<\/div>\n\t\t\t\t<div class=\"elementor-element elementor-element-a9997a1 animated-slow elementor-invisible elementor-widget elementor-widget-text-editor\" data-id=\"a9997a1\" data-element_type=\"widget\" data-e-type=\"widget\" data-settings=\"{&quot;_animation&quot;:&quot;fadeIn&quot;,&quot;_animation_delay&quot;:400}\" data-widget_type=\"text-editor.default\">\n\t\t\t\t<div class=\"elementor-widget-container\">\n\t\t\t\t\t\t\t\t\tHoly Cross Energy est\u00e1 liderando la transici\u00f3n responsable hacia un futuro de energ\u00eda limpia.\t\t\t\t\t\t\t\t<\/div>\n\t\t\t\t<\/div>\n\t\t\t\t<div class=\"elementor-element elementor-element-a07a7f7 elementor-invisible elementor-widget elementor-widget-heading\" data-id=\"a07a7f7\" data-element_type=\"widget\" data-e-type=\"widget\" data-settings=\"{&quot;_animation&quot;:&quot;fadeIn&quot;,&quot;_animation_delay&quot;:200}\" data-widget_type=\"heading.default\">\n\t\t\t\t<div class=\"elementor-widget-container\">\n\t\t\t\t\t<h4 class=\"elementor-heading-title elementor-size-default\">Nuestra misi\u00f3n<\/h4>\t\t\t\t<\/div>\n\t\t\t\t<\/div>\n\t\t\t\t<div class=\"elementor-element elementor-element-6ff802c animated-slow elementor-invisible elementor-widget elementor-widget-text-editor\" data-id=\"6ff802c\" data-element_type=\"widget\" data-e-type=\"widget\" data-settings=\"{&quot;_animation&quot;:&quot;fadeIn&quot;,&quot;_animation_delay&quot;:400}\" data-widget_type=\"text-editor.default\">\n\t\t\t\t<div class=\"elementor-widget-container\">\n\t\t\t\t\t\t\t\t\tHoly Cross Energy proporciona energ\u00eda y servicios seguros, confiables, asequibles y sostenibles que mejoran la calidad de vida de nuestros miembros y sus comunidades.\t\t\t\t\t\t\t\t<\/div>\n\t\t\t\t<\/div>\n\t\t\t\t<div class=\"elementor-element elementor-element-ea6f2e4 elementor-invisible elementor-widget elementor-widget-heading\" data-id=\"ea6f2e4\" data-element_type=\"widget\" data-e-type=\"widget\" data-settings=\"{&quot;_animation&quot;:&quot;fadeIn&quot;,&quot;_animation_delay&quot;:200}\" data-widget_type=\"heading.default\">\n\t\t\t\t<div class=\"elementor-widget-container\">\n\t\t\t\t\t<h4 class=\"elementor-heading-title elementor-size-default\">Nuestros valores fundamentales<\/h4>\t\t\t\t<\/div>\n\t\t\t\t<\/div>\n\t\t\t\t<div class=\"elementor-element elementor-element-2bf8615 animated-slow elementor-invisible elementor-widget elementor-widget-text-editor\" data-id=\"2bf8615\" data-element_type=\"widget\" data-e-type=\"widget\" data-settings=\"{&quot;_animation&quot;:&quot;fadeIn&quot;,&quot;_animation_delay&quot;:400}\" data-widget_type=\"text-editor.default\">\n\t\t\t\t<div class=\"elementor-widget-container\">\n\t\t\t\t\t\t\t\t\t<p><b>Seguridad<\/b> \u2013 Estamos comprometidos con la seguridad y el bienestar de todos los empleados y del p\u00fablico en general a trav\u00e9s de la educaci\u00f3n, sensibilizaci\u00f3n, formaci\u00f3n y prevenci\u00f3n. Cada uno de nosotros es responsable de identificar, prevenir y corregir los problemas de seguridad en el lugar de trabajo. \u00a1La seguridad individual y colectiva dentro de esta organizaci\u00f3n depende de cada uno de nosotros!<\/p><p><b>Trabajo en equipo<\/b> \u2013 Desarrollamos equipos en toda la organizaci\u00f3n que fomentan el apoyo mutuo, la sinergia, la oportunidad, el aprendizaje continuo y el logro de objetivos comunes. Nos esforzamos por crear un entorno de trabajo en equipo que aproveche las fortalezas de cada empleado individual (incluidos sus talentos, habilidades, intereses y experiencia).<\/p><p><b>Responsabilidad <\/b>\u2013 Independientemente de nuestro rol, cada uno de nosotros asumimos la propiedad y la responsabilidad de crear una organizaci\u00f3n fuerte y eficaz. Somos responsables como individuos, como empleados de Holy Cross en su conjunto y como miembros de la comunidad por nuestra conducta \u00e9tica, el cumplimiento de las normas, reglamentos y pol\u00edticas de Holy Cross, y asumimos la responsabilidad por nuestras palabras y acciones.<\/p><p><b>Integridad<\/b> \u2013 Nos esforzamos por lograr equidad y justicia en nuestra toma de decisiones y en el trato mutuo, y estamos comprometidos a ser honestos en nuestras relaciones laborales internas y externas. Nos hacemos responsables de cumplir con nuestros compromisos y \u201cpredicar con lo que predicamos\u201d.<\/p><p><b>Respeto<\/b> \u2013 Estamos orgullosos de la diversidad y singularidad de nuestros empleados y miembros, y reconocemos que, en \u00faltima instancia, las diferencias nos hacen m\u00e1s fuertes como organizaci\u00f3n. Nos esforzamos por tratarnos unos a otros y a nuestros miembros con el m\u00e1s alto grado de dignidad, empat\u00eda y confianza.<\/p><p><b>Servicio<\/b> \u2013 Estamos comprometidos a satisfacer las necesidades y expectativas de los clientes, tanto internos como externos, con determinaci\u00f3n, creatividad, respeto y entusiasmo.<\/p><p><b>Liderazgo a todos los niveles <\/b>\u2013 Cada uno de nosotros reconoce que, independientemente de nuestro rol, tenemos la oportunidad de liderar a nuestros pares, gerentes, empleados y miembros todos los d\u00edas. Reconocemos el impacto que tenemos en los dem\u00e1s y nos hacemos responsables de la salud y eficacia de nuestro equipo.<\/p>\t\t\t\t\t\t\t\t<\/div>\n\t\t\t\t<\/div>\n\t\t\t\t\t<\/div>\n\t\t<\/div>\n\t\t\t\t\t<\/div>\n\t\t<\/section>\n\t\t\t\t<\/div>","protected":false},"excerpt":{"rendered":"<p>Nuestra Misi\u00f3n y Visi\u00f3n. Sobre Nosotros. Fundada en 1939, Holy Cross Energy (HCE) es una cooperativa el\u00e9ctrica rural sin fines de lucro que proporciona energ\u00eda y servicios seguros, confiables, asequibles y sostenibles que mejoran la calidad de vida de m\u00e1s de 45,000 miembros en el oeste de Colorado. HCE fue fundada\u2026<\/p>","protected":false},"author":1,"featured_media":0,"parent":35732,"menu_order":0,"comment_status":"closed","ping_status":"closed","template":"elementor_header_footer","meta":{"_acf_changed":false,"footnotes":""},"class_list":["post-44543","page","type-page","status-publish","hentry"],"acf":[],"yoast_head":"<!-- This site is optimized with the Yoast SEO plugin v27.3 - https:\/\/yoast.com\/product\/yoast-seo-wordpress\/ -->\n<title>Mission and Vision - Holy Cross Energy<\/title>\n<meta name=\"robots\" content=\"index, follow, max-snippet:-1, max-image-preview:large, max-video-preview:-1\" \/>\n<link rel=\"canonical\" href=\"https:\/\/www.holycross.com\/es\/about-us\/mission-and-vision\/\" \/>\n<meta property=\"og:locale\" content=\"es_MX\" \/>\n<meta property=\"og:type\" content=\"article\" \/>\n<meta property=\"og:title\" content=\"Mission and Vision - Holy Cross Energy\" \/>\n<meta property=\"og:description\" content=\"Our Mission &#038; Vision About Us Founded in 1939, Holy Cross Energy (HCE) is a not-for-profit rural electric co-op providing safe, reliable, affordable, and sustainable energy and services that improve the quality of life for more than 45,000 members in western Colorado.&nbsp; HCE was built...\" \/>\n<meta property=\"og:url\" content=\"https:\/\/www.holycross.com\/es\/about-us\/mission-and-vision\/\" \/>\n<meta property=\"og:site_name\" content=\"Holy Cross Energy\" \/>\n<meta property=\"article:modified_time\" content=\"2025-04-29T16:50:11+00:00\" \/>\n<meta name=\"twitter:card\" content=\"summary_large_image\" \/>\n<meta name=\"twitter:label1\" content=\"Tiempo de lectura\" \/>\n\t<meta name=\"twitter:data1\" content=\"3 minutos\" \/>\n<script type=\"application\/ld+json\" class=\"yoast-schema-graph\">{\"@context\":\"https:\\\/\\\/schema.org\",\"@graph\":[{\"@type\":\"WebPage\",\"@id\":\"https:\\\/\\\/www.holycross.com\\\/about-us\\\/mission-and-vision\",\"url\":\"https:\\\/\\\/www.holycross.com\\\/about-us\\\/mission-and-vision\",\"name\":\"Mission and Vision - Holy Cross Energy\",\"isPartOf\":{\"@id\":\"https:\\\/\\\/www.holycross.com\\\/#website\"},\"datePublished\":\"2023-11-02T22:16:53+00:00\",\"dateModified\":\"2025-04-29T16:50:11+00:00\",\"breadcrumb\":{\"@id\":\"https:\\\/\\\/www.holycross.com\\\/about-us\\\/mission-and-vision#breadcrumb\"},\"inLanguage\":\"es\",\"potentialAction\":[{\"@type\":\"ReadAction\",\"target\":[\"https:\\\/\\\/www.holycross.com\\\/about-us\\\/mission-and-vision\"]}]},{\"@type\":\"BreadcrumbList\",\"@id\":\"https:\\\/\\\/www.holycross.com\\\/about-us\\\/mission-and-vision#breadcrumb\",\"itemListElement\":[{\"@type\":\"ListItem\",\"position\":1,\"name\":\"Home\",\"item\":\"https:\\\/\\\/www.holycross.com\\\/\"},{\"@type\":\"ListItem\",\"position\":2,\"name\":\"ABOUT US\",\"item\":\"https:\\\/\\\/www.holycross.com\\\/about-us\"},{\"@type\":\"ListItem\",\"position\":3,\"name\":\"Mission and Vision\"}]},{\"@type\":\"WebSite\",\"@id\":\"https:\\\/\\\/www.holycross.com\\\/#website\",\"url\":\"https:\\\/\\\/www.holycross.com\\\/\",\"name\":\"Holy Cross Energy\",\"description\":\"\",\"publisher\":{\"@id\":\"https:\\\/\\\/www.holycross.com\\\/#organization\"},\"potentialAction\":[{\"@type\":\"SearchAction\",\"target\":{\"@type\":\"EntryPoint\",\"urlTemplate\":\"https:\\\/\\\/www.holycross.com\\\/?s={search_term_string}\"},\"query-input\":{\"@type\":\"PropertyValueSpecification\",\"valueRequired\":true,\"valueName\":\"search_term_string\"}}],\"inLanguage\":\"es\"},{\"@type\":\"Organization\",\"@id\":\"https:\\\/\\\/www.holycross.com\\\/#organization\",\"name\":\"Holy Cross Energy\",\"url\":\"https:\\\/\\\/www.holycross.com\\\/\",\"logo\":{\"@type\":\"ImageObject\",\"inLanguage\":\"es\",\"@id\":\"https:\\\/\\\/www.holycross.com\\\/#\\\/schema\\\/logo\\\/image\\\/\",\"url\":\"https:\\\/\\\/www.holycross.com\\\/wp-content\\\/uploads\\\/2022\\\/07\\\/HCE-NEW-LOGO-GREEN.png\",\"contentUrl\":\"https:\\\/\\\/www.holycross.com\\\/wp-content\\\/uploads\\\/2022\\\/07\\\/HCE-NEW-LOGO-GREEN.png\",\"width\":288,\"height\":288,\"caption\":\"Holy Cross Energy\"},\"image\":{\"@id\":\"https:\\\/\\\/www.holycross.com\\\/#\\\/schema\\\/logo\\\/image\\\/\"}}]}<\/script>\n<!-- \/ Yoast SEO plugin. -->","yoast_head_json":{"title":"Misi\u00f3n y Visi\u00f3n - Holy Cross Energy","robots":{"index":"index","follow":"follow","max-snippet":"max-snippet:-1","max-image-preview":"max-image-preview:large","max-video-preview":"max-video-preview:-1"},"canonical":"https:\/\/www.holycross.com\/es\/about-us\/mission-and-vision\/","og_locale":"es_MX","og_type":"article","og_title":"Mission and Vision - Holy Cross Energy","og_description":"Our Mission &#038; Vision About Us Founded in 1939, Holy Cross Energy (HCE) is a not-for-profit rural electric co-op providing safe, reliable, affordable, and sustainable energy and services that improve the quality of life for more than 45,000 members in western Colorado.&nbsp; HCE was built...","og_url":"https:\/\/www.holycross.com\/es\/about-us\/mission-and-vision\/","og_site_name":"Holy Cross Energy","article_modified_time":"2025-04-29T16:50:11+00:00","twitter_card":"summary_large_image","twitter_misc":{"Tiempo de lectura":"3 minutos"},"schema":{"@context":"https:\/\/schema.org","@graph":[{"@type":"WebPage","@id":"https:\/\/www.holycross.com\/about-us\/mission-and-vision","url":"https:\/\/www.holycross.com\/about-us\/mission-and-vision","name":"Misi\u00f3n y Visi\u00f3n - Holy Cross Energy","isPartOf":{"@id":"https:\/\/www.holycross.com\/#website"},"datePublished":"2023-11-02T22:16:53+00:00","dateModified":"2025-04-29T16:50:11+00:00","breadcrumb":{"@id":"https:\/\/www.holycross.com\/about-us\/mission-and-vision#breadcrumb"},"inLanguage":"es","potentialAction":[{"@type":"ReadAction","target":["https:\/\/www.holycross.com\/about-us\/mission-and-vision"]}]},{"@type":"BreadcrumbList","@id":"https:\/\/www.holycross.com\/about-us\/mission-and-vision#breadcrumb","itemListElement":[{"@type":"ListItem","position":1,"name":"Home","item":"https:\/\/www.holycross.com\/"},{"@type":"ListItem","position":2,"name":"ABOUT US","item":"https:\/\/www.holycross.com\/about-us"},{"@type":"ListItem","position":3,"name":"Mission and Vision"}]},{"@type":"WebSite","@id":"https:\/\/www.holycross.com\/#website","url":"https:\/\/www.holycross.com\/","name":"Holy Cross Energy","description":"","publisher":{"@id":"https:\/\/www.holycross.com\/#organization"},"potentialAction":[{"@type":"SearchAction","target":{"@type":"EntryPoint","urlTemplate":"https:\/\/www.holycross.com\/?s={search_term_string}"},"query-input":{"@type":"PropertyValueSpecification","valueRequired":true,"valueName":"search_term_string"}}],"inLanguage":"es"},{"@type":"Organization","@id":"https:\/\/www.holycross.com\/#organization","name":"Holy Cross Energy","url":"https:\/\/www.holycross.com\/","logo":{"@type":"ImageObject","inLanguage":"es","@id":"https:\/\/www.holycross.com\/#\/schema\/logo\/image\/","url":"https:\/\/www.holycross.com\/wp-content\/uploads\/2022\/07\/HCE-NEW-LOGO-GREEN.png","contentUrl":"https:\/\/www.holycross.com\/wp-content\/uploads\/2022\/07\/HCE-NEW-LOGO-GREEN.png","width":288,"height":288,"caption":"Holy Cross Energy"},"image":{"@id":"https:\/\/www.holycross.com\/#\/schema\/logo\/image\/"}}]}},"_links":{"self":[{"href":"https:\/\/www.holycross.com\/es\/wp-json\/wp\/v2\/pages\/44543","targetHints":{"allow":["GET"]}}],"collection":[{"href":"https:\/\/www.holycross.com\/es\/wp-json\/wp\/v2\/pages"}],"about":[{"href":"https:\/\/www.holycross.com\/es\/wp-json\/wp\/v2\/types\/page"}],"author":[{"embeddable":true,"href":"https:\/\/www.holycross.com\/es\/wp-json\/wp\/v2\/users\/1"}],"replies":[{"embeddable":true,"href":"https:\/\/www.holycross.com\/es\/wp-json\/wp\/v2\/comments?post=44543"}],"version-history":[{"count":34,"href":"https:\/\/www.holycross.com\/es\/wp-json\/wp\/v2\/pages\/44543\/revisions"}],"predecessor-version":[{"id":51381,"href":"https:\/\/www.holycross.com\/es\/wp-json\/wp\/v2\/pages\/44543\/revisions\/51381"}],"up":[{"embeddable":true,"href":"https:\/\/www.holycross.com\/es\/wp-json\/wp\/v2\/pages\/35732"}],"wp:attachment":[{"href":"https:\/\/www.holycross.com\/es\/wp-json\/wp\/v2\/media?parent=44543"}],"curies":[{"name":"wp","href":"https:\/\/api.w.org\/{rel}","templated":true}]}}