{"id":40509,"date":"2023-09-06T01:05:15","date_gmt":"2023-09-06T01:05:15","guid":{"rendered":"https:\/\/holycross.com\/?page_id=40509"},"modified":"2023-09-14T18:46:56","modified_gmt":"2023-09-14T18:46:56","slug":"ev-charger-contractor-invoice-submittal-form","status":"publish","type":"page","link":"https:\/\/www.holycross.com\/es\/member-programs\/charge-at-home\/ev-charger-contractor-resources\/ev-charger-contractor-invoice-submittal-form","title":{"rendered":"Formulario de env\u00edo de factura del contratista del cargador de veh\u00edculos el\u00e9ctricos"},"content":{"rendered":"<div data-elementor-type=\"wp-page\" data-elementor-id=\"40509\" class=\"elementor elementor-40509\" data-elementor-post-type=\"page\">\n\t\t\t\t\t\t<section class=\"elementor-section elementor-top-section elementor-element elementor-element-6c67e4c elementor-section-items-stretch elementor-section-content-middle elementor-section-height-min-height elementor-section-boxed elementor-section-height-default parallax_section_no qode_elementor_container_no\" data-id=\"6c67e4c\" data-element_type=\"section\" data-settings=\"{&quot;background_background&quot;:&quot;classic&quot;}\">\n\t\t\t\t\t\t\t<div class=\"elementor-background-overlay\"><\/div>\n\t\t\t\t\t\t\t<div class=\"elementor-container elementor-column-gap-default\">\n\t\t\t\t\t<div class=\"elementor-column elementor-col-50 elementor-top-column elementor-element elementor-element-bfb6d03\" data-id=\"bfb6d03\" data-element_type=\"column\">\n\t\t\t<div class=\"elementor-widget-wrap elementor-element-populated\">\n\t\t\t\t\t\t\t<\/div>\n\t\t<\/div>\n\t\t\t\t<div class=\"elementor-column elementor-col-50 elementor-top-column elementor-element elementor-element-95013cd\" data-id=\"95013cd\" data-element_type=\"column\">\n\t\t\t<div class=\"elementor-widget-wrap\">\n\t\t\t\t\t\t\t<\/div>\n\t\t<\/div>\n\t\t\t\t\t<\/div>\n\t\t<\/section>\n\t\t\t\t<section class=\"elementor-section elementor-top-section elementor-element elementor-element-d5ba72a elementor-section-boxed elementor-section-height-default elementor-section-height-default parallax_section_no qode_elementor_container_no\" data-id=\"d5ba72a\" data-element_type=\"section\" data-settings=\"{&quot;background_background&quot;:&quot;classic&quot;}\">\n\t\t\t\t\t\t<div class=\"elementor-container elementor-column-gap-default\">\n\t\t\t\t\t<div class=\"elementor-column elementor-col-100 elementor-top-column elementor-element elementor-element-39031a2\" data-id=\"39031a2\" data-element_type=\"column\">\n\t\t\t<div class=\"elementor-widget-wrap elementor-element-populated\">\n\t\t\t\t\t\t<section class=\"elementor-section elementor-inner-section elementor-element elementor-element-3d7326b animated-slow elementor-section-boxed elementor-section-height-default elementor-section-height-default parallax_section_no qode_elementor_container_no\" data-id=\"3d7326b\" data-element_type=\"section\" data-settings=\"{&quot;background_background&quot;:&quot;classic&quot;,&quot;animation&quot;:&quot;none&quot;,&quot;animation_delay&quot;:300}\">\n\t\t\t\t\t\t<div class=\"elementor-container elementor-column-gap-default\">\n\t\t\t\t\t<div class=\"elementor-column elementor-col-100 elementor-inner-column elementor-element elementor-element-1b8bff8\" data-id=\"1b8bff8\" data-element_type=\"column\">\n\t\t\t<div class=\"elementor-widget-wrap elementor-element-populated\">\n\t\t\t\t\t\t<div class=\"elementor-element elementor-element-3d3d298 elementor-widget elementor-widget-html\" data-id=\"3d3d298\" data-element_type=\"widget\" data-widget_type=\"html.default\">\n\t\t\t\t<div class=\"elementor-widget-container\">\n\t\t\t\t\t\t\t<script type=\"text\/javascript\" src=\"https:\/\/www.formstack.com\/forms\/js.php?3348035-XZZoFLP20x\"><\/script>\n\t\t<noscript>\n\t\t\t<a href=\"https:\/\/www.formstack.com\/forms\/?3348035-XZZoFLP20x\" title=\"Formulario en linea\">\n\t\t\t\tFormulario en linea\t\t\t<\/a>\n\t\t<\/noscript>\n\t\t\t\t\t\t<\/div>\n\t\t\t\t<\/div>\n\t\t\t\t\t<\/div>\n\t\t<\/div>\n\t\t\t\t\t<\/div>\n\t\t<\/section>\n\t\t\t\t\t<\/div>\n\t\t<\/div>\n\t\t\t\t\t<\/div>\n\t\t<\/section>\n\t\t\t\t<\/div>","protected":false},"excerpt":{"rendered":"Formulario en linea","protected":false},"author":1,"featured_media":0,"parent":40492,"menu_order":0,"comment_status":"closed","ping_status":"closed","template":"elementor_header_footer","meta":{"_acf_changed":false,"footnotes":""},"class_list":["post-40509","page","type-page","status-publish","hentry"],"acf":[],"yoast_head":"<!-- This site is optimized with the Yoast SEO plugin v22.8 - https:\/\/yoast.com\/wordpress\/plugins\/seo\/ -->\n<title>EV charger contractor invoice submittal form - Holy Cross Energy<\/title>\n<meta name=\"robots\" content=\"index, follow, max-snippet:-1, max-image-preview:large, max-video-preview:-1\" \/>\n<link rel=\"canonical\" href=\"https:\/\/www.holycross.com\/es\/member-programs\/charge-at-home\/ev-charger-contractor-resources\/ev-charger-contractor-invoice-submittal-form\/\" \/>\n<meta property=\"og:locale\" content=\"es_MX\" \/>\n<meta property=\"og:type\" content=\"article\" \/>\n<meta property=\"og:title\" content=\"EV charger contractor invoice submittal form - Holy Cross Energy\" \/>\n<meta property=\"og:url\" content=\"https:\/\/www.holycross.com\/es\/member-programs\/charge-at-home\/ev-charger-contractor-resources\/ev-charger-contractor-invoice-submittal-form\/\" \/>\n<meta property=\"og:site_name\" content=\"Holy Cross Energy\" \/>\n<meta property=\"article:modified_time\" content=\"2023-09-14T18:46:56+00:00\" \/>\n<meta name=\"twitter:card\" content=\"summary_large_image\" \/>\n<script type=\"application\/ld+json\" class=\"yoast-schema-graph\">{\"@context\":\"https:\/\/schema.org\",\"@graph\":[{\"@type\":\"WebPage\",\"@id\":\"https:\/\/www.holycross.com\/member-programs\/charge-at-home\/ev-charger-contractor-resources\/ev-charger-contractor-invoice-submittal-form\",\"url\":\"https:\/\/www.holycross.com\/member-programs\/charge-at-home\/ev-charger-contractor-resources\/ev-charger-contractor-invoice-submittal-form\",\"name\":\"EV charger contractor invoice submittal form - Holy Cross Energy\",\"isPartOf\":{\"@id\":\"https:\/\/www.holycross.com\/#website\"},\"datePublished\":\"2023-09-06T01:05:15+00:00\",\"dateModified\":\"2023-09-14T18:46:56+00:00\",\"breadcrumb\":{\"@id\":\"https:\/\/www.holycross.com\/member-programs\/charge-at-home\/ev-charger-contractor-resources\/ev-charger-contractor-invoice-submittal-form#breadcrumb\"},\"inLanguage\":\"es\",\"potentialAction\":[{\"@type\":\"ReadAction\",\"target\":[\"https:\/\/www.holycross.com\/member-programs\/charge-at-home\/ev-charger-contractor-resources\/ev-charger-contractor-invoice-submittal-form\"]}]},{\"@type\":\"BreadcrumbList\",\"@id\":\"https:\/\/www.holycross.com\/member-programs\/charge-at-home\/ev-charger-contractor-resources\/ev-charger-contractor-invoice-submittal-form#breadcrumb\",\"itemListElement\":[{\"@type\":\"ListItem\",\"position\":1,\"name\":\"Home\",\"item\":\"https:\/\/www.holycross.com\/\"},{\"@type\":\"ListItem\",\"position\":2,\"name\":\"Member Programs Overview\",\"item\":\"https:\/\/www.holycross.com\/member-programs\"},{\"@type\":\"ListItem\",\"position\":3,\"name\":\"Charge at Home\",\"item\":\"https:\/\/www.holycross.com\/member-programs\/charge-at-home\"},{\"@type\":\"ListItem\",\"position\":4,\"name\":\"EV charger contractor resources\",\"item\":\"https:\/\/www.holycross.com\/?page_id=40492\"},{\"@type\":\"ListItem\",\"position\":5,\"name\":\"EV charger contractor invoice submittal form\"}]},{\"@type\":\"WebSite\",\"@id\":\"https:\/\/www.holycross.com\/#website\",\"url\":\"https:\/\/www.holycross.com\/\",\"name\":\"Holy Cross Energy\",\"description\":\"\",\"publisher\":{\"@id\":\"https:\/\/www.holycross.com\/#organization\"},\"potentialAction\":[{\"@type\":\"SearchAction\",\"target\":{\"@type\":\"EntryPoint\",\"urlTemplate\":\"https:\/\/www.holycross.com\/?s={search_term_string}\"},\"query-input\":\"required name=search_term_string\"}],\"inLanguage\":\"es\"},{\"@type\":\"Organization\",\"@id\":\"https:\/\/www.holycross.com\/#organization\",\"name\":\"Holy Cross Energy\",\"url\":\"https:\/\/www.holycross.com\/\",\"logo\":{\"@type\":\"ImageObject\",\"inLanguage\":\"es\",\"@id\":\"https:\/\/www.holycross.com\/#\/schema\/logo\/image\/\",\"url\":\"https:\/\/www.holycross.com\/wp-content\/uploads\/2022\/07\/HCE-NEW-LOGO-GREEN.png\",\"contentUrl\":\"https:\/\/www.holycross.com\/wp-content\/uploads\/2022\/07\/HCE-NEW-LOGO-GREEN.png\",\"width\":288,\"height\":288,\"caption\":\"Holy Cross Energy\"},\"image\":{\"@id\":\"https:\/\/www.holycross.com\/#\/schema\/logo\/image\/\"}}]}<\/script>\n<!-- \/ Yoast SEO plugin. -->","yoast_head_json":{"title":"EV charger contractor invoice submittal form - Holy Cross Energy","robots":{"index":"index","follow":"follow","max-snippet":"max-snippet:-1","max-image-preview":"max-image-preview:large","max-video-preview":"max-video-preview:-1"},"canonical":"https:\/\/www.holycross.com\/es\/member-programs\/charge-at-home\/ev-charger-contractor-resources\/ev-charger-contractor-invoice-submittal-form\/","og_locale":"es_MX","og_type":"article","og_title":"EV charger contractor invoice submittal form - Holy Cross Energy","og_url":"https:\/\/www.holycross.com\/es\/member-programs\/charge-at-home\/ev-charger-contractor-resources\/ev-charger-contractor-invoice-submittal-form\/","og_site_name":"Holy Cross Energy","article_modified_time":"2023-09-14T18:46:56+00:00","twitter_card":"summary_large_image","schema":{"@context":"https:\/\/schema.org","@graph":[{"@type":"WebPage","@id":"https:\/\/www.holycross.com\/member-programs\/charge-at-home\/ev-charger-contractor-resources\/ev-charger-contractor-invoice-submittal-form","url":"https:\/\/www.holycross.com\/member-programs\/charge-at-home\/ev-charger-contractor-resources\/ev-charger-contractor-invoice-submittal-form","name":"EV charger contractor invoice submittal form - Holy Cross Energy","isPartOf":{"@id":"https:\/\/www.holycross.com\/#website"},"datePublished":"2023-09-06T01:05:15+00:00","dateModified":"2023-09-14T18:46:56+00:00","breadcrumb":{"@id":"https:\/\/www.holycross.com\/member-programs\/charge-at-home\/ev-charger-contractor-resources\/ev-charger-contractor-invoice-submittal-form#breadcrumb"},"inLanguage":"es","potentialAction":[{"@type":"ReadAction","target":["https:\/\/www.holycross.com\/member-programs\/charge-at-home\/ev-charger-contractor-resources\/ev-charger-contractor-invoice-submittal-form"]}]},{"@type":"BreadcrumbList","@id":"https:\/\/www.holycross.com\/member-programs\/charge-at-home\/ev-charger-contractor-resources\/ev-charger-contractor-invoice-submittal-form#breadcrumb","itemListElement":[{"@type":"ListItem","position":1,"name":"Home","item":"https:\/\/www.holycross.com\/"},{"@type":"ListItem","position":2,"name":"Member Programs Overview","item":"https:\/\/www.holycross.com\/member-programs"},{"@type":"ListItem","position":3,"name":"Charge at Home","item":"https:\/\/www.holycross.com\/member-programs\/charge-at-home"},{"@type":"ListItem","position":4,"name":"EV charger contractor resources","item":"https:\/\/www.holycross.com\/?page_id=40492"},{"@type":"ListItem","position":5,"name":"EV charger contractor invoice submittal form"}]},{"@type":"WebSite","@id":"https:\/\/www.holycross.com\/#website","url":"https:\/\/www.holycross.com\/","name":"Holy Cross Energy","description":"","publisher":{"@id":"https:\/\/www.holycross.com\/#organization"},"potentialAction":[{"@type":"SearchAction","target":{"@type":"EntryPoint","urlTemplate":"https:\/\/www.holycross.com\/?s={search_term_string}"},"query-input":"required name=search_term_string"}],"inLanguage":"es"},{"@type":"Organization","@id":"https:\/\/www.holycross.com\/#organization","name":"Holy Cross Energy","url":"https:\/\/www.holycross.com\/","logo":{"@type":"ImageObject","inLanguage":"es","@id":"https:\/\/www.holycross.com\/#\/schema\/logo\/image\/","url":"https:\/\/www.holycross.com\/wp-content\/uploads\/2022\/07\/HCE-NEW-LOGO-GREEN.png","contentUrl":"https:\/\/www.holycross.com\/wp-content\/uploads\/2022\/07\/HCE-NEW-LOGO-GREEN.png","width":288,"height":288,"caption":"Holy Cross Energy"},"image":{"@id":"https:\/\/www.holycross.com\/#\/schema\/logo\/image\/"}}]}},"_links":{"self":[{"href":"https:\/\/www.holycross.com\/es\/wp-json\/wp\/v2\/pages\/40509","targetHints":{"allow":["GET"]}}],"collection":[{"href":"https:\/\/www.holycross.com\/es\/wp-json\/wp\/v2\/pages"}],"about":[{"href":"https:\/\/www.holycross.com\/es\/wp-json\/wp\/v2\/types\/page"}],"author":[{"embeddable":true,"href":"https:\/\/www.holycross.com\/es\/wp-json\/wp\/v2\/users\/1"}],"replies":[{"embeddable":true,"href":"https:\/\/www.holycross.com\/es\/wp-json\/wp\/v2\/comments?post=40509"}],"version-history":[{"count":11,"href":"https:\/\/www.holycross.com\/es\/wp-json\/wp\/v2\/pages\/40509\/revisions"}],"predecessor-version":[{"id":42908,"href":"https:\/\/www.holycross.com\/es\/wp-json\/wp\/v2\/pages\/40509\/revisions\/42908"}],"up":[{"embeddable":true,"href":"https:\/\/www.holycross.com\/es\/wp-json\/wp\/v2\/pages\/40492"}],"wp:attachment":[{"href":"https:\/\/www.holycross.com\/es\/wp-json\/wp\/v2\/media?parent=40509"}],"curies":[{"name":"wp","href":"https:\/\/api.w.org\/{rel}","templated":true}]}}