{"id":40497,"date":"2023-09-06T01:02:58","date_gmt":"2023-09-06T01:02:58","guid":{"rendered":"https:\/\/holycross.com\/?page_id=40497"},"modified":"2025-01-21T16:12:07","modified_gmt":"2025-01-21T23:12:07","slug":"e-lawn-care-rebate-application","status":"publish","type":"page","link":"https:\/\/www.holycross.com\/es\/member-programs\/energy-efficiency-and-rebates\/e-lawn-care-rebate-application","title":{"rendered":"Solicitud de reembolso por cuidado del c\u00e9sped electr\u00f3nico"},"content":{"rendered":"<div data-elementor-type=\"wp-page\" data-elementor-id=\"40497\" class=\"elementor elementor-40497\" data-elementor-post-type=\"page\">\n\t\t\t\t\t\t<section class=\"elementor-section elementor-top-section elementor-element elementor-element-4cb255e elementor-section-items-stretch elementor-section-content-middle elementor-section-height-min-height elementor-section-boxed elementor-section-height-default parallax_section_no qode_elementor_container_no\" data-id=\"4cb255e\" data-element_type=\"section\" data-e-type=\"section\" data-settings=\"{&quot;background_background&quot;:&quot;classic&quot;}\">\n\t\t\t\t\t\t\t<div class=\"elementor-background-overlay\"><\/div>\n\t\t\t\t\t\t\t<div class=\"elementor-container elementor-column-gap-default\">\n\t\t\t\t\t<div class=\"elementor-column elementor-col-100 elementor-top-column elementor-element elementor-element-6e9a11d\" data-id=\"6e9a11d\" data-element_type=\"column\" data-e-type=\"column\">\n\t\t\t<div class=\"elementor-widget-wrap elementor-element-populated\">\n\t\t\t\t\t\t<div class=\"elementor-element elementor-element-2dc48f3 elementor-widget elementor-widget-heading\" data-id=\"2dc48f3\" data-element_type=\"widget\" data-e-type=\"widget\" data-widget_type=\"heading.default\">\n\t\t\t\t<div class=\"elementor-widget-container\">\n\t\t\t\t\t<h3 class=\"elementor-heading-title elementor-size-default\">Solicitud de reembolso por cuidado del c\u00e9sped electr\u00f3nico<\/h3>\t\t\t\t<\/div>\n\t\t\t\t<\/div>\n\t\t\t\t<div class=\"elementor-element elementor-element-434aba8 elementor-widget elementor-widget-text-editor\" data-id=\"434aba8\" data-element_type=\"widget\" data-e-type=\"widget\" data-widget_type=\"text-editor.default\">\n\t\t\t\t<div class=\"elementor-widget-container\">\n\t\t\t\t\t\t\t\t\t<p style=\"text-align: center;\"><br \/>Haga m\u00e1s verdes sus herramientas de c\u00e9sped y jard\u00edn<\/p>\t\t\t\t\t\t\t\t<\/div>\n\t\t\t\t<\/div>\n\t\t\t\t<div class=\"elementor-element elementor-element-fa1dc98 elementor-align-center elementor-mobile-align-center animated-slow elementor-invisible elementor-widget elementor-widget-button\" data-id=\"fa1dc98\" data-element_type=\"widget\" data-e-type=\"widget\" data-settings=\"{&quot;_animation&quot;:&quot;fadeIn&quot;,&quot;_animation_delay&quot;:800}\" data-widget_type=\"button.default\">\n\t\t\t\t<div class=\"elementor-widget-container\">\n\t\t\t\t\t\t\t\t\t<div class=\"elementor-button-wrapper\">\n\t\t\t\t\t<a class=\"elementor-button elementor-button-link elementor-size-sm\" href=\"https:\/\/www.holycross.com\/member-programs\/energy-efficiency-and-rebates\">\n\t\t\t\t\t\t<span class=\"elementor-button-content-wrapper\">\n\t\t\t\t\t\t\t\t\t<span class=\"elementor-button-text\">Volver a todos los reembolsos<\/span>\n\t\t\t\t\t<\/span>\n\t\t\t\t\t<\/a>\n\t\t\t\t<\/div>\n\t\t\t\t\t\t\t\t<\/div>\n\t\t\t\t<\/div>\n\t\t\t\t\t<\/div>\n\t\t<\/div>\n\t\t\t\t\t<\/div>\n\t\t<\/section>\n\t\t\t\t<section class=\"elementor-section elementor-top-section elementor-element elementor-element-f35f5d3 elementor-section-boxed elementor-section-height-default elementor-section-height-default parallax_section_no qode_elementor_container_no\" data-id=\"f35f5d3\" data-element_type=\"section\" data-e-type=\"section\">\n\t\t\t\t\t\t<div class=\"elementor-container elementor-column-gap-default\">\n\t\t\t\t\t<div class=\"elementor-column elementor-col-50 elementor-top-column elementor-element elementor-element-232c4cc\" data-id=\"232c4cc\" data-element_type=\"column\" data-e-type=\"column\">\n\t\t\t<div class=\"elementor-widget-wrap elementor-element-populated\">\n\t\t\t\t\t\t<div class=\"elementor-element elementor-element-410e7ec elementor-widget__width-initial elementor-widget elementor-widget-text-editor\" data-id=\"410e7ec\" data-element_type=\"widget\" data-e-type=\"widget\" data-widget_type=\"text-editor.default\">\n\t\t\t\t<div class=\"elementor-widget-container\">\n\t\t\t\t\t\t\t\t\t<p><strong>Monto del reembolso: 25% del costo de los productos de c\u00e9sped electr\u00f3nico hasta un m\u00e1ximo de por vida de miembro de $300<\/strong><\/p><p>Los art\u00edculos incluyen:\u00a0<\/p><ul><li>Cortac\u00e9spedes el\u00e9ctricos (de empuje o montados)\u00a0<\/li><li>Quitanieves el\u00e9ctricos<\/li><li>Motosierras electricas<\/li><li>recortadoras electricas<\/li><li>Podadoras electricas<\/li><li>Sopladores de hojas el\u00e9ctricos\u00a0<\/li><li>Lavadoras el\u00e9ctricas<\/li><\/ul><p>Criterios:<\/p><ul><li>Solo equipo nuevo<\/li><li>Solo equipos el\u00e9ctricos con bater\u00eda o con cable<\/li><li>Precio m\u00ednimo de compra de $50<\/li><li>No se permiten reventas<\/li><li>Reembolso m\u00e1ximo de por vida: $300 por cuenta de miembro<\/li><\/ul>\t\t\t\t\t\t\t\t<\/div>\n\t\t\t\t<\/div>\n\t\t\t\t\t<\/div>\n\t\t<\/div>\n\t\t\t\t<div class=\"elementor-column elementor-col-50 elementor-top-column elementor-element elementor-element-e75e9d3\" data-id=\"e75e9d3\" data-element_type=\"column\" data-e-type=\"column\">\n\t\t\t<div class=\"elementor-widget-wrap elementor-element-populated\">\n\t\t\t\t\t\t<div class=\"elementor-element elementor-element-a9091e3 elementor-widget elementor-widget-text-editor\" data-id=\"a9091e3\" data-element_type=\"widget\" data-e-type=\"widget\" data-widget_type=\"text-editor.default\">\n\t\t\t\t<div class=\"elementor-widget-container\">\n\t\t\t\t\t\t\t\t\t<p><strong>Se deben cumplir todas las calificaciones para un proyecto espec\u00edfico para poder recibir un reembolso.<\/strong><\/p><ol><li>Se deben cumplir todas las calificaciones para un proyecto espec\u00edfico para poder recibir un reembolso por ese proyecto.<\/li><li>Puede revisar y completar m\u00faltiples reembolsos con una sola solicitud.<\/li><li>Proporcione una versi\u00f3n electr\u00f3nica de sus facturas y recibos para cargarlos como parte de esta solicitud.<\/li><li>Los recibos\/facturas deben ser de proyectos completados no m\u00e1s de 90 d\u00edas (3 meses) antes de la fecha en que se present\u00f3 la solicitud de reembolso.<\/li><li>El equipo debe instalarse en el territorio de servicio de Holy Cross antes de solicitar un reembolso.<\/li><\/ol>\t\t\t\t\t\t\t\t<\/div>\n\t\t\t\t<\/div>\n\t\t\t\t\t<\/div>\n\t\t<\/div>\n\t\t\t\t\t<\/div>\n\t\t<\/section>\n\t\t\t\t<section class=\"elementor-section elementor-top-section elementor-element elementor-element-e213a87 elementor-section-boxed elementor-section-height-default elementor-section-height-default parallax_section_no qode_elementor_container_no\" data-id=\"e213a87\" data-element_type=\"section\" data-e-type=\"section\" data-settings=\"{&quot;background_background&quot;:&quot;classic&quot;}\">\n\t\t\t\t\t\t<div class=\"elementor-container elementor-column-gap-default\">\n\t\t\t\t\t<div class=\"elementor-column elementor-col-100 elementor-top-column elementor-element elementor-element-61f12f2\" data-id=\"61f12f2\" data-element_type=\"column\" data-e-type=\"column\">\n\t\t\t<div class=\"elementor-widget-wrap elementor-element-populated\">\n\t\t\t\t\t\t<div class=\"elementor-element elementor-element-5e9353a elementor-widget elementor-widget-html\" data-id=\"5e9353a\" data-element_type=\"widget\" data-e-type=\"widget\" data-widget_type=\"html.default\">\n\t\t\t\t<div class=\"elementor-widget-container\">\n\t\t\t\t\t<script src=\"https:\/\/smarthub.tfaforms.net\/publish\/819\" data-qp-target-id=\"fa-form-elawn\" defer><\/script><div id=\"fa-form-elawn\"><\/div>\t\t\t\t<\/div>\n\t\t\t\t<\/div>\n\t\t\t\t\t<\/div>\n\t\t<\/div>\n\t\t\t\t\t<\/div>\n\t\t<\/section>\n\t\t\t\t<\/div>","protected":false},"excerpt":{"rendered":"<p>Solicitud de reembolso para cuidado del c\u00e9sped electr\u00f3nico Haga que sus herramientas para c\u00e9sped y jard\u00edn sean m\u00e1s ecol\u00f3gicas Volver a todos los reembolsos Monto del reembolso: 25% del costo de los productos E-Lawn hasta un m\u00e1ximo de por vida para el miembro de $300 Los art\u00edculos incluyen: Cortadoras de c\u00e9sped el\u00e9ctricas (de empuje o con asiento) Quitanieves el\u00e9ctricas Motosierras el\u00e9ctricas Desbrozadoras el\u00e9ctricas Cortadoras el\u00e9ctricas\u2026<\/p>","protected":false},"author":1,"featured_media":0,"parent":35518,"menu_order":0,"comment_status":"closed","ping_status":"closed","template":"elementor_header_footer","meta":{"_acf_changed":false,"footnotes":""},"class_list":["post-40497","page","type-page","status-publish","hentry"],"acf":[],"yoast_head":"<!-- This site is optimized with the Yoast SEO plugin v27.3 - https:\/\/yoast.com\/product\/yoast-seo-wordpress\/ -->\n<title>E-lawn care rebate application - Holy Cross Energy<\/title>\n<meta name=\"robots\" content=\"index, follow, max-snippet:-1, max-image-preview:large, max-video-preview:-1\" \/>\n<link rel=\"canonical\" href=\"https:\/\/www.holycross.com\/es\/member-programs\/energy-efficiency-and-rebates\/e-lawn-care-rebate-application\/\" \/>\n<meta property=\"og:locale\" content=\"es_MX\" \/>\n<meta property=\"og:type\" content=\"article\" \/>\n<meta property=\"og:title\" content=\"E-lawn care rebate application - Holy Cross Energy\" \/>\n<meta property=\"og:description\" content=\"E-Lawn Care Rebate Application Green-up your lawn and garden tools Back To All Rebates Rebate amount: 25% of the E-lawn product(s) cost up to a member lifetime maximum of $300 Items include:\u00a0 Electric mowers (push or riding)\u00a0 Electric snow blowers Electric chainsaws Electric trimmers Electric...\" \/>\n<meta property=\"og:url\" content=\"https:\/\/www.holycross.com\/es\/member-programs\/energy-efficiency-and-rebates\/e-lawn-care-rebate-application\/\" \/>\n<meta property=\"og:site_name\" content=\"Holy Cross Energy\" \/>\n<meta property=\"article:modified_time\" content=\"2025-01-21T23:12:07+00:00\" \/>\n<meta name=\"twitter:card\" content=\"summary_large_image\" \/>\n<meta name=\"twitter:label1\" content=\"Tiempo de lectura\" \/>\n\t<meta name=\"twitter:data1\" content=\"1 minuto\" \/>\n<script type=\"application\/ld+json\" class=\"yoast-schema-graph\">{\"@context\":\"https:\\\/\\\/schema.org\",\"@graph\":[{\"@type\":\"WebPage\",\"@id\":\"https:\\\/\\\/www.holycross.com\\\/member-programs\\\/energy-efficiency-and-rebates\\\/e-lawn-care-rebate-application\",\"url\":\"https:\\\/\\\/www.holycross.com\\\/member-programs\\\/energy-efficiency-and-rebates\\\/e-lawn-care-rebate-application\",\"name\":\"E-lawn care rebate application - Holy Cross Energy\",\"isPartOf\":{\"@id\":\"https:\\\/\\\/www.holycross.com\\\/#website\"},\"datePublished\":\"2023-09-06T01:02:58+00:00\",\"dateModified\":\"2025-01-21T23:12:07+00:00\",\"breadcrumb\":{\"@id\":\"https:\\\/\\\/www.holycross.com\\\/member-programs\\\/energy-efficiency-and-rebates\\\/e-lawn-care-rebate-application#breadcrumb\"},\"inLanguage\":\"es\",\"potentialAction\":[{\"@type\":\"ReadAction\",\"target\":[\"https:\\\/\\\/www.holycross.com\\\/member-programs\\\/energy-efficiency-and-rebates\\\/e-lawn-care-rebate-application\"]}]},{\"@type\":\"BreadcrumbList\",\"@id\":\"https:\\\/\\\/www.holycross.com\\\/member-programs\\\/energy-efficiency-and-rebates\\\/e-lawn-care-rebate-application#breadcrumb\",\"itemListElement\":[{\"@type\":\"ListItem\",\"position\":1,\"name\":\"Home\",\"item\":\"https:\\\/\\\/www.holycross.com\\\/\"},{\"@type\":\"ListItem\",\"position\":2,\"name\":\"Member Programs Overview\",\"item\":\"https:\\\/\\\/www.holycross.com\\\/member-programs\"},{\"@type\":\"ListItem\",\"position\":3,\"name\":\"Energy Efficiency &#038; Electrification Rebates\",\"item\":\"https:\\\/\\\/www.holycross.com\\\/member-programs\\\/energy-efficiency-and-rebates\"},{\"@type\":\"ListItem\",\"position\":4,\"name\":\"E-lawn care rebate application\"}]},{\"@type\":\"WebSite\",\"@id\":\"https:\\\/\\\/www.holycross.com\\\/#website\",\"url\":\"https:\\\/\\\/www.holycross.com\\\/\",\"name\":\"Holy Cross Energy\",\"description\":\"\",\"publisher\":{\"@id\":\"https:\\\/\\\/www.holycross.com\\\/#organization\"},\"potentialAction\":[{\"@type\":\"SearchAction\",\"target\":{\"@type\":\"EntryPoint\",\"urlTemplate\":\"https:\\\/\\\/www.holycross.com\\\/?s={search_term_string}\"},\"query-input\":{\"@type\":\"PropertyValueSpecification\",\"valueRequired\":true,\"valueName\":\"search_term_string\"}}],\"inLanguage\":\"es\"},{\"@type\":\"Organization\",\"@id\":\"https:\\\/\\\/www.holycross.com\\\/#organization\",\"name\":\"Holy Cross Energy\",\"url\":\"https:\\\/\\\/www.holycross.com\\\/\",\"logo\":{\"@type\":\"ImageObject\",\"inLanguage\":\"es\",\"@id\":\"https:\\\/\\\/www.holycross.com\\\/#\\\/schema\\\/logo\\\/image\\\/\",\"url\":\"https:\\\/\\\/www.holycross.com\\\/wp-content\\\/uploads\\\/2022\\\/07\\\/HCE-NEW-LOGO-GREEN.png\",\"contentUrl\":\"https:\\\/\\\/www.holycross.com\\\/wp-content\\\/uploads\\\/2022\\\/07\\\/HCE-NEW-LOGO-GREEN.png\",\"width\":288,\"height\":288,\"caption\":\"Holy Cross Energy\"},\"image\":{\"@id\":\"https:\\\/\\\/www.holycross.com\\\/#\\\/schema\\\/logo\\\/image\\\/\"}}]}<\/script>\n<!-- \/ Yoast SEO plugin. -->","yoast_head_json":{"title":"Solicitud de reembolso para el cuidado del c\u00e9sped electr\u00f3nico - Holy Cross Energy","robots":{"index":"index","follow":"follow","max-snippet":"max-snippet:-1","max-image-preview":"max-image-preview:large","max-video-preview":"max-video-preview:-1"},"canonical":"https:\/\/www.holycross.com\/es\/member-programs\/energy-efficiency-and-rebates\/e-lawn-care-rebate-application\/","og_locale":"es_MX","og_type":"article","og_title":"E-lawn care rebate application - Holy Cross Energy","og_description":"E-Lawn Care Rebate Application Green-up your lawn and garden tools Back To All Rebates Rebate amount: 25% of the E-lawn product(s) cost up to a member lifetime maximum of $300 Items include:\u00a0 Electric mowers (push or riding)\u00a0 Electric snow blowers Electric chainsaws Electric trimmers Electric...","og_url":"https:\/\/www.holycross.com\/es\/member-programs\/energy-efficiency-and-rebates\/e-lawn-care-rebate-application\/","og_site_name":"Holy Cross Energy","article_modified_time":"2025-01-21T23:12:07+00:00","twitter_card":"summary_large_image","twitter_misc":{"Tiempo de lectura":"1 minuto"},"schema":{"@context":"https:\/\/schema.org","@graph":[{"@type":"WebPage","@id":"https:\/\/www.holycross.com\/member-programs\/energy-efficiency-and-rebates\/e-lawn-care-rebate-application","url":"https:\/\/www.holycross.com\/member-programs\/energy-efficiency-and-rebates\/e-lawn-care-rebate-application","name":"Solicitud de reembolso para el cuidado del c\u00e9sped electr\u00f3nico - Holy Cross Energy","isPartOf":{"@id":"https:\/\/www.holycross.com\/#website"},"datePublished":"2023-09-06T01:02:58+00:00","dateModified":"2025-01-21T23:12:07+00:00","breadcrumb":{"@id":"https:\/\/www.holycross.com\/member-programs\/energy-efficiency-and-rebates\/e-lawn-care-rebate-application#breadcrumb"},"inLanguage":"es","potentialAction":[{"@type":"ReadAction","target":["https:\/\/www.holycross.com\/member-programs\/energy-efficiency-and-rebates\/e-lawn-care-rebate-application"]}]},{"@type":"BreadcrumbList","@id":"https:\/\/www.holycross.com\/member-programs\/energy-efficiency-and-rebates\/e-lawn-care-rebate-application#breadcrumb","itemListElement":[{"@type":"ListItem","position":1,"name":"Home","item":"https:\/\/www.holycross.com\/"},{"@type":"ListItem","position":2,"name":"Member Programs Overview","item":"https:\/\/www.holycross.com\/member-programs"},{"@type":"ListItem","position":3,"name":"Energy Efficiency &#038; Electrification Rebates","item":"https:\/\/www.holycross.com\/member-programs\/energy-efficiency-and-rebates"},{"@type":"ListItem","position":4,"name":"E-lawn care rebate application"}]},{"@type":"WebSite","@id":"https:\/\/www.holycross.com\/#website","url":"https:\/\/www.holycross.com\/","name":"Holy Cross Energy","description":"","publisher":{"@id":"https:\/\/www.holycross.com\/#organization"},"potentialAction":[{"@type":"SearchAction","target":{"@type":"EntryPoint","urlTemplate":"https:\/\/www.holycross.com\/?s={search_term_string}"},"query-input":{"@type":"PropertyValueSpecification","valueRequired":true,"valueName":"search_term_string"}}],"inLanguage":"es"},{"@type":"Organization","@id":"https:\/\/www.holycross.com\/#organization","name":"Holy Cross Energy","url":"https:\/\/www.holycross.com\/","logo":{"@type":"ImageObject","inLanguage":"es","@id":"https:\/\/www.holycross.com\/#\/schema\/logo\/image\/","url":"https:\/\/www.holycross.com\/wp-content\/uploads\/2022\/07\/HCE-NEW-LOGO-GREEN.png","contentUrl":"https:\/\/www.holycross.com\/wp-content\/uploads\/2022\/07\/HCE-NEW-LOGO-GREEN.png","width":288,"height":288,"caption":"Holy Cross Energy"},"image":{"@id":"https:\/\/www.holycross.com\/#\/schema\/logo\/image\/"}}]}},"_links":{"self":[{"href":"https:\/\/www.holycross.com\/es\/wp-json\/wp\/v2\/pages\/40497","targetHints":{"allow":["GET"]}}],"collection":[{"href":"https:\/\/www.holycross.com\/es\/wp-json\/wp\/v2\/pages"}],"about":[{"href":"https:\/\/www.holycross.com\/es\/wp-json\/wp\/v2\/types\/page"}],"author":[{"embeddable":true,"href":"https:\/\/www.holycross.com\/es\/wp-json\/wp\/v2\/users\/1"}],"replies":[{"embeddable":true,"href":"https:\/\/www.holycross.com\/es\/wp-json\/wp\/v2\/comments?post=40497"}],"version-history":[{"count":34,"href":"https:\/\/www.holycross.com\/es\/wp-json\/wp\/v2\/pages\/40497\/revisions"}],"predecessor-version":[{"id":50426,"href":"https:\/\/www.holycross.com\/es\/wp-json\/wp\/v2\/pages\/40497\/revisions\/50426"}],"up":[{"embeddable":true,"href":"https:\/\/www.holycross.com\/es\/wp-json\/wp\/v2\/pages\/35518"}],"wp:attachment":[{"href":"https:\/\/www.holycross.com\/es\/wp-json\/wp\/v2\/media?parent=40497"}],"curies":[{"name":"wp","href":"https:\/\/api.w.org\/{rel}","templated":true}]}}