{"id":40462,"date":"2023-09-06T00:55:07","date_gmt":"2023-09-06T00:55:07","guid":{"rendered":"https:\/\/holycross.com\/?page_id=40462"},"modified":"2024-07-11T11:47:34","modified_gmt":"2024-07-11T17:47:34","slug":"roundup-individual-application-web-form","status":"publish","type":"page","link":"https:\/\/www.holycross.com\/es\/community\/community-programs\/round-up\/roundup-individual-application-web-form","title":{"rendered":"Formulario web de solicitud individual de RoundUp"},"content":{"rendered":"<div data-elementor-type=\"wp-page\" data-elementor-id=\"40462\" class=\"elementor elementor-40462\" data-elementor-post-type=\"page\">\n\t\t\t\t\t\t<section class=\"elementor-section elementor-top-section elementor-element elementor-element-8f4ab5c elementor-section-items-stretch elementor-section-content-middle elementor-section-height-min-height elementor-section-boxed elementor-section-height-default parallax_section_no qode_elementor_container_no\" data-id=\"8f4ab5c\" data-element_type=\"section\" data-e-type=\"section\" data-settings=\"{&quot;background_background&quot;:&quot;classic&quot;}\">\n\t\t\t\t\t\t\t<div class=\"elementor-background-overlay\"><\/div>\n\t\t\t\t\t\t\t<div class=\"elementor-container elementor-column-gap-no\">\n\t\t\t\t\t<div class=\"elementor-column elementor-col-100 elementor-top-column elementor-element elementor-element-2333f44\" data-id=\"2333f44\" data-element_type=\"column\" data-e-type=\"column\">\n\t\t\t<div class=\"elementor-widget-wrap elementor-element-populated\">\n\t\t\t\t\t\t<div class=\"elementor-element elementor-element-74495db elementor-widget elementor-widget-heading\" data-id=\"74495db\" data-element_type=\"widget\" data-e-type=\"widget\" data-widget_type=\"heading.default\">\n\t\t\t\t<div class=\"elementor-widget-container\">\n\t\t\t\t\t<h2 class=\"elementor-heading-title elementor-size-default\">Solicitud individual de la Fundaci\u00f3n Round-Up<\/h2>\t\t\t\t<\/div>\n\t\t\t\t<\/div>\n\t\t\t\t\t<\/div>\n\t\t<\/div>\n\t\t\t\t\t<\/div>\n\t\t<\/section>\n\t\t\t\t<section class=\"elementor-section elementor-top-section elementor-element elementor-element-4f056ae elementor-section-boxed elementor-section-height-default elementor-section-height-default parallax_section_no qode_elementor_container_no\" data-id=\"4f056ae\" data-element_type=\"section\" data-e-type=\"section\" data-settings=\"{&quot;background_background&quot;:&quot;classic&quot;}\">\n\t\t\t\t\t\t\t<div class=\"elementor-background-overlay\"><\/div>\n\t\t\t\t\t\t\t<div class=\"elementor-container elementor-column-gap-default\">\n\t\t\t\t\t<div class=\"elementor-column elementor-col-50 elementor-top-column elementor-element elementor-element-a2376c3\" data-id=\"a2376c3\" data-element_type=\"column\" data-e-type=\"column\">\n\t\t\t<div class=\"elementor-widget-wrap elementor-element-populated\">\n\t\t\t\t\t\t<div class=\"elementor-element elementor-element-8225b77 elementor-invisible elementor-widget elementor-widget-heading\" data-id=\"8225b77\" data-element_type=\"widget\" data-e-type=\"widget\" data-settings=\"{&quot;_animation&quot;:&quot;fadeIn&quot;,&quot;_animation_delay&quot;:200}\" data-widget_type=\"heading.default\">\n\t\t\t\t<div class=\"elementor-widget-container\">\n\t\t\t\t\t<h4 class=\"elementor-heading-title elementor-size-default\">Instrucciones de solicitud de la Fundaci\u00f3n Round-Up de Holy Cross Energy<\/h4>\t\t\t\t<\/div>\n\t\t\t\t<\/div>\n\t\t\t\t<div class=\"elementor-element elementor-element-94a40dd elementor-align-left elementor-mobile-align-justify animated-slow elementor-widget-mobile__width-inherit elementor-invisible elementor-widget elementor-widget-button\" data-id=\"94a40dd\" data-element_type=\"widget\" data-e-type=\"widget\" data-settings=\"{&quot;_animation&quot;:&quot;fadeIn&quot;,&quot;_animation_delay&quot;:800}\" data-widget_type=\"button.default\">\n\t\t\t\t<div class=\"elementor-widget-container\">\n\t\t\t\t\t\t\t\t\t<div class=\"elementor-button-wrapper\">\n\t\t\t\t\t<a class=\"elementor-button elementor-button-link elementor-size-sm\" href=\"#application-form\">\n\t\t\t\t\t\t<span class=\"elementor-button-content-wrapper\">\n\t\t\t\t\t\t\t\t\t<span class=\"elementor-button-text\">Formulario de aplicaci\u00f3n<\/span>\n\t\t\t\t\t<\/span>\n\t\t\t\t\t<\/a>\n\t\t\t\t<\/div>\n\t\t\t\t\t\t\t\t<\/div>\n\t\t\t\t<\/div>\n\t\t\t\t<div class=\"elementor-element elementor-element-f4e31f1 animated-slow elementor-invisible elementor-widget elementor-widget-text-editor\" data-id=\"f4e31f1\" data-element_type=\"widget\" data-e-type=\"widget\" data-settings=\"{&quot;_animation&quot;:&quot;fadeIn&quot;,&quot;_animation_delay&quot;:400}\" data-widget_type=\"text-editor.default\">\n\t\t\t\t<div class=\"elementor-widget-container\">\n\t\t\t\t\t\t\t\t\t<p><em>La Fundaci\u00f3n Round-Up de Holy Cross Energy<\/em> fue creado con la intenci\u00f3n de brindar ayuda a los miembros de la comunidad y organizaciones sin fines de lucro necesitados en todo nuestro territorio de servicio (condados de Eagle, Garfield y Pitkin).\u00a0<\/p><p>Las solicitudes son revisadas por una junta de voluntarios formada por miembros y personal de Holy Cross Energy.\u00a0<\/p><p>Las preguntas sobre su solicitud pueden dirigirse a Lindsey Williams en lwilliams@holycross.com o al 970-947-5451.\u00a0<\/p>\t\t\t\t\t\t\t\t<\/div>\n\t\t\t\t<\/div>\n\t\t\t\t<div class=\"elementor-element elementor-element-f5c2777 elementor-invisible elementor-widget elementor-widget-heading\" data-id=\"f5c2777\" data-element_type=\"widget\" data-e-type=\"widget\" data-settings=\"{&quot;_animation&quot;:&quot;fadeIn&quot;,&quot;_animation_delay&quot;:200}\" data-widget_type=\"heading.default\">\n\t\t\t\t<div class=\"elementor-widget-container\">\n\t\t\t\t\t<h5 class=\"elementor-heading-title elementor-size-default\">\u00bfQui\u00e9n es elegible para solicitar asistencia?<\/h5>\t\t\t\t<\/div>\n\t\t\t\t<\/div>\n\t\t\t\t<div class=\"elementor-element elementor-element-3cf1746 animated-slow elementor-invisible elementor-widget elementor-widget-text-editor\" data-id=\"3cf1746\" data-element_type=\"widget\" data-e-type=\"widget\" data-settings=\"{&quot;_animation&quot;:&quot;fadeIn&quot;,&quot;_animation_delay&quot;:400}\" data-widget_type=\"text-editor.default\">\n\t\t\t\t<div class=\"elementor-widget-container\">\n\t\t\t\t\t\t\t\t\t<p>Hay fondos disponibles para organizaciones sin fines de lucro y personas necesitadas. Las organizaciones sin fines de lucro deben operar principalmente dentro de los condados de Eagle, Garfield y\/o Pitkin.\u00a0<\/p><p>Los solicitantes individuales deben residir dentro de los mismos tres condados y deben haber vivido en el \u00e1rea durante al menos 90 d\u00edas. Las personas y organizaciones pueden solicitar hasta $1,500 en fondos de asistencia una vez por a\u00f1o calendario.<\/p>\t\t\t\t\t\t\t\t<\/div>\n\t\t\t\t<\/div>\n\t\t\t\t<div class=\"elementor-element elementor-element-1cff343 elementor-invisible elementor-widget elementor-widget-heading\" data-id=\"1cff343\" data-element_type=\"widget\" data-e-type=\"widget\" data-settings=\"{&quot;_animation&quot;:&quot;fadeIn&quot;,&quot;_animation_delay&quot;:200}\" data-widget_type=\"heading.default\">\n\t\t\t\t<div class=\"elementor-widget-container\">\n\t\t\t\t\t<h5 class=\"elementor-heading-title elementor-size-default\">\u00bfQu\u00e9 tipos de solicitudes apoyan? <\/h5>\t\t\t\t<\/div>\n\t\t\t\t<\/div>\n\t\t\t\t<div class=\"elementor-element elementor-element-e5d886f animated-slow elementor-invisible elementor-widget elementor-widget-text-editor\" data-id=\"e5d886f\" data-element_type=\"widget\" data-e-type=\"widget\" data-settings=\"{&quot;_animation&quot;:&quot;fadeIn&quot;,&quot;_animation_delay&quot;:400}\" data-widget_type=\"text-editor.default\">\n\t\t\t\t<div class=\"elementor-widget-container\">\n\t\t\t\t\t\t\t\t\t<p>Se considerar\u00e1n las organizaciones que brinden beneficios comunitarios, como acceso a alimentos saludables, programaci\u00f3n para j\u00f3venes u otras iniciativas que brinden beneficios comunitarios significativos.\u00a0\u00a0<\/p><p>Las personas pueden solicitar financiaci\u00f3n para gastos \u00fanicos de emergencia, por ejemplo, costos de reparaci\u00f3n de veh\u00edculos o reemplazo de electrodom\u00e9sticos.\u00a0<\/p>\t\t\t\t\t\t\t\t<\/div>\n\t\t\t\t<\/div>\n\t\t\t\t\t<\/div>\n\t\t<\/div>\n\t\t\t\t<div class=\"elementor-column elementor-col-50 elementor-top-column elementor-element elementor-element-3b16166\" data-id=\"3b16166\" data-element_type=\"column\" data-e-type=\"column\">\n\t\t\t<div class=\"elementor-widget-wrap elementor-element-populated\">\n\t\t\t\t\t\t<div class=\"elementor-element elementor-element-da26377 elementor-invisible elementor-widget elementor-widget-heading\" data-id=\"da26377\" data-element_type=\"widget\" data-e-type=\"widget\" data-settings=\"{&quot;_animation&quot;:&quot;fadeIn&quot;,&quot;_animation_delay&quot;:200}\" data-widget_type=\"heading.default\">\n\t\t\t\t<div class=\"elementor-widget-container\">\n\t\t\t\t\t<h5 class=\"elementor-heading-title elementor-size-default\">Instrucciones para las solicitudes: <\/h5>\t\t\t\t<\/div>\n\t\t\t\t<\/div>\n\t\t\t\t<div class=\"elementor-element elementor-element-61b62ce animated-slow elementor-invisible elementor-widget elementor-widget-text-editor\" data-id=\"61b62ce\" data-element_type=\"widget\" data-e-type=\"widget\" data-settings=\"{&quot;_animation&quot;:&quot;fadeIn&quot;,&quot;_animation_delay&quot;:400}\" data-widget_type=\"text-editor.default\">\n\t\t\t\t<div class=\"elementor-widget-container\">\n\t\t\t\t\t\t\t\t\t<p>Adem\u00e1s de completar el formulario por completo, aqu\u00ed hay elementos a considerar al completar la solicitud:\u00a0\u00a0<\/p><p>Haga una solicitud espec\u00edfica y explique c\u00f3mo piensa utilizar los fondos. Cualquier informaci\u00f3n adicional que pueda proporcionar en forma de carta adjunta a la solicitud formal es extremadamente \u00fatil para que la junta tome decisiones con respecto a su solicitud.\u00a0\u00a0<\/p><p>Si se solicitan los fondos para comprar un art\u00edculo nuevo o para una reparaci\u00f3n, incluya un presupuesto del trabajo. Es deseable un vendedor o proveedor dentro de los condados de Eagle, Garfield y Pitkin.\u00a0<\/p><p>Enumere otras fuentes de financiaci\u00f3n o asistencia que est\u00e9n disponibles para usted: describa qu\u00e9 fuentes est\u00e1 buscando, los montos solicitados e indique los montos ya otorgados.\u00a0<\/p><p>Las solicitudes familiares o individuales deben demostrar que el dinero recibido ayudar\u00e1 a satisfacer sus necesidades actuales identificadas en la solicitud. Las subvenciones normalmente se financian hasta un m\u00e1ximo de $1.500. Es posible que se requiera responsabilidad por la financiaci\u00f3n aprobada.\u00a0<\/p>\t\t\t\t\t\t\t\t<\/div>\n\t\t\t\t<\/div>\n\t\t\t\t<div class=\"elementor-element elementor-element-3d694d4 elementor-invisible elementor-widget elementor-widget-heading\" data-id=\"3d694d4\" data-element_type=\"widget\" data-e-type=\"widget\" data-settings=\"{&quot;_animation&quot;:&quot;fadeIn&quot;,&quot;_animation_delay&quot;:200}\" data-widget_type=\"heading.default\">\n\t\t\t\t<div class=\"elementor-widget-container\">\n\t\t\t\t\t<h5 class=\"elementor-heading-title elementor-size-default\">\u00bfQu\u00e9 tan r\u00e1pido responder\u00e1 la Junta a mi solicitud? <\/h5>\t\t\t\t<\/div>\n\t\t\t\t<\/div>\n\t\t\t\t<div class=\"elementor-element elementor-element-b1007ec animated-slow elementor-invisible elementor-widget elementor-widget-text-editor\" data-id=\"b1007ec\" data-element_type=\"widget\" data-e-type=\"widget\" data-settings=\"{&quot;_animation&quot;:&quot;fadeIn&quot;,&quot;_animation_delay&quot;:400}\" data-widget_type=\"text-editor.default\">\n\t\t\t\t<div class=\"elementor-widget-container\">\n\t\t\t\t\t\t\t\t\t<p>La Junta de la Fundaci\u00f3n Round-Up generalmente se reunir\u00e1 el tercer martes de cada mes para revisar las solicitudes.&nbsp;<\/p><p>La fecha l\u00edmite para la solicitud es el \u00faltimo d\u00eda del mes anterior a la revisi\u00f3n de la solicitud. Nos comunicaremos con usted ya sea por escrito, por tel\u00e9fono o por correo electr\u00f3nico cuando se tome alguna decisi\u00f3n con respecto a su solicitud.<\/p>\t\t\t\t\t\t\t\t<\/div>\n\t\t\t\t<\/div>\n\t\t\t\t\t<\/div>\n\t\t<\/div>\n\t\t\t\t\t<\/div>\n\t\t<\/section>\n\t\t\t\t<section class=\"elementor-section elementor-top-section elementor-element elementor-element-f043aad elementor-section-boxed elementor-section-height-default elementor-section-height-default parallax_section_no qode_elementor_container_no\" data-id=\"f043aad\" data-element_type=\"section\" data-e-type=\"section\" id=\"application-form\" data-settings=\"{&quot;background_background&quot;:&quot;classic&quot;}\">\n\t\t\t\t\t\t<div class=\"elementor-container elementor-column-gap-default\">\n\t\t\t\t\t<div class=\"elementor-column elementor-col-100 elementor-top-column elementor-element elementor-element-ec95cbf\" data-id=\"ec95cbf\" data-element_type=\"column\" data-e-type=\"column\">\n\t\t\t<div class=\"elementor-widget-wrap elementor-element-populated\">\n\t\t\t\t\t\t<section class=\"elementor-section elementor-inner-section elementor-element elementor-element-905fcc0 animated-slow elementor-section-boxed elementor-section-height-default elementor-section-height-default parallax_section_no qode_elementor_container_no\" data-id=\"905fcc0\" data-element_type=\"section\" data-e-type=\"section\" data-settings=\"{&quot;background_background&quot;:&quot;classic&quot;,&quot;animation&quot;:&quot;none&quot;,&quot;animation_delay&quot;:300}\">\n\t\t\t\t\t\t<div class=\"elementor-container elementor-column-gap-default\">\n\t\t\t\t\t<div class=\"elementor-column elementor-col-100 elementor-inner-column elementor-element elementor-element-9cbd686\" data-id=\"9cbd686\" data-element_type=\"column\" data-e-type=\"column\">\n\t\t\t<div class=\"elementor-widget-wrap elementor-element-populated\">\n\t\t\t\t\t\t<div class=\"elementor-element elementor-element-d812a7d elementor-widget elementor-widget-heading\" data-id=\"d812a7d\" data-element_type=\"widget\" data-e-type=\"widget\" data-widget_type=\"heading.default\">\n\t\t\t\t<div class=\"elementor-widget-container\">\n\t\t\t\t\t<h6 class=\"elementor-heading-title elementor-size-default\">Fundaci\u00f3n de Round Up de Holy Cross Energy<\/h6>\t\t\t\t<\/div>\n\t\t\t\t<\/div>\n\t\t\t\t<div class=\"elementor-element elementor-element-ec2b6ed elementor-widget elementor-widget-heading\" data-id=\"ec2b6ed\" data-element_type=\"widget\" data-e-type=\"widget\" data-widget_type=\"heading.default\">\n\t\t\t\t<div class=\"elementor-widget-container\">\n\t\t\t\t\t<h2 class=\"elementor-heading-title elementor-size-default\">Solicitud individual<\/h2>\t\t\t\t<\/div>\n\t\t\t\t<\/div>\n\t\t\t\t<div class=\"elementor-element elementor-element-67d54d5 elementor-widget elementor-widget-heading\" data-id=\"67d54d5\" data-element_type=\"widget\" data-e-type=\"widget\" data-widget_type=\"heading.default\">\n\t\t\t\t<div class=\"elementor-widget-container\">\n\t\t\t\t\t<p class=\"elementor-heading-title elementor-size-default\">Para comenzar, seleccione su idioma preferido a continuaci\u00f3n.<\/p>\t\t\t\t<\/div>\n\t\t\t\t<\/div>\n\t\t\t\t<div class=\"elementor-element elementor-element-ecb428f elementor-widget elementor-widget-html\" data-id=\"ecb428f\" data-element_type=\"widget\" data-e-type=\"widget\" data-widget_type=\"html.default\">\n\t\t\t\t<div class=\"elementor-widget-container\">\n\t\t\t\t\t<script type=\"text\/javascript\" src=\"https:\/\/hce.formstack.com\/forms\/js.php\/round_up_individual_application_2024\"><\/script><noscript><a href=\"https:\/\/hce.formstack.com\/forms\/round_up_individual_application_2024\" title=\"Formulario en linea\">Formulario en l\u00ednea - Solicitud individual redondeada - 2024<\/a><\/noscript>\t\t\t\t<\/div>\n\t\t\t\t<\/div>\n\t\t\t\t\t<\/div>\n\t\t<\/div>\n\t\t\t\t\t<\/div>\n\t\t<\/section>\n\t\t\t\t\t<\/div>\n\t\t<\/div>\n\t\t\t\t\t<\/div>\n\t\t<\/section>\n\t\t\t\t<\/div>","protected":false},"excerpt":{"rendered":"<p>Solicitud individual para la Fundaci\u00f3n Round-Up Instrucciones de solicitud para la Fundaci\u00f3n Round-Up de Holy Cross Energy Formulario de solicitud La Fundaci\u00f3n Round-Up de Holy Cross Energy se cre\u00f3 con la intenci\u00f3n de brindar una mano amiga a los miembros de la comunidad y a las organizaciones sin fines de lucro que lo necesiten en nuestro territorio de servicio (Eagle, Garfield y Pitkin\u2026<\/p>","protected":false},"author":1,"featured_media":0,"parent":35467,"menu_order":0,"comment_status":"closed","ping_status":"closed","template":"elementor_header_footer","meta":{"_acf_changed":false,"footnotes":""},"class_list":["post-40462","page","type-page","status-publish","hentry"],"acf":[],"yoast_head":"<!-- This site is optimized with the Yoast SEO plugin v27.5 - https:\/\/yoast.com\/product\/yoast-seo-wordpress\/ -->\n<title>RoundUp Individual Application Web Form - Holy Cross Energy<\/title>\n<meta name=\"robots\" content=\"index, follow, max-snippet:-1, max-image-preview:large, max-video-preview:-1\" \/>\n<link rel=\"canonical\" href=\"https:\/\/www.holycross.com\/es\/community\/community-programs\/round-up\/roundup-individual-application-web-form\/\" \/>\n<meta property=\"og:locale\" content=\"es_MX\" \/>\n<meta property=\"og:type\" content=\"article\" \/>\n<meta property=\"og:title\" content=\"RoundUp Individual Application Web Form - Holy Cross Energy\" \/>\n<meta property=\"og:description\" content=\"Round-Up Foundation Individual Application Holy Cross Energy Round-Up Foundation Application Instructions Application Form The Holy Cross Energy Round-Up Foundation was created with the intention of providing a helping hand to community members and non-profit organizations in need across our service territory (Eagle, Garfield and Pitkin...\" \/>\n<meta property=\"og:url\" content=\"https:\/\/www.holycross.com\/es\/community\/community-programs\/round-up\/roundup-individual-application-web-form\/\" \/>\n<meta property=\"og:site_name\" content=\"Holy Cross Energy\" \/>\n<meta property=\"article:modified_time\" content=\"2024-07-11T17:47:34+00:00\" \/>\n<meta name=\"twitter:card\" content=\"summary_large_image\" \/>\n<meta name=\"twitter:label1\" content=\"Tiempo de lectura\" \/>\n\t<meta name=\"twitter:data1\" content=\"2 minutos\" \/>\n<script type=\"application\/ld+json\" class=\"yoast-schema-graph\">{\"@context\":\"https:\\\/\\\/schema.org\",\"@graph\":[{\"@type\":\"WebPage\",\"@id\":\"https:\\\/\\\/www.holycross.com\\\/community\\\/community-programs\\\/round-up\\\/roundup-individual-application-web-form\",\"url\":\"https:\\\/\\\/www.holycross.com\\\/community\\\/community-programs\\\/round-up\\\/roundup-individual-application-web-form\",\"name\":\"RoundUp Individual Application Web Form - Holy Cross Energy\",\"isPartOf\":{\"@id\":\"https:\\\/\\\/www.holycross.com\\\/#website\"},\"datePublished\":\"2023-09-06T00:55:07+00:00\",\"dateModified\":\"2024-07-11T17:47:34+00:00\",\"breadcrumb\":{\"@id\":\"https:\\\/\\\/www.holycross.com\\\/community\\\/community-programs\\\/round-up\\\/roundup-individual-application-web-form#breadcrumb\"},\"inLanguage\":\"es\",\"potentialAction\":[{\"@type\":\"ReadAction\",\"target\":[\"https:\\\/\\\/www.holycross.com\\\/community\\\/community-programs\\\/round-up\\\/roundup-individual-application-web-form\"]}]},{\"@type\":\"BreadcrumbList\",\"@id\":\"https:\\\/\\\/www.holycross.com\\\/community\\\/community-programs\\\/round-up\\\/roundup-individual-application-web-form#breadcrumb\",\"itemListElement\":[{\"@type\":\"ListItem\",\"position\":1,\"name\":\"Home\",\"item\":\"https:\\\/\\\/www.holycross.com\\\/\"},{\"@type\":\"ListItem\",\"position\":2,\"name\":\"COMMUNITY\",\"item\":\"https:\\\/\\\/www.holycross.com\\\/community\"},{\"@type\":\"ListItem\",\"position\":3,\"name\":\"COMMUNITY PROGRAMS\",\"item\":\"https:\\\/\\\/www.holycross.com\\\/community\\\/community-programs\"},{\"@type\":\"ListItem\",\"position\":4,\"name\":\"RoundUp\",\"item\":\"https:\\\/\\\/www.holycross.com\\\/community\\\/community-programs\\\/round-up\"},{\"@type\":\"ListItem\",\"position\":5,\"name\":\"RoundUp Individual Application Web Form\"}]},{\"@type\":\"WebSite\",\"@id\":\"https:\\\/\\\/www.holycross.com\\\/#website\",\"url\":\"https:\\\/\\\/www.holycross.com\\\/\",\"name\":\"Holy Cross Energy\",\"description\":\"\",\"publisher\":{\"@id\":\"https:\\\/\\\/www.holycross.com\\\/#organization\"},\"potentialAction\":[{\"@type\":\"SearchAction\",\"target\":{\"@type\":\"EntryPoint\",\"urlTemplate\":\"https:\\\/\\\/www.holycross.com\\\/?s={search_term_string}\"},\"query-input\":{\"@type\":\"PropertyValueSpecification\",\"valueRequired\":true,\"valueName\":\"search_term_string\"}}],\"inLanguage\":\"es\"},{\"@type\":\"Organization\",\"@id\":\"https:\\\/\\\/www.holycross.com\\\/#organization\",\"name\":\"Holy Cross Energy\",\"url\":\"https:\\\/\\\/www.holycross.com\\\/\",\"logo\":{\"@type\":\"ImageObject\",\"inLanguage\":\"es\",\"@id\":\"https:\\\/\\\/www.holycross.com\\\/#\\\/schema\\\/logo\\\/image\\\/\",\"url\":\"https:\\\/\\\/www.holycross.com\\\/wp-content\\\/uploads\\\/2022\\\/07\\\/HCE-NEW-LOGO-GREEN.png\",\"contentUrl\":\"https:\\\/\\\/www.holycross.com\\\/wp-content\\\/uploads\\\/2022\\\/07\\\/HCE-NEW-LOGO-GREEN.png\",\"width\":288,\"height\":288,\"caption\":\"Holy Cross Energy\"},\"image\":{\"@id\":\"https:\\\/\\\/www.holycross.com\\\/#\\\/schema\\\/logo\\\/image\\\/\"}}]}<\/script>\n<!-- \/ Yoast SEO plugin. -->","yoast_head_json":{"title":"Formulario web de solicitud individual de RoundUp - Holy Cross Energy","robots":{"index":"index","follow":"follow","max-snippet":"max-snippet:-1","max-image-preview":"max-image-preview:large","max-video-preview":"max-video-preview:-1"},"canonical":"https:\/\/www.holycross.com\/es\/community\/community-programs\/round-up\/roundup-individual-application-web-form\/","og_locale":"es_MX","og_type":"article","og_title":"RoundUp Individual Application Web Form - Holy Cross Energy","og_description":"Round-Up Foundation Individual Application Holy Cross Energy Round-Up Foundation Application Instructions Application Form The Holy Cross Energy Round-Up Foundation was created with the intention of providing a helping hand to community members and non-profit organizations in need across our service territory (Eagle, Garfield and Pitkin...","og_url":"https:\/\/www.holycross.com\/es\/community\/community-programs\/round-up\/roundup-individual-application-web-form\/","og_site_name":"Holy Cross Energy","article_modified_time":"2024-07-11T17:47:34+00:00","twitter_card":"summary_large_image","twitter_misc":{"Tiempo de lectura":"2 minutos"},"schema":{"@context":"https:\/\/schema.org","@graph":[{"@type":"WebPage","@id":"https:\/\/www.holycross.com\/community\/community-programs\/round-up\/roundup-individual-application-web-form","url":"https:\/\/www.holycross.com\/community\/community-programs\/round-up\/roundup-individual-application-web-form","name":"Formulario web de solicitud individual de RoundUp - Holy Cross Energy","isPartOf":{"@id":"https:\/\/www.holycross.com\/#website"},"datePublished":"2023-09-06T00:55:07+00:00","dateModified":"2024-07-11T17:47:34+00:00","breadcrumb":{"@id":"https:\/\/www.holycross.com\/community\/community-programs\/round-up\/roundup-individual-application-web-form#breadcrumb"},"inLanguage":"es","potentialAction":[{"@type":"ReadAction","target":["https:\/\/www.holycross.com\/community\/community-programs\/round-up\/roundup-individual-application-web-form"]}]},{"@type":"BreadcrumbList","@id":"https:\/\/www.holycross.com\/community\/community-programs\/round-up\/roundup-individual-application-web-form#breadcrumb","itemListElement":[{"@type":"ListItem","position":1,"name":"Home","item":"https:\/\/www.holycross.com\/"},{"@type":"ListItem","position":2,"name":"COMMUNITY","item":"https:\/\/www.holycross.com\/community"},{"@type":"ListItem","position":3,"name":"COMMUNITY PROGRAMS","item":"https:\/\/www.holycross.com\/community\/community-programs"},{"@type":"ListItem","position":4,"name":"RoundUp","item":"https:\/\/www.holycross.com\/community\/community-programs\/round-up"},{"@type":"ListItem","position":5,"name":"RoundUp Individual Application Web Form"}]},{"@type":"WebSite","@id":"https:\/\/www.holycross.com\/#website","url":"https:\/\/www.holycross.com\/","name":"Holy Cross Energy","description":"","publisher":{"@id":"https:\/\/www.holycross.com\/#organization"},"potentialAction":[{"@type":"SearchAction","target":{"@type":"EntryPoint","urlTemplate":"https:\/\/www.holycross.com\/?s={search_term_string}"},"query-input":{"@type":"PropertyValueSpecification","valueRequired":true,"valueName":"search_term_string"}}],"inLanguage":"es"},{"@type":"Organization","@id":"https:\/\/www.holycross.com\/#organization","name":"Holy Cross Energy","url":"https:\/\/www.holycross.com\/","logo":{"@type":"ImageObject","inLanguage":"es","@id":"https:\/\/www.holycross.com\/#\/schema\/logo\/image\/","url":"https:\/\/www.holycross.com\/wp-content\/uploads\/2022\/07\/HCE-NEW-LOGO-GREEN.png","contentUrl":"https:\/\/www.holycross.com\/wp-content\/uploads\/2022\/07\/HCE-NEW-LOGO-GREEN.png","width":288,"height":288,"caption":"Holy Cross Energy"},"image":{"@id":"https:\/\/www.holycross.com\/#\/schema\/logo\/image\/"}}]}},"_links":{"self":[{"href":"https:\/\/www.holycross.com\/es\/wp-json\/wp\/v2\/pages\/40462","targetHints":{"allow":["GET"]}}],"collection":[{"href":"https:\/\/www.holycross.com\/es\/wp-json\/wp\/v2\/pages"}],"about":[{"href":"https:\/\/www.holycross.com\/es\/wp-json\/wp\/v2\/types\/page"}],"author":[{"embeddable":true,"href":"https:\/\/www.holycross.com\/es\/wp-json\/wp\/v2\/users\/1"}],"replies":[{"embeddable":true,"href":"https:\/\/www.holycross.com\/es\/wp-json\/wp\/v2\/comments?post=40462"}],"version-history":[{"count":35,"href":"https:\/\/www.holycross.com\/es\/wp-json\/wp\/v2\/pages\/40462\/revisions"}],"predecessor-version":[{"id":55704,"href":"https:\/\/www.holycross.com\/es\/wp-json\/wp\/v2\/pages\/40462\/revisions\/55704"}],"up":[{"embeddable":true,"href":"https:\/\/www.holycross.com\/es\/wp-json\/wp\/v2\/pages\/35467"}],"wp:attachment":[{"href":"https:\/\/www.holycross.com\/es\/wp-json\/wp\/v2\/media?parent=40462"}],"curies":[{"name":"wp","href":"https:\/\/api.w.org\/{rel}","templated":true}]}}