{"id":40452,"date":"2023-09-06T00:51:51","date_gmt":"2023-09-06T00:51:51","guid":{"rendered":"https:\/\/holycross.com\/?page_id=40452"},"modified":"2023-09-14T18:43:50","modified_gmt":"2023-09-14T18:43:50","slug":"joint-use-pole-application","status":"publish","type":"page","link":"https:\/\/www.holycross.com\/es\/account-services\/services\/construction-engineering-services\/joint-use-pole-application","title":{"rendered":"Aplicaci\u00f3n de poste de uso conjunto"},"content":{"rendered":"<div data-elementor-type=\"wp-page\" data-elementor-id=\"40452\" class=\"elementor elementor-40452\" data-elementor-post-type=\"page\">\n\t\t\t\t\t\t<section class=\"elementor-section elementor-top-section elementor-element elementor-element-cea2166 elementor-section-items-stretch elementor-section-content-middle elementor-section-height-min-height elementor-section-boxed elementor-section-height-default parallax_section_no qode_elementor_container_no\" data-id=\"cea2166\" data-element_type=\"section\" data-settings=\"{&quot;background_background&quot;:&quot;classic&quot;}\">\n\t\t\t\t\t\t\t<div class=\"elementor-background-overlay\"><\/div>\n\t\t\t\t\t\t\t<div class=\"elementor-container elementor-column-gap-default\">\n\t\t\t\t\t<div class=\"elementor-column elementor-col-50 elementor-top-column elementor-element elementor-element-19aabc6\" data-id=\"19aabc6\" data-element_type=\"column\">\n\t\t\t<div class=\"elementor-widget-wrap elementor-element-populated\">\n\t\t\t\t\t\t\t<\/div>\n\t\t<\/div>\n\t\t\t\t<div class=\"elementor-column elementor-col-50 elementor-top-column elementor-element elementor-element-c159673\" data-id=\"c159673\" data-element_type=\"column\">\n\t\t\t<div class=\"elementor-widget-wrap\">\n\t\t\t\t\t\t\t<\/div>\n\t\t<\/div>\n\t\t\t\t\t<\/div>\n\t\t<\/section>\n\t\t\t\t<section class=\"elementor-section elementor-top-section elementor-element elementor-element-0237d81 animated-slow elementor-section-boxed elementor-section-height-default elementor-section-height-default parallax_section_no qode_elementor_container_no elementor-invisible\" data-id=\"0237d81\" data-element_type=\"section\" data-settings=\"{&quot;background_background&quot;:&quot;classic&quot;,&quot;animation&quot;:&quot;slideInDown&quot;,&quot;animation_delay&quot;:200}\">\n\t\t\t\t\t\t<div class=\"elementor-container elementor-column-gap-default\">\n\t\t\t\t\t<div class=\"elementor-column elementor-col-100 elementor-top-column elementor-element elementor-element-658e108\" data-id=\"658e108\" data-element_type=\"column\">\n\t\t\t<div class=\"elementor-widget-wrap elementor-element-populated\">\n\t\t\t\t\t\t<div class=\"elementor-element elementor-element-c170e83 elementor-widget elementor-widget-text-editor\" data-id=\"c170e83\" data-element_type=\"widget\" data-widget_type=\"text-editor.default\">\n\t\t\t\t<div class=\"elementor-widget-container\">\n\t\t\t\t\t\t\t\t\tDebido a una cantidad inusualmente alta de solicitudes de uso conjunto, estamos experimentando tiempos de respuesta m\u00e1s largos de lo habitual. Su solicitud se agregar\u00e1 a nuestra cola. Nosotros apreciamos su paciencia.\t\t\t\t\t\t\t\t<\/div>\n\t\t\t\t<\/div>\n\t\t\t\t\t<\/div>\n\t\t<\/div>\n\t\t\t\t\t<\/div>\n\t\t<\/section>\n\t\t\t\t<section class=\"elementor-section elementor-top-section elementor-element elementor-element-7df0035 elementor-section-boxed elementor-section-height-default elementor-section-height-default parallax_section_no qode_elementor_container_no\" data-id=\"7df0035\" data-element_type=\"section\" data-settings=\"{&quot;background_background&quot;:&quot;classic&quot;}\">\n\t\t\t\t\t\t<div class=\"elementor-container elementor-column-gap-default\">\n\t\t\t\t\t<div class=\"elementor-column elementor-col-100 elementor-top-column elementor-element elementor-element-04ff304\" data-id=\"04ff304\" data-element_type=\"column\">\n\t\t\t<div class=\"elementor-widget-wrap elementor-element-populated\">\n\t\t\t\t\t\t<div class=\"elementor-element elementor-element-38f9edc animated-slow elementor-invisible elementor-widget elementor-widget-text-editor\" data-id=\"38f9edc\" data-element_type=\"widget\" data-settings=\"{&quot;_animation&quot;:&quot;fadeIn&quot;,&quot;_animation_delay&quot;:300}\" data-widget_type=\"text-editor.default\">\n\t\t\t\t<div class=\"elementor-widget-container\">\n\t\t\t\t\t\t\t\t\tHoly Cross Energy se reserva el derecho de reservar para s\u00ed el primer espacio de comunicaciones disponible en funci\u00f3n de la ubicaci\u00f3n de la solicitud. Holy Cross Energy est\u00e1 planeando una red de comunicaciones y los mapas est\u00e1n disponibles a pedido. Si su red se superpone a la nuestra, comun\u00edquese con nosotros para un posible contrato de arrendamiento.\n\t\t\t\t\t\t\t\t<\/div>\n\t\t\t\t<\/div>\n\t\t\t\t\t<\/div>\n\t\t<\/div>\n\t\t\t\t\t<\/div>\n\t\t<\/section>\n\t\t\t\t<section class=\"elementor-section elementor-top-section elementor-element elementor-element-74b42d6 elementor-section-boxed elementor-section-height-default elementor-section-height-default parallax_section_no qode_elementor_container_no\" data-id=\"74b42d6\" data-element_type=\"section\" data-settings=\"{&quot;background_background&quot;:&quot;classic&quot;}\">\n\t\t\t\t\t\t\t<div class=\"elementor-background-overlay\"><\/div>\n\t\t\t\t\t\t\t<div class=\"elementor-container elementor-column-gap-default\">\n\t\t\t\t\t<div class=\"elementor-column elementor-col-100 elementor-top-column elementor-element elementor-element-7869496\" data-id=\"7869496\" data-element_type=\"column\">\n\t\t\t<div class=\"elementor-widget-wrap elementor-element-populated\">\n\t\t\t\t\t\t<section class=\"elementor-section elementor-inner-section elementor-element elementor-element-ac05bd9 animated-slow elementor-section-boxed elementor-section-height-default elementor-section-height-default parallax_section_no qode_elementor_container_no elementor-invisible\" data-id=\"ac05bd9\" data-element_type=\"section\" data-settings=\"{&quot;background_background&quot;:&quot;classic&quot;,&quot;animation&quot;:&quot;fadeIn&quot;,&quot;animation_delay&quot;:500}\">\n\t\t\t\t\t\t<div class=\"elementor-container elementor-column-gap-wide\">\n\t\t\t\t\t<div class=\"elementor-column elementor-col-100 elementor-inner-column elementor-element elementor-element-8466f03\" data-id=\"8466f03\" data-element_type=\"column\">\n\t\t\t<div class=\"elementor-widget-wrap elementor-element-populated\">\n\t\t\t\t\t\t<div class=\"elementor-element elementor-element-a103f29 elementor-widget elementor-widget-html\" data-id=\"a103f29\" data-element_type=\"widget\" data-widget_type=\"html.default\">\n\t\t\t\t<div class=\"elementor-widget-container\">\n\t\t\t\t\t\t\t<script type=\"text\/javascript\" src=\"https:\/\/www.formstack.com\/forms\/js.php?3036060-fQ3xOW9Ixh\"><\/script>\n\t\t<noscript>\n\t\t\t<a href=\"https:\/\/www.formstack.com\/forms\/?3036060-fQ3xOW9Ixh\" title=\"Formulario en linea\">\n\t\t\t\tFormulario en linea\t\t\t<\/a>\n\t\t<\/noscript>\n\t\t\t\t\t\t<\/div>\n\t\t\t\t<\/div>\n\t\t\t\t\t<\/div>\n\t\t<\/div>\n\t\t\t\t\t<\/div>\n\t\t<\/section>\n\t\t\t\t\t<\/div>\n\t\t<\/div>\n\t\t\t\t\t<\/div>\n\t\t<\/section>\n\t\t\t\t<\/div>","protected":false},"excerpt":{"rendered":"<p>Debido a un n\u00famero inusualmente alto de solicitudes de uso conjunto, estamos experimentando tiempos de respuesta m\u00e1s largos de lo habitual. Su solicitud se a\u00f1adir\u00e1 a nuestra lista de espera. Agradecemos su paciencia. Holy Cross Energy se reserva el derecho de reservar el primer espacio de comunicaci\u00f3n disponible, dependiendo de\u2026<\/p>","protected":false},"author":1,"featured_media":0,"parent":40182,"menu_order":0,"comment_status":"closed","ping_status":"closed","template":"elementor_header_footer","meta":{"_acf_changed":false,"footnotes":""},"class_list":["post-40452","page","type-page","status-publish","hentry"],"acf":[],"yoast_head":"<!-- This site is optimized with the Yoast SEO plugin v22.8 - https:\/\/yoast.com\/wordpress\/plugins\/seo\/ -->\n<title>Joint use pole application - Holy Cross Energy<\/title>\n<meta name=\"robots\" content=\"index, follow, max-snippet:-1, max-image-preview:large, max-video-preview:-1\" \/>\n<link rel=\"canonical\" href=\"https:\/\/www.holycross.com\/es\/account-services\/services\/construction-engineering-services\/joint-use-pole-application\/\" \/>\n<meta property=\"og:locale\" content=\"es_MX\" \/>\n<meta property=\"og:type\" content=\"article\" \/>\n<meta property=\"og:title\" content=\"Joint use pole application - Holy Cross Energy\" \/>\n<meta property=\"og:description\" content=\"Due to an unusually high number of joint use requests, we are experiencing longer than usual turnaround times. Your request will be added to our queue. We appreciate your patience.Holy Cross Energy reserves the right to save the first available communications space for themselves depending...\" \/>\n<meta property=\"og:url\" content=\"https:\/\/www.holycross.com\/es\/account-services\/services\/construction-engineering-services\/joint-use-pole-application\/\" \/>\n<meta property=\"og:site_name\" content=\"Holy Cross Energy\" \/>\n<meta property=\"article:modified_time\" content=\"2023-09-14T18:43:50+00:00\" \/>\n<meta name=\"twitter:card\" content=\"summary_large_image\" \/>\n<script type=\"application\/ld+json\" class=\"yoast-schema-graph\">{\"@context\":\"https:\/\/schema.org\",\"@graph\":[{\"@type\":\"WebPage\",\"@id\":\"https:\/\/www.holycross.com\/account-services\/services\/construction-engineering-services\/joint-use-pole-application\",\"url\":\"https:\/\/www.holycross.com\/account-services\/services\/construction-engineering-services\/joint-use-pole-application\",\"name\":\"Joint use pole application - Holy Cross Energy\",\"isPartOf\":{\"@id\":\"https:\/\/www.holycross.com\/#website\"},\"datePublished\":\"2023-09-06T00:51:51+00:00\",\"dateModified\":\"2023-09-14T18:43:50+00:00\",\"breadcrumb\":{\"@id\":\"https:\/\/www.holycross.com\/account-services\/services\/construction-engineering-services\/joint-use-pole-application#breadcrumb\"},\"inLanguage\":\"es\",\"potentialAction\":[{\"@type\":\"ReadAction\",\"target\":[\"https:\/\/www.holycross.com\/account-services\/services\/construction-engineering-services\/joint-use-pole-application\"]}]},{\"@type\":\"BreadcrumbList\",\"@id\":\"https:\/\/www.holycross.com\/account-services\/services\/construction-engineering-services\/joint-use-pole-application#breadcrumb\",\"itemListElement\":[{\"@type\":\"ListItem\",\"position\":1,\"name\":\"Home\",\"item\":\"https:\/\/www.holycross.com\/\"},{\"@type\":\"ListItem\",\"position\":2,\"name\":\"ACCOUNT SERVICES\",\"item\":\"https:\/\/www.holycross.com\/account-services\"},{\"@type\":\"ListItem\",\"position\":3,\"name\":\"SERVICES\",\"item\":\"https:\/\/www.holycross.com\/account-services\/services\"},{\"@type\":\"ListItem\",\"position\":4,\"name\":\"Construction &#038; engineering services\",\"item\":\"https:\/\/www.holycross.com\/account-services\/services\/construction-engineering-services\"},{\"@type\":\"ListItem\",\"position\":5,\"name\":\"Joint use pole application\"}]},{\"@type\":\"WebSite\",\"@id\":\"https:\/\/www.holycross.com\/#website\",\"url\":\"https:\/\/www.holycross.com\/\",\"name\":\"Holy Cross Energy\",\"description\":\"\",\"publisher\":{\"@id\":\"https:\/\/www.holycross.com\/#organization\"},\"potentialAction\":[{\"@type\":\"SearchAction\",\"target\":{\"@type\":\"EntryPoint\",\"urlTemplate\":\"https:\/\/www.holycross.com\/?s={search_term_string}\"},\"query-input\":\"required name=search_term_string\"}],\"inLanguage\":\"es\"},{\"@type\":\"Organization\",\"@id\":\"https:\/\/www.holycross.com\/#organization\",\"name\":\"Holy Cross Energy\",\"url\":\"https:\/\/www.holycross.com\/\",\"logo\":{\"@type\":\"ImageObject\",\"inLanguage\":\"es\",\"@id\":\"https:\/\/www.holycross.com\/#\/schema\/logo\/image\/\",\"url\":\"https:\/\/www.holycross.com\/wp-content\/uploads\/2022\/07\/HCE-NEW-LOGO-GREEN.png\",\"contentUrl\":\"https:\/\/www.holycross.com\/wp-content\/uploads\/2022\/07\/HCE-NEW-LOGO-GREEN.png\",\"width\":288,\"height\":288,\"caption\":\"Holy Cross Energy\"},\"image\":{\"@id\":\"https:\/\/www.holycross.com\/#\/schema\/logo\/image\/\"}}]}<\/script>\n<!-- \/ Yoast SEO plugin. -->","yoast_head_json":{"title":"Solicitud de poste de uso compartido - Holy Cross Energy","robots":{"index":"index","follow":"follow","max-snippet":"max-snippet:-1","max-image-preview":"max-image-preview:large","max-video-preview":"max-video-preview:-1"},"canonical":"https:\/\/www.holycross.com\/es\/account-services\/services\/construction-engineering-services\/joint-use-pole-application\/","og_locale":"es_MX","og_type":"article","og_title":"Joint use pole application - Holy Cross Energy","og_description":"Due to an unusually high number of joint use requests, we are experiencing longer than usual turnaround times. Your request will be added to our queue. We appreciate your patience.Holy Cross Energy reserves the right to save the first available communications space for themselves depending...","og_url":"https:\/\/www.holycross.com\/es\/account-services\/services\/construction-engineering-services\/joint-use-pole-application\/","og_site_name":"Holy Cross Energy","article_modified_time":"2023-09-14T18:43:50+00:00","twitter_card":"summary_large_image","schema":{"@context":"https:\/\/schema.org","@graph":[{"@type":"WebPage","@id":"https:\/\/www.holycross.com\/account-services\/services\/construction-engineering-services\/joint-use-pole-application","url":"https:\/\/www.holycross.com\/account-services\/services\/construction-engineering-services\/joint-use-pole-application","name":"Solicitud de poste de uso compartido - Holy Cross Energy","isPartOf":{"@id":"https:\/\/www.holycross.com\/#website"},"datePublished":"2023-09-06T00:51:51+00:00","dateModified":"2023-09-14T18:43:50+00:00","breadcrumb":{"@id":"https:\/\/www.holycross.com\/account-services\/services\/construction-engineering-services\/joint-use-pole-application#breadcrumb"},"inLanguage":"es","potentialAction":[{"@type":"ReadAction","target":["https:\/\/www.holycross.com\/account-services\/services\/construction-engineering-services\/joint-use-pole-application"]}]},{"@type":"BreadcrumbList","@id":"https:\/\/www.holycross.com\/account-services\/services\/construction-engineering-services\/joint-use-pole-application#breadcrumb","itemListElement":[{"@type":"ListItem","position":1,"name":"Home","item":"https:\/\/www.holycross.com\/"},{"@type":"ListItem","position":2,"name":"ACCOUNT SERVICES","item":"https:\/\/www.holycross.com\/account-services"},{"@type":"ListItem","position":3,"name":"SERVICES","item":"https:\/\/www.holycross.com\/account-services\/services"},{"@type":"ListItem","position":4,"name":"Construction &#038; engineering services","item":"https:\/\/www.holycross.com\/account-services\/services\/construction-engineering-services"},{"@type":"ListItem","position":5,"name":"Joint use pole application"}]},{"@type":"WebSite","@id":"https:\/\/www.holycross.com\/#website","url":"https:\/\/www.holycross.com\/","name":"Holy Cross Energy","description":"","publisher":{"@id":"https:\/\/www.holycross.com\/#organization"},"potentialAction":[{"@type":"SearchAction","target":{"@type":"EntryPoint","urlTemplate":"https:\/\/www.holycross.com\/?s={search_term_string}"},"query-input":"required name=search_term_string"}],"inLanguage":"es"},{"@type":"Organization","@id":"https:\/\/www.holycross.com\/#organization","name":"Holy Cross Energy","url":"https:\/\/www.holycross.com\/","logo":{"@type":"ImageObject","inLanguage":"es","@id":"https:\/\/www.holycross.com\/#\/schema\/logo\/image\/","url":"https:\/\/www.holycross.com\/wp-content\/uploads\/2022\/07\/HCE-NEW-LOGO-GREEN.png","contentUrl":"https:\/\/www.holycross.com\/wp-content\/uploads\/2022\/07\/HCE-NEW-LOGO-GREEN.png","width":288,"height":288,"caption":"Holy Cross Energy"},"image":{"@id":"https:\/\/www.holycross.com\/#\/schema\/logo\/image\/"}}]}},"_links":{"self":[{"href":"https:\/\/www.holycross.com\/es\/wp-json\/wp\/v2\/pages\/40452","targetHints":{"allow":["GET"]}}],"collection":[{"href":"https:\/\/www.holycross.com\/es\/wp-json\/wp\/v2\/pages"}],"about":[{"href":"https:\/\/www.holycross.com\/es\/wp-json\/wp\/v2\/types\/page"}],"author":[{"embeddable":true,"href":"https:\/\/www.holycross.com\/es\/wp-json\/wp\/v2\/users\/1"}],"replies":[{"embeddable":true,"href":"https:\/\/www.holycross.com\/es\/wp-json\/wp\/v2\/comments?post=40452"}],"version-history":[{"count":41,"href":"https:\/\/www.holycross.com\/es\/wp-json\/wp\/v2\/pages\/40452\/revisions"}],"predecessor-version":[{"id":42901,"href":"https:\/\/www.holycross.com\/es\/wp-json\/wp\/v2\/pages\/40452\/revisions\/42901"}],"up":[{"embeddable":true,"href":"https:\/\/www.holycross.com\/es\/wp-json\/wp\/v2\/pages\/40182"}],"wp:attachment":[{"href":"https:\/\/www.holycross.com\/es\/wp-json\/wp\/v2\/media?parent=40452"}],"curies":[{"name":"wp","href":"https:\/\/api.w.org\/{rel}","templated":true}]}}