{"id":40440,"date":"2023-09-06T00:45:07","date_gmt":"2023-09-06T00:45:07","guid":{"rendered":"https:\/\/holycross.com\/?page_id=40440"},"modified":"2023-09-14T18:40:56","modified_gmt":"2023-09-14T18:40:56","slug":"line-extension","status":"publish","type":"page","link":"https:\/\/www.holycross.com\/es\/about-us\/library\/tariffs-rules-and-regulations\/line-extension","title":{"rendered":"L\u00ednea extensa"},"content":{"rendered":"<div data-elementor-type=\"wp-page\" data-elementor-id=\"40440\" class=\"elementor elementor-40440\" data-elementor-post-type=\"page\">\n\t\t\t\t\t\t<section class=\"elementor-section elementor-top-section elementor-element elementor-element-595ebe0 elementor-section-items-stretch elementor-section-content-middle elementor-section-height-min-height elementor-section-boxed elementor-section-height-default parallax_section_no qode_elementor_container_no\" data-id=\"595ebe0\" data-element_type=\"section\" data-e-type=\"section\" data-settings=\"{&quot;background_background&quot;:&quot;classic&quot;}\">\n\t\t\t\t\t\t\t<div class=\"elementor-background-overlay\"><\/div>\n\t\t\t\t\t\t\t<div class=\"elementor-container elementor-column-gap-default\">\n\t\t\t\t\t<div class=\"elementor-column elementor-col-50 elementor-top-column elementor-element elementor-element-21924ce\" data-id=\"21924ce\" data-element_type=\"column\" data-e-type=\"column\">\n\t\t\t<div class=\"elementor-widget-wrap elementor-element-populated\">\n\t\t\t\t\t\t\t<\/div>\n\t\t<\/div>\n\t\t\t\t<div class=\"elementor-column elementor-col-50 elementor-top-column elementor-element elementor-element-45078bd\" data-id=\"45078bd\" data-element_type=\"column\" data-e-type=\"column\">\n\t\t\t<div class=\"elementor-widget-wrap\">\n\t\t\t\t\t\t\t<\/div>\n\t\t<\/div>\n\t\t\t\t\t<\/div>\n\t\t<\/section>\n\t\t\t\t<section class=\"elementor-section elementor-top-section elementor-element elementor-element-bb5a4ff elementor-section-boxed elementor-section-height-default elementor-section-height-default parallax_section_no qode_elementor_container_no\" data-id=\"bb5a4ff\" data-element_type=\"section\" data-e-type=\"section\">\n\t\t\t\t\t\t<div class=\"elementor-container elementor-column-gap-default\">\n\t\t\t\t\t<div class=\"elementor-column elementor-col-100 elementor-top-column elementor-element elementor-element-58e312a\" data-id=\"58e312a\" data-element_type=\"column\" data-e-type=\"column\">\n\t\t\t<div class=\"elementor-widget-wrap elementor-element-populated\">\n\t\t\t\t\t\t<div class=\"elementor-element elementor-element-c5928df elementor-invisible elementor-widget elementor-widget-heading\" data-id=\"c5928df\" data-element_type=\"widget\" data-e-type=\"widget\" data-settings=\"{&quot;_animation&quot;:&quot;fadeIn&quot;,&quot;_animation_delay&quot;:200}\" data-widget_type=\"heading.default\">\n\t\t\t\t<div class=\"elementor-widget-container\">\n\t\t\t\t\t<h4 class=\"elementor-heading-title elementor-size-default\">Informaci\u00f3n de extensi\u00f3n de l\u00ednea el\u00e9ctrica.<\/h4>\t\t\t\t<\/div>\n\t\t\t\t<\/div>\n\t\t\t\t<div class=\"elementor-element elementor-element-11f1fa7 animated-slow elementor-widget-divider--view-line elementor-invisible elementor-widget elementor-widget-divider\" data-id=\"11f1fa7\" data-element_type=\"widget\" data-e-type=\"widget\" data-settings=\"{&quot;_animation&quot;:&quot;fadeIn&quot;,&quot;_animation_delay&quot;:100}\" data-widget_type=\"divider.default\">\n\t\t\t\t<div class=\"elementor-widget-container\">\n\t\t\t\t\t\t\t<div class=\"elementor-divider\">\n\t\t\t<span class=\"elementor-divider-separator\">\n\t\t\t\t\t\t<\/span>\n\t\t<\/div>\n\t\t\t\t\t\t<\/div>\n\t\t\t\t<\/div>\n\t\t\t\t<div class=\"elementor-element elementor-element-41088c8 animated-slow elementor-invisible elementor-widget elementor-widget-text-editor\" data-id=\"41088c8\" data-element_type=\"widget\" data-e-type=\"widget\" data-settings=\"{&quot;_animation&quot;:&quot;fadeIn&quot;,&quot;_animation_delay&quot;:400}\" data-widget_type=\"text-editor.default\">\n\t\t\t\t<div class=\"elementor-widget-container\">\n\t\t\t\t\t\t\t\t\t<p>Punto de Entrega significa la ubicaci\u00f3n en la que las instalaciones de servicio del consumidor est\u00e1n conectadas a las instalaciones de Holy Cross y Holy Cross puede entregar energ\u00eda el\u00e9ctrica al consumidor. El punto de entrega para el servicio a\u00e9reo es donde los conductores del servicio al consumidor se conectan a la bajada del servicio de Holy Cross y a los conectores secundarios del transformador tipo pedestal para el servicio subterr\u00e1neo, a menos que Holy Cross especifique lo contrario.<\/p><p>Todos los cables y equipos, excepto los medidores y accesorios de Holy Cross, en el lado del consumidor en el punto de entrega deben instalarse y mantenerse a expensas del consumidor. Todos los cables, aparatos y equipos se seleccionar\u00e1n con miras a obtener seguridad, buena eficiencia, buena regulaci\u00f3n de voltaje y el factor de potencia pr\u00e1ctico m\u00e1s alto, y deber\u00e1n cumplir con la Gu\u00eda de uso y medici\u00f3n de instalaciones de servicio al consumidor de Holy Cross, la Pol\u00edtica de interconexi\u00f3n de generadores de Holy Cross y el C\u00f3digo El\u00e9ctrico Nacional de la Junta Nacional de Aseguradores de Incendios y los reglamentos de cualquier autoridad gubernamental que tenga jurisdicci\u00f3n. Ning\u00fan consumidor emplear\u00e1 ni utilizar\u00e1 ning\u00fan equipo, aparato o dispositivo que afecte negativamente el servicio de Holy Cross al consumidor o a otros consumidores. Las cargas m\u00e1ximas a suministrar en circuitos monof\u00e1sicos deber\u00e1n estar de acuerdo con las Normas de Servicio de Santa Cruz. Se instalar\u00e1n dispositivos de control de arranque adecuados para los motores. Todos los consumidores deber\u00e1n disponer sus cargas de manera que haya, en el punto de entrega, un equilibrio de carga el\u00e9ctrica razonable entre las fases de un circuito polif\u00e1sico y entre los dos lados de un circuito monof\u00e1sico de tres hilos.<\/p><p>El consumidor asume toda la responsabilidad del lado del consumidor del punto de entrega por el servicio suministrado o tomado, as\u00ed como por la instalaci\u00f3n el\u00e9ctrica y los aparatos utilizados en conexi\u00f3n con el mismo, e indemnizar\u00e1, salvar\u00e1 y defender\u00e1 a Holy Cross contra todos los reclamos, demandas, costos. o gasto, por p\u00e9rdida, da\u00f1o o lesi\u00f3n a personas o propiedad, de cualquier manera directa o indirectamente relacionada con, o derivada de, la transmisi\u00f3n o uso del servicio el\u00e9ctrico por parte del consumidor, en o en el lado del consumidor del punto de entrega .<\/p>\t\t\t\t\t\t\t\t<\/div>\n\t\t\t\t<\/div>\n\t\t\t\t<div class=\"elementor-element elementor-element-8383854 animated-slow elementor-widget-divider--view-line elementor-invisible elementor-widget elementor-widget-divider\" data-id=\"8383854\" data-element_type=\"widget\" data-e-type=\"widget\" data-settings=\"{&quot;_animation&quot;:&quot;fadeIn&quot;,&quot;_animation_delay&quot;:100}\" data-widget_type=\"divider.default\">\n\t\t\t\t<div class=\"elementor-widget-container\">\n\t\t\t\t\t\t\t<div class=\"elementor-divider\">\n\t\t\t<span class=\"elementor-divider-separator\">\n\t\t\t\t\t\t<\/span>\n\t\t<\/div>\n\t\t\t\t\t\t<\/div>\n\t\t\t\t<\/div>\n\t\t\t\t<div class=\"elementor-element elementor-element-9935b04 animated-slow elementor-invisible elementor-widget elementor-widget-text-editor\" data-id=\"9935b04\" data-element_type=\"widget\" data-e-type=\"widget\" data-settings=\"{&quot;_animation&quot;:&quot;fadeIn&quot;,&quot;_animation_delay&quot;:400}\" data-widget_type=\"text-editor.default\">\n\t\t\t\t<div class=\"elementor-widget-container\">\n\t\t\t\t\t\t\t\t\t<p><a href=\"https:\/\/holycross.com\/wp-content\/uploads\/2022\/03\/HCE-Tariffs-Rules-and-Regulations-3.28.22-1.pdf#page=66%20_blank\" target=\"_blank\" rel=\"noopener\"><strong>Haga clic aqu\u00ed para ver nuestra pol\u00edtica de extensi\u00f3n de l\u00ednea en nuestras Tarifas, Normas y Reglamentos (PDF)<\/strong><\/a><\/p>\t\t\t\t\t\t\t\t<\/div>\n\t\t\t\t<\/div>\n\t\t\t\t\t<\/div>\n\t\t<\/div>\n\t\t\t\t\t<\/div>\n\t\t<\/section>\n\t\t\t\t<\/div>","protected":false},"excerpt":{"rendered":"<p>Informaci\u00f3n sobre la extensi\u00f3n de la l\u00ednea el\u00e9ctrica El punto de entrega es el lugar en el que las instalaciones de servicio del consumidor est\u00e1n conectadas a las instalaciones de Holy Cross y Holy Cross puede entregar energ\u00eda el\u00e9ctrica al consumidor. El punto de entrega del servicio a\u00e9reo es donde el consumidor\u2026<\/p>","protected":false},"author":1,"featured_media":0,"parent":35759,"menu_order":0,"comment_status":"closed","ping_status":"closed","template":"elementor_header_footer","meta":{"_acf_changed":false,"footnotes":""},"class_list":["post-40440","page","type-page","status-publish","hentry"],"acf":[],"yoast_head":"<!-- This site is optimized with the Yoast SEO plugin v27.3 - https:\/\/yoast.com\/product\/yoast-seo-wordpress\/ -->\n<title>Line extension - Holy Cross Energy<\/title>\n<meta name=\"robots\" content=\"index, follow, max-snippet:-1, max-image-preview:large, max-video-preview:-1\" \/>\n<link rel=\"canonical\" href=\"https:\/\/www.holycross.com\/es\/about-us\/library\/tariffs-rules-and-regulations\/line-extension\/\" \/>\n<meta property=\"og:locale\" content=\"es_MX\" \/>\n<meta property=\"og:type\" content=\"article\" \/>\n<meta property=\"og:title\" content=\"Line extension - Holy Cross Energy\" \/>\n<meta property=\"og:description\" content=\"Electric line extension info Point of Delivery means the location at which the consumer\u2019s service facilities are connected to Holy Cross facilities and electric energy can be delivered by Holy Cross to the consumer. The point of delivery for overhead service is where the consumer...\" \/>\n<meta property=\"og:url\" content=\"https:\/\/www.holycross.com\/es\/about-us\/library\/tariffs-rules-and-regulations\/line-extension\/\" \/>\n<meta property=\"og:site_name\" content=\"Holy Cross Energy\" \/>\n<meta property=\"article:modified_time\" content=\"2023-09-14T18:40:56+00:00\" \/>\n<meta name=\"twitter:card\" content=\"summary_large_image\" \/>\n<meta name=\"twitter:label1\" content=\"Tiempo de lectura\" \/>\n\t<meta name=\"twitter:data1\" content=\"2 minutos\" \/>\n<script type=\"application\/ld+json\" class=\"yoast-schema-graph\">{\"@context\":\"https:\\\/\\\/schema.org\",\"@graph\":[{\"@type\":\"WebPage\",\"@id\":\"https:\\\/\\\/www.holycross.com\\\/about-us\\\/library\\\/tariffs-rules-and-regulations\\\/line-extension\",\"url\":\"https:\\\/\\\/www.holycross.com\\\/about-us\\\/library\\\/tariffs-rules-and-regulations\\\/line-extension\",\"name\":\"Line extension - Holy Cross Energy\",\"isPartOf\":{\"@id\":\"https:\\\/\\\/www.holycross.com\\\/#website\"},\"datePublished\":\"2023-09-06T00:45:07+00:00\",\"dateModified\":\"2023-09-14T18:40:56+00:00\",\"breadcrumb\":{\"@id\":\"https:\\\/\\\/www.holycross.com\\\/about-us\\\/library\\\/tariffs-rules-and-regulations\\\/line-extension#breadcrumb\"},\"inLanguage\":\"es\",\"potentialAction\":[{\"@type\":\"ReadAction\",\"target\":[\"https:\\\/\\\/www.holycross.com\\\/about-us\\\/library\\\/tariffs-rules-and-regulations\\\/line-extension\"]}]},{\"@type\":\"BreadcrumbList\",\"@id\":\"https:\\\/\\\/www.holycross.com\\\/about-us\\\/library\\\/tariffs-rules-and-regulations\\\/line-extension#breadcrumb\",\"itemListElement\":[{\"@type\":\"ListItem\",\"position\":1,\"name\":\"Home\",\"item\":\"https:\\\/\\\/www.holycross.com\\\/\"},{\"@type\":\"ListItem\",\"position\":2,\"name\":\"ABOUT US\",\"item\":\"https:\\\/\\\/www.holycross.com\\\/about-us\"},{\"@type\":\"ListItem\",\"position\":3,\"name\":\"LIBRARY\",\"item\":\"https:\\\/\\\/www.holycross.com\\\/about-us\\\/library\"},{\"@type\":\"ListItem\",\"position\":4,\"name\":\"Tariffs, rules and regulations\",\"item\":\"https:\\\/\\\/www.holycross.com\\\/about-us\\\/library\\\/tariffs-rules-and-regulations\"},{\"@type\":\"ListItem\",\"position\":5,\"name\":\"Line extension\"}]},{\"@type\":\"WebSite\",\"@id\":\"https:\\\/\\\/www.holycross.com\\\/#website\",\"url\":\"https:\\\/\\\/www.holycross.com\\\/\",\"name\":\"Holy Cross Energy\",\"description\":\"\",\"publisher\":{\"@id\":\"https:\\\/\\\/www.holycross.com\\\/#organization\"},\"potentialAction\":[{\"@type\":\"SearchAction\",\"target\":{\"@type\":\"EntryPoint\",\"urlTemplate\":\"https:\\\/\\\/www.holycross.com\\\/?s={search_term_string}\"},\"query-input\":{\"@type\":\"PropertyValueSpecification\",\"valueRequired\":true,\"valueName\":\"search_term_string\"}}],\"inLanguage\":\"es\"},{\"@type\":\"Organization\",\"@id\":\"https:\\\/\\\/www.holycross.com\\\/#organization\",\"name\":\"Holy Cross Energy\",\"url\":\"https:\\\/\\\/www.holycross.com\\\/\",\"logo\":{\"@type\":\"ImageObject\",\"inLanguage\":\"es\",\"@id\":\"https:\\\/\\\/www.holycross.com\\\/#\\\/schema\\\/logo\\\/image\\\/\",\"url\":\"https:\\\/\\\/www.holycross.com\\\/wp-content\\\/uploads\\\/2022\\\/07\\\/HCE-NEW-LOGO-GREEN.png\",\"contentUrl\":\"https:\\\/\\\/www.holycross.com\\\/wp-content\\\/uploads\\\/2022\\\/07\\\/HCE-NEW-LOGO-GREEN.png\",\"width\":288,\"height\":288,\"caption\":\"Holy Cross Energy\"},\"image\":{\"@id\":\"https:\\\/\\\/www.holycross.com\\\/#\\\/schema\\\/logo\\\/image\\\/\"}}]}<\/script>\n<!-- \/ Yoast SEO plugin. -->","yoast_head_json":{"title":"Extensi\u00f3n de l\u00ednea - Holy Cross Energy","robots":{"index":"index","follow":"follow","max-snippet":"max-snippet:-1","max-image-preview":"max-image-preview:large","max-video-preview":"max-video-preview:-1"},"canonical":"https:\/\/www.holycross.com\/es\/about-us\/library\/tariffs-rules-and-regulations\/line-extension\/","og_locale":"es_MX","og_type":"article","og_title":"Line extension - Holy Cross Energy","og_description":"Electric line extension info Point of Delivery means the location at which the consumer\u2019s service facilities are connected to Holy Cross facilities and electric energy can be delivered by Holy Cross to the consumer. The point of delivery for overhead service is where the consumer...","og_url":"https:\/\/www.holycross.com\/es\/about-us\/library\/tariffs-rules-and-regulations\/line-extension\/","og_site_name":"Holy Cross Energy","article_modified_time":"2023-09-14T18:40:56+00:00","twitter_card":"summary_large_image","twitter_misc":{"Tiempo de lectura":"2 minutos"},"schema":{"@context":"https:\/\/schema.org","@graph":[{"@type":"WebPage","@id":"https:\/\/www.holycross.com\/about-us\/library\/tariffs-rules-and-regulations\/line-extension","url":"https:\/\/www.holycross.com\/about-us\/library\/tariffs-rules-and-regulations\/line-extension","name":"Extensi\u00f3n de l\u00ednea - Holy Cross Energy","isPartOf":{"@id":"https:\/\/www.holycross.com\/#website"},"datePublished":"2023-09-06T00:45:07+00:00","dateModified":"2023-09-14T18:40:56+00:00","breadcrumb":{"@id":"https:\/\/www.holycross.com\/about-us\/library\/tariffs-rules-and-regulations\/line-extension#breadcrumb"},"inLanguage":"es","potentialAction":[{"@type":"ReadAction","target":["https:\/\/www.holycross.com\/about-us\/library\/tariffs-rules-and-regulations\/line-extension"]}]},{"@type":"BreadcrumbList","@id":"https:\/\/www.holycross.com\/about-us\/library\/tariffs-rules-and-regulations\/line-extension#breadcrumb","itemListElement":[{"@type":"ListItem","position":1,"name":"Home","item":"https:\/\/www.holycross.com\/"},{"@type":"ListItem","position":2,"name":"ABOUT US","item":"https:\/\/www.holycross.com\/about-us"},{"@type":"ListItem","position":3,"name":"LIBRARY","item":"https:\/\/www.holycross.com\/about-us\/library"},{"@type":"ListItem","position":4,"name":"Tariffs, rules and regulations","item":"https:\/\/www.holycross.com\/about-us\/library\/tariffs-rules-and-regulations"},{"@type":"ListItem","position":5,"name":"Line extension"}]},{"@type":"WebSite","@id":"https:\/\/www.holycross.com\/#website","url":"https:\/\/www.holycross.com\/","name":"Holy Cross Energy","description":"","publisher":{"@id":"https:\/\/www.holycross.com\/#organization"},"potentialAction":[{"@type":"SearchAction","target":{"@type":"EntryPoint","urlTemplate":"https:\/\/www.holycross.com\/?s={search_term_string}"},"query-input":{"@type":"PropertyValueSpecification","valueRequired":true,"valueName":"search_term_string"}}],"inLanguage":"es"},{"@type":"Organization","@id":"https:\/\/www.holycross.com\/#organization","name":"Holy Cross Energy","url":"https:\/\/www.holycross.com\/","logo":{"@type":"ImageObject","inLanguage":"es","@id":"https:\/\/www.holycross.com\/#\/schema\/logo\/image\/","url":"https:\/\/www.holycross.com\/wp-content\/uploads\/2022\/07\/HCE-NEW-LOGO-GREEN.png","contentUrl":"https:\/\/www.holycross.com\/wp-content\/uploads\/2022\/07\/HCE-NEW-LOGO-GREEN.png","width":288,"height":288,"caption":"Holy Cross Energy"},"image":{"@id":"https:\/\/www.holycross.com\/#\/schema\/logo\/image\/"}}]}},"_links":{"self":[{"href":"https:\/\/www.holycross.com\/es\/wp-json\/wp\/v2\/pages\/40440","targetHints":{"allow":["GET"]}}],"collection":[{"href":"https:\/\/www.holycross.com\/es\/wp-json\/wp\/v2\/pages"}],"about":[{"href":"https:\/\/www.holycross.com\/es\/wp-json\/wp\/v2\/types\/page"}],"author":[{"embeddable":true,"href":"https:\/\/www.holycross.com\/es\/wp-json\/wp\/v2\/users\/1"}],"replies":[{"embeddable":true,"href":"https:\/\/www.holycross.com\/es\/wp-json\/wp\/v2\/comments?post=40440"}],"version-history":[{"count":14,"href":"https:\/\/www.holycross.com\/es\/wp-json\/wp\/v2\/pages\/40440\/revisions"}],"predecessor-version":[{"id":42898,"href":"https:\/\/www.holycross.com\/es\/wp-json\/wp\/v2\/pages\/40440\/revisions\/42898"}],"up":[{"embeddable":true,"href":"https:\/\/www.holycross.com\/es\/wp-json\/wp\/v2\/pages\/35759"}],"wp:attachment":[{"href":"https:\/\/www.holycross.com\/es\/wp-json\/wp\/v2\/media?parent=40440"}],"curies":[{"name":"wp","href":"https:\/\/api.w.org\/{rel}","templated":true}]}}