{"id":40438,"date":"2023-09-06T00:44:43","date_gmt":"2023-09-06T00:44:43","guid":{"rendered":"https:\/\/holycross.com\/?page_id=40438"},"modified":"2025-05-22T13:09:06","modified_gmt":"2025-05-22T19:09:06","slug":"interconnect-guidelines","status":"publish","type":"page","link":"https:\/\/www.holycross.com\/es\/about-us\/library\/tariffs-rules-and-regulations\/interconnect-guidelines","title":{"rendered":"Directrices de interconexi\u00f3n"},"content":{"rendered":"<div data-elementor-type=\"wp-page\" data-elementor-id=\"40438\" class=\"elementor elementor-40438\" data-elementor-post-type=\"page\">\n\t\t\t\t\t\t<section class=\"elementor-section elementor-top-section elementor-element elementor-element-100e5c3 elementor-section-items-stretch elementor-section-content-middle elementor-section-height-min-height elementor-section-boxed elementor-section-height-default parallax_section_no qode_elementor_container_no\" data-id=\"100e5c3\" data-element_type=\"section\" data-e-type=\"section\" data-settings=\"{&quot;background_background&quot;:&quot;classic&quot;}\">\n\t\t\t\t\t\t\t<div class=\"elementor-background-overlay\"><\/div>\n\t\t\t\t\t\t\t<div class=\"elementor-container elementor-column-gap-default\">\n\t\t\t\t\t<div class=\"elementor-column elementor-col-50 elementor-top-column elementor-element elementor-element-884ce38\" data-id=\"884ce38\" data-element_type=\"column\" data-e-type=\"column\">\n\t\t\t<div class=\"elementor-widget-wrap elementor-element-populated\">\n\t\t\t\t\t\t\t<\/div>\n\t\t<\/div>\n\t\t\t\t<div class=\"elementor-column elementor-col-50 elementor-top-column elementor-element elementor-element-671415f\" data-id=\"671415f\" data-element_type=\"column\" data-e-type=\"column\">\n\t\t\t<div class=\"elementor-widget-wrap\">\n\t\t\t\t\t\t\t<\/div>\n\t\t<\/div>\n\t\t\t\t\t<\/div>\n\t\t<\/section>\n\t\t\t\t<section class=\"elementor-section elementor-top-section elementor-element elementor-element-e4f89f9 elementor-section-boxed elementor-section-height-default elementor-section-height-default parallax_section_no qode_elementor_container_no\" data-id=\"e4f89f9\" data-element_type=\"section\" data-e-type=\"section\" data-settings=\"{&quot;background_background&quot;:&quot;classic&quot;}\">\n\t\t\t\t\t\t\t<div class=\"elementor-background-overlay\"><\/div>\n\t\t\t\t\t\t\t<div class=\"elementor-container elementor-column-gap-default\">\n\t\t\t\t\t<div class=\"elementor-column elementor-col-50 elementor-top-column elementor-element elementor-element-51dbb06\" data-id=\"51dbb06\" data-element_type=\"column\" data-e-type=\"column\">\n\t\t\t<div class=\"elementor-widget-wrap elementor-element-populated\">\n\t\t\t\t\t\t<div class=\"elementor-element elementor-element-a8abbf4 animated-slow elementor-invisible elementor-widget elementor-widget-text-editor\" data-id=\"a8abbf4\" data-element_type=\"widget\" data-e-type=\"widget\" data-settings=\"{&quot;_animation&quot;:&quot;fadeIn&quot;,&quot;_animation_delay&quot;:400}\" data-widget_type=\"text-editor.default\">\n\t\t\t\t<div class=\"elementor-widget-container\">\n\t\t\t\t\t\t\t\t\t<div><div><p><span style=\"background-color: #fdfbfa; color: var( --e-global-color-text ); font-family: var( --e-global-typography-text-font-family ), Sans-serif; letter-spacing: 0px;\">Holy Cross Energy ofrece incentivos a los miembros que instalen generaci\u00f3n renovable calificada en sus hogares o negocios. Los sistemas elegibles incluyen aquellos que utilizan energ\u00eda solar, hidr\u00e1ulica, de biomasa, geot\u00e9rmica o e\u00f3lica para generar electricidad. Permitiremos a los miembros que instalen generadores de hasta 25kW medir netamente la generaci\u00f3n contra el consumo el\u00e9ctrico en el mismo medidor, con una compensaci\u00f3n de carga de hasta 200%.<\/span><\/p><p>La siguiente Pol\u00edtica de interconexi\u00f3n de generadores se aplicar\u00e1 a todos los recursos de generaci\u00f3n, incluidos los recursos de energ\u00eda renovable elegibles que soliciten conexi\u00f3n al Sistema de Energ\u00eda de Holy Cross.<\/p><\/div><\/div>\t\t\t\t\t\t\t\t<\/div>\n\t\t\t\t<\/div>\n\t\t\t\t<div class=\"elementor-element elementor-element-b4b98e0 elementor-align-left elementor-mobile-align-center animated-slow elementor-invisible elementor-widget elementor-widget-button\" data-id=\"b4b98e0\" data-element_type=\"widget\" data-e-type=\"widget\" data-settings=\"{&quot;_animation&quot;:&quot;fadeIn&quot;,&quot;_animation_delay&quot;:800}\" data-widget_type=\"button.default\">\n\t\t\t\t<div class=\"elementor-widget-container\">\n\t\t\t\t\t\t\t\t\t<div class=\"elementor-button-wrapper\">\n\t\t\t\t\t<a class=\"elementor-button elementor-button-link elementor-size-sm\" href=\"https:\/\/www.holycross.com\/generator-interconnect-policy-guidelines-and-procedures\/\">\n\t\t\t\t\t\t<span class=\"elementor-button-content-wrapper\">\n\t\t\t\t\t\t\t\t\t<span class=\"elementor-button-text\">Pautas, pol\u00edticas y procedimientos de interconexi\u00f3n<\/span>\n\t\t\t\t\t<\/span>\n\t\t\t\t\t<\/a>\n\t\t\t\t<\/div>\n\t\t\t\t\t\t\t\t<\/div>\n\t\t\t\t<\/div>\n\t\t\t\t<div class=\"elementor-element elementor-element-94e019f animated-slow elementor-invisible elementor-widget elementor-widget-text-editor\" data-id=\"94e019f\" data-element_type=\"widget\" data-e-type=\"widget\" data-settings=\"{&quot;_animation&quot;:&quot;fadeIn&quot;,&quot;_animation_delay&quot;:400}\" data-widget_type=\"text-editor.default\">\n\t\t\t\t<div class=\"elementor-widget-container\">\n\t\t\t\t\t\t\t\t\t<div><div><p><span style=\"color: var( --e-global-color-text ); font-family: var( --e-global-typography-text-font-family ), Sans-serif; letter-spacing: 0px;\">Cada solicitud de interconexi\u00f3n debe ir acompa\u00f1ada de una tarifa no reembolsable de estudio de interconexi\u00f3n de $100 para sistemas con una capacidad nominal de 12 a 100 kW y de $250 para sistemas con una capacidad nominal superior a 100 kW. El solicitante puede ser responsable de los costos adicionales del estudio seg\u00fan cada caso particular. Revise la informaci\u00f3n en nuestra Pol\u00edtica de interconexi\u00f3n de generadores para obtener informaci\u00f3n adicional.<\/span><\/p><\/div><\/div><p><span style=\"background-color: #fdfbfa;\"><b>Nuevo a partir de 2025:<\/b> Cualquier instalador interesado en instalar un generador detr\u00e1s de su medidor debe completar y enviar una solicitud de interconexi\u00f3n a trav\u00e9s de<\/span><span style=\"color: var( --e-global-color-text ); font-family: var( --e-global-typography-text-font-family ), Sans-serif; letter-spacing: 0px;\">\u00a0<\/span><a style=\"font-family: var( --e-global-typography-text-font-family ), Sans-serif;\" href=\"https:\/\/hceint.powerclerk.com\/MvcProjects\/ProjectList?ProgramId=8QEWBP7C1MH1\" data-uw-rm-brl=\"PR\" data-uw-original-href=\"https:\/\/hceint.powerclerk.com\/MvcProjects\/ProjectList?ProgramId=8QEWBP7C1MH1\" data-wplink-edit=\"true\">PowerClerk<\/a><span style=\"color: var( --e-global-color-text ); font-family: var( --e-global-typography-text-font-family ), Sans-serif; letter-spacing: 0px;\">.\u00a0<\/span><\/p><p><span style=\"color: var( --e-global-color-text ); font-family: var( --e-global-typography-text-font-family ), Sans-serif; letter-spacing: 0px;\">Todos los solicitantes deben crear una <\/span><a style=\"font-family: var( --e-global-typography-text-font-family ), Sans-serif;\" href=\"https:\/\/hceint.powerclerk.com\/MvcProjects\/ProjectList?ProgramId=8QEWBP7C1MH1\" data-uw-rm-brl=\"PR\" data-uw-original-href=\"https:\/\/hceint.powerclerk.com\/MvcProjects\/ProjectList?ProgramId=8QEWBP7C1MH1\">PowerClerk<\/a><span style=\"color: var( --e-global-color-text ); font-family: var( --e-global-typography-text-font-family ), Sans-serif; letter-spacing: 0px;\"> cuenta para solicitar interconexi\u00f3n.\u00a0<\/span><\/p><p><span style=\"color: var( --e-global-color-text ); font-family: var( --e-global-typography-text-font-family ), Sans-serif; letter-spacing: 0px;\">Si tiene alguna pregunta, por favor p\u00f3ngase en contacto con <\/span><a style=\"font-family: var( --e-global-typography-text-font-family ), Sans-serif;\" href=\"mailto:klarouche@holycross.com\">klarouche@holycross.com<\/a><span style=\"color: var( --e-global-color-text ); font-family: var( --e-global-typography-text-font-family ), Sans-serif; letter-spacing: 0px;\">\u00a0o (970) 547-5414.<\/span><\/p>\t\t\t\t\t\t\t\t<\/div>\n\t\t\t\t<\/div>\n\t\t\t\t<div class=\"elementor-element elementor-element-1f00656 elementor-align-left elementor-mobile-align-center animated-slow elementor-invisible elementor-widget elementor-widget-button\" data-id=\"1f00656\" data-element_type=\"widget\" data-e-type=\"widget\" data-settings=\"{&quot;_animation&quot;:&quot;fadeIn&quot;,&quot;_animation_delay&quot;:800}\" data-widget_type=\"button.default\">\n\t\t\t\t<div class=\"elementor-widget-container\">\n\t\t\t\t\t\t\t\t\t<div class=\"elementor-button-wrapper\">\n\t\t\t\t\t<a class=\"elementor-button elementor-button-link elementor-size-sm\" href=\"https:\/\/www.holycross.com\/account-services\/services\/preferred-contractors\/preferred-solar-installers\">\n\t\t\t\t\t\t<span class=\"elementor-button-content-wrapper\">\n\t\t\t\t\t\t\t\t\t<span class=\"elementor-button-text\">Solicitud de interconexi\u00f3n<\/span>\n\t\t\t\t\t<\/span>\n\t\t\t\t\t<\/a>\n\t\t\t\t<\/div>\n\t\t\t\t\t\t\t\t<\/div>\n\t\t\t\t<\/div>\n\t\t\t\t\t<\/div>\n\t\t<\/div>\n\t\t\t\t<div class=\"elementor-column elementor-col-50 elementor-top-column elementor-element elementor-element-f66c959 animated-slow elementor-invisible\" data-id=\"f66c959\" data-element_type=\"column\" data-e-type=\"column\" data-settings=\"{&quot;background_background&quot;:&quot;classic&quot;,&quot;animation&quot;:&quot;fadeIn&quot;,&quot;animation_delay&quot;:500}\">\n\t\t\t<div class=\"elementor-widget-wrap elementor-element-populated\">\n\t\t\t\t\t\t<section class=\"elementor-section elementor-inner-section elementor-element elementor-element-6809154 elementor-section-boxed elementor-section-height-default elementor-section-height-default parallax_section_no qode_elementor_container_no\" data-id=\"6809154\" data-element_type=\"section\" data-e-type=\"section\">\n\t\t\t\t\t\t<div class=\"elementor-container elementor-column-gap-default\">\n\t\t\t\t\t<div class=\"elementor-column elementor-col-100 elementor-inner-column elementor-element elementor-element-471f999 animated-slow elementor-invisible\" data-id=\"471f999\" data-element_type=\"column\" data-e-type=\"column\" data-settings=\"{&quot;background_background&quot;:&quot;classic&quot;,&quot;animation&quot;:&quot;slideInRight&quot;,&quot;animation_delay&quot;:500}\">\n\t\t\t<div class=\"elementor-widget-wrap elementor-element-populated\">\n\t\t\t\t\t\t<div class=\"elementor-element elementor-element-f715c9a elementor-widget elementor-widget-heading\" data-id=\"f715c9a\" data-element_type=\"widget\" data-e-type=\"widget\" data-widget_type=\"heading.default\">\n\t\t\t\t<div class=\"elementor-widget-container\">\n\t\t\t\t\t<h5 class=\"elementor-heading-title elementor-size-default\">Recursos de interconexi\u00f3n<\/h5>\t\t\t\t<\/div>\n\t\t\t\t<\/div>\n\t\t\t\t<div class=\"elementor-element elementor-element-722d578 elementor-widget elementor-widget-text-editor\" data-id=\"722d578\" data-element_type=\"widget\" data-e-type=\"widget\" data-widget_type=\"text-editor.default\">\n\t\t\t\t<div class=\"elementor-widget-container\">\n\t\t\t\t\t\t\t\t\tLas siguientes pautas, aplicaciones, pol\u00edticas y procedimientos se aplican a todos los recursos de generaci\u00f3n, incluidos los recursos de energ\u00eda renovable elegibles que solicitan conexi\u00f3n al sistema Holy Cross Energy.\t\t\t\t\t\t\t\t<\/div>\n\t\t\t\t<\/div>\n\t\t\t\t<div class=\"elementor-element elementor-element-a4ff64b elementor-icon-list--layout-traditional elementor-list-item-link-full_width elementor-widget elementor-widget-icon-list\" data-id=\"a4ff64b\" data-element_type=\"widget\" data-e-type=\"widget\" data-widget_type=\"icon-list.default\">\n\t\t\t\t<div class=\"elementor-widget-container\">\n\t\t\t\t\t\t\t<ul class=\"elementor-icon-list-items\">\n\t\t\t\t\t\t\t<li class=\"elementor-icon-list-item\">\n\t\t\t\t\t\t\t\t\t\t\t<a href=\"https:\/\/www.holycross.com\/wp-content\/uploads\/2025\/04\/HCE-Interconnection-Policy-2020_6.18.pdf\" target=\"_blank\">\n\n\t\t\t\t\t\t\t\t\t\t\t\t<span class=\"elementor-icon-list-icon\">\n\t\t\t\t\t\t\t<i aria-hidden=\"true\" class=\"fas fa-angle-right\"><\/i>\t\t\t\t\t\t<\/span>\n\t\t\t\t\t\t\t\t\t\t<span class=\"elementor-icon-list-text\">Lineamientos, pol\u00edticas y procedimientos de interconexi\u00f3n<\/span>\n\t\t\t\t\t\t\t\t\t\t\t<\/a>\n\t\t\t\t\t\t\t\t\t<\/li>\n\t\t\t\t\t\t\t\t<li class=\"elementor-icon-list-item\">\n\t\t\t\t\t\t\t\t\t\t\t<a href=\"https:\/\/hceint.powerclerk.com\/MvcProjects\/ProjectList?ProgramId=8QEWBP7C1MH1\" target=\"_blank\">\n\n\t\t\t\t\t\t\t\t\t\t\t\t<span class=\"elementor-icon-list-icon\">\n\t\t\t\t\t\t\t<i aria-hidden=\"true\" class=\"fas fa-angle-right\"><\/i>\t\t\t\t\t\t<\/span>\n\t\t\t\t\t\t\t\t\t\t<span class=\"elementor-icon-list-text\">Aplicaci\u00f3n de interconexi\u00f3n: PowerClerk<\/span>\n\t\t\t\t\t\t\t\t\t\t\t<\/a>\n\t\t\t\t\t\t\t\t\t<\/li>\n\t\t\t\t\t\t\t\t<li class=\"elementor-icon-list-item\">\n\t\t\t\t\t\t\t\t\t\t\t<a href=\"https:\/\/www.holycross.com\/wp-content\/uploads\/2022\/06\/Statement-on-Holy-Cross-Energy-Smart-Inverter-Reactive-Requirements-Rev-2022-1.pdf\" target=\"_blank\">\n\n\t\t\t\t\t\t\t\t\t\t\t\t<span class=\"elementor-icon-list-icon\">\n\t\t\t\t\t\t\t<i aria-hidden=\"true\" class=\"fas fa-angle-right\"><\/i>\t\t\t\t\t\t<\/span>\n\t\t\t\t\t\t\t\t\t\t<span class=\"elementor-icon-list-text\">Requisitos reactivos del inversor inteligente<\/span>\n\t\t\t\t\t\t\t\t\t\t\t<\/a>\n\t\t\t\t\t\t\t\t\t<\/li>\n\t\t\t\t\t\t<\/ul>\n\t\t\t\t\t\t<\/div>\n\t\t\t\t<\/div>\n\t\t\t\t\t<\/div>\n\t\t<\/div>\n\t\t\t\t\t<\/div>\n\t\t<\/section>\n\t\t\t\t\t<\/div>\n\t\t<\/div>\n\t\t\t\t\t<\/div>\n\t\t<\/section>\n\t\t\t\t<\/div>","protected":false},"excerpt":{"rendered":"<p>Holy Cross Energy ofrece incentivos a los miembros que instalen generaci\u00f3n renovable calificada en sus hogares o negocios. Los sistemas elegibles incluyen aquellos que utilizan energ\u00eda solar, hidr\u00e1ulica, de biomasa, geot\u00e9rmica o e\u00f3lica para generar electricidad. Permitiremos a los miembros que instalen generadores de hasta 25kW al medidor neto...<\/p>","protected":false},"author":1,"featured_media":0,"parent":35759,"menu_order":0,"comment_status":"closed","ping_status":"closed","template":"elementor_header_footer","meta":{"_acf_changed":false,"footnotes":""},"class_list":["post-40438","page","type-page","status-publish","hentry"],"acf":[],"yoast_head":"<!-- This site is optimized with the Yoast SEO plugin v27.3 - https:\/\/yoast.com\/product\/yoast-seo-wordpress\/ -->\n<title>Interconnect Guidelines - Holy Cross Energy<\/title>\n<meta name=\"robots\" content=\"index, follow, max-snippet:-1, max-image-preview:large, max-video-preview:-1\" \/>\n<link rel=\"canonical\" href=\"https:\/\/www.holycross.com\/es\/about-us\/library\/tariffs-rules-and-regulations\/interconnect-guidelines\/\" \/>\n<meta property=\"og:locale\" content=\"es_MX\" \/>\n<meta property=\"og:type\" content=\"article\" \/>\n<meta property=\"og:title\" content=\"Interconnect Guidelines - Holy Cross Energy\" \/>\n<meta property=\"og:description\" content=\"Holy Cross Energy offers incentives to members who install qualifying renewable generation at their homes or businesses. Eligible systems include those using solar, hydro, biomass, geothermal or wind energy to generate electricity. We will allow members who install generators up to 25kW to net meter...\" \/>\n<meta property=\"og:url\" content=\"https:\/\/www.holycross.com\/es\/about-us\/library\/tariffs-rules-and-regulations\/interconnect-guidelines\/\" \/>\n<meta property=\"og:site_name\" content=\"Holy Cross Energy\" \/>\n<meta property=\"article:modified_time\" content=\"2025-05-22T19:09:06+00:00\" \/>\n<meta name=\"twitter:card\" content=\"summary_large_image\" \/>\n<meta name=\"twitter:label1\" content=\"Tiempo de lectura\" \/>\n\t<meta name=\"twitter:data1\" content=\"2 minutos\" \/>\n<script type=\"application\/ld+json\" class=\"yoast-schema-graph\">{\"@context\":\"https:\\\/\\\/schema.org\",\"@graph\":[{\"@type\":\"WebPage\",\"@id\":\"https:\\\/\\\/www.holycross.com\\\/about-us\\\/library\\\/tariffs-rules-and-regulations\\\/interconnect-guidelines\",\"url\":\"https:\\\/\\\/www.holycross.com\\\/about-us\\\/library\\\/tariffs-rules-and-regulations\\\/interconnect-guidelines\",\"name\":\"Interconnect Guidelines - Holy Cross Energy\",\"isPartOf\":{\"@id\":\"https:\\\/\\\/www.holycross.com\\\/#website\"},\"datePublished\":\"2023-09-06T00:44:43+00:00\",\"dateModified\":\"2025-05-22T19:09:06+00:00\",\"breadcrumb\":{\"@id\":\"https:\\\/\\\/www.holycross.com\\\/about-us\\\/library\\\/tariffs-rules-and-regulations\\\/interconnect-guidelines#breadcrumb\"},\"inLanguage\":\"es\",\"potentialAction\":[{\"@type\":\"ReadAction\",\"target\":[\"https:\\\/\\\/www.holycross.com\\\/about-us\\\/library\\\/tariffs-rules-and-regulations\\\/interconnect-guidelines\"]}]},{\"@type\":\"BreadcrumbList\",\"@id\":\"https:\\\/\\\/www.holycross.com\\\/about-us\\\/library\\\/tariffs-rules-and-regulations\\\/interconnect-guidelines#breadcrumb\",\"itemListElement\":[{\"@type\":\"ListItem\",\"position\":1,\"name\":\"Home\",\"item\":\"https:\\\/\\\/www.holycross.com\\\/\"},{\"@type\":\"ListItem\",\"position\":2,\"name\":\"ABOUT US\",\"item\":\"https:\\\/\\\/www.holycross.com\\\/about-us\"},{\"@type\":\"ListItem\",\"position\":3,\"name\":\"LIBRARY\",\"item\":\"https:\\\/\\\/www.holycross.com\\\/about-us\\\/library\"},{\"@type\":\"ListItem\",\"position\":4,\"name\":\"Tariffs, rules and regulations\",\"item\":\"https:\\\/\\\/www.holycross.com\\\/about-us\\\/library\\\/tariffs-rules-and-regulations\"},{\"@type\":\"ListItem\",\"position\":5,\"name\":\"Interconnect Guidelines\"}]},{\"@type\":\"WebSite\",\"@id\":\"https:\\\/\\\/www.holycross.com\\\/#website\",\"url\":\"https:\\\/\\\/www.holycross.com\\\/\",\"name\":\"Holy Cross Energy\",\"description\":\"\",\"publisher\":{\"@id\":\"https:\\\/\\\/www.holycross.com\\\/#organization\"},\"potentialAction\":[{\"@type\":\"SearchAction\",\"target\":{\"@type\":\"EntryPoint\",\"urlTemplate\":\"https:\\\/\\\/www.holycross.com\\\/?s={search_term_string}\"},\"query-input\":{\"@type\":\"PropertyValueSpecification\",\"valueRequired\":true,\"valueName\":\"search_term_string\"}}],\"inLanguage\":\"es\"},{\"@type\":\"Organization\",\"@id\":\"https:\\\/\\\/www.holycross.com\\\/#organization\",\"name\":\"Holy Cross Energy\",\"url\":\"https:\\\/\\\/www.holycross.com\\\/\",\"logo\":{\"@type\":\"ImageObject\",\"inLanguage\":\"es\",\"@id\":\"https:\\\/\\\/www.holycross.com\\\/#\\\/schema\\\/logo\\\/image\\\/\",\"url\":\"https:\\\/\\\/www.holycross.com\\\/wp-content\\\/uploads\\\/2022\\\/07\\\/HCE-NEW-LOGO-GREEN.png\",\"contentUrl\":\"https:\\\/\\\/www.holycross.com\\\/wp-content\\\/uploads\\\/2022\\\/07\\\/HCE-NEW-LOGO-GREEN.png\",\"width\":288,\"height\":288,\"caption\":\"Holy Cross Energy\"},\"image\":{\"@id\":\"https:\\\/\\\/www.holycross.com\\\/#\\\/schema\\\/logo\\\/image\\\/\"}}]}<\/script>\n<!-- \/ Yoast SEO plugin. -->","yoast_head_json":{"title":"Pautas de interconexi\u00f3n - Holy Cross Energy","robots":{"index":"index","follow":"follow","max-snippet":"max-snippet:-1","max-image-preview":"max-image-preview:large","max-video-preview":"max-video-preview:-1"},"canonical":"https:\/\/www.holycross.com\/es\/about-us\/library\/tariffs-rules-and-regulations\/interconnect-guidelines\/","og_locale":"es_MX","og_type":"article","og_title":"Interconnect Guidelines - Holy Cross Energy","og_description":"Holy Cross Energy offers incentives to members who install qualifying renewable generation at their homes or businesses. Eligible systems include those using solar, hydro, biomass, geothermal or wind energy to generate electricity. We will allow members who install generators up to 25kW to net meter...","og_url":"https:\/\/www.holycross.com\/es\/about-us\/library\/tariffs-rules-and-regulations\/interconnect-guidelines\/","og_site_name":"Holy Cross Energy","article_modified_time":"2025-05-22T19:09:06+00:00","twitter_card":"summary_large_image","twitter_misc":{"Tiempo de lectura":"2 minutos"},"schema":{"@context":"https:\/\/schema.org","@graph":[{"@type":"WebPage","@id":"https:\/\/www.holycross.com\/about-us\/library\/tariffs-rules-and-regulations\/interconnect-guidelines","url":"https:\/\/www.holycross.com\/about-us\/library\/tariffs-rules-and-regulations\/interconnect-guidelines","name":"Pautas de interconexi\u00f3n - Holy Cross Energy","isPartOf":{"@id":"https:\/\/www.holycross.com\/#website"},"datePublished":"2023-09-06T00:44:43+00:00","dateModified":"2025-05-22T19:09:06+00:00","breadcrumb":{"@id":"https:\/\/www.holycross.com\/about-us\/library\/tariffs-rules-and-regulations\/interconnect-guidelines#breadcrumb"},"inLanguage":"es","potentialAction":[{"@type":"ReadAction","target":["https:\/\/www.holycross.com\/about-us\/library\/tariffs-rules-and-regulations\/interconnect-guidelines"]}]},{"@type":"BreadcrumbList","@id":"https:\/\/www.holycross.com\/about-us\/library\/tariffs-rules-and-regulations\/interconnect-guidelines#breadcrumb","itemListElement":[{"@type":"ListItem","position":1,"name":"Home","item":"https:\/\/www.holycross.com\/"},{"@type":"ListItem","position":2,"name":"ABOUT US","item":"https:\/\/www.holycross.com\/about-us"},{"@type":"ListItem","position":3,"name":"LIBRARY","item":"https:\/\/www.holycross.com\/about-us\/library"},{"@type":"ListItem","position":4,"name":"Tariffs, rules and regulations","item":"https:\/\/www.holycross.com\/about-us\/library\/tariffs-rules-and-regulations"},{"@type":"ListItem","position":5,"name":"Interconnect Guidelines"}]},{"@type":"WebSite","@id":"https:\/\/www.holycross.com\/#website","url":"https:\/\/www.holycross.com\/","name":"Holy Cross Energy","description":"","publisher":{"@id":"https:\/\/www.holycross.com\/#organization"},"potentialAction":[{"@type":"SearchAction","target":{"@type":"EntryPoint","urlTemplate":"https:\/\/www.holycross.com\/?s={search_term_string}"},"query-input":{"@type":"PropertyValueSpecification","valueRequired":true,"valueName":"search_term_string"}}],"inLanguage":"es"},{"@type":"Organization","@id":"https:\/\/www.holycross.com\/#organization","name":"Holy Cross Energy","url":"https:\/\/www.holycross.com\/","logo":{"@type":"ImageObject","inLanguage":"es","@id":"https:\/\/www.holycross.com\/#\/schema\/logo\/image\/","url":"https:\/\/www.holycross.com\/wp-content\/uploads\/2022\/07\/HCE-NEW-LOGO-GREEN.png","contentUrl":"https:\/\/www.holycross.com\/wp-content\/uploads\/2022\/07\/HCE-NEW-LOGO-GREEN.png","width":288,"height":288,"caption":"Holy Cross Energy"},"image":{"@id":"https:\/\/www.holycross.com\/#\/schema\/logo\/image\/"}}]}},"_links":{"self":[{"href":"https:\/\/www.holycross.com\/es\/wp-json\/wp\/v2\/pages\/40438","targetHints":{"allow":["GET"]}}],"collection":[{"href":"https:\/\/www.holycross.com\/es\/wp-json\/wp\/v2\/pages"}],"about":[{"href":"https:\/\/www.holycross.com\/es\/wp-json\/wp\/v2\/types\/page"}],"author":[{"embeddable":true,"href":"https:\/\/www.holycross.com\/es\/wp-json\/wp\/v2\/users\/1"}],"replies":[{"embeddable":true,"href":"https:\/\/www.holycross.com\/es\/wp-json\/wp\/v2\/comments?post=40438"}],"version-history":[{"count":55,"href":"https:\/\/www.holycross.com\/es\/wp-json\/wp\/v2\/pages\/40438\/revisions"}],"predecessor-version":[{"id":51806,"href":"https:\/\/www.holycross.com\/es\/wp-json\/wp\/v2\/pages\/40438\/revisions\/51806"}],"up":[{"embeddable":true,"href":"https:\/\/www.holycross.com\/es\/wp-json\/wp\/v2\/pages\/35759"}],"wp:attachment":[{"href":"https:\/\/www.holycross.com\/es\/wp-json\/wp\/v2\/media?parent=40438"}],"curies":[{"name":"wp","href":"https:\/\/api.w.org\/{rel}","templated":true}]}}