{"id":40329,"date":"2023-09-05T23:21:31","date_gmt":"2023-09-05T23:21:31","guid":{"rendered":"https:\/\/holycross.com\/?page_id=40329"},"modified":"2024-05-20T14:29:51","modified_gmt":"2024-05-20T14:29:51","slug":"resources-for-contractors","status":"publish","type":"page","link":"https:\/\/www.holycross.com\/es\/working-with-us\/for-contractors\/resources-for-contractors","title":{"rendered":"Recursos para contratistas"},"content":{"rendered":"<div data-elementor-type=\"wp-page\" data-elementor-id=\"40329\" class=\"elementor elementor-40329\" data-elementor-post-type=\"page\">\n\t\t\t\t\t\t<section class=\"elementor-section elementor-top-section elementor-element elementor-element-b45c32d elementor-section-items-stretch elementor-section-content-middle elementor-section-height-min-height elementor-section-boxed elementor-section-height-default parallax_section_no qode_elementor_container_no\" data-id=\"b45c32d\" data-element_type=\"section\" data-settings=\"{&quot;background_background&quot;:&quot;classic&quot;}\">\n\t\t\t\t\t\t\t<div class=\"elementor-background-overlay\"><\/div>\n\t\t\t\t\t\t\t<div class=\"elementor-container elementor-column-gap-no\">\n\t\t\t\t\t<div class=\"elementor-column elementor-col-100 elementor-top-column elementor-element elementor-element-a99107c\" data-id=\"a99107c\" data-element_type=\"column\">\n\t\t\t<div class=\"elementor-widget-wrap elementor-element-populated\">\n\t\t\t\t\t\t<div class=\"elementor-element elementor-element-5915128 elementor-widget elementor-widget-heading\" data-id=\"5915128\" data-element_type=\"widget\" data-widget_type=\"heading.default\">\n\t\t\t\t<div class=\"elementor-widget-container\">\n\t\t\t\t\t<h2 class=\"elementor-heading-title elementor-size-default\">Recursos para contratistas<\/h2>\t\t\t\t<\/div>\n\t\t\t\t<\/div>\n\t\t\t\t\t<\/div>\n\t\t<\/div>\n\t\t\t\t\t<\/div>\n\t\t<\/section>\n\t\t\t\t<section class=\"elementor-section elementor-top-section elementor-element elementor-element-236e89c elementor-section-boxed elementor-section-height-default elementor-section-height-default parallax_section_no qode_elementor_container_no\" data-id=\"236e89c\" data-element_type=\"section\">\n\t\t\t\t\t\t<div class=\"elementor-container elementor-column-gap-default\">\n\t\t\t\t\t<div class=\"elementor-column elementor-col-100 elementor-top-column elementor-element elementor-element-f1832b1\" data-id=\"f1832b1\" data-element_type=\"column\">\n\t\t\t<div class=\"elementor-widget-wrap elementor-element-populated\">\n\t\t\t\t\t\t<section class=\"elementor-section elementor-inner-section elementor-element elementor-element-2aa255f elementor-section-height-min-height elementor-section-content-space-evenly elementor-section-boxed elementor-section-height-default parallax_section_no qode_elementor_container_no\" data-id=\"2aa255f\" data-element_type=\"section\">\n\t\t\t\t\t\t<div class=\"elementor-container elementor-column-gap-default\">\n\t\t\t\t\t<div class=\"elementor-column elementor-col-25 elementor-inner-column elementor-element elementor-element-8e8fbea clickable\" data-id=\"8e8fbea\" data-element_type=\"column\" data-settings=\"{&quot;background_background&quot;:&quot;classic&quot;}\">\n\t\t\t<div class=\"elementor-widget-wrap elementor-element-populated\">\n\t\t\t\t\t\t<div class=\"elementor-element elementor-element-f442a6a elementor-widget elementor-widget-image\" data-id=\"f442a6a\" data-element_type=\"widget\" data-widget_type=\"image.default\">\n\t\t\t\t<div class=\"elementor-widget-container\">\n\t\t\t\t\t\t\t\t\t\t\t\t\t\t\t\t<a href=\"https:\/\/holycross.com\/go-all-electric\" target=\"_blank\">\n\t\t\t\t\t\t\t<img decoding=\"async\" width=\"100\" height=\"100\" src=\"https:\/\/www.holycross.com\/wp-content\/uploads\/2024\/02\/meter-2-39.svg\" class=\"attachment-full size-full wp-image-45711\" alt=\"\" \/>\t\t\t\t\t\t\t\t<\/a>\n\t\t\t\t\t\t\t\t\t\t\t\t\t\t\t<\/div>\n\t\t\t\t<\/div>\n\t\t\t\t<div class=\"elementor-element elementor-element-b197979 elementor-widget elementor-widget-heading\" data-id=\"b197979\" data-element_type=\"widget\" data-widget_type=\"heading.default\">\n\t\t\t\t<div class=\"elementor-widget-container\">\n\t\t\t\t\t<h5 class=\"elementor-heading-title elementor-size-default\"><a href=\"\/working-with-us\/for-contractors\/metering-specs\">Especificaciones de medici\u00f3n<\/a><\/h5>\t\t\t\t<\/div>\n\t\t\t\t<\/div>\n\t\t\t\t\t<\/div>\n\t\t<\/div>\n\t\t\t\t<div class=\"elementor-column elementor-col-25 elementor-inner-column elementor-element elementor-element-507eb02 clickable\" data-id=\"507eb02\" data-element_type=\"column\" data-settings=\"{&quot;background_background&quot;:&quot;classic&quot;}\">\n\t\t\t<div class=\"elementor-widget-wrap elementor-element-populated\">\n\t\t\t\t\t\t<div class=\"elementor-element elementor-element-6981071 elementor-widget elementor-widget-image\" data-id=\"6981071\" data-element_type=\"widget\" data-widget_type=\"image.default\">\n\t\t\t\t<div class=\"elementor-widget-container\">\n\t\t\t\t\t\t\t\t\t\t\t\t\t\t\t\t<a href=\"https:\/\/holycross.smarthub.coop\/ui\/#\/paynow\" target=\"_blank\">\n\t\t\t\t\t\t\t<img decoding=\"async\" width=\"100\" height=\"100\" src=\"https:\/\/www.holycross.com\/wp-content\/uploads\/2024\/02\/hce-02.svg\" class=\"attachment-full size-full wp-image-45709\" alt=\"\" \/>\t\t\t\t\t\t\t\t<\/a>\n\t\t\t\t\t\t\t\t\t\t\t\t\t\t\t<\/div>\n\t\t\t\t<\/div>\n\t\t\t\t<div class=\"elementor-element elementor-element-aa89cf2 elementor-widget elementor-widget-heading\" data-id=\"aa89cf2\" data-element_type=\"widget\" data-widget_type=\"heading.default\">\n\t\t\t\t<div class=\"elementor-widget-container\">\n\t\t\t\t\t<h5 class=\"elementor-heading-title elementor-size-default\"><a href=\"https:\/\/holycross.com\/account-services\/services\/construction-engineering-services\/load-form\" target=\"_blank\">Cargar formulario<\/a><\/h5>\t\t\t\t<\/div>\n\t\t\t\t<\/div>\n\t\t\t\t\t<\/div>\n\t\t<\/div>\n\t\t\t\t<div class=\"elementor-column elementor-col-25 elementor-inner-column elementor-element elementor-element-bef5c2f clickable\" data-id=\"bef5c2f\" data-element_type=\"column\" data-settings=\"{&quot;background_background&quot;:&quot;classic&quot;}\">\n\t\t\t<div class=\"elementor-widget-wrap elementor-element-populated\">\n\t\t\t\t\t\t<div class=\"elementor-element elementor-element-8571832 elementor-widget elementor-widget-image\" data-id=\"8571832\" data-element_type=\"widget\" data-widget_type=\"image.default\">\n\t\t\t\t<div class=\"elementor-widget-container\">\n\t\t\t\t\t\t\t\t\t\t\t\t\t\t\t\t<a href=\"https:\/\/holycross.com\/bill\" target=\"_blank\">\n\t\t\t\t\t\t\t<img decoding=\"async\" width=\"100\" height=\"100\" src=\"https:\/\/www.holycross.com\/wp-content\/uploads\/2023\/12\/pole-38.svg\" class=\"attachment-full size-full wp-image-45466\" alt=\"\" \/>\t\t\t\t\t\t\t\t<\/a>\n\t\t\t\t\t\t\t\t\t\t\t\t\t\t\t<\/div>\n\t\t\t\t<\/div>\n\t\t\t\t<div class=\"elementor-element elementor-element-80598d7 elementor-widget elementor-widget-heading\" data-id=\"80598d7\" data-element_type=\"widget\" data-widget_type=\"heading.default\">\n\t\t\t\t<div class=\"elementor-widget-container\">\n\t\t\t\t\t<h5 class=\"elementor-heading-title elementor-size-default\"><a href=\"https:\/\/holycross.com\/about-us\/library\/tariffs-rules-and-regulations\/line-extension\" target=\"_blank\">Pol\u00edtica de extensi\u00f3n de l\u00ednea<\/a><\/h5>\t\t\t\t<\/div>\n\t\t\t\t<\/div>\n\t\t\t\t\t<\/div>\n\t\t<\/div>\n\t\t\t\t<div class=\"elementor-column elementor-col-25 elementor-inner-column elementor-element elementor-element-4551108 clickable\" data-id=\"4551108\" data-element_type=\"column\" data-settings=\"{&quot;background_background&quot;:&quot;classic&quot;}\">\n\t\t\t<div class=\"elementor-widget-wrap elementor-element-populated\">\n\t\t\t\t\t\t<div class=\"elementor-element elementor-element-a64e48c elementor-widget elementor-widget-image\" data-id=\"a64e48c\" data-element_type=\"widget\" data-widget_type=\"image.default\">\n\t\t\t\t<div class=\"elementor-widget-container\">\n\t\t\t\t\t\t\t\t\t\t\t\t\t\t\t\t<a href=\"https:\/\/holycross.com\/our-system\/outage-center\/grid-resiliency\">\n\t\t\t\t\t\t\t<img loading=\"lazy\" decoding=\"async\" width=\"100\" height=\"100\" src=\"https:\/\/www.holycross.com\/wp-content\/uploads\/2024\/02\/hce-11.svg\" class=\"attachment-full size-full wp-image-45712\" alt=\"\" \/>\t\t\t\t\t\t\t\t<\/a>\n\t\t\t\t\t\t\t\t\t\t\t\t\t\t\t<\/div>\n\t\t\t\t<\/div>\n\t\t\t\t<div class=\"elementor-element elementor-element-729bb32 elementor-widget elementor-widget-heading\" data-id=\"729bb32\" data-element_type=\"widget\" data-widget_type=\"heading.default\">\n\t\t\t\t<div class=\"elementor-widget-container\">\n\t\t\t\t\t<h5 class=\"elementor-heading-title elementor-size-default\"><a href=\"https:\/\/holycross.com\/our-system\/outage-center\/about-us\/library\/tariffs-rules-and-regulations\/interconnect-guidelines\">Pautas de interconexi\u00f3n<\/a><\/h5>\t\t\t\t<\/div>\n\t\t\t\t<\/div>\n\t\t\t\t\t<\/div>\n\t\t<\/div>\n\t\t\t\t\t<\/div>\n\t\t<\/section>\n\t\t\t\t\t<\/div>\n\t\t<\/div>\n\t\t\t\t\t<\/div>\n\t\t<\/section>\n\t\t\t\t<section class=\"elementor-section elementor-top-section elementor-element elementor-element-efa7b58 elementor-section-boxed elementor-section-height-default elementor-section-height-default parallax_section_no qode_elementor_container_no\" data-id=\"efa7b58\" data-element_type=\"section\">\n\t\t\t\t\t\t<div class=\"elementor-container elementor-column-gap-default\">\n\t\t\t\t\t<div class=\"elementor-column elementor-col-100 elementor-top-column elementor-element elementor-element-df544ae\" data-id=\"df544ae\" data-element_type=\"column\">\n\t\t\t<div class=\"elementor-widget-wrap elementor-element-populated\">\n\t\t\t\t\t\t<section class=\"elementor-section elementor-inner-section elementor-element elementor-element-ada1073 elementor-section-height-min-height elementor-section-content-space-evenly elementor-section-boxed elementor-section-height-default parallax_section_no qode_elementor_container_no\" data-id=\"ada1073\" data-element_type=\"section\">\n\t\t\t\t\t\t<div class=\"elementor-container elementor-column-gap-default\">\n\t\t\t\t\t<div class=\"elementor-column elementor-col-25 elementor-inner-column elementor-element elementor-element-c8b8477 clickable\" data-id=\"c8b8477\" data-element_type=\"column\" data-settings=\"{&quot;background_background&quot;:&quot;classic&quot;}\">\n\t\t\t<div class=\"elementor-widget-wrap elementor-element-populated\">\n\t\t\t\t\t\t<div class=\"elementor-element elementor-element-889fd5d elementor-widget elementor-widget-image\" data-id=\"889fd5d\" data-element_type=\"widget\" data-widget_type=\"image.default\">\n\t\t\t\t<div class=\"elementor-widget-container\">\n\t\t\t\t\t\t\t\t\t\t\t\t\t\t\t\t<a href=\"https:\/\/holycross.com\/go-all-electric\" target=\"_blank\">\n\t\t\t\t\t\t\t<img loading=\"lazy\" decoding=\"async\" width=\"100\" height=\"100\" src=\"https:\/\/www.holycross.com\/wp-content\/uploads\/2023\/11\/100x100-01.svg\" class=\"attachment-full size-full wp-image-44908\" alt=\"\" \/>\t\t\t\t\t\t\t\t<\/a>\n\t\t\t\t\t\t\t\t\t\t\t\t\t\t\t<\/div>\n\t\t\t\t<\/div>\n\t\t\t\t<div class=\"elementor-element elementor-element-f7e87b6 elementor-widget elementor-widget-heading\" data-id=\"f7e87b6\" data-element_type=\"widget\" data-widget_type=\"heading.default\">\n\t\t\t\t<div class=\"elementor-widget-container\">\n\t\t\t\t\t<h5 class=\"elementor-heading-title elementor-size-default\"><a href=\"\/account-services\/services\/service-requests\/consent-to-disclose-utility-member-data\">Consentimiento para divulgar datos de miembros de servicios p\u00fablicos<\/a><\/h5>\t\t\t\t<\/div>\n\t\t\t\t<\/div>\n\t\t\t\t\t<\/div>\n\t\t<\/div>\n\t\t\t\t<div class=\"elementor-column elementor-col-25 elementor-inner-column elementor-element elementor-element-69fcfc2 clickable\" data-id=\"69fcfc2\" data-element_type=\"column\" data-settings=\"{&quot;background_background&quot;:&quot;classic&quot;}\">\n\t\t\t<div class=\"elementor-widget-wrap elementor-element-populated\">\n\t\t\t\t\t\t<div class=\"elementor-element elementor-element-50e7279 elementor-widget elementor-widget-image\" data-id=\"50e7279\" data-element_type=\"widget\" data-widget_type=\"image.default\">\n\t\t\t\t<div class=\"elementor-widget-container\">\n\t\t\t\t\t\t\t\t\t\t\t\t\t\t\t\t<a href=\"https:\/\/holycross.smarthub.coop\/ui\/#\/paynow\" target=\"_blank\">\n\t\t\t\t\t\t\t<img decoding=\"async\" width=\"100\" height=\"100\" src=\"https:\/\/www.holycross.com\/wp-content\/uploads\/2024\/02\/hce-02.svg\" class=\"attachment-full size-full wp-image-45709\" alt=\"\" \/>\t\t\t\t\t\t\t\t<\/a>\n\t\t\t\t\t\t\t\t\t\t\t\t\t\t\t<\/div>\n\t\t\t\t<\/div>\n\t\t\t\t<div class=\"elementor-element elementor-element-995aab4 elementor-widget elementor-widget-heading\" data-id=\"995aab4\" data-element_type=\"widget\" data-widget_type=\"heading.default\">\n\t\t\t\t<div class=\"elementor-widget-container\">\n\t\t\t\t\t<h5 class=\"elementor-heading-title elementor-size-default\"><a href=\"\/blog\/contact-engineering\" target=\"_blank\">Contacto Ingenier\u00eda<\/a><\/h5>\t\t\t\t<\/div>\n\t\t\t\t<\/div>\n\t\t\t\t\t<\/div>\n\t\t<\/div>\n\t\t\t\t<div class=\"elementor-column elementor-col-25 elementor-inner-column elementor-element elementor-element-04cff79 clickable\" data-id=\"04cff79\" data-element_type=\"column\" data-settings=\"{&quot;background_background&quot;:&quot;classic&quot;}\">\n\t\t\t<div class=\"elementor-widget-wrap elementor-element-populated\">\n\t\t\t\t\t\t<div class=\"elementor-element elementor-element-3c121b4 elementor-widget elementor-widget-image\" data-id=\"3c121b4\" data-element_type=\"widget\" data-widget_type=\"image.default\">\n\t\t\t\t<div class=\"elementor-widget-container\">\n\t\t\t\t\t\t\t\t\t\t\t\t\t\t\t\t<a href=\"\/rebates\" target=\"_blank\">\n\t\t\t\t\t\t\t<img loading=\"lazy\" decoding=\"async\" width=\"100\" height=\"100\" src=\"https:\/\/www.holycross.com\/wp-content\/uploads\/2023\/12\/heat-pump-exterior-34.svg\" class=\"attachment-full size-full wp-image-45268\" alt=\"\" \/>\t\t\t\t\t\t\t\t<\/a>\n\t\t\t\t\t\t\t\t\t\t\t\t\t\t\t<\/div>\n\t\t\t\t<\/div>\n\t\t\t\t<div class=\"elementor-element elementor-element-a4c04b3 elementor-widget elementor-widget-heading\" data-id=\"a4c04b3\" data-element_type=\"widget\" data-widget_type=\"heading.default\">\n\t\t\t\t<div class=\"elementor-widget-container\">\n\t\t\t\t\t<h5 class=\"elementor-heading-title elementor-size-default\"><a href=\"\/member-programs\/energy-efficiency-and-rebates\" target=\"_blank\">Reembolsos para miembros<\/a><\/h5>\t\t\t\t<\/div>\n\t\t\t\t<\/div>\n\t\t\t\t\t<\/div>\n\t\t<\/div>\n\t\t\t\t<div class=\"elementor-column elementor-col-25 elementor-inner-column elementor-element elementor-element-3ec6a94 clickable\" data-id=\"3ec6a94\" data-element_type=\"column\" data-settings=\"{&quot;background_background&quot;:&quot;classic&quot;}\">\n\t\t\t<div class=\"elementor-widget-wrap elementor-element-populated\">\n\t\t\t\t\t\t<div class=\"elementor-element elementor-element-d7b8aa9 elementor-widget elementor-widget-image\" data-id=\"d7b8aa9\" data-element_type=\"widget\" data-widget_type=\"image.default\">\n\t\t\t\t<div class=\"elementor-widget-container\">\n\t\t\t\t\t\t\t\t\t\t\t\t\t\t\t\t<a href=\"https:\/\/holycross.com\/our-system\/outage-center\/grid-resiliency\">\n\t\t\t\t\t\t\t<img loading=\"lazy\" decoding=\"async\" width=\"100\" height=\"100\" src=\"https:\/\/www.holycross.com\/wp-content\/uploads\/2023\/12\/hardhat-38.svg\" class=\"attachment-full size-full wp-image-45467\" alt=\"\" \/>\t\t\t\t\t\t\t\t<\/a>\n\t\t\t\t\t\t\t\t\t\t\t\t\t\t\t<\/div>\n\t\t\t\t<\/div>\n\t\t\t\t<div class=\"elementor-element elementor-element-144045f elementor-widget elementor-widget-heading\" data-id=\"144045f\" data-element_type=\"widget\" data-widget_type=\"heading.default\">\n\t\t\t\t<div class=\"elementor-widget-container\">\n\t\t\t\t\t<h5 class=\"elementor-heading-title elementor-size-default\"><a href=\"\/working-with-us\/for-contractors\/become-a-preferred-contractor\">Convi\u00e9rtase en un contratista preferido<\/a><\/h5>\t\t\t\t<\/div>\n\t\t\t\t<\/div>\n\t\t\t\t\t<\/div>\n\t\t<\/div>\n\t\t\t\t\t<\/div>\n\t\t<\/section>\n\t\t\t\t\t<\/div>\n\t\t<\/div>\n\t\t\t\t\t<\/div>\n\t\t<\/section>\n\t\t\t\t<\/div>","protected":false},"excerpt":{"rendered":"<p>Recursos para contratistas Especificaciones de medici\u00f3n Formulario de carga Pol\u00edtica de extensi\u00f3n de l\u00ednea Pautas de interconexi\u00f3n Consentimiento para divulgar datos de miembros de servicios p\u00fablicos Comun\u00edquese con el departamento de ingenier\u00eda Reembolsos para miembros Convi\u00e9rtase en un contratista preferido<\/p>","protected":false},"author":1,"featured_media":0,"parent":35409,"menu_order":0,"comment_status":"closed","ping_status":"closed","template":"elementor_header_footer","meta":{"_acf_changed":false,"footnotes":""},"class_list":["post-40329","page","type-page","status-publish","hentry"],"acf":[],"yoast_head":"<!-- This site is optimized with the Yoast SEO plugin v22.8 - https:\/\/yoast.com\/wordpress\/plugins\/seo\/ -->\n<title>Resources for contractors - Holy Cross Energy<\/title>\n<meta name=\"robots\" content=\"index, follow, max-snippet:-1, max-image-preview:large, max-video-preview:-1\" \/>\n<link rel=\"canonical\" href=\"https:\/\/www.holycross.com\/es\/working-with-us\/for-contractors\/resources-for-contractors\/\" \/>\n<meta property=\"og:locale\" content=\"es_MX\" \/>\n<meta property=\"og:type\" content=\"article\" \/>\n<meta property=\"og:title\" content=\"Resources for contractors - Holy Cross Energy\" \/>\n<meta property=\"og:description\" content=\"Resources for Contractors Metering Specs Load Form Line Extension Policy Interconnection Guidelines Consent to Disclose Utility Member Data Contact Engineering Member Rebates Become a Preferred Contractor\" \/>\n<meta property=\"og:url\" content=\"https:\/\/www.holycross.com\/es\/working-with-us\/for-contractors\/resources-for-contractors\/\" \/>\n<meta property=\"og:site_name\" content=\"Holy Cross Energy\" \/>\n<meta property=\"article:modified_time\" content=\"2024-05-20T14:29:51+00:00\" \/>\n<meta property=\"og:image\" content=\"https:\/\/holycross.com\/wp-content\/uploads\/2024\/02\/meter-2-39.svg\" \/>\n<meta name=\"twitter:card\" content=\"summary_large_image\" \/>\n<meta name=\"twitter:label1\" content=\"Tiempo de lectura\" \/>\n\t<meta name=\"twitter:data1\" content=\"2 minutos\" \/>\n<script type=\"application\/ld+json\" class=\"yoast-schema-graph\">{\"@context\":\"https:\/\/schema.org\",\"@graph\":[{\"@type\":\"WebPage\",\"@id\":\"https:\/\/www.holycross.com\/working-with-us\/for-contractors\/resources-for-contractors\",\"url\":\"https:\/\/www.holycross.com\/working-with-us\/for-contractors\/resources-for-contractors\",\"name\":\"Resources for contractors - Holy Cross Energy\",\"isPartOf\":{\"@id\":\"https:\/\/www.holycross.com\/#website\"},\"primaryImageOfPage\":{\"@id\":\"https:\/\/www.holycross.com\/working-with-us\/for-contractors\/resources-for-contractors#primaryimage\"},\"image\":{\"@id\":\"https:\/\/www.holycross.com\/working-with-us\/for-contractors\/resources-for-contractors#primaryimage\"},\"thumbnailUrl\":\"https:\/\/holycross.com\/wp-content\/uploads\/2024\/02\/meter-2-39.svg\",\"datePublished\":\"2023-09-05T23:21:31+00:00\",\"dateModified\":\"2024-05-20T14:29:51+00:00\",\"breadcrumb\":{\"@id\":\"https:\/\/www.holycross.com\/working-with-us\/for-contractors\/resources-for-contractors#breadcrumb\"},\"inLanguage\":\"es\",\"potentialAction\":[{\"@type\":\"ReadAction\",\"target\":[\"https:\/\/www.holycross.com\/working-with-us\/for-contractors\/resources-for-contractors\"]}]},{\"@type\":\"ImageObject\",\"inLanguage\":\"es\",\"@id\":\"https:\/\/www.holycross.com\/working-with-us\/for-contractors\/resources-for-contractors#primaryimage\",\"url\":\"https:\/\/holycross.com\/wp-content\/uploads\/2024\/02\/meter-2-39.svg\",\"contentUrl\":\"https:\/\/holycross.com\/wp-content\/uploads\/2024\/02\/meter-2-39.svg\"},{\"@type\":\"BreadcrumbList\",\"@id\":\"https:\/\/www.holycross.com\/working-with-us\/for-contractors\/resources-for-contractors#breadcrumb\",\"itemListElement\":[{\"@type\":\"ListItem\",\"position\":1,\"name\":\"Home\",\"item\":\"https:\/\/www.holycross.com\/\"},{\"@type\":\"ListItem\",\"position\":2,\"name\":\"WORKING WITH US\",\"item\":\"https:\/\/www.holycross.com\/working-with-us\"},{\"@type\":\"ListItem\",\"position\":3,\"name\":\"FOR CONTRACTORS\",\"item\":\"https:\/\/www.holycross.com\/working-with-us\/for-contractors\"},{\"@type\":\"ListItem\",\"position\":4,\"name\":\"Resources for contractors\"}]},{\"@type\":\"WebSite\",\"@id\":\"https:\/\/www.holycross.com\/#website\",\"url\":\"https:\/\/www.holycross.com\/\",\"name\":\"Holy Cross Energy\",\"description\":\"\",\"publisher\":{\"@id\":\"https:\/\/www.holycross.com\/#organization\"},\"potentialAction\":[{\"@type\":\"SearchAction\",\"target\":{\"@type\":\"EntryPoint\",\"urlTemplate\":\"https:\/\/www.holycross.com\/?s={search_term_string}\"},\"query-input\":\"required name=search_term_string\"}],\"inLanguage\":\"es\"},{\"@type\":\"Organization\",\"@id\":\"https:\/\/www.holycross.com\/#organization\",\"name\":\"Holy Cross Energy\",\"url\":\"https:\/\/www.holycross.com\/\",\"logo\":{\"@type\":\"ImageObject\",\"inLanguage\":\"es\",\"@id\":\"https:\/\/www.holycross.com\/#\/schema\/logo\/image\/\",\"url\":\"https:\/\/www.holycross.com\/wp-content\/uploads\/2022\/07\/HCE-NEW-LOGO-GREEN.png\",\"contentUrl\":\"https:\/\/www.holycross.com\/wp-content\/uploads\/2022\/07\/HCE-NEW-LOGO-GREEN.png\",\"width\":288,\"height\":288,\"caption\":\"Holy Cross Energy\"},\"image\":{\"@id\":\"https:\/\/www.holycross.com\/#\/schema\/logo\/image\/\"}}]}<\/script>\n<!-- \/ Yoast SEO plugin. -->","yoast_head_json":{"title":"Recursos para contratistas - Holy Cross Energy","robots":{"index":"index","follow":"follow","max-snippet":"max-snippet:-1","max-image-preview":"max-image-preview:large","max-video-preview":"max-video-preview:-1"},"canonical":"https:\/\/www.holycross.com\/es\/working-with-us\/for-contractors\/resources-for-contractors\/","og_locale":"es_MX","og_type":"article","og_title":"Resources for contractors - Holy Cross Energy","og_description":"Resources for Contractors Metering Specs Load Form Line Extension Policy Interconnection Guidelines Consent to Disclose Utility Member Data Contact Engineering Member Rebates Become a Preferred Contractor","og_url":"https:\/\/www.holycross.com\/es\/working-with-us\/for-contractors\/resources-for-contractors\/","og_site_name":"Holy Cross Energy","article_modified_time":"2024-05-20T14:29:51+00:00","og_image":[{"url":"https:\/\/holycross.com\/wp-content\/uploads\/2024\/02\/meter-2-39.svg"}],"twitter_card":"summary_large_image","twitter_misc":{"Tiempo de lectura":"2 minutos"},"schema":{"@context":"https:\/\/schema.org","@graph":[{"@type":"WebPage","@id":"https:\/\/www.holycross.com\/working-with-us\/for-contractors\/resources-for-contractors","url":"https:\/\/www.holycross.com\/working-with-us\/for-contractors\/resources-for-contractors","name":"Recursos para contratistas - Holy Cross Energy","isPartOf":{"@id":"https:\/\/www.holycross.com\/#website"},"primaryImageOfPage":{"@id":"https:\/\/www.holycross.com\/working-with-us\/for-contractors\/resources-for-contractors#primaryimage"},"image":{"@id":"https:\/\/www.holycross.com\/working-with-us\/for-contractors\/resources-for-contractors#primaryimage"},"thumbnailUrl":"https:\/\/holycross.com\/wp-content\/uploads\/2024\/02\/meter-2-39.svg","datePublished":"2023-09-05T23:21:31+00:00","dateModified":"2024-05-20T14:29:51+00:00","breadcrumb":{"@id":"https:\/\/www.holycross.com\/working-with-us\/for-contractors\/resources-for-contractors#breadcrumb"},"inLanguage":"es","potentialAction":[{"@type":"ReadAction","target":["https:\/\/www.holycross.com\/working-with-us\/for-contractors\/resources-for-contractors"]}]},{"@type":"ImageObject","inLanguage":"es","@id":"https:\/\/www.holycross.com\/working-with-us\/for-contractors\/resources-for-contractors#primaryimage","url":"https:\/\/holycross.com\/wp-content\/uploads\/2024\/02\/meter-2-39.svg","contentUrl":"https:\/\/holycross.com\/wp-content\/uploads\/2024\/02\/meter-2-39.svg"},{"@type":"BreadcrumbList","@id":"https:\/\/www.holycross.com\/working-with-us\/for-contractors\/resources-for-contractors#breadcrumb","itemListElement":[{"@type":"ListItem","position":1,"name":"Home","item":"https:\/\/www.holycross.com\/"},{"@type":"ListItem","position":2,"name":"WORKING WITH US","item":"https:\/\/www.holycross.com\/working-with-us"},{"@type":"ListItem","position":3,"name":"FOR CONTRACTORS","item":"https:\/\/www.holycross.com\/working-with-us\/for-contractors"},{"@type":"ListItem","position":4,"name":"Resources for contractors"}]},{"@type":"WebSite","@id":"https:\/\/www.holycross.com\/#website","url":"https:\/\/www.holycross.com\/","name":"Holy Cross Energy","description":"","publisher":{"@id":"https:\/\/www.holycross.com\/#organization"},"potentialAction":[{"@type":"SearchAction","target":{"@type":"EntryPoint","urlTemplate":"https:\/\/www.holycross.com\/?s={search_term_string}"},"query-input":"required name=search_term_string"}],"inLanguage":"es"},{"@type":"Organization","@id":"https:\/\/www.holycross.com\/#organization","name":"Holy Cross Energy","url":"https:\/\/www.holycross.com\/","logo":{"@type":"ImageObject","inLanguage":"es","@id":"https:\/\/www.holycross.com\/#\/schema\/logo\/image\/","url":"https:\/\/www.holycross.com\/wp-content\/uploads\/2022\/07\/HCE-NEW-LOGO-GREEN.png","contentUrl":"https:\/\/www.holycross.com\/wp-content\/uploads\/2022\/07\/HCE-NEW-LOGO-GREEN.png","width":288,"height":288,"caption":"Holy Cross Energy"},"image":{"@id":"https:\/\/www.holycross.com\/#\/schema\/logo\/image\/"}}]}},"_links":{"self":[{"href":"https:\/\/www.holycross.com\/es\/wp-json\/wp\/v2\/pages\/40329","targetHints":{"allow":["GET"]}}],"collection":[{"href":"https:\/\/www.holycross.com\/es\/wp-json\/wp\/v2\/pages"}],"about":[{"href":"https:\/\/www.holycross.com\/es\/wp-json\/wp\/v2\/types\/page"}],"author":[{"embeddable":true,"href":"https:\/\/www.holycross.com\/es\/wp-json\/wp\/v2\/users\/1"}],"replies":[{"embeddable":true,"href":"https:\/\/www.holycross.com\/es\/wp-json\/wp\/v2\/comments?post=40329"}],"version-history":[{"count":23,"href":"https:\/\/www.holycross.com\/es\/wp-json\/wp\/v2\/pages\/40329\/revisions"}],"predecessor-version":[{"id":46261,"href":"https:\/\/www.holycross.com\/es\/wp-json\/wp\/v2\/pages\/40329\/revisions\/46261"}],"up":[{"embeddable":true,"href":"https:\/\/www.holycross.com\/es\/wp-json\/wp\/v2\/pages\/35409"}],"wp:attachment":[{"href":"https:\/\/www.holycross.com\/es\/wp-json\/wp\/v2\/media?parent=40329"}],"curies":[{"name":"wp","href":"https:\/\/api.w.org\/{rel}","templated":true}]}}