{"id":40263,"date":"2023-09-05T21:49:15","date_gmt":"2023-09-05T21:49:15","guid":{"rendered":"https:\/\/holycross.com\/?page_id=40263"},"modified":"2023-09-16T00:22:22","modified_gmt":"2023-09-16T00:22:22","slug":"scam-alerts","status":"publish","type":"page","link":"https:\/\/www.holycross.com\/es\/member-resources\/scam-alerts","title":{"rendered":"Alertas de estafa"},"content":{"rendered":"<div data-elementor-type=\"wp-page\" data-elementor-id=\"40263\" class=\"elementor elementor-40263\" data-elementor-post-type=\"page\">\n\t\t\t\t\t\t<section class=\"elementor-section elementor-top-section elementor-element elementor-element-4e14a22 elementor-section-items-stretch elementor-section-content-middle elementor-section-height-min-height elementor-section-boxed elementor-section-height-default parallax_section_no qode_elementor_container_no\" data-id=\"4e14a22\" data-element_type=\"section\" data-settings=\"{&quot;background_background&quot;:&quot;classic&quot;}\">\n\t\t\t\t\t\t\t<div class=\"elementor-background-overlay\"><\/div>\n\t\t\t\t\t\t\t<div class=\"elementor-container elementor-column-gap-default\">\n\t\t\t\t\t<div class=\"elementor-column elementor-col-100 elementor-top-column elementor-element elementor-element-90699ca\" data-id=\"90699ca\" data-element_type=\"column\">\n\t\t\t<div class=\"elementor-widget-wrap elementor-element-populated\">\n\t\t\t\t\t\t\t<\/div>\n\t\t<\/div>\n\t\t\t\t\t<\/div>\n\t\t<\/section>\n\t\t\t\t<section class=\"elementor-section elementor-top-section elementor-element elementor-element-fff001f elementor-section-boxed elementor-section-height-default elementor-section-height-default parallax_section_no qode_elementor_container_no\" data-id=\"fff001f\" data-element_type=\"section\" data-settings=\"{&quot;background_background&quot;:&quot;classic&quot;}\">\n\t\t\t\t\t\t<div class=\"elementor-container elementor-column-gap-default\">\n\t\t\t\t\t<div class=\"elementor-column elementor-col-100 elementor-top-column elementor-element elementor-element-a36e28f\" data-id=\"a36e28f\" data-element_type=\"column\">\n\t\t\t<div class=\"elementor-widget-wrap elementor-element-populated\">\n\t\t\t\t\t\t<div class=\"elementor-element elementor-element-745ccaa animated-slow elementor-invisible elementor-widget elementor-widget-heading\" data-id=\"745ccaa\" data-element_type=\"widget\" data-settings=\"{&quot;_animation&quot;:&quot;fadeIn&quot;,&quot;_animation_delay&quot;:100}\" data-widget_type=\"heading.default\">\n\t\t\t\t<div class=\"elementor-widget-container\">\n\t\t\t\t\t<h4 class=\"elementor-heading-title elementor-size-default\">No se deje enga\u00f1ar: los estafadores son m\u00e1s astutos que nunca y todos son un objetivo.<\/h4>\t\t\t\t<\/div>\n\t\t\t\t<\/div>\n\t\t\t\t<div class=\"elementor-element elementor-element-80ec3e7 animated-slow elementor-invisible elementor-widget elementor-widget-text-editor\" data-id=\"80ec3e7\" data-element_type=\"widget\" data-settings=\"{&quot;_animation&quot;:&quot;fadeIn&quot;,&quot;_animation_delay&quot;:200}\" data-widget_type=\"text-editor.default\">\n\t\t\t\t<div class=\"elementor-widget-container\">\n\t\t\t\t\t\t\t\t\tLos consumidores est\u00e1n perdiendo m\u00e1s dinero que nunca a causa de estafas: casi $9 mil millones el a\u00f1o pasado. Eso es un duro golpe para nuestras billeteras. Y nadie es inmune. El Better Business Bureau inform\u00f3 que 70% de las personas estafadas tienen menos de 45 a\u00f1os y una gran mayor\u00eda tiene t\u00edtulos universitarios. Desafortunadamente, hacerse pasar por su empresa de servicios p\u00fablicos es una de las muchas formas en que los estafadores pueden manipularlo. Prot\u00e9jase a s\u00ed mismo y a sus finanzas conociendo estas estafas comunes de servicios p\u00fablicos.\t\t\t\t\t\t\t\t<\/div>\n\t\t\t\t<\/div>\n\t\t\t\t<div class=\"elementor-element elementor-element-77fb936 animated-slow elementor-invisible elementor-widget elementor-widget-heading\" data-id=\"77fb936\" data-element_type=\"widget\" data-settings=\"{&quot;_animation&quot;:&quot;fadeIn&quot;,&quot;_animation_delay&quot;:300}\" data-widget_type=\"heading.default\">\n\t\t\t\t<div class=\"elementor-widget-container\">\n\t\t\t\t\t<h5 class=\"elementor-heading-title elementor-size-default\">As\u00ed es como funciona<\/h5>\t\t\t\t<\/div>\n\t\t\t\t<\/div>\n\t\t\t\t<div class=\"elementor-element elementor-element-8d765a5 animated-slow elementor-invisible elementor-widget elementor-widget-text-editor\" data-id=\"8d765a5\" data-element_type=\"widget\" data-settings=\"{&quot;_animation&quot;:&quot;fadeIn&quot;,&quot;_animation_delay&quot;:400}\" data-widget_type=\"text-editor.default\">\n\t\t\t\t<div class=\"elementor-widget-container\">\n\t\t\t\t\t\t\t\t\t<p style=\"font-weight: 400;\"><em>Las t\u00e1cticas de estafa de servicios p\u00fablicos m\u00e1s frecuentes son:<\/em><\/p>\t\t\t\t\t\t\t\t<\/div>\n\t\t\t\t<\/div>\n\t\t\t\t<div class=\"elementor-element elementor-element-0b11aea animated-slow elementor-invisible elementor-widget elementor-widget-text-editor\" data-id=\"0b11aea\" data-element_type=\"widget\" data-settings=\"{&quot;_animation&quot;:&quot;fadeIn&quot;,&quot;_animation_delay&quot;:400}\" data-widget_type=\"text-editor.default\">\n\t\t\t\t<div class=\"elementor-widget-container\">\n\t\t\t\t\t\t\t\t\t<p><strong>Llamada telef\u00f3nica, correo electr\u00f3nico o mensaje de texto falsos<\/strong><\/p><p>Un representante falso le llama, le env\u00eda un correo electr\u00f3nico o le env\u00eda un mensaje de texto, haci\u00e9ndose pasar por su empresa de servicios p\u00fablicos, solicit\u00e1ndole un pago urgente para que pueda conservar el servicio. Exigen el pago inmediato mediante una tarjeta de d\u00e9bito o de regalo prepaga, un giro postal o una transferencia bancaria. Tambi\u00e9n pueden solicitar informaci\u00f3n bancaria y\/o de tarjeta de cr\u00e9dito para \u201cverificar\u201d una cuenta. Puede parecer que la llamada o el mensaje de texto proviene de su compa\u00f1\u00eda de servicios p\u00fablicos, incluso si no es leg\u00edtimo.<\/p><p>Espec\u00edficamente, en nuestra regi\u00f3n de servicio, la llamada parece provenir de Holy Cross Energy o Xcel Energy, que afirma ser la empresa matriz de Holy Cross Energy (HCE). HCE es una cooperativa propiedad de sus miembros. No tiene ninguna empresa matriz. Xcel Energy es una empresa independiente con fines de lucro. No participes en estas llamadas. Son una estafa.<\/p><p>HCE siempre le notificar\u00e1 por escrito sobre pagos vencidos y cualquier interrupci\u00f3n en el servicio debido a falta de pago y le proporcionar\u00e1 m\u00e9todos de pago seguros. Nunca lo amenazaremos, acosaremos ni intimidaremos. Si tiene alguna pregunta sobre su factura, llame a servicios para miembros al 970.945.5491.<\/p>\t\t\t\t\t\t\t\t<\/div>\n\t\t\t\t<\/div>\n\t\t\t\t<div class=\"elementor-element elementor-element-65ea135 animated-slow elementor-invisible elementor-widget elementor-widget-text-editor\" data-id=\"65ea135\" data-element_type=\"widget\" data-settings=\"{&quot;_animation&quot;:&quot;fadeIn&quot;,&quot;_animation_delay&quot;:400}\" data-widget_type=\"text-editor.default\">\n\t\t\t\t<div class=\"elementor-widget-container\">\n\t\t\t\t\t\t\t\t\t<p><strong>Empleos falsos en empleadores leg\u00edtimos<\/strong><\/p><p>Encontrar un buen trabajo puede ser dif\u00edcil. Los estafadores aprovechan la desesperaci\u00f3n. Para enga\u00f1ar a las personas que buscan un trabajo honesto, los estafadores anuncian d\u00f3nde lo hacen verdaderos empleadores y empresas de colocaci\u00f3n laboral. Tambi\u00e9n hacen promesas entusiastas sobre sus posibilidades de empleo. Pr\u00e1cticamente todos te piden que les pagues por sus servicios antes de conseguir un trabajo. Si tienes que pagar, probablemente sea una estafa.<\/p><p>Ser un empleador excepcional de elecci\u00f3n en nuestra regi\u00f3n es parte de nuestra misi\u00f3n. Puedes encontrar trabajos reales con Holy Cross Energy en nuestro<a href=\"https:\/\/holycross.com\/careers-at-hce\"> pagina de carreras<\/a>.<\/p>\t\t\t\t\t\t\t\t<\/div>\n\t\t\t\t<\/div>\n\t\t\t\t<div class=\"elementor-element elementor-element-8be7f0b animated-slow elementor-invisible elementor-widget elementor-widget-text-editor\" data-id=\"8be7f0b\" data-element_type=\"widget\" data-settings=\"{&quot;_animation&quot;:&quot;fadeIn&quot;,&quot;_animation_delay&quot;:400}\" data-widget_type=\"text-editor.default\">\n\t\t\t\t<div class=\"elementor-widget-container\">\n\t\t\t\t\t\t\t\t\t<p><strong>Enga\u00f1o puerta a puerta<\/strong><\/p><p style=\"font-weight: 400;\">Una persona o personas se presentan personalmente en su domicilio o negocio, sin cita previa, haci\u00e9ndose pasar por su empresa de servicios p\u00fablicos. Dicen que hay un problema o peligro y le piden que le inspeccione el cableado el\u00e9ctrico, las l\u00edneas de gas, la caldera, etc. Puede parecer que llevan uniformes oficiales o insignias que parecen oficiales. Una vez dentro de tu casa roban todos los objetos de valor que pueden. O ofrecen (falsos) precios con descuento para productos o servicios relacionados con sus servicios p\u00fablicos.<\/p><p style=\"font-weight: 400;\">HCE le notificar\u00e1 con anticipaci\u00f3n si los miembros de nuestra tripulaci\u00f3n necesitan acceder a su propiedad u hogar. Si alguien aparece inesperadamente afirmando que necesita acceso a su casa, ll\u00e1menos directamente para confirmar y verificar sus credenciales antes de permitirle ingresar a su casa.<\/p>\t\t\t\t\t\t\t\t<\/div>\n\t\t\t\t<\/div>\n\t\t\t\t<div class=\"elementor-element elementor-element-c4e6a9f animated-slow elementor-invisible elementor-widget elementor-widget-text-editor\" data-id=\"c4e6a9f\" data-element_type=\"widget\" data-settings=\"{&quot;_animation&quot;:&quot;fadeIn&quot;,&quot;_animation_delay&quot;:400}\" data-widget_type=\"text-editor.default\">\n\t\t\t\t<div class=\"elementor-widget-container\">\n\t\t\t\t\t\t\t\t\t<p><strong>Estafas de reembolso<\/strong><\/p><p>Es posible que reciba una llamada telef\u00f3nica o un correo electr\u00f3nico inform\u00e1ndole que pag\u00f3 de m\u00e1s una factura de servicios p\u00fablicos y ofreci\u00e9ndose a ayudarlo a obtener un reembolso. Al ofrecerle &quot;ayudarle&quot; a reclamar su reembolso, ellos mismos se sirven de su informaci\u00f3n personal y financiera. No se lo des.<span class=\"Apple-converted-space\">\u00a0<\/span><\/p>\t\t\t\t\t\t\t\t<\/div>\n\t\t\t\t<\/div>\n\t\t\t\t<div class=\"elementor-element elementor-element-9507ecf animated-slow elementor-invisible elementor-widget elementor-widget-text-editor\" data-id=\"9507ecf\" data-element_type=\"widget\" data-settings=\"{&quot;_animation&quot;:&quot;fadeIn&quot;,&quot;_animation_delay&quot;:400}\" data-widget_type=\"text-editor.default\">\n\t\t\t\t<div class=\"elementor-widget-container\">\n\t\t\t\t\t\t\t\t\t<p><strong>El robo de identidad<\/strong><\/p><p>Al igual que otras estafas de phishing que involucran cuentas bancarias o tarjetas de cr\u00e9dito, esta estafa implica un correo electr\u00f3nico no solicitado que afirma alg\u00fan problema con su factura de servicios p\u00fablicos y lo dirige a otro sitio web para revisar el problema. En ese sitio web, que probablemente parece un sitio web de servicios p\u00fablicos leg\u00edtimo, se le solicita que proporcione informaci\u00f3n personal y financiera. Una vez que los estafadores obtienen su informaci\u00f3n personal y financiera, pueden usarla ilimitadamente, incluso solicitar servicios telef\u00f3nicos o de servicios p\u00fablicos a su nombre (pero no en su direcci\u00f3n). Utilizan el servicio; est\u00e1s atrapado con la factura.<\/p>\t\t\t\t\t\t\t\t<\/div>\n\t\t\t\t<\/div>\n\t\t\t\t<div class=\"elementor-element elementor-element-99d0f74 animated-slow elementor-invisible elementor-widget elementor-widget-text-editor\" data-id=\"99d0f74\" data-element_type=\"widget\" data-settings=\"{&quot;_animation&quot;:&quot;fadeIn&quot;,&quot;_animation_delay&quot;:400}\" data-widget_type=\"text-editor.default\">\n\t\t\t\t<div class=\"elementor-widget-container\">\n\t\t\t\t\t\t\t\t\t<p><strong>Programas federales de \u201casistencia\u201d<\/strong><\/p><p>Alguien le llama o le env\u00eda un correo electr\u00f3nico sugiri\u00e9ndole que podr\u00eda ser elegible para recibir ayuda con las facturas de energ\u00eda de su hogar a trav\u00e9s de alg\u00fan vago programa del gobierno federal. Intentar\u00e1n recopilar informaci\u00f3n personal y financiera para ver si califica. Luego utilizan su informaci\u00f3n personal para obtener beneficios econ\u00f3micos.<\/p>\t\t\t\t\t\t\t\t<\/div>\n\t\t\t\t<\/div>\n\t\t\t\t<div class=\"elementor-element elementor-element-1d01c27 animated-slow elementor-invisible elementor-widget elementor-widget-text-editor\" data-id=\"1d01c27\" data-element_type=\"widget\" data-settings=\"{&quot;_animation&quot;:&quot;fadeIn&quot;,&quot;_animation_delay&quot;:400}\" data-widget_type=\"text-editor.default\">\n\t\t\t\t<div class=\"elementor-widget-container\">\n\t\t\t\t\t\t\t\t\t<p>Si necesita ayuda para pagar su factura, utilice nuestras opciones seguras y leg\u00edtimas en <a href=\"https:\/\/holycross.com\/account-services\/billing-payment\/payment-assistance\">Asistencia de pago<\/a>o llame a servicios para miembros al 970.945.5491 para analizar las opciones.<\/p>\t\t\t\t\t\t\t\t<\/div>\n\t\t\t\t<\/div>\n\t\t\t\t<div class=\"elementor-element elementor-element-462d06c elementor-widget-divider--view-line elementor-invisible elementor-widget elementor-widget-divider\" data-id=\"462d06c\" data-element_type=\"widget\" data-settings=\"{&quot;_animation&quot;:&quot;fadeIn&quot;,&quot;_animation_delay&quot;:300}\" data-widget_type=\"divider.default\">\n\t\t\t\t<div class=\"elementor-widget-container\">\n\t\t\t\t\t\t\t<div class=\"elementor-divider\">\n\t\t\t<span class=\"elementor-divider-separator\">\n\t\t\t\t\t\t<\/span>\n\t\t<\/div>\n\t\t\t\t\t\t<\/div>\n\t\t\t\t<\/div>\n\t\t\t\t<div class=\"elementor-element elementor-element-b4717ad animated-slow elementor-invisible elementor-widget elementor-widget-heading\" data-id=\"b4717ad\" data-element_type=\"widget\" data-settings=\"{&quot;_animation&quot;:&quot;fadeIn&quot;,&quot;_animation_delay&quot;:300}\" data-widget_type=\"heading.default\">\n\t\t\t\t<div class=\"elementor-widget-container\">\n\t\t\t\t\t<h5 class=\"elementor-heading-title elementor-size-default\">Lo que puedes hacer<\/h5>\t\t\t\t<\/div>\n\t\t\t\t<\/div>\n\t\t\t\t<div class=\"elementor-element elementor-element-7ccc7fa animated-slow elementor-invisible elementor-widget elementor-widget-text-editor\" data-id=\"7ccc7fa\" data-element_type=\"widget\" data-settings=\"{&quot;_animation&quot;:&quot;fadeIn&quot;,&quot;_animation_delay&quot;:400}\" data-widget_type=\"text-editor.default\">\n\t\t\t\t<div class=\"elementor-widget-container\">\n\t\t\t\t\t\t\t\t\t<ul><li>Est\u00e9 atento a las se\u00f1ales de alerta y estafas conocidas como las mencionadas anteriormente.<\/li><li>Aviso de urgencia. Las amenazas de cortar el servicio inmediatamente o los intentos de intimidarlo o apresurarlo a tomar medidas son se\u00f1ales clave de que se trata de una estafa.<\/li><li>No revele ni confirme su informaci\u00f3n financiera o personal, incluidas contrase\u00f1as o n\u00fameros de cuenta, a nadie que llame.<\/li><li>Sospeche de solicitudes de pago inusuales, incluida la solicitud de pago de una manera no convencional, como una tarjeta de d\u00e9bito o de regalo prepaga, o mediante un m\u00e9todo de pago convencional, como una tarjeta de cr\u00e9dito o un cheque, pero a trav\u00e9s de una tarjeta de d\u00e9bito o de regalo prepaga, o la solicitud de un giro postal o transferencia bancaria.<\/li><li>Nunca le pague a alguien que llama de la nada, incluso si el nombre o n\u00famero en el identificador de llamadas parece leg\u00edtimo.<\/li><li>No transfieras dinero ni env\u00edes dinero usando una tarjeta recargable.<\/li><li>Informe actividades sospechosas a su estaci\u00f3n de polic\u00eda local, a nuestros servicios para miembros a trav\u00e9s de <a href=\"tel: 970-945-5491\">970.945.5491<\/a> o <a href=\"mailto:membercare@holycross.com\">membercare@holycross.com<\/a>, y el<a href=\"https:\/\/consumercomplaints.fcc.gov\/hc\/en-us\/requests\/new?ticket_form_id=39744#_blank\" target=\"_blank\" rel=\"noopener\"> Comisi\u00f3n Federal de Comunicaciones<\/a>.<\/li><\/ul>\t\t\t\t\t\t\t\t<\/div>\n\t\t\t\t<\/div>\n\t\t\t\t\t<\/div>\n\t\t<\/div>\n\t\t\t\t\t<\/div>\n\t\t<\/section>\n\t\t\t\t<\/div>","protected":false},"excerpt":{"rendered":"<p>No se deje enga\u00f1ar: los estafadores son m\u00e1s astutos que nunca y todos son un objetivo. Los consumidores est\u00e1n perdiendo m\u00e1s dinero que nunca a causa de estafas: casi $9 mil millones el a\u00f1o pasado. Eso es un duro golpe para nuestras billeteras. Y nadie es inmune. El Better Business Bureau inform\u00f3 que\u2026<\/p>","protected":false},"author":1,"featured_media":0,"parent":35395,"menu_order":0,"comment_status":"closed","ping_status":"closed","template":"elementor_header_footer","meta":{"_acf_changed":false,"footnotes":""},"class_list":["post-40263","page","type-page","status-publish","hentry"],"acf":[],"yoast_head":"<!-- This site is optimized with the Yoast SEO plugin v22.8 - https:\/\/yoast.com\/wordpress\/plugins\/seo\/ -->\n<title>Scam alerts - Holy Cross Energy<\/title>\n<meta name=\"robots\" content=\"index, follow, max-snippet:-1, max-image-preview:large, max-video-preview:-1\" \/>\n<link rel=\"canonical\" href=\"https:\/\/www.holycross.com\/es\/member-resources\/scam-alerts\/\" \/>\n<meta property=\"og:locale\" content=\"es_MX\" \/>\n<meta property=\"og:type\" content=\"article\" \/>\n<meta property=\"og:title\" content=\"Scam alerts - Holy Cross Energy\" \/>\n<meta property=\"og:description\" content=\"Don&#8217;t be fooled: Scammers are savvier than ever, and everyone is a target. Consumers are losing more money to scams than ever before\u2014nearly $9 billion last year. That&#8217;s a mighty wallop to our wallets. And no one is immune. The Better Business Bureau reported that...\" \/>\n<meta property=\"og:url\" content=\"https:\/\/www.holycross.com\/es\/member-resources\/scam-alerts\/\" \/>\n<meta property=\"og:site_name\" content=\"Holy Cross Energy\" \/>\n<meta property=\"article:modified_time\" content=\"2023-09-16T00:22:22+00:00\" \/>\n<meta name=\"twitter:card\" content=\"summary_large_image\" \/>\n<meta name=\"twitter:label1\" content=\"Tiempo de lectura\" \/>\n\t<meta name=\"twitter:data1\" content=\"4 minutos\" \/>\n<script type=\"application\/ld+json\" class=\"yoast-schema-graph\">{\"@context\":\"https:\/\/schema.org\",\"@graph\":[{\"@type\":\"WebPage\",\"@id\":\"https:\/\/www.holycross.com\/member-resources\/scam-alerts\",\"url\":\"https:\/\/www.holycross.com\/member-resources\/scam-alerts\",\"name\":\"Scam alerts - Holy Cross Energy\",\"isPartOf\":{\"@id\":\"https:\/\/www.holycross.com\/#website\"},\"datePublished\":\"2023-09-05T21:49:15+00:00\",\"dateModified\":\"2023-09-16T00:22:22+00:00\",\"breadcrumb\":{\"@id\":\"https:\/\/www.holycross.com\/member-resources\/scam-alerts#breadcrumb\"},\"inLanguage\":\"es\",\"potentialAction\":[{\"@type\":\"ReadAction\",\"target\":[\"https:\/\/www.holycross.com\/member-resources\/scam-alerts\"]}]},{\"@type\":\"BreadcrumbList\",\"@id\":\"https:\/\/www.holycross.com\/member-resources\/scam-alerts#breadcrumb\",\"itemListElement\":[{\"@type\":\"ListItem\",\"position\":1,\"name\":\"Home\",\"item\":\"https:\/\/www.holycross.com\/\"},{\"@type\":\"ListItem\",\"position\":2,\"name\":\"MEMBER RESOURCES\",\"item\":\"https:\/\/www.holycross.com\/member-resources\"},{\"@type\":\"ListItem\",\"position\":3,\"name\":\"Scam alerts\"}]},{\"@type\":\"WebSite\",\"@id\":\"https:\/\/www.holycross.com\/#website\",\"url\":\"https:\/\/www.holycross.com\/\",\"name\":\"Holy Cross Energy\",\"description\":\"\",\"publisher\":{\"@id\":\"https:\/\/www.holycross.com\/#organization\"},\"potentialAction\":[{\"@type\":\"SearchAction\",\"target\":{\"@type\":\"EntryPoint\",\"urlTemplate\":\"https:\/\/www.holycross.com\/?s={search_term_string}\"},\"query-input\":\"required name=search_term_string\"}],\"inLanguage\":\"es\"},{\"@type\":\"Organization\",\"@id\":\"https:\/\/www.holycross.com\/#organization\",\"name\":\"Holy Cross Energy\",\"url\":\"https:\/\/www.holycross.com\/\",\"logo\":{\"@type\":\"ImageObject\",\"inLanguage\":\"es\",\"@id\":\"https:\/\/www.holycross.com\/#\/schema\/logo\/image\/\",\"url\":\"https:\/\/www.holycross.com\/wp-content\/uploads\/2022\/07\/HCE-NEW-LOGO-GREEN.png\",\"contentUrl\":\"https:\/\/www.holycross.com\/wp-content\/uploads\/2022\/07\/HCE-NEW-LOGO-GREEN.png\",\"width\":288,\"height\":288,\"caption\":\"Holy Cross Energy\"},\"image\":{\"@id\":\"https:\/\/www.holycross.com\/#\/schema\/logo\/image\/\"}}]}<\/script>\n<!-- \/ Yoast SEO plugin. -->","yoast_head_json":{"title":"Alertas de estafa - Holy Cross Energy","robots":{"index":"index","follow":"follow","max-snippet":"max-snippet:-1","max-image-preview":"max-image-preview:large","max-video-preview":"max-video-preview:-1"},"canonical":"https:\/\/www.holycross.com\/es\/member-resources\/scam-alerts\/","og_locale":"es_MX","og_type":"article","og_title":"Scam alerts - Holy Cross Energy","og_description":"Don&#8217;t be fooled: Scammers are savvier than ever, and everyone is a target. Consumers are losing more money to scams than ever before\u2014nearly $9 billion last year. That&#8217;s a mighty wallop to our wallets. And no one is immune. The Better Business Bureau reported that...","og_url":"https:\/\/www.holycross.com\/es\/member-resources\/scam-alerts\/","og_site_name":"Holy Cross Energy","article_modified_time":"2023-09-16T00:22:22+00:00","twitter_card":"summary_large_image","twitter_misc":{"Tiempo de lectura":"4 minutos"},"schema":{"@context":"https:\/\/schema.org","@graph":[{"@type":"WebPage","@id":"https:\/\/www.holycross.com\/member-resources\/scam-alerts","url":"https:\/\/www.holycross.com\/member-resources\/scam-alerts","name":"Alertas de estafa - Holy Cross Energy","isPartOf":{"@id":"https:\/\/www.holycross.com\/#website"},"datePublished":"2023-09-05T21:49:15+00:00","dateModified":"2023-09-16T00:22:22+00:00","breadcrumb":{"@id":"https:\/\/www.holycross.com\/member-resources\/scam-alerts#breadcrumb"},"inLanguage":"es","potentialAction":[{"@type":"ReadAction","target":["https:\/\/www.holycross.com\/member-resources\/scam-alerts"]}]},{"@type":"BreadcrumbList","@id":"https:\/\/www.holycross.com\/member-resources\/scam-alerts#breadcrumb","itemListElement":[{"@type":"ListItem","position":1,"name":"Home","item":"https:\/\/www.holycross.com\/"},{"@type":"ListItem","position":2,"name":"MEMBER RESOURCES","item":"https:\/\/www.holycross.com\/member-resources"},{"@type":"ListItem","position":3,"name":"Scam alerts"}]},{"@type":"WebSite","@id":"https:\/\/www.holycross.com\/#website","url":"https:\/\/www.holycross.com\/","name":"Holy Cross Energy","description":"","publisher":{"@id":"https:\/\/www.holycross.com\/#organization"},"potentialAction":[{"@type":"SearchAction","target":{"@type":"EntryPoint","urlTemplate":"https:\/\/www.holycross.com\/?s={search_term_string}"},"query-input":"required name=search_term_string"}],"inLanguage":"es"},{"@type":"Organization","@id":"https:\/\/www.holycross.com\/#organization","name":"Holy Cross Energy","url":"https:\/\/www.holycross.com\/","logo":{"@type":"ImageObject","inLanguage":"es","@id":"https:\/\/www.holycross.com\/#\/schema\/logo\/image\/","url":"https:\/\/www.holycross.com\/wp-content\/uploads\/2022\/07\/HCE-NEW-LOGO-GREEN.png","contentUrl":"https:\/\/www.holycross.com\/wp-content\/uploads\/2022\/07\/HCE-NEW-LOGO-GREEN.png","width":288,"height":288,"caption":"Holy Cross Energy"},"image":{"@id":"https:\/\/www.holycross.com\/#\/schema\/logo\/image\/"}}]}},"_links":{"self":[{"href":"https:\/\/www.holycross.com\/es\/wp-json\/wp\/v2\/pages\/40263","targetHints":{"allow":["GET"]}}],"collection":[{"href":"https:\/\/www.holycross.com\/es\/wp-json\/wp\/v2\/pages"}],"about":[{"href":"https:\/\/www.holycross.com\/es\/wp-json\/wp\/v2\/types\/page"}],"author":[{"embeddable":true,"href":"https:\/\/www.holycross.com\/es\/wp-json\/wp\/v2\/users\/1"}],"replies":[{"embeddable":true,"href":"https:\/\/www.holycross.com\/es\/wp-json\/wp\/v2\/comments?post=40263"}],"version-history":[{"count":16,"href":"https:\/\/www.holycross.com\/es\/wp-json\/wp\/v2\/pages\/40263\/revisions"}],"predecessor-version":[{"id":43039,"href":"https:\/\/www.holycross.com\/es\/wp-json\/wp\/v2\/pages\/40263\/revisions\/43039"}],"up":[{"embeddable":true,"href":"https:\/\/www.holycross.com\/es\/wp-json\/wp\/v2\/pages\/35395"}],"wp:attachment":[{"href":"https:\/\/www.holycross.com\/es\/wp-json\/wp\/v2\/media?parent=40263"}],"curies":[{"name":"wp","href":"https:\/\/api.w.org\/{rel}","templated":true}]}}