{"id":39786,"date":"2023-07-07T19:52:49","date_gmt":"2023-07-07T19:52:49","guid":{"rendered":"https:\/\/holycross.com\/?page_id=39786"},"modified":"2023-09-06T00:45:46","modified_gmt":"2023-09-06T00:45:46","slug":"bryan-hannegan","status":"publish","type":"page","link":"https:\/\/www.holycross.com\/es\/about-us\/our-staff-and-leadership\/senior-staff\/bryan-hannegan","title":{"rendered":"Bryan Hannegan"},"content":{"rendered":"<div data-elementor-type=\"wp-page\" data-elementor-id=\"39786\" class=\"elementor elementor-39786\" data-elementor-post-type=\"page\">\n\t\t\t\t\t\t<section class=\"elementor-section elementor-top-section elementor-element elementor-element-df47fda elementor-section-items-stretch elementor-section-content-middle elementor-section-height-min-height elementor-section-boxed elementor-section-height-default parallax_section_no qode_elementor_container_no\" data-id=\"df47fda\" data-element_type=\"section\" data-settings=\"{&quot;background_background&quot;:&quot;classic&quot;}\">\n\t\t\t\t\t\t\t<div class=\"elementor-background-overlay\"><\/div>\n\t\t\t\t\t\t\t<div class=\"elementor-container elementor-column-gap-default\">\n\t\t\t\t\t<div class=\"elementor-column elementor-col-100 elementor-top-column elementor-element elementor-element-3f4d833\" data-id=\"3f4d833\" data-element_type=\"column\">\n\t\t\t<div class=\"elementor-widget-wrap elementor-element-populated\">\n\t\t\t\t\t\t\t<\/div>\n\t\t<\/div>\n\t\t\t\t\t<\/div>\n\t\t<\/section>\n\t\t\t\t<section class=\"elementor-section elementor-top-section elementor-element elementor-element-05e0fd0 elementor-section-boxed elementor-section-height-default elementor-section-height-default parallax_section_no qode_elementor_container_no\" data-id=\"05e0fd0\" data-element_type=\"section\">\n\t\t\t\t\t\t<div class=\"elementor-container elementor-column-gap-default\">\n\t\t\t\t\t<div class=\"elementor-column elementor-col-50 elementor-top-column elementor-element elementor-element-dbe762c\" data-id=\"dbe762c\" data-element_type=\"column\">\n\t\t\t<div class=\"elementor-widget-wrap elementor-element-populated\">\n\t\t\t\t\t\t<div class=\"elementor-element elementor-element-c46c47c animated-slow elementor-invisible elementor-widget elementor-widget-image\" data-id=\"c46c47c\" data-element_type=\"widget\" data-settings=\"{&quot;_animation&quot;:&quot;fadeIn&quot;,&quot;_animation_delay&quot;:100}\" data-widget_type=\"image.default\">\n\t\t\t\t<div class=\"elementor-widget-container\">\n\t\t\t\t\t\t\t\t\t\t\t\t\t\t\t<img fetchpriority=\"high\" decoding=\"async\" width=\"350\" height=\"525\" src=\"https:\/\/www.holycross.com\/wp-content\/uploads\/2023\/07\/Bryan-Hannegan-web.jpg\" class=\"attachment-full size-full wp-image-39800\" alt=\"\" srcset=\"https:\/\/www.holycross.com\/wp-content\/uploads\/2023\/07\/Bryan-Hannegan-web.jpg 350w, https:\/\/www.holycross.com\/wp-content\/uploads\/2023\/07\/Bryan-Hannegan-web-200x300.jpg 200w, https:\/\/www.holycross.com\/wp-content\/uploads\/2023\/07\/Bryan-Hannegan-web-8x12.jpg 8w\" sizes=\"(max-width: 350px) 100vw, 350px\" \/>\t\t\t\t\t\t\t\t\t\t\t\t\t\t\t<\/div>\n\t\t\t\t<\/div>\n\t\t\t\t\t<\/div>\n\t\t<\/div>\n\t\t\t\t<div class=\"elementor-column elementor-col-50 elementor-top-column elementor-element elementor-element-5abcb55\" data-id=\"5abcb55\" data-element_type=\"column\">\n\t\t\t<div class=\"elementor-widget-wrap elementor-element-populated\">\n\t\t\t\t\t\t<div class=\"elementor-element elementor-element-3da977f animated-slow elementor-invisible elementor-widget elementor-widget-heading\" data-id=\"3da977f\" data-element_type=\"widget\" data-settings=\"{&quot;_animation&quot;:&quot;fadeIn&quot;,&quot;_animation_delay&quot;:100}\" data-widget_type=\"heading.default\">\n\t\t\t\t<div class=\"elementor-widget-container\">\n\t\t\t\t\t<h3 class=\"elementor-heading-title elementor-size-default\">Bryan Hannegan<\/h3>\t\t\t\t<\/div>\n\t\t\t\t<\/div>\n\t\t\t\t<div class=\"elementor-element elementor-element-b47e035 animated-slow elementor-invisible elementor-widget elementor-widget-heading\" data-id=\"b47e035\" data-element_type=\"widget\" data-settings=\"{&quot;_animation&quot;:&quot;fadeIn&quot;,&quot;_animation_delay&quot;:100}\" data-widget_type=\"heading.default\">\n\t\t\t\t<div class=\"elementor-widget-container\">\n\t\t\t\t\t<h6 class=\"elementor-heading-title elementor-size-default\">Presidente y director ejecutivo<\/h6>\t\t\t\t<\/div>\n\t\t\t\t<\/div>\n\t\t\t\t<div class=\"elementor-element elementor-element-6091478 animated-slow elementor-widget-divider--view-line elementor-invisible elementor-widget elementor-widget-divider\" data-id=\"6091478\" data-element_type=\"widget\" data-settings=\"{&quot;_animation&quot;:&quot;fadeIn&quot;,&quot;_animation_delay&quot;:300}\" data-widget_type=\"divider.default\">\n\t\t\t\t<div class=\"elementor-widget-container\">\n\t\t\t\t\t\t\t<div class=\"elementor-divider\">\n\t\t\t<span class=\"elementor-divider-separator\">\n\t\t\t\t\t\t<\/span>\n\t\t<\/div>\n\t\t\t\t\t\t<\/div>\n\t\t\t\t<\/div>\n\t\t\t\t<div class=\"elementor-element elementor-element-b8364cb animated-slow elementor-invisible elementor-widget elementor-widget-text-editor\" data-id=\"b8364cb\" data-element_type=\"widget\" data-settings=\"{&quot;_animation&quot;:&quot;fadeIn&quot;,&quot;_animation_delay&quot;:400}\" data-widget_type=\"text-editor.default\">\n\t\t\t\t<div class=\"elementor-widget-container\">\n\t\t\t\t\t\t\t\t\tBryan Hannegan es presidente y director ejecutivo de Holy Cross Energy, una cooperativa el\u00e9ctrica sin fines de lucro propiedad de sus miembros que ofrece productos y servicios de electricidad y energ\u00eda a m\u00e1s de 42,000 clientes en el oeste de Colorado. Antes de unirse a Holy Cross en julio de 2017, Bryan fue director asociado de laboratorio en el Laboratorio Nacional de Energ\u00eda Renovable (NREL), donde cofund\u00f3 la Iniciativa de Modernizaci\u00f3n de la Red del Departamento de Energ\u00eda de EE. UU. y puso en marcha el Fondo de Integraci\u00f3n de Sistemas Energ\u00e9ticos (ESIF). una \u201cred de distribuci\u00f3n en una caja\u201d \u00fanica que permite a las empresas de servicios p\u00fablicos, empresarios y consumidores trabajar juntos en sistemas energ\u00e9ticos m\u00e1s limpios, m\u00e1s asequibles y m\u00e1s confiables. Al principio de su carrera, Bryan ocup\u00f3 altos cargos de liderazgo en el Instituto de Investigaci\u00f3n de Energ\u00eda El\u00e9ctrica, el Consejo de Calidad Ambiental de la Casa Blanca y el Comit\u00e9 de Energ\u00eda y Recursos Naturales del Senado de los Estados Unidos.\t\t\t\t\t\t\t\t<\/div>\n\t\t\t\t<\/div>\n\t\t\t\t\t<\/div>\n\t\t<\/div>\n\t\t\t\t\t<\/div>\n\t\t<\/section>\n\t\t\t\t<\/div>","protected":false},"excerpt":{"rendered":"<p>Bryan Hannegan Presidente y director ejecutivo Bryan Hannegan es presidente y director ejecutivo de Holy Cross Energy, una cooperativa el\u00e9ctrica sin fines de lucro propiedad de sus miembros que proporciona electricidad y productos y servicios energ\u00e9ticos a m\u00e1s de 42 000 clientes en el oeste de Colorado. Antes de unirse a Holy Cross en julio de 2017, Bryan\u2026<\/p>","protected":false},"author":1,"featured_media":0,"parent":35747,"menu_order":0,"comment_status":"closed","ping_status":"closed","template":"elementor_header_footer","meta":{"_acf_changed":false,"footnotes":""},"class_list":["post-39786","page","type-page","status-publish","hentry"],"acf":[],"yoast_head":"<!-- This site is optimized with the Yoast SEO plugin v22.8 - https:\/\/yoast.com\/wordpress\/plugins\/seo\/ -->\n<title>Bryan Hannegan - Holy Cross Energy<\/title>\n<meta name=\"robots\" content=\"index, follow, max-snippet:-1, max-image-preview:large, max-video-preview:-1\" \/>\n<link rel=\"canonical\" href=\"https:\/\/www.holycross.com\/es\/about-us\/our-staff-and-leadership\/senior-staff\/bryan-hannegan\/\" \/>\n<meta property=\"og:locale\" content=\"es_MX\" \/>\n<meta property=\"og:type\" content=\"article\" \/>\n<meta property=\"og:title\" content=\"Bryan Hannegan - Holy Cross Energy\" \/>\n<meta property=\"og:description\" content=\"Bryan Hannegan President and CEO Bryan Hannegan is President and CEO of Holy Cross Energy, a not-for-profit, member-owned electric cooperative utility providing electricity and energy products and services to more than 42,000 customers in Western Colorado. Prior to joining Holy Cross in July 2017, Bryan...\" \/>\n<meta property=\"og:url\" content=\"https:\/\/www.holycross.com\/es\/about-us\/our-staff-and-leadership\/senior-staff\/bryan-hannegan\/\" \/>\n<meta property=\"og:site_name\" content=\"Holy Cross Energy\" \/>\n<meta property=\"article:modified_time\" content=\"2023-09-06T00:45:46+00:00\" \/>\n<meta property=\"og:image\" content=\"https:\/\/holycross.com\/wp-content\/uploads\/2023\/07\/Bryan-Hannegan-web.jpg\" \/>\n<meta name=\"twitter:card\" content=\"summary_large_image\" \/>\n<meta name=\"twitter:label1\" content=\"Tiempo de lectura\" \/>\n\t<meta name=\"twitter:data1\" content=\"1 minuto\" \/>\n<script type=\"application\/ld+json\" class=\"yoast-schema-graph\">{\"@context\":\"https:\/\/schema.org\",\"@graph\":[{\"@type\":\"WebPage\",\"@id\":\"https:\/\/www.holycross.com\/about-us\/our-staff-and-leadership\/senior-staff\/bryan-hannegan\",\"url\":\"https:\/\/www.holycross.com\/about-us\/our-staff-and-leadership\/senior-staff\/bryan-hannegan\",\"name\":\"Bryan Hannegan - Holy Cross Energy\",\"isPartOf\":{\"@id\":\"https:\/\/www.holycross.com\/#website\"},\"primaryImageOfPage\":{\"@id\":\"https:\/\/www.holycross.com\/about-us\/our-staff-and-leadership\/senior-staff\/bryan-hannegan#primaryimage\"},\"image\":{\"@id\":\"https:\/\/www.holycross.com\/about-us\/our-staff-and-leadership\/senior-staff\/bryan-hannegan#primaryimage\"},\"thumbnailUrl\":\"https:\/\/holycross.com\/wp-content\/uploads\/2023\/07\/Bryan-Hannegan-web.jpg\",\"datePublished\":\"2023-07-07T19:52:49+00:00\",\"dateModified\":\"2023-09-06T00:45:46+00:00\",\"breadcrumb\":{\"@id\":\"https:\/\/www.holycross.com\/about-us\/our-staff-and-leadership\/senior-staff\/bryan-hannegan#breadcrumb\"},\"inLanguage\":\"es\",\"potentialAction\":[{\"@type\":\"ReadAction\",\"target\":[\"https:\/\/www.holycross.com\/about-us\/our-staff-and-leadership\/senior-staff\/bryan-hannegan\"]}]},{\"@type\":\"ImageObject\",\"inLanguage\":\"es\",\"@id\":\"https:\/\/www.holycross.com\/about-us\/our-staff-and-leadership\/senior-staff\/bryan-hannegan#primaryimage\",\"url\":\"https:\/\/holycross.com\/wp-content\/uploads\/2023\/07\/Bryan-Hannegan-web.jpg\",\"contentUrl\":\"https:\/\/holycross.com\/wp-content\/uploads\/2023\/07\/Bryan-Hannegan-web.jpg\"},{\"@type\":\"BreadcrumbList\",\"@id\":\"https:\/\/www.holycross.com\/about-us\/our-staff-and-leadership\/senior-staff\/bryan-hannegan#breadcrumb\",\"itemListElement\":[{\"@type\":\"ListItem\",\"position\":1,\"name\":\"Home\",\"item\":\"https:\/\/www.holycross.com\/\"},{\"@type\":\"ListItem\",\"position\":2,\"name\":\"ABOUT US\",\"item\":\"https:\/\/www.holycross.com\/about-us\"},{\"@type\":\"ListItem\",\"position\":3,\"name\":\"OUR STAFF &#038; LEADERSHIP\",\"item\":\"https:\/\/www.holycross.com\/about-us\/our-staff-and-leadership\"},{\"@type\":\"ListItem\",\"position\":4,\"name\":\"Senior staff\",\"item\":\"https:\/\/www.holycross.com\/about-us\/our-staff-and-leadership\/senior-staff\"},{\"@type\":\"ListItem\",\"position\":5,\"name\":\"Bryan Hannegan\"}]},{\"@type\":\"WebSite\",\"@id\":\"https:\/\/www.holycross.com\/#website\",\"url\":\"https:\/\/www.holycross.com\/\",\"name\":\"Holy Cross Energy\",\"description\":\"\",\"publisher\":{\"@id\":\"https:\/\/www.holycross.com\/#organization\"},\"potentialAction\":[{\"@type\":\"SearchAction\",\"target\":{\"@type\":\"EntryPoint\",\"urlTemplate\":\"https:\/\/www.holycross.com\/?s={search_term_string}\"},\"query-input\":\"required name=search_term_string\"}],\"inLanguage\":\"es\"},{\"@type\":\"Organization\",\"@id\":\"https:\/\/www.holycross.com\/#organization\",\"name\":\"Holy Cross Energy\",\"url\":\"https:\/\/www.holycross.com\/\",\"logo\":{\"@type\":\"ImageObject\",\"inLanguage\":\"es\",\"@id\":\"https:\/\/www.holycross.com\/#\/schema\/logo\/image\/\",\"url\":\"https:\/\/www.holycross.com\/wp-content\/uploads\/2022\/07\/HCE-NEW-LOGO-GREEN.png\",\"contentUrl\":\"https:\/\/www.holycross.com\/wp-content\/uploads\/2022\/07\/HCE-NEW-LOGO-GREEN.png\",\"width\":288,\"height\":288,\"caption\":\"Holy Cross Energy\"},\"image\":{\"@id\":\"https:\/\/www.holycross.com\/#\/schema\/logo\/image\/\"}}]}<\/script>\n<!-- \/ Yoast SEO plugin. -->","yoast_head_json":{"title":"Bryan Hannegan - Energ\u00eda de la Santa Cruz","robots":{"index":"index","follow":"follow","max-snippet":"max-snippet:-1","max-image-preview":"max-image-preview:large","max-video-preview":"max-video-preview:-1"},"canonical":"https:\/\/www.holycross.com\/es\/about-us\/our-staff-and-leadership\/senior-staff\/bryan-hannegan\/","og_locale":"es_MX","og_type":"article","og_title":"Bryan Hannegan - Holy Cross Energy","og_description":"Bryan Hannegan President and CEO Bryan Hannegan is President and CEO of Holy Cross Energy, a not-for-profit, member-owned electric cooperative utility providing electricity and energy products and services to more than 42,000 customers in Western Colorado. Prior to joining Holy Cross in July 2017, Bryan...","og_url":"https:\/\/www.holycross.com\/es\/about-us\/our-staff-and-leadership\/senior-staff\/bryan-hannegan\/","og_site_name":"Holy Cross Energy","article_modified_time":"2023-09-06T00:45:46+00:00","og_image":[{"url":"https:\/\/holycross.com\/wp-content\/uploads\/2023\/07\/Bryan-Hannegan-web.jpg"}],"twitter_card":"summary_large_image","twitter_misc":{"Tiempo de lectura":"1 minuto"},"schema":{"@context":"https:\/\/schema.org","@graph":[{"@type":"WebPage","@id":"https:\/\/www.holycross.com\/about-us\/our-staff-and-leadership\/senior-staff\/bryan-hannegan","url":"https:\/\/www.holycross.com\/about-us\/our-staff-and-leadership\/senior-staff\/bryan-hannegan","name":"Bryan Hannegan - Energ\u00eda de la Santa Cruz","isPartOf":{"@id":"https:\/\/www.holycross.com\/#website"},"primaryImageOfPage":{"@id":"https:\/\/www.holycross.com\/about-us\/our-staff-and-leadership\/senior-staff\/bryan-hannegan#primaryimage"},"image":{"@id":"https:\/\/www.holycross.com\/about-us\/our-staff-and-leadership\/senior-staff\/bryan-hannegan#primaryimage"},"thumbnailUrl":"https:\/\/holycross.com\/wp-content\/uploads\/2023\/07\/Bryan-Hannegan-web.jpg","datePublished":"2023-07-07T19:52:49+00:00","dateModified":"2023-09-06T00:45:46+00:00","breadcrumb":{"@id":"https:\/\/www.holycross.com\/about-us\/our-staff-and-leadership\/senior-staff\/bryan-hannegan#breadcrumb"},"inLanguage":"es","potentialAction":[{"@type":"ReadAction","target":["https:\/\/www.holycross.com\/about-us\/our-staff-and-leadership\/senior-staff\/bryan-hannegan"]}]},{"@type":"ImageObject","inLanguage":"es","@id":"https:\/\/www.holycross.com\/about-us\/our-staff-and-leadership\/senior-staff\/bryan-hannegan#primaryimage","url":"https:\/\/holycross.com\/wp-content\/uploads\/2023\/07\/Bryan-Hannegan-web.jpg","contentUrl":"https:\/\/holycross.com\/wp-content\/uploads\/2023\/07\/Bryan-Hannegan-web.jpg"},{"@type":"BreadcrumbList","@id":"https:\/\/www.holycross.com\/about-us\/our-staff-and-leadership\/senior-staff\/bryan-hannegan#breadcrumb","itemListElement":[{"@type":"ListItem","position":1,"name":"Home","item":"https:\/\/www.holycross.com\/"},{"@type":"ListItem","position":2,"name":"ABOUT US","item":"https:\/\/www.holycross.com\/about-us"},{"@type":"ListItem","position":3,"name":"OUR STAFF &#038; LEADERSHIP","item":"https:\/\/www.holycross.com\/about-us\/our-staff-and-leadership"},{"@type":"ListItem","position":4,"name":"Senior staff","item":"https:\/\/www.holycross.com\/about-us\/our-staff-and-leadership\/senior-staff"},{"@type":"ListItem","position":5,"name":"Bryan Hannegan"}]},{"@type":"WebSite","@id":"https:\/\/www.holycross.com\/#website","url":"https:\/\/www.holycross.com\/","name":"Holy Cross Energy","description":"","publisher":{"@id":"https:\/\/www.holycross.com\/#organization"},"potentialAction":[{"@type":"SearchAction","target":{"@type":"EntryPoint","urlTemplate":"https:\/\/www.holycross.com\/?s={search_term_string}"},"query-input":"required name=search_term_string"}],"inLanguage":"es"},{"@type":"Organization","@id":"https:\/\/www.holycross.com\/#organization","name":"Holy Cross Energy","url":"https:\/\/www.holycross.com\/","logo":{"@type":"ImageObject","inLanguage":"es","@id":"https:\/\/www.holycross.com\/#\/schema\/logo\/image\/","url":"https:\/\/www.holycross.com\/wp-content\/uploads\/2022\/07\/HCE-NEW-LOGO-GREEN.png","contentUrl":"https:\/\/www.holycross.com\/wp-content\/uploads\/2022\/07\/HCE-NEW-LOGO-GREEN.png","width":288,"height":288,"caption":"Holy Cross Energy"},"image":{"@id":"https:\/\/www.holycross.com\/#\/schema\/logo\/image\/"}}]}},"_links":{"self":[{"href":"https:\/\/www.holycross.com\/es\/wp-json\/wp\/v2\/pages\/39786","targetHints":{"allow":["GET"]}}],"collection":[{"href":"https:\/\/www.holycross.com\/es\/wp-json\/wp\/v2\/pages"}],"about":[{"href":"https:\/\/www.holycross.com\/es\/wp-json\/wp\/v2\/types\/page"}],"author":[{"embeddable":true,"href":"https:\/\/www.holycross.com\/es\/wp-json\/wp\/v2\/users\/1"}],"replies":[{"embeddable":true,"href":"https:\/\/www.holycross.com\/es\/wp-json\/wp\/v2\/comments?post=39786"}],"version-history":[{"count":25,"href":"https:\/\/www.holycross.com\/es\/wp-json\/wp\/v2\/pages\/39786\/revisions"}],"predecessor-version":[{"id":39820,"href":"https:\/\/www.holycross.com\/es\/wp-json\/wp\/v2\/pages\/39786\/revisions\/39820"}],"up":[{"embeddable":true,"href":"https:\/\/www.holycross.com\/es\/wp-json\/wp\/v2\/pages\/35747"}],"wp:attachment":[{"href":"https:\/\/www.holycross.com\/es\/wp-json\/wp\/v2\/media?parent=39786"}],"curies":[{"name":"wp","href":"https:\/\/api.w.org\/{rel}","templated":true}]}}