{"id":35764,"date":"2023-01-17T17:19:17","date_gmt":"2023-01-17T17:19:17","guid":{"rendered":"https:\/\/holycross.com\/?page_id=35764"},"modified":"2026-03-04T16:08:03","modified_gmt":"2026-03-04T23:08:03","slug":"policies","status":"publish","type":"page","link":"https:\/\/www.holycross.com\/es\/about-us\/library\/policies","title":{"rendered":"Pol\u00edticas corporativas"},"content":{"rendered":"<div data-elementor-type=\"wp-page\" data-elementor-id=\"35764\" class=\"elementor elementor-35764\" data-elementor-post-type=\"page\">\n\t\t\t\t\t\t<section class=\"elementor-section elementor-top-section elementor-element elementor-element-d507ce2 elementor-section-items-stretch elementor-section-content-middle elementor-section-height-min-height elementor-section-boxed elementor-section-height-default parallax_section_no qode_elementor_container_no\" data-id=\"d507ce2\" data-element_type=\"section\" data-settings=\"{&quot;background_background&quot;:&quot;classic&quot;}\">\n\t\t\t\t\t\t\t<div class=\"elementor-background-overlay\"><\/div>\n\t\t\t\t\t\t\t<div class=\"elementor-container elementor-column-gap-default\">\n\t\t\t\t\t<div class=\"elementor-column elementor-col-100 elementor-top-column elementor-element elementor-element-e3134c0\" data-id=\"e3134c0\" data-element_type=\"column\">\n\t\t\t<div class=\"elementor-widget-wrap elementor-element-populated\">\n\t\t\t\t\t\t<div class=\"elementor-element elementor-element-02be272 elementor-widget elementor-widget-heading\" data-id=\"02be272\" data-element_type=\"widget\" data-widget_type=\"heading.default\">\n\t\t\t\t<div class=\"elementor-widget-container\">\n\t\t\t\t\t<h3 class=\"elementor-heading-title elementor-size-default\">Pol\u00edticas Corporativas<\/h3>\t\t\t\t<\/div>\n\t\t\t\t<\/div>\n\t\t\t\t\t<\/div>\n\t\t<\/div>\n\t\t\t\t\t<\/div>\n\t\t<\/section>\n\t\t\t\t<section class=\"elementor-section elementor-top-section elementor-element elementor-element-33e44a7 elementor-section-boxed elementor-section-height-default elementor-section-height-default parallax_section_no qode_elementor_container_no\" data-id=\"33e44a7\" data-element_type=\"section\" data-settings=\"{&quot;background_background&quot;:&quot;classic&quot;}\">\n\t\t\t\t\t\t<div class=\"elementor-container elementor-column-gap-default\">\n\t\t\t\t\t<div class=\"elementor-column elementor-col-100 elementor-top-column elementor-element elementor-element-afb26c3\" data-id=\"afb26c3\" data-element_type=\"column\">\n\t\t\t<div class=\"elementor-widget-wrap elementor-element-populated\">\n\t\t\t\t\t\t<div class=\"elementor-element elementor-element-e52d2cb elementor-widget elementor-widget-heading\" data-id=\"e52d2cb\" data-element_type=\"widget\" data-widget_type=\"heading.default\">\n\t\t\t\t<div class=\"elementor-widget-container\">\n\t\t\t\t\t<h4 class=\"elementor-heading-title elementor-size-default\">Tabla de contenido<\/h4>\t\t\t\t<\/div>\n\t\t\t\t<\/div>\n\t\t\t\t<div class=\"elementor-element elementor-element-6155ebb elementor-widget elementor-widget-spacer\" data-id=\"6155ebb\" data-element_type=\"widget\" data-widget_type=\"spacer.default\">\n\t\t\t\t<div class=\"elementor-widget-container\">\n\t\t\t\t\t\t\t<div class=\"elementor-spacer\">\n\t\t\t<div class=\"elementor-spacer-inner\"><\/div>\n\t\t<\/div>\n\t\t\t\t\t\t<\/div>\n\t\t\t\t<\/div>\n\t\t\t\t<div class=\"elementor-element elementor-element-fdfd3bf animated-slow elementor-invisible elementor-widget elementor-widget-text-editor\" data-id=\"fdfd3bf\" data-element_type=\"widget\" data-settings=\"{&quot;_animation&quot;:&quot;fadeIn&quot;,&quot;_animation_delay&quot;:400}\" data-widget_type=\"text-editor.default\">\n\t\t\t\t<div class=\"elementor-widget-container\">\n\t\t\t\t\t\t\t\t\t<p><strong>Tabla de contenido<\/strong><\/p><ul><li><a href=\"https:\/\/www.holycross.com\/wp-content\/uploads\/2026\/03\/HCE0.0-Table-of-Contents-11-19-2025.pdf\" data-uw-pdf-br=\"1\" data-uw-pdf-doc=\"\">0.0 Tabla de contenidos<\/a><\/li><\/ul><p><strong>Visi\u00f3n general<\/strong><\/p><ul><li><a href=\"https:\/\/www.holycross.com\/wp-content\/uploads\/2026\/03\/HCE1.1-Development-of-Corporate-Policies-11-19-2025.pdf\" target=\"_blank\" rel=\"noopener\" data-uw-pdf-br=\"1\" data-uw-pdf-doc=\"\">1.1 Desarrollo de Pol\u00edticas Corporativas<\/a><\/li><\/ul><p><strong>Asuntos de miembros<\/strong><\/p><ul><li><a href=\"https:\/\/www.holycross.com\/wp-content\/uploads\/2026\/03\/HCE2.1-Access-to-Membership-Information-11-19-2025.pdf\" target=\"_blank\" rel=\"noopener\" data-uw-pdf-br=\"1\" data-uw-pdf-doc=\"\">2.1 Acceso a la informaci\u00f3n de membres\u00eda<\/a><\/li><li><a href=\"https:\/\/www.holycross.com\/wp-content\/uploads\/2026\/03\/HCE2.2-Access-to-Books-Records-Business-Files-Databases-or-Personnel-Files-11-19-2025.pdf\" target=\"_blank\" rel=\"noopener\" data-uw-pdf-br=\"1\" data-uw-pdf-doc=\"\">2.2 Acceso a libros, registros, archivos comerciales, bases de datos o archivos de personal<\/a><\/li><li><a href=\"https:\/\/www.holycross.com\/wp-content\/uploads\/2026\/03\/HCE2.3-Member-Privacy-and-Confidentiality-11-19-2025.pdf\" target=\"_blank\" rel=\"noopener\" data-uw-pdf-br=\"1\" data-uw-pdf-doc=\"\">2.3 Privacidad y confidencialidad de los miembros<\/a><\/li><li><a href=\"https:\/\/www.holycross.com\/wp-content\/uploads\/2026\/03\/HCE2.4-Identity-Theft-Prevention-11-19-2025.pdf\" target=\"_blank\" rel=\"noopener\" data-uw-pdf-br=\"1\" data-uw-pdf-doc=\"\">2.4 Prevenci\u00f3n del robo de identidad<\/a><\/li><\/ul><p><strong>Asuntos de empleados<\/strong><\/p><ul><li><a href=\"https:\/\/www.holycross.com\/wp-content\/uploads\/2026\/03\/HCE3.1-Equal-Employment-Opportunity-and-Nondiscrimination-11-19-2025.pdf\" target=\"_blank\" rel=\"noopener\" data-uw-pdf-br=\"1\" data-uw-pdf-doc=\"\">3.1 Igualdad de oportunidades de empleo y no discriminaci\u00f3n<\/a><\/li><\/ul><p><strong>Asuntos de la junta<\/strong><\/p><ul><li><a href=\"https:\/\/www.holycross.com\/wp-content\/uploads\/2026\/03\/HCE4.1-Functions-of-the-Board-of-Directors-11-19-2025.pdf\" target=\"_blank\" rel=\"noopener\" data-uw-pdf-br=\"1\" data-uw-pdf-doc=\"\">4.1 Funciones del Consejo de Administraci\u00f3n<\/a><\/li><li><a href=\"https:\/\/www.holycross.com\/wp-content\/uploads\/2026\/03\/HCE4.2-Board-of-Directors-Acts-and-Authority-11-19-2025.pdf\" target=\"_blank\" rel=\"noopener\" data-uw-pdf-br=\"1\" data-uw-pdf-doc=\"\">4.2 Actos y autoridad de la Junta Directiva<\/a><\/li><li><a href=\"https:\/\/www.holycross.com\/wp-content\/uploads\/2026\/03\/HCE4.3-Meetings-of-the-Board-of-Directors-11-19-2025.pdf\" target=\"_blank\" rel=\"noopener\" data-uw-pdf-br=\"1\" data-uw-pdf-doc=\"\">4.3 Reuniones del Consejo de Administraci\u00f3n<\/a><\/li><li><a href=\"https:\/\/www.holycross.com\/wp-content\/uploads\/2026\/03\/HCE4.4-Communication-Among-Directors-11-19-2025.pdf\" target=\"_blank\" rel=\"noopener\" data-uw-pdf-br=\"1\" data-uw-pdf-doc=\"\">4.4 Comunicaci\u00f3n entre los miembros de la junta directiva<\/a><\/li><li><a href=\"https:\/\/www.holycross.com\/wp-content\/uploads\/2026\/03\/HCE4.5-Director-Compensation-and-Expenses-11-19-2025.pdf\" target=\"_blank\" rel=\"noopener\" data-uw-pdf-br=\"1\" data-uw-pdf-doc=\"\">4.5 Remuneraci\u00f3n y gastos de los directores<\/a><\/li><li><a href=\"https:\/\/www.holycross.com\/wp-content\/uploads\/2026\/03\/HCE4.6-Voting-and-Elections-11-19-2025.pdf\" target=\"_blank\" rel=\"noopener\" data-uw-pdf-br=\"1\" data-uw-pdf-doc=\"\">4.6 Votaci\u00f3n y elecciones<\/a><\/li><li><a href=\"https:\/\/www.holycross.com\/wp-content\/uploads\/2026\/03\/HCE4.7-Delegation-of-Authority-to-the-Chief-Executive-Officer-11-19-2025.pdf\" target=\"_blank\" rel=\"noopener\" data-uw-pdf-br=\"1\" data-uw-pdf-doc=\"\">4.7 Delegaci\u00f3n de autoridad al Presidente y Director Ejecutivo<\/a><\/li><li><a href=\"https:\/\/www.holycross.com\/wp-content\/uploads\/2026\/03\/HCE4.8-Committees-of-the-Board-of-Directors-11-19-2025.pdf\" target=\"_blank\" rel=\"noopener\" data-uw-pdf-br=\"1\" data-uw-pdf-doc=\"\">4.8 Comit\u00e9s del Consejo de Administraci\u00f3n<\/a><\/li><li><a href=\"https:\/\/www.holycross.com\/wp-content\/uploads\/2026\/03\/HCE4.9-Legal-Representation-and-Use-of-Attorneys-11-19-2025.pdf\" target=\"_blank\" rel=\"noopener\" data-uw-pdf-br=\"1\" data-uw-pdf-doc=\"\">4.9 Representaci\u00f3n legal y uso de abogados<\/a><\/li><\/ul><p><strong>Asuntos financieros<\/strong><\/p><ul><li><a href=\"https:\/\/www.holycross.com\/wp-content\/uploads\/2026\/03\/HCE5.1-Capital-Credits-11-19-2025.pdf\" target=\"_blank\" rel=\"noopener\" data-uw-pdf-br=\"1\" data-uw-pdf-doc=\"\">5.1 Cr\u00e9ditos de capital<\/a><\/li><li><a href=\"https:\/\/www.holycross.com\/wp-content\/uploads\/2026\/03\/HCE5.2-Financial-Management-and-Planning-11-19-2025.pdf\" target=\"_blank\" rel=\"noopener\" data-uw-pdf-br=\"1\" data-uw-pdf-doc=\"\">5.2 Gesti\u00f3n y planificaci\u00f3n financiera\u00a0<\/a><\/li><\/ul><p><strong>Asuntos varios\/no clasificados<\/strong><\/p><ul><li><a href=\"https:\/\/www.holycross.com\/wp-content\/uploads\/2026\/03\/HCE6.1-Records-Management-11-19-2025.pdf\" target=\"_blank\" rel=\"noopener\" data-uw-pdf-br=\"1\" data-uw-pdf-doc=\"\">6.1 Gesti\u00f3n de registros<\/a><\/li><\/ul>\t\t\t\t\t\t\t\t<\/div>\n\t\t\t\t<\/div>\n\t\t\t\t\t<\/div>\n\t\t<\/div>\n\t\t\t\t\t<\/div>\n\t\t<\/section>\n\t\t\t\t<\/div>","protected":false},"excerpt":{"rendered":"<p>Pol\u00edticas corporativas Tabla de contenido Tabla de contenido 0.0 Tabla de contenido General\/Descripci\u00f3n general 1.1 Desarrollo de pol\u00edticas corporativas Asuntos de los miembros 2.1 Acceso a la informaci\u00f3n de los miembros 2.2 Acceso a libros, registros, archivos comerciales, bases de datos o archivos de personal 2.3 Privacidad y confidencialidad de los miembros 2.4 Prevenci\u00f3n del robo de identidad\u2026<\/p>","protected":false},"author":1,"featured_media":0,"parent":35740,"menu_order":0,"comment_status":"closed","ping_status":"closed","template":"elementor_header_footer","meta":{"_acf_changed":false,"footnotes":""},"class_list":["post-35764","page","type-page","status-publish","hentry"],"acf":[],"yoast_head":"<!-- This site is optimized with the Yoast SEO plugin v22.8 - https:\/\/yoast.com\/wordpress\/plugins\/seo\/ -->\n<title>Corporate policies - Holy Cross Energy<\/title>\n<meta name=\"robots\" content=\"index, follow, max-snippet:-1, max-image-preview:large, max-video-preview:-1\" \/>\n<link rel=\"canonical\" href=\"https:\/\/www.holycross.com\/es\/about-us\/library\/policies\/\" \/>\n<meta property=\"og:locale\" content=\"es_MX\" \/>\n<meta property=\"og:type\" content=\"article\" \/>\n<meta property=\"og:title\" content=\"Corporate policies - Holy Cross Energy\" \/>\n<meta property=\"og:description\" content=\"Corporate Policies Table of Contents Table of Contents 0.0 Table of Contents General\/Overview 1.1 Development of Corporate Policies Member Matters 2.1 Access to Membership Information 2.2 Access to Books, Records, Business Files, Databases or Personnel Files 2.3 Member Privacy and Confidentiality 2.4 Identity Theft Prevention...\" \/>\n<meta property=\"og:url\" content=\"https:\/\/www.holycross.com\/es\/about-us\/library\/policies\/\" \/>\n<meta property=\"og:site_name\" content=\"Holy Cross Energy\" \/>\n<meta property=\"article:modified_time\" content=\"2026-03-04T23:08:03+00:00\" \/>\n<meta name=\"twitter:card\" content=\"summary_large_image\" \/>\n<meta name=\"twitter:label1\" content=\"Tiempo de lectura\" \/>\n\t<meta name=\"twitter:data1\" content=\"1 minuto\" \/>\n<script type=\"application\/ld+json\" class=\"yoast-schema-graph\">{\"@context\":\"https:\/\/schema.org\",\"@graph\":[{\"@type\":\"WebPage\",\"@id\":\"https:\/\/www.holycross.com\/about-us\/library\/policies\",\"url\":\"https:\/\/www.holycross.com\/about-us\/library\/policies\",\"name\":\"Corporate policies - Holy Cross Energy\",\"isPartOf\":{\"@id\":\"https:\/\/www.holycross.com\/#website\"},\"datePublished\":\"2023-01-17T17:19:17+00:00\",\"dateModified\":\"2026-03-04T23:08:03+00:00\",\"breadcrumb\":{\"@id\":\"https:\/\/www.holycross.com\/about-us\/library\/policies#breadcrumb\"},\"inLanguage\":\"es\",\"potentialAction\":[{\"@type\":\"ReadAction\",\"target\":[\"https:\/\/www.holycross.com\/about-us\/library\/policies\"]}]},{\"@type\":\"BreadcrumbList\",\"@id\":\"https:\/\/www.holycross.com\/about-us\/library\/policies#breadcrumb\",\"itemListElement\":[{\"@type\":\"ListItem\",\"position\":1,\"name\":\"Home\",\"item\":\"https:\/\/www.holycross.com\/\"},{\"@type\":\"ListItem\",\"position\":2,\"name\":\"ABOUT US\",\"item\":\"https:\/\/www.holycross.com\/about-us\"},{\"@type\":\"ListItem\",\"position\":3,\"name\":\"LIBRARY\",\"item\":\"https:\/\/www.holycross.com\/about-us\/library\"},{\"@type\":\"ListItem\",\"position\":4,\"name\":\"Corporate policies\"}]},{\"@type\":\"WebSite\",\"@id\":\"https:\/\/www.holycross.com\/#website\",\"url\":\"https:\/\/www.holycross.com\/\",\"name\":\"Holy Cross Energy\",\"description\":\"\",\"publisher\":{\"@id\":\"https:\/\/www.holycross.com\/#organization\"},\"potentialAction\":[{\"@type\":\"SearchAction\",\"target\":{\"@type\":\"EntryPoint\",\"urlTemplate\":\"https:\/\/www.holycross.com\/?s={search_term_string}\"},\"query-input\":\"required name=search_term_string\"}],\"inLanguage\":\"es\"},{\"@type\":\"Organization\",\"@id\":\"https:\/\/www.holycross.com\/#organization\",\"name\":\"Holy Cross Energy\",\"url\":\"https:\/\/www.holycross.com\/\",\"logo\":{\"@type\":\"ImageObject\",\"inLanguage\":\"es\",\"@id\":\"https:\/\/www.holycross.com\/#\/schema\/logo\/image\/\",\"url\":\"https:\/\/www.holycross.com\/wp-content\/uploads\/2022\/07\/HCE-NEW-LOGO-GREEN.png\",\"contentUrl\":\"https:\/\/www.holycross.com\/wp-content\/uploads\/2022\/07\/HCE-NEW-LOGO-GREEN.png\",\"width\":288,\"height\":288,\"caption\":\"Holy Cross Energy\"},\"image\":{\"@id\":\"https:\/\/www.holycross.com\/#\/schema\/logo\/image\/\"}}]}<\/script>\n<!-- \/ Yoast SEO plugin. -->","yoast_head_json":{"title":"Pol\u00edticas corporativas - Holy Cross Energy","robots":{"index":"index","follow":"follow","max-snippet":"max-snippet:-1","max-image-preview":"max-image-preview:large","max-video-preview":"max-video-preview:-1"},"canonical":"https:\/\/www.holycross.com\/es\/about-us\/library\/policies\/","og_locale":"es_MX","og_type":"article","og_title":"Corporate policies - Holy Cross Energy","og_description":"Corporate Policies Table of Contents Table of Contents 0.0 Table of Contents General\/Overview 1.1 Development of Corporate Policies Member Matters 2.1 Access to Membership Information 2.2 Access to Books, Records, Business Files, Databases or Personnel Files 2.3 Member Privacy and Confidentiality 2.4 Identity Theft Prevention...","og_url":"https:\/\/www.holycross.com\/es\/about-us\/library\/policies\/","og_site_name":"Holy Cross Energy","article_modified_time":"2026-03-04T23:08:03+00:00","twitter_card":"summary_large_image","twitter_misc":{"Tiempo de lectura":"1 minuto"},"schema":{"@context":"https:\/\/schema.org","@graph":[{"@type":"WebPage","@id":"https:\/\/www.holycross.com\/about-us\/library\/policies","url":"https:\/\/www.holycross.com\/about-us\/library\/policies","name":"Pol\u00edticas corporativas - Holy Cross Energy","isPartOf":{"@id":"https:\/\/www.holycross.com\/#website"},"datePublished":"2023-01-17T17:19:17+00:00","dateModified":"2026-03-04T23:08:03+00:00","breadcrumb":{"@id":"https:\/\/www.holycross.com\/about-us\/library\/policies#breadcrumb"},"inLanguage":"es","potentialAction":[{"@type":"ReadAction","target":["https:\/\/www.holycross.com\/about-us\/library\/policies"]}]},{"@type":"BreadcrumbList","@id":"https:\/\/www.holycross.com\/about-us\/library\/policies#breadcrumb","itemListElement":[{"@type":"ListItem","position":1,"name":"Home","item":"https:\/\/www.holycross.com\/"},{"@type":"ListItem","position":2,"name":"ABOUT US","item":"https:\/\/www.holycross.com\/about-us"},{"@type":"ListItem","position":3,"name":"LIBRARY","item":"https:\/\/www.holycross.com\/about-us\/library"},{"@type":"ListItem","position":4,"name":"Corporate policies"}]},{"@type":"WebSite","@id":"https:\/\/www.holycross.com\/#website","url":"https:\/\/www.holycross.com\/","name":"Holy Cross Energy","description":"","publisher":{"@id":"https:\/\/www.holycross.com\/#organization"},"potentialAction":[{"@type":"SearchAction","target":{"@type":"EntryPoint","urlTemplate":"https:\/\/www.holycross.com\/?s={search_term_string}"},"query-input":"required name=search_term_string"}],"inLanguage":"es"},{"@type":"Organization","@id":"https:\/\/www.holycross.com\/#organization","name":"Holy Cross Energy","url":"https:\/\/www.holycross.com\/","logo":{"@type":"ImageObject","inLanguage":"es","@id":"https:\/\/www.holycross.com\/#\/schema\/logo\/image\/","url":"https:\/\/www.holycross.com\/wp-content\/uploads\/2022\/07\/HCE-NEW-LOGO-GREEN.png","contentUrl":"https:\/\/www.holycross.com\/wp-content\/uploads\/2022\/07\/HCE-NEW-LOGO-GREEN.png","width":288,"height":288,"caption":"Holy Cross Energy"},"image":{"@id":"https:\/\/www.holycross.com\/#\/schema\/logo\/image\/"}}]}},"_links":{"self":[{"href":"https:\/\/www.holycross.com\/es\/wp-json\/wp\/v2\/pages\/35764","targetHints":{"allow":["GET"]}}],"collection":[{"href":"https:\/\/www.holycross.com\/es\/wp-json\/wp\/v2\/pages"}],"about":[{"href":"https:\/\/www.holycross.com\/es\/wp-json\/wp\/v2\/types\/page"}],"author":[{"embeddable":true,"href":"https:\/\/www.holycross.com\/es\/wp-json\/wp\/v2\/users\/1"}],"replies":[{"embeddable":true,"href":"https:\/\/www.holycross.com\/es\/wp-json\/wp\/v2\/comments?post=35764"}],"version-history":[{"count":32,"href":"https:\/\/www.holycross.com\/es\/wp-json\/wp\/v2\/pages\/35764\/revisions"}],"predecessor-version":[{"id":55793,"href":"https:\/\/www.holycross.com\/es\/wp-json\/wp\/v2\/pages\/35764\/revisions\/55793"}],"up":[{"embeddable":true,"href":"https:\/\/www.holycross.com\/es\/wp-json\/wp\/v2\/pages\/35740"}],"wp:attachment":[{"href":"https:\/\/www.holycross.com\/es\/wp-json\/wp\/v2\/media?parent=35764"}],"curies":[{"name":"wp","href":"https:\/\/api.w.org\/{rel}","templated":true}]}}