{"id":35763,"date":"2023-01-17T17:19:28","date_gmt":"2023-01-17T17:19:28","guid":{"rendered":"https:\/\/holycross.com\/?page_id=35763"},"modified":"2026-03-16T14:16:50","modified_gmt":"2026-03-16T20:16:50","slug":"financial-documents","status":"publish","type":"page","link":"https:\/\/www.holycross.com\/es\/about-us\/library\/financial-documents","title":{"rendered":"Documentos financieros"},"content":{"rendered":"<div data-elementor-type=\"wp-page\" data-elementor-id=\"35763\" class=\"elementor elementor-35763\" data-elementor-post-type=\"page\">\n\t\t\t\t\t\t<section class=\"elementor-section elementor-top-section elementor-element elementor-element-bc2764a elementor-section-items-stretch elementor-section-content-middle elementor-section-height-min-height elementor-section-boxed elementor-section-height-default parallax_section_no qode_elementor_container_no\" data-id=\"bc2764a\" data-element_type=\"section\" data-settings=\"{&quot;background_background&quot;:&quot;classic&quot;}\">\n\t\t\t\t\t\t\t<div class=\"elementor-background-overlay\"><\/div>\n\t\t\t\t\t\t\t<div class=\"elementor-container elementor-column-gap-default\">\n\t\t\t\t\t<div class=\"elementor-column elementor-col-100 elementor-top-column elementor-element elementor-element-f5223d4\" data-id=\"f5223d4\" data-element_type=\"column\">\n\t\t\t<div class=\"elementor-widget-wrap elementor-element-populated\">\n\t\t\t\t\t\t<div class=\"elementor-element elementor-element-09f9324 elementor-widget elementor-widget-heading\" data-id=\"09f9324\" data-element_type=\"widget\" data-widget_type=\"heading.default\">\n\t\t\t\t<div class=\"elementor-widget-container\">\n\t\t\t\t\t<h3 class=\"elementor-heading-title elementor-size-default\">Documentos financieros<\/h3>\t\t\t\t<\/div>\n\t\t\t\t<\/div>\n\t\t\t\t\t<\/div>\n\t\t<\/div>\n\t\t\t\t\t<\/div>\n\t\t<\/section>\n\t\t\t\t<section class=\"elementor-section elementor-top-section elementor-element elementor-element-75c9ea5 elementor-section-boxed elementor-section-height-default elementor-section-height-default parallax_section_no qode_elementor_container_no\" data-id=\"75c9ea5\" data-element_type=\"section\" data-settings=\"{&quot;background_background&quot;:&quot;classic&quot;}\">\n\t\t\t\t\t\t\t<div class=\"elementor-background-overlay\"><\/div>\n\t\t\t\t\t\t\t<div class=\"elementor-container elementor-column-gap-default\">\n\t\t\t\t\t<div class=\"elementor-column elementor-col-33 elementor-top-column elementor-element elementor-element-5bff266\" data-id=\"5bff266\" data-element_type=\"column\">\n\t\t\t<div class=\"elementor-widget-wrap elementor-element-populated\">\n\t\t\t\t\t\t<div class=\"elementor-element elementor-element-76054d0 elementor-invisible elementor-widget elementor-widget-heading\" data-id=\"76054d0\" data-element_type=\"widget\" data-settings=\"{&quot;_animation&quot;:&quot;fadeIn&quot;,&quot;_animation_delay&quot;:200}\" data-widget_type=\"heading.default\">\n\t\t\t\t<div class=\"elementor-widget-container\">\n\t\t\t\t\t<h4 class=\"elementor-heading-title elementor-size-default\">Forma 7<\/h4>\t\t\t\t<\/div>\n\t\t\t\t<\/div>\n\t\t\t\t<div class=\"elementor-element elementor-element-6837988 animated-slow elementor-invisible elementor-widget elementor-widget-text-editor\" data-id=\"6837988\" data-element_type=\"widget\" data-settings=\"{&quot;_animation&quot;:&quot;fadeIn&quot;,&quot;_animation_delay&quot;:400}\" data-widget_type=\"text-editor.default\">\n\t\t\t\t<div class=\"elementor-widget-container\">\n\t\t\t\t\t\t\t\t\t<p><a href=\"https:\/\/www.holycross.com\/wp-content\/uploads\/2026\/03\/12-2025-CFC-YE-Form7.pdf\">2025 CFC<\/a><br \/><a href=\"https:\/\/www.holycross.com\/wp-content\/uploads\/2025\/03\/12-2024-CFC-Year-End-Form7.pdf\">2024 CFC<\/a><br \/><a href=\"https:\/\/www.holycross.com\/wp-content\/uploads\/2024\/07\/12-2023-CFC-Year-End-Form7.pdf\">2023 FCP<\/a><br \/><a href=\"https:\/\/www.holycross.com\/wp-content\/uploads\/2023\/07\/12-2022-YE-CFC-Form7.pdf\" target=\"_blank\" rel=\"noopener\">2022 FCP<\/a><br \/><a href=\"https:\/\/www.holycross.com\/wp-content\/uploads\/2022\/03\/12-2021-YE-CFC-Form7-1.pdf\" target=\"_blank\" rel=\"noopener noreferrer\">2021 FCP<\/a><br \/><a href=\"https:\/\/www.holycross.com\/wp-content\/uploads\/2021\/03\/12-2020-YE-CFC-Form7-1.pdf\" target=\"_blank\" rel=\"noopener noreferrer\">FCPB 2020<\/a><br \/><a href=\"https:\/\/www.holycross.com\/wp-content\/uploads\/2020\/03\/12-2019-YE-CFC-Form7.pdf\" target=\"_blank\" rel=\"noopener noreferrer\">2019 FCP<\/a><br \/><a href=\"https:\/\/www.holycross.com\/wp-content\/uploads\/2019\/03\/12-2018-YE-CFC-Form7.pdf\" target=\"_blank\" rel=\"noopener noreferrer\">2018 FCP<\/a><br \/><a href=\"https:\/\/www.holycross.com\/wp-content\/uploads\/2019\/01\/12-2017-CFC-Form-7.pdf\" target=\"_blank\" rel=\"noopener noreferrer\">2017 FCP<\/a><br \/><a href=\"https:\/\/www.holycross.com\/wp-content\/uploads\/2019\/01\/12-2016-RUS-Form-7-1.pdf\" target=\"_blank\" rel=\"noopener noreferrer\">2016 Rusia<\/a><br \/><a href=\"https:\/\/www.holycross.com\/wp-content\/uploads\/2019\/01\/12-2015-RUS-Form-7-1.pdf\" target=\"_blank\" rel=\"noopener noreferrer\">2015 Rusia <\/a><br \/><a href=\"https:\/\/www.holycross.com\/wp-content\/uploads\/2019\/01\/12-2014-RUS-Form7-1.pdf\" target=\"_blank\" rel=\"noopener noreferrer\">2014 Rusia<\/a><\/p>\t\t\t\t\t\t\t\t<\/div>\n\t\t\t\t<\/div>\n\t\t\t\t\t<\/div>\n\t\t<\/div>\n\t\t\t\t<div class=\"elementor-column elementor-col-33 elementor-top-column elementor-element elementor-element-ae07ede\" data-id=\"ae07ede\" data-element_type=\"column\">\n\t\t\t<div class=\"elementor-widget-wrap elementor-element-populated\">\n\t\t\t\t\t\t<div class=\"elementor-element elementor-element-84596a5 elementor-invisible elementor-widget elementor-widget-heading\" data-id=\"84596a5\" data-element_type=\"widget\" data-settings=\"{&quot;_animation&quot;:&quot;fadeIn&quot;,&quot;_animation_delay&quot;:200}\" data-widget_type=\"heading.default\">\n\t\t\t\t<div class=\"elementor-widget-container\">\n\t\t\t\t\t<h4 class=\"elementor-heading-title elementor-size-default\">Formulario 990 del IRS<\/h4>\t\t\t\t<\/div>\n\t\t\t\t<\/div>\n\t\t\t\t<div class=\"elementor-element elementor-element-95653fb animated-slow elementor-invisible elementor-widget elementor-widget-text-editor\" data-id=\"95653fb\" data-element_type=\"widget\" data-settings=\"{&quot;_animation&quot;:&quot;fadeIn&quot;,&quot;_animation_delay&quot;:400}\" data-widget_type=\"text-editor.default\">\n\t\t\t\t<div class=\"elementor-widget-container\">\n\t\t\t\t\t\t\t\t\t<p><a href=\"https:\/\/www.holycross.com\/wp-content\/uploads\/2025\/11\/2024-Form990.pdf\">2024<\/a><br \/><a href=\"https:\/\/www.holycross.com\/wp-content\/uploads\/2024\/09\/2023-Form990.pdf\">2023<\/a><br \/><a href=\"https:\/\/www.holycross.com\/wp-content\/uploads\/2024\/06\/2022-Public-Disclosure-Copy-Website.pdf\">2022<\/a><br \/><a href=\"https:\/\/www.holycross.com\/wp-content\/uploads\/2022\/08\/Website-Version-2021-Form990.pdf\" target=\"_blank\" rel=\"noopener\">2021<\/a><br \/><a href=\"https:\/\/www.holycross.com\/wp-content\/uploads\/2021\/08\/Website-Version-2020-Form990-2.pdf\" target=\"_blank\" rel=\"noopener\">2020<\/a><br \/><a href=\"https:\/\/www.holycross.com\/wp-content\/uploads\/2020\/09\/Website-Version-2019-Form990-1.pdf\" target=\"_blank\" rel=\"noopener\">2019<\/a><br \/><a href=\"https:\/\/www.holycross.com\/wp-content\/uploads\/2019\/10\/2018-Final-Form-990-990-T-2.pdf\" target=\"_blank\" rel=\"noopener\">2018<\/a><br \/><a href=\"https:\/\/www.holycross.com\/wp-content\/uploads\/2019\/01\/HCE-2017-Form-990.pdf\" target=\"_blank\" rel=\"noopener noreferrer\">2017<\/a><br \/><a href=\"https:\/\/www.holycross.com\/wp-content\/uploads\/2019\/01\/HCE-2016-Form-990-1.pdf\" target=\"_blank\" rel=\"noopener noreferrer\">2016<\/a><br \/><a href=\"https:\/\/www.holycross.com\/wp-content\/uploads\/2019\/01\/HCE-2015-Form-990.pdf\" target=\"_blank\" rel=\"noopener noreferrer\">2015<\/a><\/p>\t\t\t\t\t\t\t\t<\/div>\n\t\t\t\t<\/div>\n\t\t\t\t\t<\/div>\n\t\t<\/div>\n\t\t\t\t<div class=\"elementor-column elementor-col-33 elementor-top-column elementor-element elementor-element-66472d9\" data-id=\"66472d9\" data-element_type=\"column\">\n\t\t\t<div class=\"elementor-widget-wrap elementor-element-populated\">\n\t\t\t\t\t\t<div class=\"elementor-element elementor-element-a7a86dc elementor-invisible elementor-widget elementor-widget-heading\" data-id=\"a7a86dc\" data-element_type=\"widget\" data-settings=\"{&quot;_animation&quot;:&quot;fadeIn&quot;,&quot;_animation_delay&quot;:200}\" data-widget_type=\"heading.default\">\n\t\t\t\t<div class=\"elementor-widget-container\">\n\t\t\t\t\t<h4 class=\"elementor-heading-title elementor-size-default\">Auditor\u00edas<\/h4>\t\t\t\t<\/div>\n\t\t\t\t<\/div>\n\t\t\t\t<div class=\"elementor-element elementor-element-081ddfc animated-slow elementor-invisible elementor-widget elementor-widget-text-editor\" data-id=\"081ddfc\" data-element_type=\"widget\" data-settings=\"{&quot;_animation&quot;:&quot;fadeIn&quot;,&quot;_animation_delay&quot;:400}\" data-widget_type=\"text-editor.default\">\n\t\t\t\t<div class=\"elementor-widget-container\">\n\t\t\t\t\t\t\t\t\t<p><a href=\"https:\/\/www.holycross.com\/wp-content\/uploads\/2025\/07\/0425-Final-Financial-Statements-HCEA.pdf\">Informe de auditor\u00eda 2025<\/a><br \/><a href=\"https:\/\/www.holycross.com\/wp-content\/uploads\/2024\/07\/0424-Final-Financial-Statements-HCEA.pdf\">Informe de auditor\u00eda 2024<\/a><br \/><a href=\"https:\/\/www.holycross.com\/wp-content\/uploads\/2024\/07\/0423-Final-Financial-Statements-HCEA.pdf\">Informe de Auditor\u00eda 2023<\/a><br \/><a href=\"https:\/\/www.holycross.com\/wp-content\/uploads\/2022\/07\/Holy-Cross-Electric-Association-FS-043022.pdf\" target=\"_blank\" rel=\"noopener\">Informe de Auditor\u00eda 2022<\/a><br \/><a href=\"https:\/\/www.holycross.com\/wp-content\/uploads\/2021\/08\/Holy-Cross-Electric-FS-043021-2.pdf\" target=\"_blank\" rel=\"noopener noreferrer\">Informe de Auditor\u00eda 2021<\/a><br \/><a href=\"https:\/\/www.holycross.com\/wp-content\/uploads\/2020\/08\/7a-6.-Holy-Cross-Electric-Association-FS-043020.pdf\" target=\"_blank\" rel=\"noopener noreferrer\">Informe de Auditor\u00eda 2020<\/a><br \/><a href=\"https:\/\/www.holycross.com\/wp-content\/uploads\/2019\/10\/Audit-Report-04-30-19.pdf\" target=\"_blank\" rel=\"noopener noreferrer\">Informe de Auditor\u00eda 2019<\/a><br \/><a href=\"https:\/\/www.holycross.com\/wp-content\/uploads\/2019\/01\/Audit-Report-4-30-18.pdf\" target=\"_blank\" rel=\"noopener noreferrer\">Informe de Auditor\u00eda 2018<\/a><br \/><a href=\"https:\/\/www.holycross.com\/wp-content\/uploads\/2019\/01\/Audit-Report-4-30-17.pdf\" target=\"_blank\" rel=\"noopener\">Informe de Auditor\u00eda 2017<\/a><br \/><a href=\"https:\/\/www.holycross.com\/wp-content\/uploads\/2019\/01\/Audit-Report-4-30-16.pdf\" target=\"_blank\" rel=\"noopener noreferrer\">Informe de Auditor\u00eda 2016<\/a><br \/><a href=\"https:\/\/www.holycross.com\/wp-content\/uploads\/2019\/01\/Audit-Report-4-30-15.pdf\" target=\"_blank\" rel=\"noopener noreferrer\">Informe de Auditor\u00eda 2015<\/a><\/p>\t\t\t\t\t\t\t\t<\/div>\n\t\t\t\t<\/div>\n\t\t\t\t\t<\/div>\n\t\t<\/div>\n\t\t\t\t\t<\/div>\n\t\t<\/section>\n\t\t\t\t<\/div>","protected":false},"excerpt":{"rendered":"<p>Documentos financieros Formulario 7s 2025 CFC2024 CFC2023 CFC2022 CFC2021 CFC2020 CFC2019 CFC2018 CFC2017 CFC2016 RUS2015 RUS 2014 RUS Formulario 990s del IRS 2024202320222021202020192018201720162015 Auditor\u00edas Informe de auditor\u00eda 2025Informe de auditor\u00eda 2024Informe de auditor\u00eda 2023Informe de auditor\u00eda 2022Informe de auditor\u00eda 2021Informe de auditor\u00eda 2020Informe de auditor\u00eda 2019Informe de auditor\u00eda 2018Informe de auditor\u00eda 2017Informe de auditor\u00eda 2016Informe de auditor\u00eda\u2026<\/p>","protected":false},"author":1,"featured_media":0,"parent":35740,"menu_order":0,"comment_status":"closed","ping_status":"closed","template":"elementor_header_footer","meta":{"_acf_changed":false,"footnotes":""},"class_list":["post-35763","page","type-page","status-publish","hentry"],"acf":[],"yoast_head":"<!-- This site is optimized with the Yoast SEO plugin v22.8 - https:\/\/yoast.com\/wordpress\/plugins\/seo\/ -->\n<title>Financial documents - Holy Cross Energy<\/title>\n<meta name=\"robots\" content=\"index, follow, max-snippet:-1, max-image-preview:large, max-video-preview:-1\" \/>\n<link rel=\"canonical\" href=\"https:\/\/www.holycross.com\/es\/about-us\/library\/financial-documents\/\" \/>\n<meta property=\"og:locale\" content=\"es_MX\" \/>\n<meta property=\"og:type\" content=\"article\" \/>\n<meta property=\"og:title\" content=\"Financial documents - Holy Cross Energy\" \/>\n<meta property=\"og:description\" content=\"Financial Documents Form 7s 2025 CFC2024 CFC2023 CFC2022 CFC2021 CFC2020 CFC2019 CFC2018 CFC2017 CFC2016 RUS2015 RUS 2014 RUS IRS Form 990s 2024202320222021202020192018201720162015 Audits Audit Report 2025Audit Report 2024Audit Report 2023Audit Report 2022Audit Report 2021Audit Report 2020Audit Report 2019Audit Report 2018Audit Report 2017Audit Report 2016Audit Report...\" \/>\n<meta property=\"og:url\" content=\"https:\/\/www.holycross.com\/es\/about-us\/library\/financial-documents\/\" \/>\n<meta property=\"og:site_name\" content=\"Holy Cross Energy\" \/>\n<meta property=\"article:modified_time\" content=\"2026-03-16T20:16:50+00:00\" \/>\n<meta name=\"twitter:card\" content=\"summary_large_image\" \/>\n<meta name=\"twitter:label1\" content=\"Tiempo de lectura\" \/>\n\t<meta name=\"twitter:data1\" content=\"1 minuto\" \/>\n<script type=\"application\/ld+json\" class=\"yoast-schema-graph\">{\"@context\":\"https:\/\/schema.org\",\"@graph\":[{\"@type\":\"WebPage\",\"@id\":\"https:\/\/www.holycross.com\/about-us\/library\/financial-documents\",\"url\":\"https:\/\/www.holycross.com\/about-us\/library\/financial-documents\",\"name\":\"Financial documents - Holy Cross Energy\",\"isPartOf\":{\"@id\":\"https:\/\/www.holycross.com\/#website\"},\"datePublished\":\"2023-01-17T17:19:28+00:00\",\"dateModified\":\"2026-03-16T20:16:50+00:00\",\"breadcrumb\":{\"@id\":\"https:\/\/www.holycross.com\/about-us\/library\/financial-documents#breadcrumb\"},\"inLanguage\":\"es\",\"potentialAction\":[{\"@type\":\"ReadAction\",\"target\":[\"https:\/\/www.holycross.com\/about-us\/library\/financial-documents\"]}]},{\"@type\":\"BreadcrumbList\",\"@id\":\"https:\/\/www.holycross.com\/about-us\/library\/financial-documents#breadcrumb\",\"itemListElement\":[{\"@type\":\"ListItem\",\"position\":1,\"name\":\"Home\",\"item\":\"https:\/\/www.holycross.com\/\"},{\"@type\":\"ListItem\",\"position\":2,\"name\":\"ABOUT US\",\"item\":\"https:\/\/www.holycross.com\/about-us\"},{\"@type\":\"ListItem\",\"position\":3,\"name\":\"LIBRARY\",\"item\":\"https:\/\/www.holycross.com\/about-us\/library\"},{\"@type\":\"ListItem\",\"position\":4,\"name\":\"Financial documents\"}]},{\"@type\":\"WebSite\",\"@id\":\"https:\/\/www.holycross.com\/#website\",\"url\":\"https:\/\/www.holycross.com\/\",\"name\":\"Holy Cross Energy\",\"description\":\"\",\"publisher\":{\"@id\":\"https:\/\/www.holycross.com\/#organization\"},\"potentialAction\":[{\"@type\":\"SearchAction\",\"target\":{\"@type\":\"EntryPoint\",\"urlTemplate\":\"https:\/\/www.holycross.com\/?s={search_term_string}\"},\"query-input\":\"required name=search_term_string\"}],\"inLanguage\":\"es\"},{\"@type\":\"Organization\",\"@id\":\"https:\/\/www.holycross.com\/#organization\",\"name\":\"Holy Cross Energy\",\"url\":\"https:\/\/www.holycross.com\/\",\"logo\":{\"@type\":\"ImageObject\",\"inLanguage\":\"es\",\"@id\":\"https:\/\/www.holycross.com\/#\/schema\/logo\/image\/\",\"url\":\"https:\/\/www.holycross.com\/wp-content\/uploads\/2022\/07\/HCE-NEW-LOGO-GREEN.png\",\"contentUrl\":\"https:\/\/www.holycross.com\/wp-content\/uploads\/2022\/07\/HCE-NEW-LOGO-GREEN.png\",\"width\":288,\"height\":288,\"caption\":\"Holy Cross Energy\"},\"image\":{\"@id\":\"https:\/\/www.holycross.com\/#\/schema\/logo\/image\/\"}}]}<\/script>\n<!-- \/ Yoast SEO plugin. -->","yoast_head_json":{"title":"Documentos financieros - Holy Cross Energy","robots":{"index":"index","follow":"follow","max-snippet":"max-snippet:-1","max-image-preview":"max-image-preview:large","max-video-preview":"max-video-preview:-1"},"canonical":"https:\/\/www.holycross.com\/es\/about-us\/library\/financial-documents\/","og_locale":"es_MX","og_type":"article","og_title":"Financial documents - Holy Cross Energy","og_description":"Financial Documents Form 7s 2025 CFC2024 CFC2023 CFC2022 CFC2021 CFC2020 CFC2019 CFC2018 CFC2017 CFC2016 RUS2015 RUS 2014 RUS IRS Form 990s 2024202320222021202020192018201720162015 Audits Audit Report 2025Audit Report 2024Audit Report 2023Audit Report 2022Audit Report 2021Audit Report 2020Audit Report 2019Audit Report 2018Audit Report 2017Audit Report 2016Audit Report...","og_url":"https:\/\/www.holycross.com\/es\/about-us\/library\/financial-documents\/","og_site_name":"Holy Cross Energy","article_modified_time":"2026-03-16T20:16:50+00:00","twitter_card":"summary_large_image","twitter_misc":{"Tiempo de lectura":"1 minuto"},"schema":{"@context":"https:\/\/schema.org","@graph":[{"@type":"WebPage","@id":"https:\/\/www.holycross.com\/about-us\/library\/financial-documents","url":"https:\/\/www.holycross.com\/about-us\/library\/financial-documents","name":"Documentos financieros - Holy Cross Energy","isPartOf":{"@id":"https:\/\/www.holycross.com\/#website"},"datePublished":"2023-01-17T17:19:28+00:00","dateModified":"2026-03-16T20:16:50+00:00","breadcrumb":{"@id":"https:\/\/www.holycross.com\/about-us\/library\/financial-documents#breadcrumb"},"inLanguage":"es","potentialAction":[{"@type":"ReadAction","target":["https:\/\/www.holycross.com\/about-us\/library\/financial-documents"]}]},{"@type":"BreadcrumbList","@id":"https:\/\/www.holycross.com\/about-us\/library\/financial-documents#breadcrumb","itemListElement":[{"@type":"ListItem","position":1,"name":"Home","item":"https:\/\/www.holycross.com\/"},{"@type":"ListItem","position":2,"name":"ABOUT US","item":"https:\/\/www.holycross.com\/about-us"},{"@type":"ListItem","position":3,"name":"LIBRARY","item":"https:\/\/www.holycross.com\/about-us\/library"},{"@type":"ListItem","position":4,"name":"Financial documents"}]},{"@type":"WebSite","@id":"https:\/\/www.holycross.com\/#website","url":"https:\/\/www.holycross.com\/","name":"Holy Cross Energy","description":"","publisher":{"@id":"https:\/\/www.holycross.com\/#organization"},"potentialAction":[{"@type":"SearchAction","target":{"@type":"EntryPoint","urlTemplate":"https:\/\/www.holycross.com\/?s={search_term_string}"},"query-input":"required name=search_term_string"}],"inLanguage":"es"},{"@type":"Organization","@id":"https:\/\/www.holycross.com\/#organization","name":"Holy Cross Energy","url":"https:\/\/www.holycross.com\/","logo":{"@type":"ImageObject","inLanguage":"es","@id":"https:\/\/www.holycross.com\/#\/schema\/logo\/image\/","url":"https:\/\/www.holycross.com\/wp-content\/uploads\/2022\/07\/HCE-NEW-LOGO-GREEN.png","contentUrl":"https:\/\/www.holycross.com\/wp-content\/uploads\/2022\/07\/HCE-NEW-LOGO-GREEN.png","width":288,"height":288,"caption":"Holy Cross Energy"},"image":{"@id":"https:\/\/www.holycross.com\/#\/schema\/logo\/image\/"}}]}},"_links":{"self":[{"href":"https:\/\/www.holycross.com\/es\/wp-json\/wp\/v2\/pages\/35763","targetHints":{"allow":["GET"]}}],"collection":[{"href":"https:\/\/www.holycross.com\/es\/wp-json\/wp\/v2\/pages"}],"about":[{"href":"https:\/\/www.holycross.com\/es\/wp-json\/wp\/v2\/types\/page"}],"author":[{"embeddable":true,"href":"https:\/\/www.holycross.com\/es\/wp-json\/wp\/v2\/users\/1"}],"replies":[{"embeddable":true,"href":"https:\/\/www.holycross.com\/es\/wp-json\/wp\/v2\/comments?post=35763"}],"version-history":[{"count":68,"href":"https:\/\/www.holycross.com\/es\/wp-json\/wp\/v2\/pages\/35763\/revisions"}],"predecessor-version":[{"id":55865,"href":"https:\/\/www.holycross.com\/es\/wp-json\/wp\/v2\/pages\/35763\/revisions\/55865"}],"up":[{"embeddable":true,"href":"https:\/\/www.holycross.com\/es\/wp-json\/wp\/v2\/pages\/35740"}],"wp:attachment":[{"href":"https:\/\/www.holycross.com\/es\/wp-json\/wp\/v2\/media?parent=35763"}],"curies":[{"name":"wp","href":"https:\/\/api.w.org\/{rel}","templated":true}]}}