{"id":35756,"date":"2023-01-17T17:18:39","date_gmt":"2023-01-17T17:18:39","guid":{"rendered":"https:\/\/holycross.com\/?page_id=35756"},"modified":"2025-07-24T10:31:55","modified_gmt":"2025-07-24T16:31:55","slug":"strategic-plan","status":"publish","type":"page","link":"https:\/\/www.holycross.com\/es\/about-us\/strategic-plan","title":{"rendered":"Plan estrat\u00e9gico"},"content":{"rendered":"<div data-elementor-type=\"wp-page\" data-elementor-id=\"35756\" class=\"elementor elementor-35756\" data-elementor-post-type=\"page\">\n\t\t\t\t\t\t<section class=\"elementor-section elementor-top-section elementor-element elementor-element-90bbdf7 elementor-section-items-stretch elementor-section-content-middle elementor-section-height-min-height elementor-section-boxed elementor-section-height-default parallax_section_no qode_elementor_container_no\" data-id=\"90bbdf7\" data-element_type=\"section\" data-settings=\"{&quot;background_background&quot;:&quot;classic&quot;}\">\n\t\t\t\t\t\t\t<div class=\"elementor-background-overlay\"><\/div>\n\t\t\t\t\t\t\t<div class=\"elementor-container elementor-column-gap-default\">\n\t\t\t\t\t<div class=\"elementor-column elementor-col-100 elementor-top-column elementor-element elementor-element-31a0c6b\" data-id=\"31a0c6b\" data-element_type=\"column\">\n\t\t\t<div class=\"elementor-widget-wrap elementor-element-populated\">\n\t\t\t\t\t\t<div class=\"elementor-element elementor-element-639e779 elementor-widget elementor-widget-heading\" data-id=\"639e779\" data-element_type=\"widget\" data-widget_type=\"heading.default\">\n\t\t\t\t<div class=\"elementor-widget-container\">\n\t\t\t\t\t<h3 class=\"elementor-heading-title elementor-size-default\">Plan estrat\u00e9gico<\/h3>\t\t\t\t<\/div>\n\t\t\t\t<\/div>\n\t\t\t\t\t<\/div>\n\t\t<\/div>\n\t\t\t\t\t<\/div>\n\t\t<\/section>\n\t\t\t\t<section class=\"elementor-section elementor-top-section elementor-element elementor-element-a4cd59a elementor-section-boxed elementor-section-height-default elementor-section-height-default parallax_section_no qode_elementor_container_no\" data-id=\"a4cd59a\" data-element_type=\"section\" data-settings=\"{&quot;background_background&quot;:&quot;classic&quot;}\">\n\t\t\t\t\t\t<div class=\"elementor-container elementor-column-gap-default\">\n\t\t\t\t\t<div class=\"elementor-column elementor-col-50 elementor-top-column elementor-element elementor-element-9db75a9\" data-id=\"9db75a9\" data-element_type=\"column\">\n\t\t\t<div class=\"elementor-widget-wrap elementor-element-populated\">\n\t\t\t\t\t\t<div class=\"elementor-element elementor-element-1ecc35d animated-slow elementor-invisible elementor-widget elementor-widget-heading\" data-id=\"1ecc35d\" data-element_type=\"widget\" data-settings=\"{&quot;_animation&quot;:&quot;fadeIn&quot;,&quot;_animation_delay&quot;:100}\" data-widget_type=\"heading.default\">\n\t\t\t\t<div class=\"elementor-widget-container\">\n\t\t\t\t\t<h4 class=\"elementor-heading-title elementor-size-default\">Resumen ejecutivo<\/h4>\t\t\t\t<\/div>\n\t\t\t\t<\/div>\n\t\t\t\t<div class=\"elementor-element elementor-element-38ef857 animated-slow elementor-invisible elementor-widget elementor-widget-text-editor\" data-id=\"38ef857\" data-element_type=\"widget\" data-settings=\"{&quot;_animation&quot;:&quot;fadeIn&quot;,&quot;_animation_delay&quot;:400}\" data-widget_type=\"text-editor.default\">\n\t\t\t\t<div class=\"elementor-widget-container\">\n\t\t\t\t\t\t\t\t\t<p>Durante m\u00e1s de 80 a\u00f1os, Holy Cross Energy (HCE) ha proporcionado electricidad confiable y asequible de manera segura a sus miembros y sus comunidades. A medida que comienza una nueva d\u00e9cada, los cambios en la tecnolog\u00eda el\u00e9ctrica y las nuevas y crecientes demandas de los consumidores traen oportunidades y desaf\u00edos para HCE mientras se esfuerza por continuar con su orgullosa tradici\u00f3n de servicio de calidad y enfoque en los miembros. El m\u00e1s importante de ellos es el compromiso de HCE de reducir su contribuci\u00f3n al cambio clim\u00e1tico, impulsado por el llamado de muchas comunidades atendidas por HCE por una energ\u00eda cada vez m\u00e1s limpia y sostenible.<\/p><p>Como resultado, en los \u00faltimos a\u00f1os, HCE ha actualizado su Plan Estrat\u00e9gico, lo que refleja una amplia consulta y colaboraci\u00f3n entre la Junta Directiva de HCE y sus empleados, as\u00ed como una importante recopilaci\u00f3n de aportaciones de las principales partes interesadas y las comunidades a las que HCE presta servicios. Este Plan Estrat\u00e9gico actualizado articula la Visi\u00f3n y la Misi\u00f3n de HCE, como se detalla a continuaci\u00f3n.<\/p>\t\t\t\t\t\t\t\t<\/div>\n\t\t\t\t<\/div>\n\t\t\t\t\t<\/div>\n\t\t<\/div>\n\t\t\t\t<div class=\"elementor-column elementor-col-50 elementor-top-column elementor-element elementor-element-2c5ca75\" data-id=\"2c5ca75\" data-element_type=\"column\">\n\t\t\t<div class=\"elementor-widget-wrap elementor-element-populated\">\n\t\t\t\t\t\t<section class=\"elementor-section elementor-inner-section elementor-element elementor-element-c57221e elementor-section-boxed elementor-section-height-default elementor-section-height-default parallax_section_no qode_elementor_container_no\" data-id=\"c57221e\" data-element_type=\"section\">\n\t\t\t\t\t\t<div class=\"elementor-container elementor-column-gap-default\">\n\t\t\t\t\t<div class=\"elementor-column elementor-col-100 elementor-inner-column elementor-element elementor-element-af85a82 animated-slow elementor-invisible\" data-id=\"af85a82\" data-element_type=\"column\" data-settings=\"{&quot;background_background&quot;:&quot;classic&quot;,&quot;animation&quot;:&quot;slideInRight&quot;,&quot;animation_delay&quot;:500}\">\n\t\t\t<div class=\"elementor-widget-wrap elementor-element-populated\">\n\t\t\t\t\t\t<div class=\"elementor-element elementor-element-ad57592 animated-slow elementor-widget elementor-widget-image\" data-id=\"ad57592\" data-element_type=\"widget\" data-settings=\"{&quot;_animation&quot;:&quot;none&quot;,&quot;_animation_delay&quot;:200}\" data-widget_type=\"image.default\">\n\t\t\t\t<div class=\"elementor-widget-container\">\n\t\t\t\t\t\t\t\t\t\t\t\t\t\t\t\t<a href=\"https:\/\/www.holycross.com\/wp-content\/uploads\/2024\/08\/HCE-Strategic-Plan-2023_web.pdf\" target=\"_blank\">\n\t\t\t\t\t\t\t<img fetchpriority=\"high\" decoding=\"async\" width=\"600\" height=\"600\" src=\"https:\/\/www.holycross.com\/wp-content\/uploads\/2025\/07\/strategic-plan-thumbnail.png\" class=\"elementor-animation-shrink attachment-full size-full wp-image-52667\" alt=\"\" srcset=\"https:\/\/www.holycross.com\/wp-content\/uploads\/2025\/07\/strategic-plan-thumbnail.png 600w, https:\/\/www.holycross.com\/wp-content\/uploads\/2025\/07\/strategic-plan-thumbnail-300x300.png 300w, https:\/\/www.holycross.com\/wp-content\/uploads\/2025\/07\/strategic-plan-thumbnail-150x150.png 150w, https:\/\/www.holycross.com\/wp-content\/uploads\/2025\/07\/strategic-plan-thumbnail-12x12.png 12w, https:\/\/www.holycross.com\/wp-content\/uploads\/2025\/07\/strategic-plan-thumbnail-570x570.png 570w, https:\/\/www.holycross.com\/wp-content\/uploads\/2025\/07\/strategic-plan-thumbnail-500x500.png 500w\" sizes=\"(max-width: 600px) 100vw, 600px\" \/>\t\t\t\t\t\t\t\t<\/a>\n\t\t\t\t\t\t\t\t\t\t\t\t\t\t\t<\/div>\n\t\t\t\t<\/div>\n\t\t\t\t<div class=\"elementor-element elementor-element-15fd0ae animated-slow elementor-widget elementor-widget-text-editor\" data-id=\"15fd0ae\" data-element_type=\"widget\" data-settings=\"{&quot;_animation&quot;:&quot;none&quot;,&quot;_animation_delay&quot;:400}\" data-widget_type=\"text-editor.default\">\n\t\t\t\t<div class=\"elementor-widget-container\">\n\t\t\t\t\t\t\t\t\t<p><a href=\"https:\/\/www.holycross.com\/wp-content\/uploads\/2025\/07\/HCE-Strategic-Plan-January-2025.pdf\" target=\"_blank\" rel=\"noopener\">Plan estrat\u00e9gico<br \/>Actualizado en enero de 2025 (PDF)<\/a><\/p>\t\t\t\t\t\t\t\t<\/div>\n\t\t\t\t<\/div>\n\t\t\t\t\t<\/div>\n\t\t<\/div>\n\t\t\t\t\t<\/div>\n\t\t<\/section>\n\t\t\t\t\t<\/div>\n\t\t<\/div>\n\t\t\t\t\t<\/div>\n\t\t<\/section>\n\t\t\t\t<\/div>","protected":false},"excerpt":{"rendered":"<p>Resumen ejecutivo del plan estrat\u00e9gico Durante m\u00e1s de 80 a\u00f1os, Holy Cross Energy (HCE) ha proporcionado electricidad confiable y asequible de manera segura a sus miembros y sus comunidades. A medida que comienza una nueva d\u00e9cada, los cambios en la tecnolog\u00eda el\u00e9ctrica y las nuevas y crecientes demandas de los consumidores brindan oportunidades y\u2026<\/p>","protected":false},"author":1,"featured_media":52667,"parent":35732,"menu_order":0,"comment_status":"closed","ping_status":"closed","template":"elementor_header_footer","meta":{"_acf_changed":false,"footnotes":""},"class_list":["post-35756","page","type-page","status-publish","has-post-thumbnail","hentry"],"acf":[],"yoast_head":"<!-- This site is optimized with the Yoast SEO plugin v22.8 - https:\/\/yoast.com\/wordpress\/plugins\/seo\/ -->\n<title>Strategic plan - Holy Cross Energy<\/title>\n<meta name=\"robots\" content=\"index, follow, max-snippet:-1, max-image-preview:large, max-video-preview:-1\" \/>\n<link rel=\"canonical\" href=\"https:\/\/www.holycross.com\/es\/about-us\/strategic-plan\/\" \/>\n<meta property=\"og:locale\" content=\"es_MX\" \/>\n<meta property=\"og:type\" content=\"article\" \/>\n<meta property=\"og:title\" content=\"Strategic plan - Holy Cross Energy\" \/>\n<meta property=\"og:description\" content=\"Strategic Plan Executive Summary For more than 80 years, Holy Cross Energy (HCE) has safely provided reliable and affordable electricity to its members and their communities. As a new decade begins, changes in electricity technology and new and increasing consumer demands bring both opportunities and...\" \/>\n<meta property=\"og:url\" content=\"https:\/\/www.holycross.com\/es\/about-us\/strategic-plan\/\" \/>\n<meta property=\"og:site_name\" content=\"Holy Cross Energy\" \/>\n<meta property=\"article:modified_time\" content=\"2025-07-24T16:31:55+00:00\" \/>\n<meta property=\"og:image\" content=\"https:\/\/www.holycross.com\/wp-content\/uploads\/2025\/07\/strategic-plan-thumbnail.png\" \/>\n\t<meta property=\"og:image:width\" content=\"600\" \/>\n\t<meta property=\"og:image:height\" content=\"600\" \/>\n\t<meta property=\"og:image:type\" content=\"image\/png\" \/>\n<meta name=\"twitter:card\" content=\"summary_large_image\" \/>\n<meta name=\"twitter:label1\" content=\"Tiempo de lectura\" \/>\n\t<meta name=\"twitter:data1\" content=\"1 minuto\" \/>\n<script type=\"application\/ld+json\" class=\"yoast-schema-graph\">{\"@context\":\"https:\/\/schema.org\",\"@graph\":[{\"@type\":\"WebPage\",\"@id\":\"https:\/\/www.holycross.com\/about-us\/strategic-plan\",\"url\":\"https:\/\/www.holycross.com\/about-us\/strategic-plan\",\"name\":\"Strategic plan - Holy Cross Energy\",\"isPartOf\":{\"@id\":\"https:\/\/www.holycross.com\/#website\"},\"primaryImageOfPage\":{\"@id\":\"https:\/\/www.holycross.com\/about-us\/strategic-plan#primaryimage\"},\"image\":{\"@id\":\"https:\/\/www.holycross.com\/about-us\/strategic-plan#primaryimage\"},\"thumbnailUrl\":\"https:\/\/www.holycross.com\/wp-content\/uploads\/2025\/07\/strategic-plan-thumbnail.png\",\"datePublished\":\"2023-01-17T17:18:39+00:00\",\"dateModified\":\"2025-07-24T16:31:55+00:00\",\"breadcrumb\":{\"@id\":\"https:\/\/www.holycross.com\/about-us\/strategic-plan#breadcrumb\"},\"inLanguage\":\"es\",\"potentialAction\":[{\"@type\":\"ReadAction\",\"target\":[\"https:\/\/www.holycross.com\/about-us\/strategic-plan\"]}]},{\"@type\":\"ImageObject\",\"inLanguage\":\"es\",\"@id\":\"https:\/\/www.holycross.com\/about-us\/strategic-plan#primaryimage\",\"url\":\"https:\/\/www.holycross.com\/wp-content\/uploads\/2025\/07\/strategic-plan-thumbnail.png\",\"contentUrl\":\"https:\/\/www.holycross.com\/wp-content\/uploads\/2025\/07\/strategic-plan-thumbnail.png\",\"width\":600,\"height\":600},{\"@type\":\"BreadcrumbList\",\"@id\":\"https:\/\/www.holycross.com\/about-us\/strategic-plan#breadcrumb\",\"itemListElement\":[{\"@type\":\"ListItem\",\"position\":1,\"name\":\"Home\",\"item\":\"https:\/\/www.holycross.com\/\"},{\"@type\":\"ListItem\",\"position\":2,\"name\":\"ABOUT US\",\"item\":\"https:\/\/www.holycross.com\/about-us\"},{\"@type\":\"ListItem\",\"position\":3,\"name\":\"Strategic plan\"}]},{\"@type\":\"WebSite\",\"@id\":\"https:\/\/www.holycross.com\/#website\",\"url\":\"https:\/\/www.holycross.com\/\",\"name\":\"Holy Cross Energy\",\"description\":\"\",\"publisher\":{\"@id\":\"https:\/\/www.holycross.com\/#organization\"},\"potentialAction\":[{\"@type\":\"SearchAction\",\"target\":{\"@type\":\"EntryPoint\",\"urlTemplate\":\"https:\/\/www.holycross.com\/?s={search_term_string}\"},\"query-input\":\"required name=search_term_string\"}],\"inLanguage\":\"es\"},{\"@type\":\"Organization\",\"@id\":\"https:\/\/www.holycross.com\/#organization\",\"name\":\"Holy Cross Energy\",\"url\":\"https:\/\/www.holycross.com\/\",\"logo\":{\"@type\":\"ImageObject\",\"inLanguage\":\"es\",\"@id\":\"https:\/\/www.holycross.com\/#\/schema\/logo\/image\/\",\"url\":\"https:\/\/www.holycross.com\/wp-content\/uploads\/2022\/07\/HCE-NEW-LOGO-GREEN.png\",\"contentUrl\":\"https:\/\/www.holycross.com\/wp-content\/uploads\/2022\/07\/HCE-NEW-LOGO-GREEN.png\",\"width\":288,\"height\":288,\"caption\":\"Holy Cross Energy\"},\"image\":{\"@id\":\"https:\/\/www.holycross.com\/#\/schema\/logo\/image\/\"}}]}<\/script>\n<!-- \/ Yoast SEO plugin. -->","yoast_head_json":{"title":"Plan estrat\u00e9gico - Holy Cross Energy","robots":{"index":"index","follow":"follow","max-snippet":"max-snippet:-1","max-image-preview":"max-image-preview:large","max-video-preview":"max-video-preview:-1"},"canonical":"https:\/\/www.holycross.com\/es\/about-us\/strategic-plan\/","og_locale":"es_MX","og_type":"article","og_title":"Strategic plan - Holy Cross Energy","og_description":"Strategic Plan Executive Summary For more than 80 years, Holy Cross Energy (HCE) has safely provided reliable and affordable electricity to its members and their communities. As a new decade begins, changes in electricity technology and new and increasing consumer demands bring both opportunities and...","og_url":"https:\/\/www.holycross.com\/es\/about-us\/strategic-plan\/","og_site_name":"Holy Cross Energy","article_modified_time":"2025-07-24T16:31:55+00:00","og_image":[{"width":600,"height":600,"url":"https:\/\/www.holycross.com\/wp-content\/uploads\/2025\/07\/strategic-plan-thumbnail.png","type":"image\/png"}],"twitter_card":"summary_large_image","twitter_misc":{"Tiempo de lectura":"1 minuto"},"schema":{"@context":"https:\/\/schema.org","@graph":[{"@type":"WebPage","@id":"https:\/\/www.holycross.com\/about-us\/strategic-plan","url":"https:\/\/www.holycross.com\/about-us\/strategic-plan","name":"Plan estrat\u00e9gico - Holy Cross Energy","isPartOf":{"@id":"https:\/\/www.holycross.com\/#website"},"primaryImageOfPage":{"@id":"https:\/\/www.holycross.com\/about-us\/strategic-plan#primaryimage"},"image":{"@id":"https:\/\/www.holycross.com\/about-us\/strategic-plan#primaryimage"},"thumbnailUrl":"https:\/\/www.holycross.com\/wp-content\/uploads\/2025\/07\/strategic-plan-thumbnail.png","datePublished":"2023-01-17T17:18:39+00:00","dateModified":"2025-07-24T16:31:55+00:00","breadcrumb":{"@id":"https:\/\/www.holycross.com\/about-us\/strategic-plan#breadcrumb"},"inLanguage":"es","potentialAction":[{"@type":"ReadAction","target":["https:\/\/www.holycross.com\/about-us\/strategic-plan"]}]},{"@type":"ImageObject","inLanguage":"es","@id":"https:\/\/www.holycross.com\/about-us\/strategic-plan#primaryimage","url":"https:\/\/www.holycross.com\/wp-content\/uploads\/2025\/07\/strategic-plan-thumbnail.png","contentUrl":"https:\/\/www.holycross.com\/wp-content\/uploads\/2025\/07\/strategic-plan-thumbnail.png","width":600,"height":600},{"@type":"BreadcrumbList","@id":"https:\/\/www.holycross.com\/about-us\/strategic-plan#breadcrumb","itemListElement":[{"@type":"ListItem","position":1,"name":"Home","item":"https:\/\/www.holycross.com\/"},{"@type":"ListItem","position":2,"name":"ABOUT US","item":"https:\/\/www.holycross.com\/about-us"},{"@type":"ListItem","position":3,"name":"Strategic plan"}]},{"@type":"WebSite","@id":"https:\/\/www.holycross.com\/#website","url":"https:\/\/www.holycross.com\/","name":"Holy Cross Energy","description":"","publisher":{"@id":"https:\/\/www.holycross.com\/#organization"},"potentialAction":[{"@type":"SearchAction","target":{"@type":"EntryPoint","urlTemplate":"https:\/\/www.holycross.com\/?s={search_term_string}"},"query-input":"required name=search_term_string"}],"inLanguage":"es"},{"@type":"Organization","@id":"https:\/\/www.holycross.com\/#organization","name":"Holy Cross Energy","url":"https:\/\/www.holycross.com\/","logo":{"@type":"ImageObject","inLanguage":"es","@id":"https:\/\/www.holycross.com\/#\/schema\/logo\/image\/","url":"https:\/\/www.holycross.com\/wp-content\/uploads\/2022\/07\/HCE-NEW-LOGO-GREEN.png","contentUrl":"https:\/\/www.holycross.com\/wp-content\/uploads\/2022\/07\/HCE-NEW-LOGO-GREEN.png","width":288,"height":288,"caption":"Holy Cross Energy"},"image":{"@id":"https:\/\/www.holycross.com\/#\/schema\/logo\/image\/"}}]}},"_links":{"self":[{"href":"https:\/\/www.holycross.com\/es\/wp-json\/wp\/v2\/pages\/35756","targetHints":{"allow":["GET"]}}],"collection":[{"href":"https:\/\/www.holycross.com\/es\/wp-json\/wp\/v2\/pages"}],"about":[{"href":"https:\/\/www.holycross.com\/es\/wp-json\/wp\/v2\/types\/page"}],"author":[{"embeddable":true,"href":"https:\/\/www.holycross.com\/es\/wp-json\/wp\/v2\/users\/1"}],"replies":[{"embeddable":true,"href":"https:\/\/www.holycross.com\/es\/wp-json\/wp\/v2\/comments?post=35756"}],"version-history":[{"count":42,"href":"https:\/\/www.holycross.com\/es\/wp-json\/wp\/v2\/pages\/35756\/revisions"}],"predecessor-version":[{"id":52687,"href":"https:\/\/www.holycross.com\/es\/wp-json\/wp\/v2\/pages\/35756\/revisions\/52687"}],"up":[{"embeddable":true,"href":"https:\/\/www.holycross.com\/es\/wp-json\/wp\/v2\/pages\/35732"}],"wp:featuredmedia":[{"embeddable":true,"href":"https:\/\/www.holycross.com\/es\/wp-json\/wp\/v2\/media\/52667"}],"wp:attachment":[{"href":"https:\/\/www.holycross.com\/es\/wp-json\/wp\/v2\/media?parent=35756"}],"curies":[{"name":"wp","href":"https:\/\/api.w.org\/{rel}","templated":true}]}}