{"id":35550,"date":"2023-01-16T16:38:21","date_gmt":"2023-01-16T16:38:21","guid":{"rendered":"https:\/\/holycross.com\/?page_id=35550"},"modified":"2025-02-26T08:29:11","modified_gmt":"2025-02-26T15:29:11","slug":"business-services","status":"publish","type":"page","link":"https:\/\/www.holycross.com\/es\/account-services\/services\/business-services","title":{"rendered":"Servicios de negocios"},"content":{"rendered":"<div data-elementor-type=\"wp-page\" data-elementor-id=\"35550\" class=\"elementor elementor-35550\" data-elementor-post-type=\"page\">\n\t\t\t\t\t\t<section class=\"elementor-section elementor-top-section elementor-element elementor-element-030f64b elementor-section-items-stretch elementor-section-content-middle elementor-section-height-min-height elementor-section-boxed elementor-section-height-default parallax_section_no qode_elementor_container_no\" data-id=\"030f64b\" data-element_type=\"section\" data-settings=\"{&quot;background_background&quot;:&quot;classic&quot;}\">\n\t\t\t\t\t\t\t<div class=\"elementor-background-overlay\"><\/div>\n\t\t\t\t\t\t\t<div class=\"elementor-container elementor-column-gap-no\">\n\t\t\t\t\t<div class=\"elementor-column elementor-col-100 elementor-top-column elementor-element elementor-element-d44dc9b\" data-id=\"d44dc9b\" data-element_type=\"column\">\n\t\t\t<div class=\"elementor-widget-wrap elementor-element-populated\">\n\t\t\t\t\t\t<div class=\"elementor-element elementor-element-592bf91 elementor-widget elementor-widget-heading\" data-id=\"592bf91\" data-element_type=\"widget\" data-widget_type=\"heading.default\">\n\t\t\t\t<div class=\"elementor-widget-container\">\n\t\t\t\t\t<h2 class=\"elementor-heading-title elementor-size-default\">Servicios comerciales<\/h2>\t\t\t\t<\/div>\n\t\t\t\t<\/div>\n\t\t\t\t\t<\/div>\n\t\t<\/div>\n\t\t\t\t\t<\/div>\n\t\t<\/section>\n\t\t\t\t<section class=\"elementor-section elementor-top-section elementor-element elementor-element-3f29e77 elementor-section-boxed elementor-section-height-default elementor-section-height-default parallax_section_no qode_elementor_container_no\" data-id=\"3f29e77\" data-element_type=\"section\" data-settings=\"{&quot;background_background&quot;:&quot;classic&quot;}\">\n\t\t\t\t\t\t\t<div class=\"elementor-background-overlay\"><\/div>\n\t\t\t\t\t\t\t<div class=\"elementor-container elementor-column-gap-default\">\n\t\t\t\t\t<div class=\"elementor-column elementor-col-50 elementor-top-column elementor-element elementor-element-6be32a39\" data-id=\"6be32a39\" data-element_type=\"column\">\n\t\t\t<div class=\"elementor-widget-wrap elementor-element-populated\">\n\t\t\t\t\t\t<div class=\"elementor-element elementor-element-c709da9 animated-slow elementor-invisible elementor-widget elementor-widget-heading\" data-id=\"c709da9\" data-element_type=\"widget\" data-settings=\"{&quot;_animation&quot;:&quot;fadeIn&quot;,&quot;_animation_delay&quot;:100}\" data-widget_type=\"heading.default\">\n\t\t\t\t<div class=\"elementor-widget-container\">\n\t\t\t\t\t<h4 class=\"elementor-heading-title elementor-size-default\">As\u00f3ciese con nosotros para lograr los objetivos energ\u00e9ticos de su negocio.<\/h4>\t\t\t\t<\/div>\n\t\t\t\t<\/div>\n\t\t\t\t<div class=\"elementor-element elementor-element-2cbb904 animated-slow elementor-invisible elementor-widget elementor-widget-text-editor\" data-id=\"2cbb904\" data-element_type=\"widget\" data-settings=\"{&quot;_animation&quot;:&quot;fadeIn&quot;,&quot;_animation_delay&quot;:400}\" data-widget_type=\"text-editor.default\">\n\t\t\t\t<div class=\"elementor-widget-container\">\n\t\t\t\t\t\t\t\t\t<p>Nuestros asesores est\u00e1n listos para ayudarlo con todas las necesidades energ\u00e9ticas de su negocio y est\u00e1n a solo una llamada de distancia. Nuestros servicios para cuentas comerciales incluyen:<\/p><ul><li><a href=\"\/account-services\/services\/business-services\/community-energy-systems\" target=\"_blank\" rel=\"noopener\" data-uw-rm-brl=\"PR\" data-uw-original-href=\"https:\/\/www.holycross.com\/account-services\/services\/business-services\/community-energy-systems\" aria-label=\"Orientaci\u00f3n y asesoramiento sobre sistemas de energ\u00eda comunitaria (CES): abrir en una nueva pesta\u00f1a\" data-uw-rm-ext-link=\"\">Orientaci\u00f3n y asesoramiento sobre sistemas de energ\u00eda comunitarios (CES)\u00a0<\/a><\/li><li><a style=\"font-family: var( --e-global-typography-text-font-family ), Sans-serif;\" href=\"https:\/\/www.holycross.com\/account-services\/services\/service-requests\/benchmarking\" data-uw-rm-brl=\"PR\" data-uw-original-href=\"https:\/\/www.holycross.com\/account-services\/services\/service-requests\/benchmarking\">Creaci\u00f3n de soporte para datos de evaluaci\u00f3n comparativa<\/a><span style=\"color: var( --e-global-color-text ); font-family: var( --e-global-typography-text-font-family ), Sans-serif; letter-spacing: 0px;\">\u00a0<\/span><\/li><li>Programas, servicios y ahorros empresariales<\/li><li><a href=\"https:\/\/www.holycross.com\/member-programs\/energy-efficiency-and-rebates\" data-uw-rm-brl=\"PR\" data-uw-original-href=\"https:\/\/www.holycross.com\/member-programs\/energy-efficiency-and-rebates\">Reembolsos de equipos<\/a><\/li><li><a href=\"https:\/\/www.holycross.com\/member-programs\" data-uw-rm-brl=\"PR\" data-uw-original-href=\"https:\/\/www.holycross.com\/member-programs\">Programas de ahorro de costos y respuesta a la demanda.<\/a>\u00a0<\/li><li>Programas de construcci\u00f3n<span class=\"Apple-converted-space\">\u00a0<\/span><\/li><li><a href=\"https:\/\/www.holycross.com\/member-programs\/charge-at-work\" data-uw-rm-brl=\"PR\" data-uw-original-href=\"https:\/\/www.holycross.com\/member-programs\/charge-at-work\">Asistencia para la carga de veh\u00edculos el\u00e9ctricos &gt;<\/a><\/li><\/ul>\t\t\t\t\t\t\t\t<\/div>\n\t\t\t\t<\/div>\n\t\t\t\t\t<\/div>\n\t\t<\/div>\n\t\t\t\t<div class=\"elementor-column elementor-col-50 elementor-top-column elementor-element elementor-element-1a52dcfb\" data-id=\"1a52dcfb\" data-element_type=\"column\">\n\t\t\t<div class=\"elementor-widget-wrap elementor-element-populated\">\n\t\t\t\t\t\t<section class=\"elementor-section elementor-inner-section elementor-element elementor-element-1b771453 animated-slow elementor-section-boxed elementor-section-height-default elementor-section-height-default parallax_section_no qode_elementor_container_no elementor-invisible\" data-id=\"1b771453\" data-element_type=\"section\" data-settings=\"{&quot;background_background&quot;:&quot;classic&quot;,&quot;animation&quot;:&quot;fadeInRight&quot;,&quot;animation_delay&quot;:300}\">\n\t\t\t\t\t\t<div class=\"elementor-container elementor-column-gap-default\">\n\t\t\t\t\t<div class=\"elementor-column elementor-col-100 elementor-inner-column elementor-element elementor-element-113d7fb9\" data-id=\"113d7fb9\" data-element_type=\"column\">\n\t\t\t<div class=\"elementor-widget-wrap elementor-element-populated\">\n\t\t\t\t\t\t<div class=\"elementor-element elementor-element-e714c0b elementor-widget elementor-widget-image\" data-id=\"e714c0b\" data-element_type=\"widget\" data-widget_type=\"image.default\">\n\t\t\t\t<div class=\"elementor-widget-container\">\n\t\t\t\t\t\t\t\t\t\t\t\t\t\t\t<img decoding=\"async\" width=\"100\" height=\"100\" src=\"https:\/\/www.holycross.com\/wp-content\/uploads\/2022\/11\/HCE_Icons_2.png\" class=\"attachment-large size-large wp-image-2040\" alt=\"\" \/>\t\t\t\t\t\t\t\t\t\t\t\t\t\t\t<\/div>\n\t\t\t\t<\/div>\n\t\t\t\t<div class=\"elementor-element elementor-element-5e92c596 elementor-widget elementor-widget-heading\" data-id=\"5e92c596\" data-element_type=\"widget\" data-settings=\"{&quot;_animation&quot;:&quot;none&quot;,&quot;_animation_delay&quot;:200}\" data-widget_type=\"heading.default\">\n\t\t\t\t<div class=\"elementor-widget-container\">\n\t\t\t\t\t<h5 class=\"elementor-heading-title elementor-size-default\"><a href=\"\/bill\">\u00a1Charlemos! P\u00f3ngase en contacto con nuestro equipo de Relaciones Comunitarias para obtener m\u00e1s informaci\u00f3n.<\/a><\/h5>\t\t\t\t<\/div>\n\t\t\t\t<\/div>\n\t\t\t\t<div class=\"elementor-element elementor-element-ba9824f elementor-align-center elementor-mobile-align-left animated-slow elementor-widget__width-initial elementor-invisible elementor-widget elementor-widget-button\" data-id=\"ba9824f\" data-element_type=\"widget\" data-settings=\"{&quot;_animation&quot;:&quot;fadeIn&quot;,&quot;_animation_delay&quot;:800}\" data-widget_type=\"button.default\">\n\t\t\t\t<div class=\"elementor-widget-container\">\n\t\t\t\t\t\t\t\t\t<div class=\"elementor-button-wrapper\">\n\t\t\t\t\t<a class=\"elementor-button elementor-button-link elementor-size-sm\" href=\"\/contact\">\n\t\t\t\t\t\t<span class=\"elementor-button-content-wrapper\">\n\t\t\t\t\t\t\t\t\t<span class=\"elementor-button-text\">Cont\u00e1ctenos<\/span>\n\t\t\t\t\t<\/span>\n\t\t\t\t\t<\/a>\n\t\t\t\t<\/div>\n\t\t\t\t\t\t\t\t<\/div>\n\t\t\t\t<\/div>\n\t\t\t\t\t<\/div>\n\t\t<\/div>\n\t\t\t\t\t<\/div>\n\t\t<\/section>\n\t\t\t\t\t<\/div>\n\t\t<\/div>\n\t\t\t\t\t<\/div>\n\t\t<\/section>\n\t\t\t\t<section class=\"elementor-section elementor-top-section elementor-element elementor-element-8be6cf3 elementor-section-boxed elementor-section-height-default elementor-section-height-default parallax_section_no qode_elementor_container_no\" data-id=\"8be6cf3\" data-element_type=\"section\">\n\t\t\t\t\t\t<div class=\"elementor-container elementor-column-gap-default\">\n\t\t\t\t\t<div class=\"elementor-column elementor-col-100 elementor-top-column elementor-element elementor-element-c0b02e5\" data-id=\"c0b02e5\" data-element_type=\"column\">\n\t\t\t<div class=\"elementor-widget-wrap\">\n\t\t\t\t\t\t\t<\/div>\n\t\t<\/div>\n\t\t\t\t\t<\/div>\n\t\t<\/section>\n\t\t\t\t<\/div>","protected":false},"excerpt":{"rendered":"<p>Servicios Comerciales. Colabore con nosotros para alcanzar los objetivos energ\u00e9ticos de su negocio. Nuestros asesores est\u00e1n listos para ayudarle con todas sus necesidades energ\u00e9ticas, y est\u00e1n a solo una llamada. Nuestros servicios para cuentas comerciales incluyen: asesoramiento y orientaci\u00f3n sobre Sistemas de Energ\u00eda Comunitaria (CES), evaluaci\u00f3n comparativa de edificios\u2026<\/p>","protected":false},"author":1,"featured_media":0,"parent":366,"menu_order":0,"comment_status":"closed","ping_status":"closed","template":"elementor_header_footer","meta":{"_acf_changed":false,"footnotes":""},"class_list":["post-35550","page","type-page","status-publish","hentry"],"acf":[],"yoast_head":"<!-- This site is optimized with the Yoast SEO plugin v22.8 - https:\/\/yoast.com\/wordpress\/plugins\/seo\/ -->\n<title>Business services - Holy Cross Energy<\/title>\n<meta name=\"robots\" content=\"index, follow, max-snippet:-1, max-image-preview:large, max-video-preview:-1\" \/>\n<link rel=\"canonical\" href=\"https:\/\/www.holycross.com\/es\/account-services\/services\/business-services\/\" \/>\n<meta property=\"og:locale\" content=\"es_MX\" \/>\n<meta property=\"og:type\" content=\"article\" \/>\n<meta property=\"og:title\" content=\"Business services - Holy Cross Energy\" \/>\n<meta property=\"og:description\" content=\"Commercial Services Partner with us to achieve your business&#8217; energy goals. Our advisors are ready to help with all your business energy needs, and they&#8217;re only a phone call away. Our services for commercial accounts include: Community Energy Systems (CES) guidance and advisement\u00a0 Building benchmarking...\" \/>\n<meta property=\"og:url\" content=\"https:\/\/www.holycross.com\/es\/account-services\/services\/business-services\/\" \/>\n<meta property=\"og:site_name\" content=\"Holy Cross Energy\" \/>\n<meta property=\"article:modified_time\" content=\"2025-02-26T15:29:11+00:00\" \/>\n<meta property=\"og:image\" content=\"https:\/\/www.holycross.com\/wp-content\/uploads\/2022\/11\/HCE_Icons_2.png\" \/>\n<meta name=\"twitter:card\" content=\"summary_large_image\" \/>\n<meta name=\"twitter:label1\" content=\"Tiempo de lectura\" \/>\n\t<meta name=\"twitter:data1\" content=\"1 minuto\" \/>\n<script type=\"application\/ld+json\" class=\"yoast-schema-graph\">{\"@context\":\"https:\/\/schema.org\",\"@graph\":[{\"@type\":\"WebPage\",\"@id\":\"https:\/\/www.holycross.com\/account-services\/services\/business-services\",\"url\":\"https:\/\/www.holycross.com\/account-services\/services\/business-services\",\"name\":\"Business services - Holy Cross Energy\",\"isPartOf\":{\"@id\":\"https:\/\/www.holycross.com\/#website\"},\"primaryImageOfPage\":{\"@id\":\"https:\/\/www.holycross.com\/account-services\/services\/business-services#primaryimage\"},\"image\":{\"@id\":\"https:\/\/www.holycross.com\/account-services\/services\/business-services#primaryimage\"},\"thumbnailUrl\":\"https:\/\/www.holycross.com\/wp-content\/uploads\/2022\/11\/HCE_Icons_2.png\",\"datePublished\":\"2023-01-16T16:38:21+00:00\",\"dateModified\":\"2025-02-26T15:29:11+00:00\",\"breadcrumb\":{\"@id\":\"https:\/\/www.holycross.com\/account-services\/services\/business-services#breadcrumb\"},\"inLanguage\":\"es\",\"potentialAction\":[{\"@type\":\"ReadAction\",\"target\":[\"https:\/\/www.holycross.com\/account-services\/services\/business-services\"]}]},{\"@type\":\"ImageObject\",\"inLanguage\":\"es\",\"@id\":\"https:\/\/www.holycross.com\/account-services\/services\/business-services#primaryimage\",\"url\":\"https:\/\/www.holycross.com\/wp-content\/uploads\/2022\/11\/HCE_Icons_2.png\",\"contentUrl\":\"https:\/\/www.holycross.com\/wp-content\/uploads\/2022\/11\/HCE_Icons_2.png\"},{\"@type\":\"BreadcrumbList\",\"@id\":\"https:\/\/www.holycross.com\/account-services\/services\/business-services#breadcrumb\",\"itemListElement\":[{\"@type\":\"ListItem\",\"position\":1,\"name\":\"Home\",\"item\":\"https:\/\/www.holycross.com\/\"},{\"@type\":\"ListItem\",\"position\":2,\"name\":\"ACCOUNT SERVICES\",\"item\":\"https:\/\/www.holycross.com\/account-services\"},{\"@type\":\"ListItem\",\"position\":3,\"name\":\"SERVICES\",\"item\":\"https:\/\/www.holycross.com\/account-services\/services\"},{\"@type\":\"ListItem\",\"position\":4,\"name\":\"Business services\"}]},{\"@type\":\"WebSite\",\"@id\":\"https:\/\/www.holycross.com\/#website\",\"url\":\"https:\/\/www.holycross.com\/\",\"name\":\"Holy Cross Energy\",\"description\":\"\",\"publisher\":{\"@id\":\"https:\/\/www.holycross.com\/#organization\"},\"potentialAction\":[{\"@type\":\"SearchAction\",\"target\":{\"@type\":\"EntryPoint\",\"urlTemplate\":\"https:\/\/www.holycross.com\/?s={search_term_string}\"},\"query-input\":\"required name=search_term_string\"}],\"inLanguage\":\"es\"},{\"@type\":\"Organization\",\"@id\":\"https:\/\/www.holycross.com\/#organization\",\"name\":\"Holy Cross Energy\",\"url\":\"https:\/\/www.holycross.com\/\",\"logo\":{\"@type\":\"ImageObject\",\"inLanguage\":\"es\",\"@id\":\"https:\/\/www.holycross.com\/#\/schema\/logo\/image\/\",\"url\":\"https:\/\/www.holycross.com\/wp-content\/uploads\/2022\/07\/HCE-NEW-LOGO-GREEN.png\",\"contentUrl\":\"https:\/\/www.holycross.com\/wp-content\/uploads\/2022\/07\/HCE-NEW-LOGO-GREEN.png\",\"width\":288,\"height\":288,\"caption\":\"Holy Cross Energy\"},\"image\":{\"@id\":\"https:\/\/www.holycross.com\/#\/schema\/logo\/image\/\"}}]}<\/script>\n<!-- \/ Yoast SEO plugin. -->","yoast_head_json":{"title":"Servicios empresariales - Holy Cross Energy","robots":{"index":"index","follow":"follow","max-snippet":"max-snippet:-1","max-image-preview":"max-image-preview:large","max-video-preview":"max-video-preview:-1"},"canonical":"https:\/\/www.holycross.com\/es\/account-services\/services\/business-services\/","og_locale":"es_MX","og_type":"article","og_title":"Business services - Holy Cross Energy","og_description":"Commercial Services Partner with us to achieve your business&#8217; energy goals. Our advisors are ready to help with all your business energy needs, and they&#8217;re only a phone call away. Our services for commercial accounts include: Community Energy Systems (CES) guidance and advisement\u00a0 Building benchmarking...","og_url":"https:\/\/www.holycross.com\/es\/account-services\/services\/business-services\/","og_site_name":"Holy Cross Energy","article_modified_time":"2025-02-26T15:29:11+00:00","og_image":[{"url":"https:\/\/www.holycross.com\/wp-content\/uploads\/2022\/11\/HCE_Icons_2.png"}],"twitter_card":"summary_large_image","twitter_misc":{"Tiempo de lectura":"1 minuto"},"schema":{"@context":"https:\/\/schema.org","@graph":[{"@type":"WebPage","@id":"https:\/\/www.holycross.com\/account-services\/services\/business-services","url":"https:\/\/www.holycross.com\/account-services\/services\/business-services","name":"Servicios empresariales - Holy Cross Energy","isPartOf":{"@id":"https:\/\/www.holycross.com\/#website"},"primaryImageOfPage":{"@id":"https:\/\/www.holycross.com\/account-services\/services\/business-services#primaryimage"},"image":{"@id":"https:\/\/www.holycross.com\/account-services\/services\/business-services#primaryimage"},"thumbnailUrl":"https:\/\/www.holycross.com\/wp-content\/uploads\/2022\/11\/HCE_Icons_2.png","datePublished":"2023-01-16T16:38:21+00:00","dateModified":"2025-02-26T15:29:11+00:00","breadcrumb":{"@id":"https:\/\/www.holycross.com\/account-services\/services\/business-services#breadcrumb"},"inLanguage":"es","potentialAction":[{"@type":"ReadAction","target":["https:\/\/www.holycross.com\/account-services\/services\/business-services"]}]},{"@type":"ImageObject","inLanguage":"es","@id":"https:\/\/www.holycross.com\/account-services\/services\/business-services#primaryimage","url":"https:\/\/www.holycross.com\/wp-content\/uploads\/2022\/11\/HCE_Icons_2.png","contentUrl":"https:\/\/www.holycross.com\/wp-content\/uploads\/2022\/11\/HCE_Icons_2.png"},{"@type":"BreadcrumbList","@id":"https:\/\/www.holycross.com\/account-services\/services\/business-services#breadcrumb","itemListElement":[{"@type":"ListItem","position":1,"name":"Home","item":"https:\/\/www.holycross.com\/"},{"@type":"ListItem","position":2,"name":"ACCOUNT SERVICES","item":"https:\/\/www.holycross.com\/account-services"},{"@type":"ListItem","position":3,"name":"SERVICES","item":"https:\/\/www.holycross.com\/account-services\/services"},{"@type":"ListItem","position":4,"name":"Business services"}]},{"@type":"WebSite","@id":"https:\/\/www.holycross.com\/#website","url":"https:\/\/www.holycross.com\/","name":"Holy Cross Energy","description":"","publisher":{"@id":"https:\/\/www.holycross.com\/#organization"},"potentialAction":[{"@type":"SearchAction","target":{"@type":"EntryPoint","urlTemplate":"https:\/\/www.holycross.com\/?s={search_term_string}"},"query-input":"required name=search_term_string"}],"inLanguage":"es"},{"@type":"Organization","@id":"https:\/\/www.holycross.com\/#organization","name":"Holy Cross Energy","url":"https:\/\/www.holycross.com\/","logo":{"@type":"ImageObject","inLanguage":"es","@id":"https:\/\/www.holycross.com\/#\/schema\/logo\/image\/","url":"https:\/\/www.holycross.com\/wp-content\/uploads\/2022\/07\/HCE-NEW-LOGO-GREEN.png","contentUrl":"https:\/\/www.holycross.com\/wp-content\/uploads\/2022\/07\/HCE-NEW-LOGO-GREEN.png","width":288,"height":288,"caption":"Holy Cross Energy"},"image":{"@id":"https:\/\/www.holycross.com\/#\/schema\/logo\/image\/"}}]}},"_links":{"self":[{"href":"https:\/\/www.holycross.com\/es\/wp-json\/wp\/v2\/pages\/35550","targetHints":{"allow":["GET"]}}],"collection":[{"href":"https:\/\/www.holycross.com\/es\/wp-json\/wp\/v2\/pages"}],"about":[{"href":"https:\/\/www.holycross.com\/es\/wp-json\/wp\/v2\/types\/page"}],"author":[{"embeddable":true,"href":"https:\/\/www.holycross.com\/es\/wp-json\/wp\/v2\/users\/1"}],"replies":[{"embeddable":true,"href":"https:\/\/www.holycross.com\/es\/wp-json\/wp\/v2\/comments?post=35550"}],"version-history":[{"count":60,"href":"https:\/\/www.holycross.com\/es\/wp-json\/wp\/v2\/pages\/35550\/revisions"}],"predecessor-version":[{"id":50772,"href":"https:\/\/www.holycross.com\/es\/wp-json\/wp\/v2\/pages\/35550\/revisions\/50772"}],"up":[{"embeddable":true,"href":"https:\/\/www.holycross.com\/es\/wp-json\/wp\/v2\/pages\/366"}],"wp:attachment":[{"href":"https:\/\/www.holycross.com\/es\/wp-json\/wp\/v2\/media?parent=35550"}],"curies":[{"name":"wp","href":"https:\/\/api.w.org\/{rel}","templated":true}]}}