{"id":35459,"date":"2023-01-16T16:01:20","date_gmt":"2023-01-16T16:01:20","guid":{"rendered":"https:\/\/holycross.com\/?page_id=35459"},"modified":"2024-03-04T18:32:35","modified_gmt":"2024-03-04T18:32:35","slug":"kids-safety","status":"publish","type":"page","link":"https:\/\/www.holycross.com\/es\/community\/safety\/kids-safety","title":{"rendered":"Seguridad de los ni\u00f1os"},"content":{"rendered":"<div data-elementor-type=\"wp-page\" data-elementor-id=\"35459\" class=\"elementor elementor-35459\" data-elementor-post-type=\"page\">\n\t\t\t\t\t\t<section class=\"elementor-section elementor-top-section elementor-element elementor-element-8ee4910 elementor-section-items-stretch elementor-section-content-middle elementor-section-height-min-height elementor-section-boxed elementor-section-height-default parallax_section_no qode_elementor_container_no\" data-id=\"8ee4910\" data-element_type=\"section\" data-e-type=\"section\" data-settings=\"{&quot;background_background&quot;:&quot;classic&quot;}\">\n\t\t\t\t\t\t\t<div class=\"elementor-background-overlay\"><\/div>\n\t\t\t\t\t\t\t<div class=\"elementor-container elementor-column-gap-default\">\n\t\t\t\t\t<div class=\"elementor-column elementor-col-100 elementor-top-column elementor-element elementor-element-6cc2cf8\" data-id=\"6cc2cf8\" data-element_type=\"column\" data-e-type=\"column\">\n\t\t\t<div class=\"elementor-widget-wrap elementor-element-populated\">\n\t\t\t\t\t\t\t<\/div>\n\t\t<\/div>\n\t\t\t\t\t<\/div>\n\t\t<\/section>\n\t\t\t\t<section class=\"elementor-section elementor-top-section elementor-element elementor-element-8314b8c elementor-section-boxed elementor-section-height-default elementor-section-height-default parallax_section_no qode_elementor_container_no\" data-id=\"8314b8c\" data-element_type=\"section\" data-e-type=\"section\" data-settings=\"{&quot;background_background&quot;:&quot;classic&quot;}\">\n\t\t\t\t\t\t<div class=\"elementor-container elementor-column-gap-default\">\n\t\t\t\t\t<div class=\"elementor-column elementor-col-100 elementor-top-column elementor-element elementor-element-af81760\" data-id=\"af81760\" data-element_type=\"column\" data-e-type=\"column\">\n\t\t\t<div class=\"elementor-widget-wrap elementor-element-populated\">\n\t\t\t\t\t\t<div class=\"elementor-element elementor-element-152a36b animated-slow elementor-invisible elementor-widget elementor-widget-heading\" data-id=\"152a36b\" data-element_type=\"widget\" data-e-type=\"widget\" data-settings=\"{&quot;_animation&quot;:&quot;fadeIn&quot;,&quot;_animation_delay&quot;:100}\" data-widget_type=\"heading.default\">\n\t\t\t\t<div class=\"elementor-widget-container\">\n\t\t\t\t\t<h4 class=\"elementor-heading-title elementor-size-default\">T\u00fa tienes el poder de mantener seguros a tus hijos<\/h4>\t\t\t\t<\/div>\n\t\t\t\t<\/div>\n\t\t\t\t<div class=\"elementor-element elementor-element-6d5613f animated-slow elementor-invisible elementor-widget elementor-widget-text-editor\" data-id=\"6d5613f\" data-element_type=\"widget\" data-e-type=\"widget\" data-settings=\"{&quot;_animation&quot;:&quot;fadeIn&quot;,&quot;_animation_delay&quot;:400}\" data-widget_type=\"text-editor.default\">\n\t\t\t\t<div class=\"elementor-widget-container\">\n\t\t\t\t\t\t\t\t\t<p>Quiere despertar la curiosidad de su hijo, pero no literalmente. La mayor\u00eda de las lesiones el\u00e9ctricas en ni\u00f1os menores de 12 a\u00f1os son causadas por electricidad de bajo voltaje suministrada a trav\u00e9s de cables el\u00e9ctricos de electrodom\u00e9sticos, alargadores y enchufes de pared. Algunas precauciones, junto con una educaci\u00f3n el\u00e9ctrica b\u00e1sica, ayudan a mantener a los ni\u00f1os a salvo de accidentes el\u00e9ctricos sin calmar su curiosidad.<\/p>\t\t\t\t\t\t\t\t<\/div>\n\t\t\t\t<\/div>\n\t\t\t\t<div class=\"elementor-element elementor-element-7e0dfa1 animated-slow elementor-invisible elementor-widget elementor-widget-heading\" data-id=\"7e0dfa1\" data-element_type=\"widget\" data-e-type=\"widget\" data-settings=\"{&quot;_animation&quot;:&quot;fadeIn&quot;,&quot;_animation_delay&quot;:100}\" data-widget_type=\"heading.default\">\n\t\t\t\t<div class=\"elementor-widget-container\">\n\t\t\t\t\t<h5 class=\"elementor-heading-title elementor-size-default\">Esto es lo que puedes hacer:<\/h5>\t\t\t\t<\/div>\n\t\t\t\t<\/div>\n\t\t\t\t<div class=\"elementor-element elementor-element-14ba856 animated-slow elementor-invisible elementor-widget elementor-widget-text-editor\" data-id=\"14ba856\" data-element_type=\"widget\" data-e-type=\"widget\" data-settings=\"{&quot;_animation&quot;:&quot;fadeIn&quot;,&quot;_animation_delay&quot;:400}\" data-widget_type=\"text-editor.default\">\n\t\t\t\t<div class=\"elementor-widget-container\">\n\t\t\t\t\t\t\t\t\t<ul><li><p><a href=\"https:\/\/www.esfi.org\/kids-safety\/elementary-educational-resources\/\" target=\"_blank\" rel=\"noopener\">Ense\u00f1a a tus hijos sobre la electricidad<\/a>, sus peligros potenciales y d\u00f3nde encontrar\u00e1n estos peligros dentro y alrededor de su hogar.<\/p><\/li><li><p>Sea consciente y <a href=\"https:\/\/www.esfi.org\/be-smart-about-fire-and-electrical-safety-a-classroom-program-for-grades-3-5\/\" target=\"_blank\" rel=\"noopener\">comparte la seguridad el\u00e9ctrica con tus hijos<\/a>.<\/p><\/li><li><p><a href=\"https:\/\/www.healthychildren.org\/English\/safety-prevention\/at-home\/Pages\/Childproofing-Your-Home.aspx\" target=\"_blank\" rel=\"noopener\">Cubra todos los puntos de venta<\/a>.<\/p><\/li><li><p>Aseg\u00farese de que todos los cables est\u00e9n adecuadamente aislados y alejados del alcance de su hijo.<\/p><\/li><li><p>Supervise a los ni\u00f1os en cualquier lugar cerca de posibles peligros el\u00e9ctricos.<span class=\"Apple-converted-space\">\u00a0<\/span><\/p><\/li><li><p>Mantenga los peque\u00f1os electrodom\u00e9sticos alejados del agua, incluidas ba\u00f1eras o piscinas.<\/p><\/li><li><p>Haga que aprender sobre electricidad y seguridad el\u00e9ctrica sea divertido con <a href=\"https:\/\/www.esfi.org\/kids-safety\/\" target=\"_blank\" rel=\"noopener\">El rinc\u00f3n infantil de ESFI<\/a> juegos y dibujos animados.<\/p><\/li><\/ul>\t\t\t\t\t\t\t\t<\/div>\n\t\t\t\t<\/div>\n\t\t\t\t<div class=\"elementor-element elementor-element-e1bd79d animated-slow elementor-invisible elementor-widget elementor-widget-text-editor\" data-id=\"e1bd79d\" data-element_type=\"widget\" data-e-type=\"widget\" data-settings=\"{&quot;_animation&quot;:&quot;fadeIn&quot;,&quot;_animation_delay&quot;:400}\" data-widget_type=\"text-editor.default\">\n\t\t\t\t<div class=\"elementor-widget-container\">\n\t\t\t\t\t\t\t\t\t<p>Recursos adicionales cortes\u00eda de <a href=\"https:\/\/www.esfi.org\/\" target=\"_blank\" rel=\"noopener\">Fundaci\u00f3n de seguridad el\u00e9ctrica<\/a>.<\/p>\t\t\t\t\t\t\t\t<\/div>\n\t\t\t\t<\/div>\n\t\t\t\t\t<\/div>\n\t\t<\/div>\n\t\t\t\t\t<\/div>\n\t\t<\/section>\n\t\t\t\t<\/div>","protected":false},"excerpt":{"rendered":"<p>Tienes el poder de mantener a tus hijos a salvo. Quieres despertar la curiosidad de tus hijos, pero no literalmente. La mayor\u00eda de las lesiones el\u00e9ctricas en ni\u00f1os de 12 a\u00f1os o menos son causadas por electricidad de bajo voltaje que se distribuye a trav\u00e9s de cables el\u00e9ctricos de electrodom\u00e9sticos, cables de extensi\u00f3n y tomas de corriente. Algunas precauciones\u2026<\/p>","protected":false},"author":1,"featured_media":0,"parent":35424,"menu_order":0,"comment_status":"closed","ping_status":"closed","template":"elementor_header_footer","meta":{"_acf_changed":false,"footnotes":""},"class_list":["post-35459","page","type-page","status-publish","hentry"],"acf":[],"yoast_head":"<!-- This site is optimized with the Yoast SEO plugin v27.3 - https:\/\/yoast.com\/product\/yoast-seo-wordpress\/ -->\n<title>Kids Safety - Holy Cross Energy<\/title>\n<meta name=\"robots\" content=\"index, follow, max-snippet:-1, max-image-preview:large, max-video-preview:-1\" \/>\n<link rel=\"canonical\" href=\"https:\/\/www.holycross.com\/es\/community\/safety\/kids-safety\/\" \/>\n<meta property=\"og:locale\" content=\"es_MX\" \/>\n<meta property=\"og:type\" content=\"article\" \/>\n<meta property=\"og:title\" content=\"Kids Safety - Holy Cross Energy\" \/>\n<meta property=\"og:description\" content=\"You have the power to keep your kids safe You want to spark your kid&#8217;s curiosity\u2014just not literally. Most electrical injuries in children 12 and under are caused by low-voltage electricity delivered through household appliance electrical cords, extension cords, and wall outlets. A few precautions...\" \/>\n<meta property=\"og:url\" content=\"https:\/\/www.holycross.com\/es\/community\/safety\/kids-safety\/\" \/>\n<meta property=\"og:site_name\" content=\"Holy Cross Energy\" \/>\n<meta property=\"article:modified_time\" content=\"2024-03-04T18:32:35+00:00\" \/>\n<meta name=\"twitter:card\" content=\"summary_large_image\" \/>\n<meta name=\"twitter:label1\" content=\"Tiempo de lectura\" \/>\n\t<meta name=\"twitter:data1\" content=\"1 minuto\" \/>\n<script type=\"application\/ld+json\" class=\"yoast-schema-graph\">{\"@context\":\"https:\\\/\\\/schema.org\",\"@graph\":[{\"@type\":\"WebPage\",\"@id\":\"https:\\\/\\\/www.holycross.com\\\/community\\\/safety\\\/kids-safety\",\"url\":\"https:\\\/\\\/www.holycross.com\\\/community\\\/safety\\\/kids-safety\",\"name\":\"Kids Safety - Holy Cross Energy\",\"isPartOf\":{\"@id\":\"https:\\\/\\\/www.holycross.com\\\/#website\"},\"datePublished\":\"2023-01-16T16:01:20+00:00\",\"dateModified\":\"2024-03-04T18:32:35+00:00\",\"breadcrumb\":{\"@id\":\"https:\\\/\\\/www.holycross.com\\\/community\\\/safety\\\/kids-safety#breadcrumb\"},\"inLanguage\":\"es\",\"potentialAction\":[{\"@type\":\"ReadAction\",\"target\":[\"https:\\\/\\\/www.holycross.com\\\/community\\\/safety\\\/kids-safety\"]}]},{\"@type\":\"BreadcrumbList\",\"@id\":\"https:\\\/\\\/www.holycross.com\\\/community\\\/safety\\\/kids-safety#breadcrumb\",\"itemListElement\":[{\"@type\":\"ListItem\",\"position\":1,\"name\":\"Home\",\"item\":\"https:\\\/\\\/www.holycross.com\\\/\"},{\"@type\":\"ListItem\",\"position\":2,\"name\":\"COMMUNITY\",\"item\":\"https:\\\/\\\/www.holycross.com\\\/community\"},{\"@type\":\"ListItem\",\"position\":3,\"name\":\"SAFETY\",\"item\":\"https:\\\/\\\/www.holycross.com\\\/community\\\/safety\"},{\"@type\":\"ListItem\",\"position\":4,\"name\":\"Kids Safety\"}]},{\"@type\":\"WebSite\",\"@id\":\"https:\\\/\\\/www.holycross.com\\\/#website\",\"url\":\"https:\\\/\\\/www.holycross.com\\\/\",\"name\":\"Holy Cross Energy\",\"description\":\"\",\"publisher\":{\"@id\":\"https:\\\/\\\/www.holycross.com\\\/#organization\"},\"potentialAction\":[{\"@type\":\"SearchAction\",\"target\":{\"@type\":\"EntryPoint\",\"urlTemplate\":\"https:\\\/\\\/www.holycross.com\\\/?s={search_term_string}\"},\"query-input\":{\"@type\":\"PropertyValueSpecification\",\"valueRequired\":true,\"valueName\":\"search_term_string\"}}],\"inLanguage\":\"es\"},{\"@type\":\"Organization\",\"@id\":\"https:\\\/\\\/www.holycross.com\\\/#organization\",\"name\":\"Holy Cross Energy\",\"url\":\"https:\\\/\\\/www.holycross.com\\\/\",\"logo\":{\"@type\":\"ImageObject\",\"inLanguage\":\"es\",\"@id\":\"https:\\\/\\\/www.holycross.com\\\/#\\\/schema\\\/logo\\\/image\\\/\",\"url\":\"https:\\\/\\\/www.holycross.com\\\/wp-content\\\/uploads\\\/2022\\\/07\\\/HCE-NEW-LOGO-GREEN.png\",\"contentUrl\":\"https:\\\/\\\/www.holycross.com\\\/wp-content\\\/uploads\\\/2022\\\/07\\\/HCE-NEW-LOGO-GREEN.png\",\"width\":288,\"height\":288,\"caption\":\"Holy Cross Energy\"},\"image\":{\"@id\":\"https:\\\/\\\/www.holycross.com\\\/#\\\/schema\\\/logo\\\/image\\\/\"}}]}<\/script>\n<!-- \/ Yoast SEO plugin. -->","yoast_head_json":{"title":"Seguridad infantil - Holy Cross Energy","robots":{"index":"index","follow":"follow","max-snippet":"max-snippet:-1","max-image-preview":"max-image-preview:large","max-video-preview":"max-video-preview:-1"},"canonical":"https:\/\/www.holycross.com\/es\/community\/safety\/kids-safety\/","og_locale":"es_MX","og_type":"article","og_title":"Kids Safety - Holy Cross Energy","og_description":"You have the power to keep your kids safe You want to spark your kid&#8217;s curiosity\u2014just not literally. Most electrical injuries in children 12 and under are caused by low-voltage electricity delivered through household appliance electrical cords, extension cords, and wall outlets. A few precautions...","og_url":"https:\/\/www.holycross.com\/es\/community\/safety\/kids-safety\/","og_site_name":"Holy Cross Energy","article_modified_time":"2024-03-04T18:32:35+00:00","twitter_card":"summary_large_image","twitter_misc":{"Tiempo de lectura":"1 minuto"},"schema":{"@context":"https:\/\/schema.org","@graph":[{"@type":"WebPage","@id":"https:\/\/www.holycross.com\/community\/safety\/kids-safety","url":"https:\/\/www.holycross.com\/community\/safety\/kids-safety","name":"Seguridad infantil - Holy Cross Energy","isPartOf":{"@id":"https:\/\/www.holycross.com\/#website"},"datePublished":"2023-01-16T16:01:20+00:00","dateModified":"2024-03-04T18:32:35+00:00","breadcrumb":{"@id":"https:\/\/www.holycross.com\/community\/safety\/kids-safety#breadcrumb"},"inLanguage":"es","potentialAction":[{"@type":"ReadAction","target":["https:\/\/www.holycross.com\/community\/safety\/kids-safety"]}]},{"@type":"BreadcrumbList","@id":"https:\/\/www.holycross.com\/community\/safety\/kids-safety#breadcrumb","itemListElement":[{"@type":"ListItem","position":1,"name":"Home","item":"https:\/\/www.holycross.com\/"},{"@type":"ListItem","position":2,"name":"COMMUNITY","item":"https:\/\/www.holycross.com\/community"},{"@type":"ListItem","position":3,"name":"SAFETY","item":"https:\/\/www.holycross.com\/community\/safety"},{"@type":"ListItem","position":4,"name":"Kids Safety"}]},{"@type":"WebSite","@id":"https:\/\/www.holycross.com\/#website","url":"https:\/\/www.holycross.com\/","name":"Holy Cross Energy","description":"","publisher":{"@id":"https:\/\/www.holycross.com\/#organization"},"potentialAction":[{"@type":"SearchAction","target":{"@type":"EntryPoint","urlTemplate":"https:\/\/www.holycross.com\/?s={search_term_string}"},"query-input":{"@type":"PropertyValueSpecification","valueRequired":true,"valueName":"search_term_string"}}],"inLanguage":"es"},{"@type":"Organization","@id":"https:\/\/www.holycross.com\/#organization","name":"Holy Cross Energy","url":"https:\/\/www.holycross.com\/","logo":{"@type":"ImageObject","inLanguage":"es","@id":"https:\/\/www.holycross.com\/#\/schema\/logo\/image\/","url":"https:\/\/www.holycross.com\/wp-content\/uploads\/2022\/07\/HCE-NEW-LOGO-GREEN.png","contentUrl":"https:\/\/www.holycross.com\/wp-content\/uploads\/2022\/07\/HCE-NEW-LOGO-GREEN.png","width":288,"height":288,"caption":"Holy Cross Energy"},"image":{"@id":"https:\/\/www.holycross.com\/#\/schema\/logo\/image\/"}}]}},"_links":{"self":[{"href":"https:\/\/www.holycross.com\/es\/wp-json\/wp\/v2\/pages\/35459","targetHints":{"allow":["GET"]}}],"collection":[{"href":"https:\/\/www.holycross.com\/es\/wp-json\/wp\/v2\/pages"}],"about":[{"href":"https:\/\/www.holycross.com\/es\/wp-json\/wp\/v2\/types\/page"}],"author":[{"embeddable":true,"href":"https:\/\/www.holycross.com\/es\/wp-json\/wp\/v2\/users\/1"}],"replies":[{"embeddable":true,"href":"https:\/\/www.holycross.com\/es\/wp-json\/wp\/v2\/comments?post=35459"}],"version-history":[{"count":15,"href":"https:\/\/www.holycross.com\/es\/wp-json\/wp\/v2\/pages\/35459\/revisions"}],"predecessor-version":[{"id":45757,"href":"https:\/\/www.holycross.com\/es\/wp-json\/wp\/v2\/pages\/35459\/revisions\/45757"}],"up":[{"embeddable":true,"href":"https:\/\/www.holycross.com\/es\/wp-json\/wp\/v2\/pages\/35424"}],"wp:attachment":[{"href":"https:\/\/www.holycross.com\/es\/wp-json\/wp\/v2\/media?parent=35459"}],"curies":[{"name":"wp","href":"https:\/\/api.w.org\/{rel}","templated":true}]}}