{"id":35458,"date":"2023-01-16T16:01:27","date_gmt":"2023-01-16T16:01:27","guid":{"rendered":"https:\/\/holycross.com\/?page_id=35458"},"modified":"2024-03-04T18:32:49","modified_gmt":"2024-03-04T18:32:49","slug":"workplace-safety","status":"publish","type":"page","link":"https:\/\/www.holycross.com\/es\/community\/safety\/workplace-safety","title":{"rendered":"Lugar de trabajo seguro"},"content":{"rendered":"<div data-elementor-type=\"wp-page\" data-elementor-id=\"35458\" class=\"elementor elementor-35458\" data-elementor-post-type=\"page\">\n\t\t\t\t\t\t<section class=\"elementor-section elementor-top-section elementor-element elementor-element-79011ae elementor-section-items-stretch elementor-section-content-middle elementor-section-height-min-height elementor-section-boxed elementor-section-height-default parallax_section_no qode_elementor_container_no\" data-id=\"79011ae\" data-element_type=\"section\" data-e-type=\"section\" data-settings=\"{&quot;background_background&quot;:&quot;classic&quot;}\">\n\t\t\t\t\t\t\t<div class=\"elementor-background-overlay\"><\/div>\n\t\t\t\t\t\t\t<div class=\"elementor-container elementor-column-gap-default\">\n\t\t\t\t\t<div class=\"elementor-column elementor-col-100 elementor-top-column elementor-element elementor-element-33fb5fe\" data-id=\"33fb5fe\" data-element_type=\"column\" data-e-type=\"column\">\n\t\t\t<div class=\"elementor-widget-wrap elementor-element-populated\">\n\t\t\t\t\t\t\t<\/div>\n\t\t<\/div>\n\t\t\t\t\t<\/div>\n\t\t<\/section>\n\t\t\t\t<section class=\"elementor-section elementor-top-section elementor-element elementor-element-fb96f4b elementor-section-boxed elementor-section-height-default elementor-section-height-default parallax_section_no qode_elementor_container_no\" data-id=\"fb96f4b\" data-element_type=\"section\" data-e-type=\"section\" data-settings=\"{&quot;background_background&quot;:&quot;classic&quot;}\">\n\t\t\t\t\t\t<div class=\"elementor-container elementor-column-gap-default\">\n\t\t\t\t\t<div class=\"elementor-column elementor-col-100 elementor-top-column elementor-element elementor-element-a39b15a\" data-id=\"a39b15a\" data-element_type=\"column\" data-e-type=\"column\">\n\t\t\t<div class=\"elementor-widget-wrap elementor-element-populated\">\n\t\t\t\t\t\t<div class=\"elementor-element elementor-element-0b64a87 animated-slow elementor-invisible elementor-widget elementor-widget-heading\" data-id=\"0b64a87\" data-element_type=\"widget\" data-e-type=\"widget\" data-settings=\"{&quot;_animation&quot;:&quot;fadeIn&quot;,&quot;_animation_delay&quot;:100}\" data-widget_type=\"heading.default\">\n\t\t\t\t<div class=\"elementor-widget-container\">\n\t\t\t\t\t<h4 class=\"elementor-heading-title elementor-size-default\">Usted tiene el poder de mantener seguro su lugar de trabajo<\/h4>\t\t\t\t<\/div>\n\t\t\t\t<\/div>\n\t\t\t\t<div class=\"elementor-element elementor-element-968dec5 animated-slow elementor-invisible elementor-widget elementor-widget-text-editor\" data-id=\"968dec5\" data-element_type=\"widget\" data-e-type=\"widget\" data-settings=\"{&quot;_animation&quot;:&quot;fadeIn&quot;,&quot;_animation_delay&quot;:400}\" data-widget_type=\"text-editor.default\">\n\t\t\t\t<div class=\"elementor-widget-container\">\n\t\t\t\t\t\t\t\t\t<p>La electricidad es esencial para nuestra econom\u00eda y nuestros lugares de trabajo, pero no est\u00e1 exenta de riesgos para los empleados. Los adultos tienen m\u00e1s probabilidades de sufrir accidentes y lesiones el\u00e9ctricas en el trabajo que en casa. Ciertos entornos profesionales conllevan mayores riesgos. A menudo, es la falta de conciencia o de formaci\u00f3n lo que provoca da\u00f1os. La prevenci\u00f3n es realmente la mejor medicina.<\/p>\t\t\t\t\t\t\t\t<\/div>\n\t\t\t\t<\/div>\n\t\t\t\t<div class=\"elementor-element elementor-element-ae683f4 animated-slow elementor-invisible elementor-widget elementor-widget-heading\" data-id=\"ae683f4\" data-element_type=\"widget\" data-e-type=\"widget\" data-settings=\"{&quot;_animation&quot;:&quot;fadeIn&quot;,&quot;_animation_delay&quot;:100}\" data-widget_type=\"heading.default\">\n\t\t\t\t<div class=\"elementor-widget-container\">\n\t\t\t\t\t<h5 class=\"elementor-heading-title elementor-size-default\">Esto es lo que puedes hacer:<\/h5>\t\t\t\t<\/div>\n\t\t\t\t<\/div>\n\t\t\t\t<div class=\"elementor-element elementor-element-c7000b4 animated-slow elementor-invisible elementor-widget elementor-widget-text-editor\" data-id=\"c7000b4\" data-element_type=\"widget\" data-e-type=\"widget\" data-settings=\"{&quot;_animation&quot;:&quot;fadeIn&quot;,&quot;_animation_delay&quot;:400}\" data-widget_type=\"text-editor.default\">\n\t\t\t\t<div class=\"elementor-widget-container\">\n\t\t\t\t\t\t\t\t\t<ul><li>Tome en serio la seguridad el\u00e9ctrica en su lugar de trabajo. Aprende el <a href=\"https:\/\/www.esfi.org\/workplace-safety\/industry-codes-regulations\/\" target=\"_blank\" rel=\"noopener\">C\u00f3digos y regulaciones para su industria.<\/a>. Implementarlos y hacerlos cumplir.<span class=\"Apple-converted-space\">\u00a0<\/span><\/li><li>Seguir <a href=\"https:\/\/www.esfi.org\/workplace-safety\/standards-best-practices\/\" target=\"_blank\" rel=\"noopener\">est\u00e1ndares y mejores pr\u00e1cticas<\/a> para riesgos y precauciones de seguridad el\u00e9ctrica en todo su lugar de trabajo, no solo donde los riesgos el\u00e9ctricos son m\u00e1s obvios.<\/li><li>Haga que sus gerentes y equipo de liderazgo sepan <a href=\"https:\/\/www.esfi.org\/how-do-you-know-program-introduction\/\" target=\"_blank\" rel=\"noopener\">c\u00f3mo gestionar un lugar de trabajo seguro<\/a>.<\/li><li>Toma el <a href=\"https:\/\/www.esfi.org\/workplace-safety\/electrical-safety-self-assessment\/\" target=\"_blank\" rel=\"noopener\">autoevaluacion de seguridad electrica<\/a> para determinar d\u00f3nde se encuentra y d\u00f3nde puede mejorar.<\/li><li>Casi 40% de todas las muertes en el lugar de trabajo relacionadas con la electricidad en la \u00faltima d\u00e9cada fueron causadas por l\u00edneas el\u00e9ctricas a\u00e9reas. Capacite a sus empleados en <a href=\"https:\/\/www.esfi.org\/overhead-powerline-safety\/\" target=\"_blank\" rel=\"noopener\">seguridad de l\u00edneas el\u00e9ctricas a\u00e9reas<\/a> si alguna parte de su trabajo pudiera encontrarlos.<\/li><\/ul>\t\t\t\t\t\t\t\t<\/div>\n\t\t\t\t<\/div>\n\t\t\t\t<div class=\"elementor-element elementor-element-ef5ff35 animated-slow elementor-invisible elementor-widget elementor-widget-text-editor\" data-id=\"ef5ff35\" data-element_type=\"widget\" data-e-type=\"widget\" data-settings=\"{&quot;_animation&quot;:&quot;fadeIn&quot;,&quot;_animation_delay&quot;:400}\" data-widget_type=\"text-editor.default\">\n\t\t\t\t<div class=\"elementor-widget-container\">\n\t\t\t\t\t\t\t\t\t<p>Vea c\u00f3mo HCE mantiene un <a href=\"https:\/\/holycross.com\/community\/safety\/our-commitment-to-safety\">cultura de seguridad<\/a> para mantener seguros a nuestros miembros y personal.<\/p><p>Recursos cortes\u00eda del <a href=\"https:\/\/www.esfi.org\/\" target=\"_blank\" rel=\"noopener\">Fundaci\u00f3n de seguridad el\u00e9ctrica<\/a>.<\/p>\t\t\t\t\t\t\t\t<\/div>\n\t\t\t\t<\/div>\n\t\t\t\t\t<\/div>\n\t\t<\/div>\n\t\t\t\t\t<\/div>\n\t\t<\/section>\n\t\t\t\t<\/div>","protected":false},"excerpt":{"rendered":"<p>Usted tiene el poder de mantener su lugar de trabajo seguro La electricidad es esencial para nuestra econom\u00eda y nuestros lugares de trabajo, pero no est\u00e1 exenta de riesgos para los empleados. Los adultos tienen m\u00e1s probabilidades de sufrir accidentes y lesiones el\u00e9ctricas en el trabajo que en el hogar. Ciertos entornos profesionales conllevan\u2026<\/p>","protected":false},"author":1,"featured_media":0,"parent":35424,"menu_order":0,"comment_status":"closed","ping_status":"closed","template":"elementor_header_footer","meta":{"_acf_changed":false,"footnotes":""},"class_list":["post-35458","page","type-page","status-publish","hentry"],"acf":[],"yoast_head":"<!-- This site is optimized with the Yoast SEO plugin v27.3 - https:\/\/yoast.com\/product\/yoast-seo-wordpress\/ -->\n<title>Workplace Safety - Holy Cross Energy<\/title>\n<meta name=\"robots\" content=\"index, follow, max-snippet:-1, max-image-preview:large, max-video-preview:-1\" \/>\n<link rel=\"canonical\" href=\"https:\/\/www.holycross.com\/es\/community\/safety\/workplace-safety\/\" \/>\n<meta property=\"og:locale\" content=\"es_MX\" \/>\n<meta property=\"og:type\" content=\"article\" \/>\n<meta property=\"og:title\" content=\"Workplace Safety - Holy Cross Energy\" \/>\n<meta property=\"og:description\" content=\"You have the power to keep your workplace safe Electricity is essential to our economy and our workplaces, but it&#8217;s not without risk to employees. Adults are more likely to experience electrical accidents and injuries at work than at home. Certain professional environments come with...\" \/>\n<meta property=\"og:url\" content=\"https:\/\/www.holycross.com\/es\/community\/safety\/workplace-safety\/\" \/>\n<meta property=\"og:site_name\" content=\"Holy Cross Energy\" \/>\n<meta property=\"article:modified_time\" content=\"2024-03-04T18:32:49+00:00\" \/>\n<meta name=\"twitter:card\" content=\"summary_large_image\" \/>\n<meta name=\"twitter:label1\" content=\"Tiempo de lectura\" \/>\n\t<meta name=\"twitter:data1\" content=\"1 minuto\" \/>\n<script type=\"application\/ld+json\" class=\"yoast-schema-graph\">{\"@context\":\"https:\\\/\\\/schema.org\",\"@graph\":[{\"@type\":\"WebPage\",\"@id\":\"https:\\\/\\\/www.holycross.com\\\/community\\\/safety\\\/workplace-safety\",\"url\":\"https:\\\/\\\/www.holycross.com\\\/community\\\/safety\\\/workplace-safety\",\"name\":\"Workplace Safety - Holy Cross Energy\",\"isPartOf\":{\"@id\":\"https:\\\/\\\/www.holycross.com\\\/#website\"},\"datePublished\":\"2023-01-16T16:01:27+00:00\",\"dateModified\":\"2024-03-04T18:32:49+00:00\",\"breadcrumb\":{\"@id\":\"https:\\\/\\\/www.holycross.com\\\/community\\\/safety\\\/workplace-safety#breadcrumb\"},\"inLanguage\":\"es\",\"potentialAction\":[{\"@type\":\"ReadAction\",\"target\":[\"https:\\\/\\\/www.holycross.com\\\/community\\\/safety\\\/workplace-safety\"]}]},{\"@type\":\"BreadcrumbList\",\"@id\":\"https:\\\/\\\/www.holycross.com\\\/community\\\/safety\\\/workplace-safety#breadcrumb\",\"itemListElement\":[{\"@type\":\"ListItem\",\"position\":1,\"name\":\"Home\",\"item\":\"https:\\\/\\\/www.holycross.com\\\/\"},{\"@type\":\"ListItem\",\"position\":2,\"name\":\"COMMUNITY\",\"item\":\"https:\\\/\\\/www.holycross.com\\\/community\"},{\"@type\":\"ListItem\",\"position\":3,\"name\":\"SAFETY\",\"item\":\"https:\\\/\\\/www.holycross.com\\\/community\\\/safety\"},{\"@type\":\"ListItem\",\"position\":4,\"name\":\"Workplace Safety\"}]},{\"@type\":\"WebSite\",\"@id\":\"https:\\\/\\\/www.holycross.com\\\/#website\",\"url\":\"https:\\\/\\\/www.holycross.com\\\/\",\"name\":\"Holy Cross Energy\",\"description\":\"\",\"publisher\":{\"@id\":\"https:\\\/\\\/www.holycross.com\\\/#organization\"},\"potentialAction\":[{\"@type\":\"SearchAction\",\"target\":{\"@type\":\"EntryPoint\",\"urlTemplate\":\"https:\\\/\\\/www.holycross.com\\\/?s={search_term_string}\"},\"query-input\":{\"@type\":\"PropertyValueSpecification\",\"valueRequired\":true,\"valueName\":\"search_term_string\"}}],\"inLanguage\":\"es\"},{\"@type\":\"Organization\",\"@id\":\"https:\\\/\\\/www.holycross.com\\\/#organization\",\"name\":\"Holy Cross Energy\",\"url\":\"https:\\\/\\\/www.holycross.com\\\/\",\"logo\":{\"@type\":\"ImageObject\",\"inLanguage\":\"es\",\"@id\":\"https:\\\/\\\/www.holycross.com\\\/#\\\/schema\\\/logo\\\/image\\\/\",\"url\":\"https:\\\/\\\/www.holycross.com\\\/wp-content\\\/uploads\\\/2022\\\/07\\\/HCE-NEW-LOGO-GREEN.png\",\"contentUrl\":\"https:\\\/\\\/www.holycross.com\\\/wp-content\\\/uploads\\\/2022\\\/07\\\/HCE-NEW-LOGO-GREEN.png\",\"width\":288,\"height\":288,\"caption\":\"Holy Cross Energy\"},\"image\":{\"@id\":\"https:\\\/\\\/www.holycross.com\\\/#\\\/schema\\\/logo\\\/image\\\/\"}}]}<\/script>\n<!-- \/ Yoast SEO plugin. -->","yoast_head_json":{"title":"Seguridad en el trabajo - Holy Cross Energy","robots":{"index":"index","follow":"follow","max-snippet":"max-snippet:-1","max-image-preview":"max-image-preview:large","max-video-preview":"max-video-preview:-1"},"canonical":"https:\/\/www.holycross.com\/es\/community\/safety\/workplace-safety\/","og_locale":"es_MX","og_type":"article","og_title":"Workplace Safety - Holy Cross Energy","og_description":"You have the power to keep your workplace safe Electricity is essential to our economy and our workplaces, but it&#8217;s not without risk to employees. Adults are more likely to experience electrical accidents and injuries at work than at home. Certain professional environments come with...","og_url":"https:\/\/www.holycross.com\/es\/community\/safety\/workplace-safety\/","og_site_name":"Holy Cross Energy","article_modified_time":"2024-03-04T18:32:49+00:00","twitter_card":"summary_large_image","twitter_misc":{"Tiempo de lectura":"1 minuto"},"schema":{"@context":"https:\/\/schema.org","@graph":[{"@type":"WebPage","@id":"https:\/\/www.holycross.com\/community\/safety\/workplace-safety","url":"https:\/\/www.holycross.com\/community\/safety\/workplace-safety","name":"Seguridad en el trabajo - Holy Cross Energy","isPartOf":{"@id":"https:\/\/www.holycross.com\/#website"},"datePublished":"2023-01-16T16:01:27+00:00","dateModified":"2024-03-04T18:32:49+00:00","breadcrumb":{"@id":"https:\/\/www.holycross.com\/community\/safety\/workplace-safety#breadcrumb"},"inLanguage":"es","potentialAction":[{"@type":"ReadAction","target":["https:\/\/www.holycross.com\/community\/safety\/workplace-safety"]}]},{"@type":"BreadcrumbList","@id":"https:\/\/www.holycross.com\/community\/safety\/workplace-safety#breadcrumb","itemListElement":[{"@type":"ListItem","position":1,"name":"Home","item":"https:\/\/www.holycross.com\/"},{"@type":"ListItem","position":2,"name":"COMMUNITY","item":"https:\/\/www.holycross.com\/community"},{"@type":"ListItem","position":3,"name":"SAFETY","item":"https:\/\/www.holycross.com\/community\/safety"},{"@type":"ListItem","position":4,"name":"Workplace Safety"}]},{"@type":"WebSite","@id":"https:\/\/www.holycross.com\/#website","url":"https:\/\/www.holycross.com\/","name":"Holy Cross Energy","description":"","publisher":{"@id":"https:\/\/www.holycross.com\/#organization"},"potentialAction":[{"@type":"SearchAction","target":{"@type":"EntryPoint","urlTemplate":"https:\/\/www.holycross.com\/?s={search_term_string}"},"query-input":{"@type":"PropertyValueSpecification","valueRequired":true,"valueName":"search_term_string"}}],"inLanguage":"es"},{"@type":"Organization","@id":"https:\/\/www.holycross.com\/#organization","name":"Holy Cross Energy","url":"https:\/\/www.holycross.com\/","logo":{"@type":"ImageObject","inLanguage":"es","@id":"https:\/\/www.holycross.com\/#\/schema\/logo\/image\/","url":"https:\/\/www.holycross.com\/wp-content\/uploads\/2022\/07\/HCE-NEW-LOGO-GREEN.png","contentUrl":"https:\/\/www.holycross.com\/wp-content\/uploads\/2022\/07\/HCE-NEW-LOGO-GREEN.png","width":288,"height":288,"caption":"Holy Cross Energy"},"image":{"@id":"https:\/\/www.holycross.com\/#\/schema\/logo\/image\/"}}]}},"_links":{"self":[{"href":"https:\/\/www.holycross.com\/es\/wp-json\/wp\/v2\/pages\/35458","targetHints":{"allow":["GET"]}}],"collection":[{"href":"https:\/\/www.holycross.com\/es\/wp-json\/wp\/v2\/pages"}],"about":[{"href":"https:\/\/www.holycross.com\/es\/wp-json\/wp\/v2\/types\/page"}],"author":[{"embeddable":true,"href":"https:\/\/www.holycross.com\/es\/wp-json\/wp\/v2\/users\/1"}],"replies":[{"embeddable":true,"href":"https:\/\/www.holycross.com\/es\/wp-json\/wp\/v2\/comments?post=35458"}],"version-history":[{"count":21,"href":"https:\/\/www.holycross.com\/es\/wp-json\/wp\/v2\/pages\/35458\/revisions"}],"predecessor-version":[{"id":45758,"href":"https:\/\/www.holycross.com\/es\/wp-json\/wp\/v2\/pages\/35458\/revisions\/45758"}],"up":[{"embeddable":true,"href":"https:\/\/www.holycross.com\/es\/wp-json\/wp\/v2\/pages\/35424"}],"wp:attachment":[{"href":"https:\/\/www.holycross.com\/es\/wp-json\/wp\/v2\/media?parent=35458"}],"curies":[{"name":"wp","href":"https:\/\/api.w.org\/{rel}","templated":true}]}}