{"id":35457,"date":"2023-01-16T16:01:03","date_gmt":"2023-01-16T16:01:03","guid":{"rendered":"https:\/\/holycross.com\/?page_id=35457"},"modified":"2024-11-07T07:13:16","modified_gmt":"2024-11-07T14:13:16","slug":"call-before-you-dig","status":"publish","type":"page","link":"https:\/\/www.holycross.com\/es\/community\/safety\/call-before-you-dig","title":{"rendered":"Llame antes de excavar"},"content":{"rendered":"<div data-elementor-type=\"wp-page\" data-elementor-id=\"35457\" class=\"elementor elementor-35457\" data-elementor-post-type=\"page\">\n\t\t\t\t\t\t<section class=\"elementor-section elementor-top-section elementor-element elementor-element-e1829ec elementor-section-items-stretch elementor-section-content-middle elementor-section-height-min-height elementor-section-boxed elementor-section-height-default parallax_section_no qode_elementor_container_no\" data-id=\"e1829ec\" data-element_type=\"section\" data-settings=\"{&quot;background_background&quot;:&quot;classic&quot;}\">\n\t\t\t\t\t\t\t<div class=\"elementor-background-overlay\"><\/div>\n\t\t\t\t\t\t\t<div class=\"elementor-container elementor-column-gap-default\">\n\t\t\t\t\t<div class=\"elementor-column elementor-col-50 elementor-top-column elementor-element elementor-element-6236ae1\" data-id=\"6236ae1\" data-element_type=\"column\">\n\t\t\t<div class=\"elementor-widget-wrap elementor-element-populated\">\n\t\t\t\t\t\t\t<\/div>\n\t\t<\/div>\n\t\t\t\t<div class=\"elementor-column elementor-col-50 elementor-top-column elementor-element elementor-element-2c32a5f\" data-id=\"2c32a5f\" data-element_type=\"column\">\n\t\t\t<div class=\"elementor-widget-wrap\">\n\t\t\t\t\t\t\t<\/div>\n\t\t<\/div>\n\t\t\t\t\t<\/div>\n\t\t<\/section>\n\t\t\t\t<section class=\"elementor-section elementor-top-section elementor-element elementor-element-d048da5 elementor-section-boxed elementor-section-height-default elementor-section-height-default parallax_section_no qode_elementor_container_no\" data-id=\"d048da5\" data-element_type=\"section\">\n\t\t\t\t\t\t<div class=\"elementor-container elementor-column-gap-default\">\n\t\t\t\t\t<div class=\"elementor-column elementor-col-100 elementor-top-column elementor-element elementor-element-25fcc1b\" data-id=\"25fcc1b\" data-element_type=\"column\">\n\t\t\t<div class=\"elementor-widget-wrap elementor-element-populated\">\n\t\t\t\t\t\t<div class=\"elementor-element elementor-element-1aec533 elementor-invisible elementor-widget elementor-widget-heading\" data-id=\"1aec533\" data-element_type=\"widget\" data-settings=\"{&quot;_animation&quot;:&quot;fadeIn&quot;,&quot;_animation_delay&quot;:100}\" data-widget_type=\"heading.default\">\n\t\t\t\t<div class=\"elementor-widget-container\">\n\t\t\t\t\t<h4 class=\"elementor-heading-title elementor-size-default\">\u00a1Llamar al 811 es el paso m\u00e1s importante!<\/h4>\t\t\t\t<\/div>\n\t\t\t\t<\/div>\n\t\t\t\t<div class=\"elementor-element elementor-element-5bfa9fb animated-slow elementor-invisible elementor-widget elementor-widget-text-editor\" data-id=\"5bfa9fb\" data-element_type=\"widget\" data-settings=\"{&quot;_animation&quot;:&quot;fadeIn&quot;,&quot;_animation_delay&quot;:200}\" data-widget_type=\"text-editor.default\">\n\t\t\t\t<div class=\"elementor-widget-container\">\n\t\t\t\t\t\t\t\t\t<p>Llame al 811 al menos unos d\u00edas antes de comenzar cualquier proyecto de excavaci\u00f3n. Ya sea que planee hacerlo usted mismo o contratar a un profesional, la excavaci\u00f3n inteligente significa llamar al 811 antes de cada trabajo.<\/p><p>\u00bfListo para cavar? \u00a1Te ayudaremos a hacerlo de forma segura!<\/p>\t\t\t\t\t\t\t\t<\/div>\n\t\t\t\t<\/div>\n\t\t\t\t<div class=\"elementor-element elementor-element-a361fd8 elementor-icon-list--layout-traditional elementor-list-item-link-full_width elementor-widget elementor-widget-icon-list\" data-id=\"a361fd8\" data-element_type=\"widget\" data-widget_type=\"icon-list.default\">\n\t\t\t\t<div class=\"elementor-widget-container\">\n\t\t\t\t\t\t\t<ul class=\"elementor-icon-list-items\">\n\t\t\t\t\t\t\t<li class=\"elementor-icon-list-item\">\n\t\t\t\t\t\t\t\t\t\t\t<a href=\"tel:%201-800-922-1987\">\n\n\t\t\t\t\t\t\t\t\t\t\t\t<span class=\"elementor-icon-list-icon\">\n\t\t\t\t\t\t\t<i aria-hidden=\"true\" class=\"fas fa-mobile-alt\"><\/i>\t\t\t\t\t\t<\/span>\n\t\t\t\t\t\t\t\t\t\t<span class=\"elementor-icon-list-text\"><b>1.800.922.1987<\/b><\/span>\n\t\t\t\t\t\t\t\t\t\t\t<\/a>\n\t\t\t\t\t\t\t\t\t<\/li>\n\t\t\t\t\t\t<\/ul>\n\t\t\t\t\t\t<\/div>\n\t\t\t\t<\/div>\n\t\t\t\t<div class=\"elementor-element elementor-element-da32aca elementor-align-left elementor-mobile-align-left animated-slow elementor-invisible elementor-widget elementor-widget-button\" data-id=\"da32aca\" data-element_type=\"widget\" data-settings=\"{&quot;_animation&quot;:&quot;fadeIn&quot;,&quot;_animation_delay&quot;:43}\" data-widget_type=\"button.default\">\n\t\t\t\t<div class=\"elementor-widget-container\">\n\t\t\t\t\t\t\t\t\t<div class=\"elementor-button-wrapper\">\n\t\t\t\t\t<a class=\"elementor-button elementor-button-link elementor-size-sm\" href=\"https:\/\/www.holycross.com\/colorado-811-information\/\">\n\t\t\t\t\t\t<span class=\"elementor-button-content-wrapper\">\n\t\t\t\t\t\t\t\t\t<span class=\"elementor-button-text\">Colorado 811<\/span>\n\t\t\t\t\t<\/span>\n\t\t\t\t\t<\/a>\n\t\t\t\t<\/div>\n\t\t\t\t\t\t\t\t<\/div>\n\t\t\t\t<\/div>\n\t\t\t\t\t<\/div>\n\t\t<\/div>\n\t\t\t\t\t<\/div>\n\t\t<\/section>\n\t\t\t\t<section class=\"elementor-section elementor-top-section elementor-element elementor-element-1ff9a12 elementor-section-boxed elementor-section-height-default elementor-section-height-default parallax_section_no qode_elementor_container_no\" data-id=\"1ff9a12\" data-element_type=\"section\">\n\t\t\t\t\t\t<div class=\"elementor-container elementor-column-gap-default\">\n\t\t\t\t\t<div class=\"elementor-column elementor-col-50 elementor-top-column elementor-element elementor-element-e481874\" data-id=\"e481874\" data-element_type=\"column\">\n\t\t\t<div class=\"elementor-widget-wrap elementor-element-populated\">\n\t\t\t\t\t\t<div class=\"elementor-element elementor-element-7df6473 elementor-widget elementor-widget-video\" data-id=\"7df6473\" data-element_type=\"widget\" data-settings=\"{&quot;youtube_url&quot;:&quot;https:\\\/\\\/youtu.be\\\/_61KHDKsT1Y&quot;,&quot;yt_privacy&quot;:&quot;yes&quot;,&quot;video_type&quot;:&quot;youtube&quot;,&quot;controls&quot;:&quot;yes&quot;}\" data-widget_type=\"video.default\">\n\t\t\t\t<div class=\"elementor-widget-container\">\n\t\t\t\t\t\t\t<div class=\"elementor-wrapper elementor-open-inline\">\n\t\t\t<div class=\"elementor-video\"><\/div>\t\t<\/div>\n\t\t\t\t\t\t<\/div>\n\t\t\t\t<\/div>\n\t\t\t\t\t<\/div>\n\t\t<\/div>\n\t\t\t\t<div class=\"elementor-column elementor-col-50 elementor-top-column elementor-element elementor-element-c3c6b20\" data-id=\"c3c6b20\" data-element_type=\"column\">\n\t\t\t<div class=\"elementor-widget-wrap elementor-element-populated\">\n\t\t\t\t\t\t<div class=\"elementor-element elementor-element-b9c01f7 elementor-widget elementor-widget-video\" data-id=\"b9c01f7\" data-element_type=\"widget\" data-settings=\"{&quot;youtube_url&quot;:&quot;https:\\\/\\\/youtu.be\\\/ziBctVJIxRY&quot;,&quot;yt_privacy&quot;:&quot;yes&quot;,&quot;video_type&quot;:&quot;youtube&quot;,&quot;controls&quot;:&quot;yes&quot;}\" data-widget_type=\"video.default\">\n\t\t\t\t<div class=\"elementor-widget-container\">\n\t\t\t\t\t\t\t<div class=\"elementor-wrapper elementor-open-inline\">\n\t\t\t<div class=\"elementor-video\"><\/div>\t\t<\/div>\n\t\t\t\t\t\t<\/div>\n\t\t\t\t<\/div>\n\t\t\t\t\t<\/div>\n\t\t<\/div>\n\t\t\t\t\t<\/div>\n\t\t<\/section>\n\t\t\t\t<section class=\"elementor-section elementor-top-section elementor-element elementor-element-66b5b23 elementor-section-boxed elementor-section-height-default elementor-section-height-default parallax_section_no qode_elementor_container_no\" data-id=\"66b5b23\" data-element_type=\"section\">\n\t\t\t\t\t\t<div class=\"elementor-container elementor-column-gap-default\">\n\t\t\t\t\t<div class=\"elementor-column elementor-col-100 elementor-top-column elementor-element elementor-element-16e1b73\" data-id=\"16e1b73\" data-element_type=\"column\">\n\t\t\t<div class=\"elementor-widget-wrap elementor-element-populated\">\n\t\t\t\t\t\t<section class=\"elementor-section elementor-inner-section elementor-element elementor-element-6b2f224 animated-slow elementor-reverse-mobile elementor-section-boxed elementor-section-height-default elementor-section-height-default parallax_section_no qode_elementor_container_no\" data-id=\"6b2f224\" data-element_type=\"section\" data-settings=\"{&quot;background_background&quot;:&quot;classic&quot;,&quot;animation&quot;:&quot;none&quot;,&quot;animation_delay&quot;:300}\">\n\t\t\t\t\t\t<div class=\"elementor-container elementor-column-gap-default\">\n\t\t\t\t\t<div class=\"elementor-column elementor-col-50 elementor-inner-column elementor-element elementor-element-aeb1d1d\" data-id=\"aeb1d1d\" data-element_type=\"column\">\n\t\t\t<div class=\"elementor-widget-wrap elementor-element-populated\">\n\t\t\t\t\t\t<div class=\"elementor-element elementor-element-d8dce5b animated-slow elementor-invisible elementor-widget elementor-widget-image\" data-id=\"d8dce5b\" data-element_type=\"widget\" data-settings=\"{&quot;_animation&quot;:&quot;fadeIn&quot;,&quot;_animation_delay&quot;:400}\" data-widget_type=\"image.default\">\n\t\t\t\t<div class=\"elementor-widget-container\">\n\t\t\t\t\t\t\t\t\t\t\t\t\t\t\t<img fetchpriority=\"high\" decoding=\"async\" width=\"600\" height=\"400\" src=\"https:\/\/www.holycross.com\/wp-content\/uploads\/2018\/06\/holy-cross-energy-family_call-before-you-dig.png\" class=\"attachment-full size-full wp-image-23496\" alt=\"\" srcset=\"https:\/\/www.holycross.com\/wp-content\/uploads\/2018\/06\/holy-cross-energy-family_call-before-you-dig.png 600w, https:\/\/www.holycross.com\/wp-content\/uploads\/2018\/06\/holy-cross-energy-family_call-before-you-dig-300x200.png 300w\" sizes=\"(max-width: 600px) 100vw, 600px\" \/>\t\t\t\t\t\t\t\t\t\t\t\t\t\t\t<\/div>\n\t\t\t\t<\/div>\n\t\t\t\t\t<\/div>\n\t\t<\/div>\n\t\t\t\t<div class=\"elementor-column elementor-col-50 elementor-inner-column elementor-element elementor-element-f5da9b2\" data-id=\"f5da9b2\" data-element_type=\"column\">\n\t\t\t<div class=\"elementor-widget-wrap elementor-element-populated\">\n\t\t\t\t\t\t<div class=\"elementor-element elementor-element-d79d8d1 elementor-invisible elementor-widget elementor-widget-heading\" data-id=\"d79d8d1\" data-element_type=\"widget\" data-settings=\"{&quot;_animation&quot;:&quot;fadeIn&quot;,&quot;_animation_delay&quot;:100}\" data-widget_type=\"heading.default\">\n\t\t\t\t<div class=\"elementor-widget-container\">\n\t\t\t\t\t<h6 class=\"elementor-heading-title elementor-size-default\">EXTENSI\u00d3N DE L\u00cdNEA SECUNDARIA<\/h6>\t\t\t\t<\/div>\n\t\t\t\t<\/div>\n\t\t\t\t<div class=\"elementor-element elementor-element-f322c93 elementor-invisible elementor-widget elementor-widget-heading\" data-id=\"f322c93\" data-element_type=\"widget\" data-settings=\"{&quot;_animation&quot;:&quot;fadeIn&quot;,&quot;_animation_delay&quot;:100}\" data-widget_type=\"heading.default\">\n\t\t\t\t<div class=\"elementor-widget-container\">\n\t\t\t\t\t<h4 class=\"elementor-heading-title elementor-size-default\">Localiza tu l\u00ednea secundaria<\/h4>\t\t\t\t<\/div>\n\t\t\t\t<\/div>\n\t\t\t\t<div class=\"elementor-element elementor-element-044c21b animated-slow elementor-invisible elementor-widget elementor-widget-text-editor\" data-id=\"044c21b\" data-element_type=\"widget\" data-settings=\"{&quot;_animation&quot;:&quot;fadeIn&quot;,&quot;_animation_delay&quot;:200}\" data-widget_type=\"text-editor.default\">\n\t\t\t\t<div class=\"elementor-widget-container\">\n\t\t\t\t\t\t\t\t\t<p>Las l\u00edneas de servicio secundario van desde el transformador (caja verde) hasta su hogar o negocio. 811 no ubica l\u00edneas el\u00e9ctricas secundarias subterr\u00e1neas de HCE. Comun\u00edquese con un localizador privado local para asegurarse de que todas las l\u00edneas subterr\u00e1neas est\u00e9n marcadas antes de excavar. Como miembro, usted es responsable del mantenimiento y reparaci\u00f3n de las l\u00edneas de servicio secundarias.<\/p>\t\t\t\t\t\t\t\t<\/div>\n\t\t\t\t<\/div>\n\t\t\t\t<div class=\"elementor-element elementor-element-185d204 elementor-align-left elementor-mobile-align-justify animated-slow elementor-invisible elementor-widget elementor-widget-button\" data-id=\"185d204\" data-element_type=\"widget\" data-settings=\"{&quot;_animation&quot;:&quot;fadeIn&quot;,&quot;_animation_delay&quot;:43}\" data-widget_type=\"button.default\">\n\t\t\t\t<div class=\"elementor-widget-container\">\n\t\t\t\t\t\t\t\t\t<div class=\"elementor-button-wrapper\">\n\t\t\t\t\t<a class=\"elementor-button elementor-button-link elementor-size-sm\" href=\"https:\/\/www.colorado811.org\/private-locate-companies\/\">\n\t\t\t\t\t\t<span class=\"elementor-button-content-wrapper\">\n\t\t\t\t\t\t\t\t\t<span class=\"elementor-button-text\">Encuentre un localizador privado<\/span>\n\t\t\t\t\t<\/span>\n\t\t\t\t\t<\/a>\n\t\t\t\t<\/div>\n\t\t\t\t\t\t\t\t<\/div>\n\t\t\t\t<\/div>\n\t\t\t\t\t<\/div>\n\t\t<\/div>\n\t\t\t\t\t<\/div>\n\t\t<\/section>\n\t\t\t\t\t<\/div>\n\t\t<\/div>\n\t\t\t\t\t<\/div>\n\t\t<\/section>\n\t\t\t\t<\/div>","protected":false},"excerpt":{"rendered":"<p>Llamar al 811 es el paso m\u00e1s importante. Llame al 811 al menos unos d\u00edas antes de comenzar cualquier proyecto de excavaci\u00f3n. Ya sea que est\u00e9 planeando hacerlo usted mismo o contratar a un profesional, excavar de manera inteligente significa llamar al 811 antes de cada trabajo. \u00bfEst\u00e1 listo para excavar? Lo ayudaremos...<\/p>","protected":false},"author":1,"featured_media":0,"parent":35424,"menu_order":0,"comment_status":"closed","ping_status":"closed","template":"elementor_header_footer","meta":{"_acf_changed":false,"footnotes":""},"class_list":["post-35457","page","type-page","status-publish","hentry"],"acf":[],"yoast_head":"<!-- This site is optimized with the Yoast SEO plugin v22.8 - https:\/\/yoast.com\/wordpress\/plugins\/seo\/ -->\n<title>Call before you dig - Holy Cross Energy<\/title>\n<meta name=\"robots\" content=\"index, follow, max-snippet:-1, max-image-preview:large, max-video-preview:-1\" \/>\n<link rel=\"canonical\" href=\"https:\/\/www.holycross.com\/es\/community\/safety\/call-before-you-dig\/\" \/>\n<meta property=\"og:locale\" content=\"es_MX\" \/>\n<meta property=\"og:type\" content=\"article\" \/>\n<meta property=\"og:title\" content=\"Call before you dig - Holy Cross Energy\" \/>\n<meta property=\"og:description\" content=\"Calling 811 is the most important step! Call 811 at least a few days before you start any digging project. Whether you are planning to do it yourself or hire a professional, smart digging means calling 811 before each job. Ready to dig? We\u2019ll help...\" \/>\n<meta property=\"og:url\" content=\"https:\/\/www.holycross.com\/es\/community\/safety\/call-before-you-dig\/\" \/>\n<meta property=\"og:site_name\" content=\"Holy Cross Energy\" \/>\n<meta property=\"article:modified_time\" content=\"2024-11-07T14:13:16+00:00\" \/>\n<meta property=\"og:image\" content=\"https:\/\/www.holycross.com\/wp-content\/uploads\/2018\/06\/holy-cross-energy-family_call-before-you-dig.png\" \/>\n<meta name=\"twitter:card\" content=\"summary_large_image\" \/>\n<meta name=\"twitter:label1\" content=\"Tiempo de lectura\" \/>\n\t<meta name=\"twitter:data1\" content=\"1 minuto\" \/>\n<script type=\"application\/ld+json\" class=\"yoast-schema-graph\">{\"@context\":\"https:\/\/schema.org\",\"@graph\":[{\"@type\":\"WebPage\",\"@id\":\"https:\/\/www.holycross.com\/community\/safety\/call-before-you-dig\",\"url\":\"https:\/\/www.holycross.com\/community\/safety\/call-before-you-dig\",\"name\":\"Call before you dig - Holy Cross Energy\",\"isPartOf\":{\"@id\":\"https:\/\/www.holycross.com\/#website\"},\"primaryImageOfPage\":{\"@id\":\"https:\/\/www.holycross.com\/community\/safety\/call-before-you-dig#primaryimage\"},\"image\":{\"@id\":\"https:\/\/www.holycross.com\/community\/safety\/call-before-you-dig#primaryimage\"},\"thumbnailUrl\":\"https:\/\/www.holycross.com\/wp-content\/uploads\/2018\/06\/holy-cross-energy-family_call-before-you-dig.png\",\"datePublished\":\"2023-01-16T16:01:03+00:00\",\"dateModified\":\"2024-11-07T14:13:16+00:00\",\"breadcrumb\":{\"@id\":\"https:\/\/www.holycross.com\/community\/safety\/call-before-you-dig#breadcrumb\"},\"inLanguage\":\"es\",\"potentialAction\":[{\"@type\":\"ReadAction\",\"target\":[\"https:\/\/www.holycross.com\/community\/safety\/call-before-you-dig\"]}]},{\"@type\":\"ImageObject\",\"inLanguage\":\"es\",\"@id\":\"https:\/\/www.holycross.com\/community\/safety\/call-before-you-dig#primaryimage\",\"url\":\"https:\/\/www.holycross.com\/wp-content\/uploads\/2018\/06\/holy-cross-energy-family_call-before-you-dig.png\",\"contentUrl\":\"https:\/\/www.holycross.com\/wp-content\/uploads\/2018\/06\/holy-cross-energy-family_call-before-you-dig.png\"},{\"@type\":\"BreadcrumbList\",\"@id\":\"https:\/\/www.holycross.com\/community\/safety\/call-before-you-dig#breadcrumb\",\"itemListElement\":[{\"@type\":\"ListItem\",\"position\":1,\"name\":\"Home\",\"item\":\"https:\/\/www.holycross.com\/\"},{\"@type\":\"ListItem\",\"position\":2,\"name\":\"COMMUNITY\",\"item\":\"https:\/\/www.holycross.com\/community\"},{\"@type\":\"ListItem\",\"position\":3,\"name\":\"SAFETY\",\"item\":\"https:\/\/www.holycross.com\/community\/safety\"},{\"@type\":\"ListItem\",\"position\":4,\"name\":\"Call before you dig\"}]},{\"@type\":\"WebSite\",\"@id\":\"https:\/\/www.holycross.com\/#website\",\"url\":\"https:\/\/www.holycross.com\/\",\"name\":\"Holy Cross Energy\",\"description\":\"\",\"publisher\":{\"@id\":\"https:\/\/www.holycross.com\/#organization\"},\"potentialAction\":[{\"@type\":\"SearchAction\",\"target\":{\"@type\":\"EntryPoint\",\"urlTemplate\":\"https:\/\/www.holycross.com\/?s={search_term_string}\"},\"query-input\":\"required name=search_term_string\"}],\"inLanguage\":\"es\"},{\"@type\":\"Organization\",\"@id\":\"https:\/\/www.holycross.com\/#organization\",\"name\":\"Holy Cross Energy\",\"url\":\"https:\/\/www.holycross.com\/\",\"logo\":{\"@type\":\"ImageObject\",\"inLanguage\":\"es\",\"@id\":\"https:\/\/www.holycross.com\/#\/schema\/logo\/image\/\",\"url\":\"https:\/\/www.holycross.com\/wp-content\/uploads\/2022\/07\/HCE-NEW-LOGO-GREEN.png\",\"contentUrl\":\"https:\/\/www.holycross.com\/wp-content\/uploads\/2022\/07\/HCE-NEW-LOGO-GREEN.png\",\"width\":288,\"height\":288,\"caption\":\"Holy Cross Energy\"},\"image\":{\"@id\":\"https:\/\/www.holycross.com\/#\/schema\/logo\/image\/\"}}]}<\/script>\n<!-- \/ Yoast SEO plugin. -->","yoast_head_json":{"title":"Llama antes de excavar - Holy Cross Energy","robots":{"index":"index","follow":"follow","max-snippet":"max-snippet:-1","max-image-preview":"max-image-preview:large","max-video-preview":"max-video-preview:-1"},"canonical":"https:\/\/www.holycross.com\/es\/community\/safety\/call-before-you-dig\/","og_locale":"es_MX","og_type":"article","og_title":"Call before you dig - Holy Cross Energy","og_description":"Calling 811 is the most important step! Call 811 at least a few days before you start any digging project. Whether you are planning to do it yourself or hire a professional, smart digging means calling 811 before each job. Ready to dig? We\u2019ll help...","og_url":"https:\/\/www.holycross.com\/es\/community\/safety\/call-before-you-dig\/","og_site_name":"Holy Cross Energy","article_modified_time":"2024-11-07T14:13:16+00:00","og_image":[{"url":"https:\/\/www.holycross.com\/wp-content\/uploads\/2018\/06\/holy-cross-energy-family_call-before-you-dig.png"}],"twitter_card":"summary_large_image","twitter_misc":{"Tiempo de lectura":"1 minuto"},"schema":{"@context":"https:\/\/schema.org","@graph":[{"@type":"WebPage","@id":"https:\/\/www.holycross.com\/community\/safety\/call-before-you-dig","url":"https:\/\/www.holycross.com\/community\/safety\/call-before-you-dig","name":"Llama antes de excavar - Holy Cross Energy","isPartOf":{"@id":"https:\/\/www.holycross.com\/#website"},"primaryImageOfPage":{"@id":"https:\/\/www.holycross.com\/community\/safety\/call-before-you-dig#primaryimage"},"image":{"@id":"https:\/\/www.holycross.com\/community\/safety\/call-before-you-dig#primaryimage"},"thumbnailUrl":"https:\/\/www.holycross.com\/wp-content\/uploads\/2018\/06\/holy-cross-energy-family_call-before-you-dig.png","datePublished":"2023-01-16T16:01:03+00:00","dateModified":"2024-11-07T14:13:16+00:00","breadcrumb":{"@id":"https:\/\/www.holycross.com\/community\/safety\/call-before-you-dig#breadcrumb"},"inLanguage":"es","potentialAction":[{"@type":"ReadAction","target":["https:\/\/www.holycross.com\/community\/safety\/call-before-you-dig"]}]},{"@type":"ImageObject","inLanguage":"es","@id":"https:\/\/www.holycross.com\/community\/safety\/call-before-you-dig#primaryimage","url":"https:\/\/www.holycross.com\/wp-content\/uploads\/2018\/06\/holy-cross-energy-family_call-before-you-dig.png","contentUrl":"https:\/\/www.holycross.com\/wp-content\/uploads\/2018\/06\/holy-cross-energy-family_call-before-you-dig.png"},{"@type":"BreadcrumbList","@id":"https:\/\/www.holycross.com\/community\/safety\/call-before-you-dig#breadcrumb","itemListElement":[{"@type":"ListItem","position":1,"name":"Home","item":"https:\/\/www.holycross.com\/"},{"@type":"ListItem","position":2,"name":"COMMUNITY","item":"https:\/\/www.holycross.com\/community"},{"@type":"ListItem","position":3,"name":"SAFETY","item":"https:\/\/www.holycross.com\/community\/safety"},{"@type":"ListItem","position":4,"name":"Call before you dig"}]},{"@type":"WebSite","@id":"https:\/\/www.holycross.com\/#website","url":"https:\/\/www.holycross.com\/","name":"Holy Cross Energy","description":"","publisher":{"@id":"https:\/\/www.holycross.com\/#organization"},"potentialAction":[{"@type":"SearchAction","target":{"@type":"EntryPoint","urlTemplate":"https:\/\/www.holycross.com\/?s={search_term_string}"},"query-input":"required name=search_term_string"}],"inLanguage":"es"},{"@type":"Organization","@id":"https:\/\/www.holycross.com\/#organization","name":"Holy Cross Energy","url":"https:\/\/www.holycross.com\/","logo":{"@type":"ImageObject","inLanguage":"es","@id":"https:\/\/www.holycross.com\/#\/schema\/logo\/image\/","url":"https:\/\/www.holycross.com\/wp-content\/uploads\/2022\/07\/HCE-NEW-LOGO-GREEN.png","contentUrl":"https:\/\/www.holycross.com\/wp-content\/uploads\/2022\/07\/HCE-NEW-LOGO-GREEN.png","width":288,"height":288,"caption":"Holy Cross Energy"},"image":{"@id":"https:\/\/www.holycross.com\/#\/schema\/logo\/image\/"}}]}},"_links":{"self":[{"href":"https:\/\/www.holycross.com\/es\/wp-json\/wp\/v2\/pages\/35457","targetHints":{"allow":["GET"]}}],"collection":[{"href":"https:\/\/www.holycross.com\/es\/wp-json\/wp\/v2\/pages"}],"about":[{"href":"https:\/\/www.holycross.com\/es\/wp-json\/wp\/v2\/types\/page"}],"author":[{"embeddable":true,"href":"https:\/\/www.holycross.com\/es\/wp-json\/wp\/v2\/users\/1"}],"replies":[{"embeddable":true,"href":"https:\/\/www.holycross.com\/es\/wp-json\/wp\/v2\/comments?post=35457"}],"version-history":[{"count":80,"href":"https:\/\/www.holycross.com\/es\/wp-json\/wp\/v2\/pages\/35457\/revisions"}],"predecessor-version":[{"id":49111,"href":"https:\/\/www.holycross.com\/es\/wp-json\/wp\/v2\/pages\/35457\/revisions\/49111"}],"up":[{"embeddable":true,"href":"https:\/\/www.holycross.com\/es\/wp-json\/wp\/v2\/pages\/35424"}],"wp:attachment":[{"href":"https:\/\/www.holycross.com\/es\/wp-json\/wp\/v2\/media?parent=35457"}],"curies":[{"name":"wp","href":"https:\/\/api.w.org\/{rel}","templated":true}]}}