{"id":35456,"date":"2023-01-16T16:01:08","date_gmt":"2023-01-16T16:01:08","guid":{"rendered":"https:\/\/holycross.com\/?page_id=35456"},"modified":"2024-03-04T18:32:15","modified_gmt":"2024-03-04T18:32:15","slug":"severe-weather","status":"publish","type":"page","link":"https:\/\/www.holycross.com\/es\/community\/safety\/severe-weather","title":{"rendered":"Seguridad en condiciones clim\u00e1ticas adversas"},"content":{"rendered":"<div data-elementor-type=\"wp-page\" data-elementor-id=\"35456\" class=\"elementor elementor-35456\" data-elementor-post-type=\"page\">\n\t\t\t\t\t\t<section class=\"elementor-section elementor-top-section elementor-element elementor-element-d971f06 elementor-section-items-stretch elementor-section-content-middle elementor-section-height-min-height elementor-section-boxed elementor-section-height-default parallax_section_no qode_elementor_container_no\" data-id=\"d971f06\" data-element_type=\"section\" data-e-type=\"section\" data-settings=\"{&quot;background_background&quot;:&quot;classic&quot;}\">\n\t\t\t\t\t\t\t<div class=\"elementor-background-overlay\"><\/div>\n\t\t\t\t\t\t\t<div class=\"elementor-container elementor-column-gap-default\">\n\t\t\t\t\t<div class=\"elementor-column elementor-col-100 elementor-top-column elementor-element elementor-element-69b7645\" data-id=\"69b7645\" data-element_type=\"column\" data-e-type=\"column\">\n\t\t\t<div class=\"elementor-widget-wrap elementor-element-populated\">\n\t\t\t\t\t\t\t<\/div>\n\t\t<\/div>\n\t\t\t\t\t<\/div>\n\t\t<\/section>\n\t\t\t\t<section class=\"elementor-section elementor-top-section elementor-element elementor-element-0e9f46a elementor-section-boxed elementor-section-height-default elementor-section-height-default parallax_section_no qode_elementor_container_no\" data-id=\"0e9f46a\" data-element_type=\"section\" data-e-type=\"section\" data-settings=\"{&quot;background_background&quot;:&quot;classic&quot;}\">\n\t\t\t\t\t\t<div class=\"elementor-container elementor-column-gap-default\">\n\t\t\t\t\t<div class=\"elementor-column elementor-col-100 elementor-top-column elementor-element elementor-element-c936af2\" data-id=\"c936af2\" data-element_type=\"column\" data-e-type=\"column\">\n\t\t\t<div class=\"elementor-widget-wrap elementor-element-populated\">\n\t\t\t\t\t\t<div class=\"elementor-element elementor-element-2641532 animated-slow elementor-invisible elementor-widget elementor-widget-heading\" data-id=\"2641532\" data-element_type=\"widget\" data-e-type=\"widget\" data-settings=\"{&quot;_animation&quot;:&quot;fadeIn&quot;,&quot;_animation_delay&quot;:100}\" data-widget_type=\"heading.default\">\n\t\t\t\t<div class=\"elementor-widget-container\">\n\t\t\t\t\t<h4 class=\"elementor-heading-title elementor-size-default\">Vaya a lo seguro en condiciones clim\u00e1ticas adversas<\/h4>\t\t\t\t<\/div>\n\t\t\t\t<\/div>\n\t\t\t\t<div class=\"elementor-element elementor-element-b80e95b animated-slow elementor-invisible elementor-widget elementor-widget-text-editor\" data-id=\"b80e95b\" data-element_type=\"widget\" data-e-type=\"widget\" data-settings=\"{&quot;_animation&quot;:&quot;fadeIn&quot;,&quot;_animation_delay&quot;:200}\" data-widget_type=\"text-editor.default\">\n\t\t\t\t<div class=\"elementor-widget-container\">\n\t\t\t\t\t\t\t\t\t<p>Las tormentas de Colorado son tan magn\u00edficas como sus monta\u00f1as y merecen tanto respeto. Las tormentas severas y sus consecuencias pueden provocar incendios, inundaciones, deslizamientos de tierra y cortes de energ\u00eda. Los peligros el\u00e9ctricos resultantes pueden causar lesiones graves o incluso la muerte. Cada estaci\u00f3n tiene su flagelo, desde el hielo hasta el viento, pasando por el agua y los rayos. Como aventurarnos en nuestras monta\u00f1as, un buen ataque es la mejor defensa.<\/p>\t\t\t\t\t\t\t\t<\/div>\n\t\t\t\t<\/div>\n\t\t\t\t<div class=\"elementor-element elementor-element-44db628 animated-slow elementor-invisible elementor-widget elementor-widget-heading\" data-id=\"44db628\" data-element_type=\"widget\" data-e-type=\"widget\" data-settings=\"{&quot;_animation&quot;:&quot;fadeIn&quot;,&quot;_animation_delay&quot;:300}\" data-widget_type=\"heading.default\">\n\t\t\t\t<div class=\"elementor-widget-container\">\n\t\t\t\t\t<h5 class=\"elementor-heading-title elementor-size-default\">Esto es lo que puedes hacer:<\/h5>\t\t\t\t<\/div>\n\t\t\t\t<\/div>\n\t\t\t\t<div class=\"elementor-element elementor-element-df029ff animated-slow elementor-invisible elementor-widget elementor-widget-text-editor\" data-id=\"df029ff\" data-element_type=\"widget\" data-e-type=\"widget\" data-settings=\"{&quot;_animation&quot;:&quot;fadeIn&quot;,&quot;_animation_delay&quot;:400}\" data-widget_type=\"text-editor.default\">\n\t\t\t\t<div class=\"elementor-widget-container\">\n\t\t\t\t\t\t\t\t\t<ul><li><p>Tenga un generador de respaldo o una fuente de bater\u00eda, como un <a href=\"https:\/\/holycross.com\/member-programs\/powerplus\">Panel de energ\u00eda Tesla<\/a> instalado y cargado para emergencias. Muchas de las muertes asociadas con el uso de generadores ocurren durante o justo despu\u00e9s de las tormentas, as\u00ed que conozca las <a href=\"https:\/\/www.esfi.org\/portable-generator-safety-generate-safety\/\" target=\"_blank\" rel=\"noopener\">protocolos de seguridad<\/a> para uso antes, durante y despu\u00e9s de condiciones clim\u00e1ticas severas. El uso seguro salva vidas.<\/p><\/li><li><p>Aseg\u00farese de que su <a href=\"https:\/\/www.esfi.org\/dont-shock-the-neighborhood\/\" target=\"_blank\" rel=\"noopener\">El generador tiene un interruptor de transferencia.<\/a> para evitar la retroalimentaci\u00f3n. La retroalimentaci\u00f3n puede ser mortal e incluso da\u00f1ar a los trabajadores de servicios p\u00fablicos que realizan reparaciones. Los interruptores de transferencia mantienen a todos seguros y adem\u00e1s pueden prevenir incendios el\u00e9ctricos causados por cortocircuitos y conexiones inadecuadas.<span class=\"Apple-converted-space\">\u00a0<\/span><\/p><\/li><li><p>Los rayos son emocionantes y pueden ser mortales. Y no s\u00f3lo en las cimas de las monta\u00f1as: 1\/3 de las lesiones relacionadas con rayos ocurren dentro de su hogar. algunos simples <a href=\"https:\/\/www.esfi.org\/lightning-electrical-safety\/\" target=\"_blank\" rel=\"noopener\">precauciones contra rayos<\/a> Marca una gran diferencia en tu forma de vivir cuando el cielo cobra vida con rayos y sacudidas.<\/p><\/li><li><p>\u00a0Ya sea que sean provocados por la naturaleza, los humanos o ambos, los incendios no son extra\u00f1os en Colorado. Las tormentas de verano pueden provocar incendios forestales, pero las festividades humanas luminosas como el 4 de julio, Halloween y Navidad pueden provocar incendios dom\u00e9sticos. El fuego puede causar una devastaci\u00f3n real y de gran alcance, as\u00ed que mant\u00e9ngase a salvo con <a href=\"https:\/\/holycross.com\/our-system\/outage-center\/grid-resiliency\">preparaci\u00f3n contra incendios<\/a> y <a href=\"https:\/\/www.nfpa.org\/Public-Education\/Fire-causes-and-risks\" target=\"_blank\" rel=\"noopener\">conciencia de gesti\u00f3n de riesgos<\/a>.<\/p><\/li><li><p>Las inundaciones causan m\u00e1s muertes cada a\u00f1o que cualquier otro peligro relacionado con el clima severo y pueden ocurrir en cualquier lugar. El agua y la electricidad son una receta para el desastre, as\u00ed que reduzca sus riesgos con soluciones comprobadas. <a href=\"https:\/\/www.esfi.org\/flood-electrical-safety-high-water-high-stakes\/\" target=\"_blank\" rel=\"noopener\">protocolos de seguridad contra inundaciones<\/a>.<\/p><\/li><li><p>Las tormentas invernales pueden provocar peligros el\u00e9ctricos. Navegue con seguridad por l\u00edneas el\u00e9ctricas ca\u00eddas, generadores port\u00e1tiles y fuentes de calor suplementarias con estos <a href=\"https:\/\/www.esfi.org\/winter-storm-electrical-safety\/\" target=\"_blank\" rel=\"noopener\">Consejos de seguridad para tormentas de invierno<\/a>.<\/p><\/li><li><p>Las tormentas pueden provocar que la tensi\u00f3n el\u00e9ctrica baje de su nivel habitual. Estas ca\u00eddas de voltaje, llamadas ca\u00eddas de voltaje, pueden da\u00f1ar los dispositivos electr\u00f3nicos de su hogar, incluidas fallas electr\u00f3nicas inesperadas en el futuro. Una ca\u00edda de tensi\u00f3n sostenida podr\u00eda da\u00f1ar los motores electr\u00f3nicos de lavadoras, secadoras, ventiladores, aires acondicionados, refrigeradores y congeladores. <a href=\"https:\/\/www.esfi.org\/brownouts\/\" target=\"_blank\" rel=\"noopener\">Proteja sus aparatos electr\u00f3nicos de ca\u00eddas de tensi\u00f3n<\/a> con sistemas de alimentaci\u00f3n ininterrumpida, sistemas de almacenamiento de energ\u00eda, medidores inteligentes, generadores y protectores contra sobretensiones.<span class=\"Apple-converted-space\">\u00a0<\/span><\/p><\/li><\/ul>\t\t\t\t\t\t\t\t<\/div>\n\t\t\t\t<\/div>\n\t\t\t\t<div class=\"elementor-element elementor-element-5db6327 animated-slow elementor-invisible elementor-widget elementor-widget-text-editor\" data-id=\"5db6327\" data-element_type=\"widget\" data-e-type=\"widget\" data-settings=\"{&quot;_animation&quot;:&quot;fadeIn&quot;,&quot;_animation_delay&quot;:400}\" data-widget_type=\"text-editor.default\">\n\t\t\t\t<div class=\"elementor-widget-container\">\n\t\t\t\t\t\t\t\t\t<p>Recursos adicionales cortes\u00eda de <a href=\"https:\/\/www.esfi.org\/\" target=\"_blank\" rel=\"noopener\">Fundaci\u00f3n de seguridad el\u00e9ctrica<\/a> y <a href=\"https:\/\/www.nfpa.org\/\" target=\"_blank\" rel=\"noopener\">Asociaci\u00f3n Nacional de Protecci\u00f3n contra el Fuego<\/a>.<\/p>\t\t\t\t\t\t\t\t<\/div>\n\t\t\t\t<\/div>\n\t\t\t\t\t<\/div>\n\t\t<\/div>\n\t\t\t\t\t<\/div>\n\t\t<\/section>\n\t\t\t\t<\/div>","protected":false},"excerpt":{"rendered":"<p>No corra riesgos en caso de condiciones clim\u00e1ticas adversas Las tormentas de Colorado son tan magn\u00edficas como sus monta\u00f1as y merecen el mismo respeto. Las tormentas severas y sus consecuencias pueden provocar incendios, inundaciones, deslizamientos de tierra y cortes de energ\u00eda. Los riesgos el\u00e9ctricos resultantes pueden causar lesiones graves o incluso la muerte. Cada estaci\u00f3n tiene\u2026<\/p>","protected":false},"author":1,"featured_media":0,"parent":35424,"menu_order":0,"comment_status":"closed","ping_status":"closed","template":"elementor_header_footer","meta":{"_acf_changed":false,"footnotes":""},"class_list":["post-35456","page","type-page","status-publish","hentry"],"acf":[],"yoast_head":"<!-- This site is optimized with the Yoast SEO plugin v27.3 - https:\/\/yoast.com\/product\/yoast-seo-wordpress\/ -->\n<title>Severe Weather Safety - Holy Cross Energy<\/title>\n<meta name=\"robots\" content=\"index, follow, max-snippet:-1, max-image-preview:large, max-video-preview:-1\" \/>\n<link rel=\"canonical\" href=\"https:\/\/www.holycross.com\/es\/community\/safety\/severe-weather\/\" \/>\n<meta property=\"og:locale\" content=\"es_MX\" \/>\n<meta property=\"og:type\" content=\"article\" \/>\n<meta property=\"og:title\" content=\"Severe Weather Safety - Holy Cross Energy\" \/>\n<meta property=\"og:description\" content=\"Play it safe in severe weather Colorado&#8217;s storms are as magnificent as her mountains\u2014and deserve as much respect. Severe storms and their aftermath can trigger fires, flooding, mudslides, and power outages. The resulting electrical hazards can cause serious injury or even death. Every season has...\" \/>\n<meta property=\"og:url\" content=\"https:\/\/www.holycross.com\/es\/community\/safety\/severe-weather\/\" \/>\n<meta property=\"og:site_name\" content=\"Holy Cross Energy\" \/>\n<meta property=\"article:modified_time\" content=\"2024-03-04T18:32:15+00:00\" \/>\n<meta name=\"twitter:card\" content=\"summary_large_image\" \/>\n<meta name=\"twitter:label1\" content=\"Tiempo de lectura\" \/>\n\t<meta name=\"twitter:data1\" content=\"2 minutos\" \/>\n<script type=\"application\/ld+json\" class=\"yoast-schema-graph\">{\"@context\":\"https:\\\/\\\/schema.org\",\"@graph\":[{\"@type\":\"WebPage\",\"@id\":\"https:\\\/\\\/www.holycross.com\\\/community\\\/safety\\\/severe-weather\",\"url\":\"https:\\\/\\\/www.holycross.com\\\/community\\\/safety\\\/severe-weather\",\"name\":\"Severe Weather Safety - Holy Cross Energy\",\"isPartOf\":{\"@id\":\"https:\\\/\\\/www.holycross.com\\\/#website\"},\"datePublished\":\"2023-01-16T16:01:08+00:00\",\"dateModified\":\"2024-03-04T18:32:15+00:00\",\"breadcrumb\":{\"@id\":\"https:\\\/\\\/www.holycross.com\\\/community\\\/safety\\\/severe-weather#breadcrumb\"},\"inLanguage\":\"es\",\"potentialAction\":[{\"@type\":\"ReadAction\",\"target\":[\"https:\\\/\\\/www.holycross.com\\\/community\\\/safety\\\/severe-weather\"]}]},{\"@type\":\"BreadcrumbList\",\"@id\":\"https:\\\/\\\/www.holycross.com\\\/community\\\/safety\\\/severe-weather#breadcrumb\",\"itemListElement\":[{\"@type\":\"ListItem\",\"position\":1,\"name\":\"Home\",\"item\":\"https:\\\/\\\/www.holycross.com\\\/\"},{\"@type\":\"ListItem\",\"position\":2,\"name\":\"COMMUNITY\",\"item\":\"https:\\\/\\\/www.holycross.com\\\/community\"},{\"@type\":\"ListItem\",\"position\":3,\"name\":\"SAFETY\",\"item\":\"https:\\\/\\\/www.holycross.com\\\/community\\\/safety\"},{\"@type\":\"ListItem\",\"position\":4,\"name\":\"Severe Weather Safety\"}]},{\"@type\":\"WebSite\",\"@id\":\"https:\\\/\\\/www.holycross.com\\\/#website\",\"url\":\"https:\\\/\\\/www.holycross.com\\\/\",\"name\":\"Holy Cross Energy\",\"description\":\"\",\"publisher\":{\"@id\":\"https:\\\/\\\/www.holycross.com\\\/#organization\"},\"potentialAction\":[{\"@type\":\"SearchAction\",\"target\":{\"@type\":\"EntryPoint\",\"urlTemplate\":\"https:\\\/\\\/www.holycross.com\\\/?s={search_term_string}\"},\"query-input\":{\"@type\":\"PropertyValueSpecification\",\"valueRequired\":true,\"valueName\":\"search_term_string\"}}],\"inLanguage\":\"es\"},{\"@type\":\"Organization\",\"@id\":\"https:\\\/\\\/www.holycross.com\\\/#organization\",\"name\":\"Holy Cross Energy\",\"url\":\"https:\\\/\\\/www.holycross.com\\\/\",\"logo\":{\"@type\":\"ImageObject\",\"inLanguage\":\"es\",\"@id\":\"https:\\\/\\\/www.holycross.com\\\/#\\\/schema\\\/logo\\\/image\\\/\",\"url\":\"https:\\\/\\\/www.holycross.com\\\/wp-content\\\/uploads\\\/2022\\\/07\\\/HCE-NEW-LOGO-GREEN.png\",\"contentUrl\":\"https:\\\/\\\/www.holycross.com\\\/wp-content\\\/uploads\\\/2022\\\/07\\\/HCE-NEW-LOGO-GREEN.png\",\"width\":288,\"height\":288,\"caption\":\"Holy Cross Energy\"},\"image\":{\"@id\":\"https:\\\/\\\/www.holycross.com\\\/#\\\/schema\\\/logo\\\/image\\\/\"}}]}<\/script>\n<!-- \/ Yoast SEO plugin. -->","yoast_head_json":{"title":"Seguridad ante condiciones clim\u00e1ticas adversas - Holy Cross Energy","robots":{"index":"index","follow":"follow","max-snippet":"max-snippet:-1","max-image-preview":"max-image-preview:large","max-video-preview":"max-video-preview:-1"},"canonical":"https:\/\/www.holycross.com\/es\/community\/safety\/severe-weather\/","og_locale":"es_MX","og_type":"article","og_title":"Severe Weather Safety - Holy Cross Energy","og_description":"Play it safe in severe weather Colorado&#8217;s storms are as magnificent as her mountains\u2014and deserve as much respect. Severe storms and their aftermath can trigger fires, flooding, mudslides, and power outages. The resulting electrical hazards can cause serious injury or even death. Every season has...","og_url":"https:\/\/www.holycross.com\/es\/community\/safety\/severe-weather\/","og_site_name":"Holy Cross Energy","article_modified_time":"2024-03-04T18:32:15+00:00","twitter_card":"summary_large_image","twitter_misc":{"Tiempo de lectura":"2 minutos"},"schema":{"@context":"https:\/\/schema.org","@graph":[{"@type":"WebPage","@id":"https:\/\/www.holycross.com\/community\/safety\/severe-weather","url":"https:\/\/www.holycross.com\/community\/safety\/severe-weather","name":"Seguridad ante condiciones clim\u00e1ticas adversas - Holy Cross Energy","isPartOf":{"@id":"https:\/\/www.holycross.com\/#website"},"datePublished":"2023-01-16T16:01:08+00:00","dateModified":"2024-03-04T18:32:15+00:00","breadcrumb":{"@id":"https:\/\/www.holycross.com\/community\/safety\/severe-weather#breadcrumb"},"inLanguage":"es","potentialAction":[{"@type":"ReadAction","target":["https:\/\/www.holycross.com\/community\/safety\/severe-weather"]}]},{"@type":"BreadcrumbList","@id":"https:\/\/www.holycross.com\/community\/safety\/severe-weather#breadcrumb","itemListElement":[{"@type":"ListItem","position":1,"name":"Home","item":"https:\/\/www.holycross.com\/"},{"@type":"ListItem","position":2,"name":"COMMUNITY","item":"https:\/\/www.holycross.com\/community"},{"@type":"ListItem","position":3,"name":"SAFETY","item":"https:\/\/www.holycross.com\/community\/safety"},{"@type":"ListItem","position":4,"name":"Severe Weather Safety"}]},{"@type":"WebSite","@id":"https:\/\/www.holycross.com\/#website","url":"https:\/\/www.holycross.com\/","name":"Holy Cross Energy","description":"","publisher":{"@id":"https:\/\/www.holycross.com\/#organization"},"potentialAction":[{"@type":"SearchAction","target":{"@type":"EntryPoint","urlTemplate":"https:\/\/www.holycross.com\/?s={search_term_string}"},"query-input":{"@type":"PropertyValueSpecification","valueRequired":true,"valueName":"search_term_string"}}],"inLanguage":"es"},{"@type":"Organization","@id":"https:\/\/www.holycross.com\/#organization","name":"Holy Cross Energy","url":"https:\/\/www.holycross.com\/","logo":{"@type":"ImageObject","inLanguage":"es","@id":"https:\/\/www.holycross.com\/#\/schema\/logo\/image\/","url":"https:\/\/www.holycross.com\/wp-content\/uploads\/2022\/07\/HCE-NEW-LOGO-GREEN.png","contentUrl":"https:\/\/www.holycross.com\/wp-content\/uploads\/2022\/07\/HCE-NEW-LOGO-GREEN.png","width":288,"height":288,"caption":"Holy Cross Energy"},"image":{"@id":"https:\/\/www.holycross.com\/#\/schema\/logo\/image\/"}}]}},"_links":{"self":[{"href":"https:\/\/www.holycross.com\/es\/wp-json\/wp\/v2\/pages\/35456","targetHints":{"allow":["GET"]}}],"collection":[{"href":"https:\/\/www.holycross.com\/es\/wp-json\/wp\/v2\/pages"}],"about":[{"href":"https:\/\/www.holycross.com\/es\/wp-json\/wp\/v2\/types\/page"}],"author":[{"embeddable":true,"href":"https:\/\/www.holycross.com\/es\/wp-json\/wp\/v2\/users\/1"}],"replies":[{"embeddable":true,"href":"https:\/\/www.holycross.com\/es\/wp-json\/wp\/v2\/comments?post=35456"}],"version-history":[{"count":16,"href":"https:\/\/www.holycross.com\/es\/wp-json\/wp\/v2\/pages\/35456\/revisions"}],"predecessor-version":[{"id":45756,"href":"https:\/\/www.holycross.com\/es\/wp-json\/wp\/v2\/pages\/35456\/revisions\/45756"}],"up":[{"embeddable":true,"href":"https:\/\/www.holycross.com\/es\/wp-json\/wp\/v2\/pages\/35424"}],"wp:attachment":[{"href":"https:\/\/www.holycross.com\/es\/wp-json\/wp\/v2\/media?parent=35456"}],"curies":[{"name":"wp","href":"https:\/\/api.w.org\/{rel}","templated":true}]}}