{"id":35452,"date":"2023-01-16T16:00:21","date_gmt":"2023-01-16T16:00:21","guid":{"rendered":"https:\/\/holycross.com\/?page_id=35452"},"modified":"2024-03-04T18:33:30","modified_gmt":"2024-03-04T18:33:30","slug":"home-safety","status":"publish","type":"page","link":"https:\/\/www.holycross.com\/es\/community\/safety\/home-safety","title":{"rendered":"Seguridad del hogar"},"content":{"rendered":"<div data-elementor-type=\"wp-page\" data-elementor-id=\"35452\" class=\"elementor elementor-35452\" data-elementor-post-type=\"page\">\n\t\t\t\t\t\t<section class=\"elementor-section elementor-top-section elementor-element elementor-element-92e3b67 elementor-section-items-stretch elementor-section-content-middle elementor-section-height-min-height elementor-section-boxed elementor-section-height-default parallax_section_no qode_elementor_container_no\" data-id=\"92e3b67\" data-element_type=\"section\" data-e-type=\"section\" data-settings=\"{&quot;background_background&quot;:&quot;classic&quot;}\">\n\t\t\t\t\t\t\t<div class=\"elementor-background-overlay\"><\/div>\n\t\t\t\t\t\t\t<div class=\"elementor-container elementor-column-gap-default\">\n\t\t\t\t\t<div class=\"elementor-column elementor-col-100 elementor-top-column elementor-element elementor-element-6e8b6dd\" data-id=\"6e8b6dd\" data-element_type=\"column\" data-e-type=\"column\">\n\t\t\t<div class=\"elementor-widget-wrap elementor-element-populated\">\n\t\t\t\t\t\t\t<\/div>\n\t\t<\/div>\n\t\t\t\t\t<\/div>\n\t\t<\/section>\n\t\t\t\t<section class=\"elementor-section elementor-top-section elementor-element elementor-element-9c15c7a elementor-section-boxed elementor-section-height-default elementor-section-height-default parallax_section_no qode_elementor_container_no\" data-id=\"9c15c7a\" data-element_type=\"section\" data-e-type=\"section\" data-settings=\"{&quot;background_background&quot;:&quot;classic&quot;}\">\n\t\t\t\t\t\t<div class=\"elementor-container elementor-column-gap-default\">\n\t\t\t\t\t<div class=\"elementor-column elementor-col-100 elementor-top-column elementor-element elementor-element-a366eb4\" data-id=\"a366eb4\" data-element_type=\"column\" data-e-type=\"column\">\n\t\t\t<div class=\"elementor-widget-wrap elementor-element-populated\">\n\t\t\t\t\t\t<div class=\"elementor-element elementor-element-b5a5725 animated-slow elementor-invisible elementor-widget elementor-widget-heading\" data-id=\"b5a5725\" data-element_type=\"widget\" data-e-type=\"widget\" data-settings=\"{&quot;_animation&quot;:&quot;fadeIn&quot;,&quot;_animation_delay&quot;:100}\" data-widget_type=\"heading.default\">\n\t\t\t\t<div class=\"elementor-widget-container\">\n\t\t\t\t\t<h4 class=\"elementor-heading-title elementor-size-default\">T\u00fa tienes el poder de mantener tu hogar seguro<\/h4>\t\t\t\t<\/div>\n\t\t\t\t<\/div>\n\t\t\t\t<div class=\"elementor-element elementor-element-719bfb4 animated-slow elementor-invisible elementor-widget elementor-widget-text-editor\" data-id=\"719bfb4\" data-element_type=\"widget\" data-e-type=\"widget\" data-settings=\"{&quot;_animation&quot;:&quot;fadeIn&quot;,&quot;_animation_delay&quot;:400}\" data-widget_type=\"text-editor.default\">\n\t\t\t\t<div class=\"elementor-widget-container\">\n\t\t\t\t\t\t\t\t\t<p>Fue emocionante cuando Ben Franklin vol\u00f3 su cometa y su llave en una tormenta el\u00e9ctrica, pero definitivamente peligroso. En el siglo transcurrido desde que la electricidad se volvi\u00f3 omnipresente en Estados Unidos, tambi\u00e9n es mucho m\u00e1s seguro para nosotros aprovecharla y usarla. Pero a\u00fan as\u00ed conlleva un riesgo real. Seg\u00fan la Fundaci\u00f3n de Seguridad El\u00e9ctrica, los incendios y accidentes el\u00e9ctricos dom\u00e9sticos lesionan gravemente a miles de personas en los Estados Unidos y causan m\u00e1s de $1.3 mil millones en da\u00f1os a la propiedad cada a\u00f1o. En nuestro mundo moderno, usted tiene el poder de proteger a su familia y su hogar de accidentes el\u00e9ctricos.<\/p>\t\t\t\t\t\t\t\t<\/div>\n\t\t\t\t<\/div>\n\t\t\t\t<div class=\"elementor-element elementor-element-9da8203 animated-slow elementor-invisible elementor-widget elementor-widget-heading\" data-id=\"9da8203\" data-element_type=\"widget\" data-e-type=\"widget\" data-settings=\"{&quot;_animation&quot;:&quot;fadeIn&quot;,&quot;_animation_delay&quot;:100}\" data-widget_type=\"heading.default\">\n\t\t\t\t<div class=\"elementor-widget-container\">\n\t\t\t\t\t<h5 class=\"elementor-heading-title elementor-size-default\">Esto es lo que puedes hacer:<\/h5>\t\t\t\t<\/div>\n\t\t\t\t<\/div>\n\t\t\t\t<div class=\"elementor-element elementor-element-4e9742b animated-slow elementor-invisible elementor-widget elementor-widget-text-editor\" data-id=\"4e9742b\" data-element_type=\"widget\" data-e-type=\"widget\" data-settings=\"{&quot;_animation&quot;:&quot;fadeIn&quot;,&quot;_animation_delay&quot;:400}\" data-widget_type=\"text-editor.default\">\n\t\t\t\t<div class=\"elementor-widget-container\">\n\t\t\t\t\t\t\t\t\t<ul>\n \t<li>conocer lo basico <a href=\"https:\/\/www.esfi.org\/home-safety\/electrical-safety\/\" target=\"_blank\" rel=\"noopener\">principios de seguridad de la electricidad<\/a>.<\/li>\n \t<li>Revisa esto <a href=\"https:\/\/www.esfi.org\/electrical-fire-safety-checklist\/\" target=\"_blank\" rel=\"noopener\">lista de verificaci\u00f3n de seguridad contra incendios<\/a> para reducir los riesgos de incendio.<\/li>\n \t<li>Est\u00e9 preparado para una emergencia de incendio con un <a href=\"https:\/\/www.esfi.org\/fire-safety-planning-checklist\/\" target=\"_blank\" rel=\"noopener\">lista de verificaci\u00f3n de planificaci\u00f3n de seguridad contra incendios<\/a>.<\/li>\n \t<li>Las fallas o mal funcionamiento el\u00e9ctricos causan la mayor\u00eda de los incendios dom\u00e9sticos. Contrate a un calificado, <a href=\"https:\/\/holycross.com\/account-services\/services\/preferred-contractors\">electricista autorizado<\/a> realizar cualquier trabajo el\u00e9ctrico en su hogar y siga estas pautas para <a href=\"https:\/\/www.esfi.org\/dont-overload-your-home\/\" target=\"_blank\" rel=\"noopener\">prevenir sobrecargas el\u00e9ctricas<\/a>.<\/li>\n \t<li>Las alarmas de humo reducen a la mitad la posibilidad de morir en un incendio dom\u00e9stico. Mantenga las alarmas de humo y los detectores de mon\u00f3xido de carbono con estos <a href=\"https:\/\/www.esfi.org\/smoke-alarms-carbon-monoxide-alarms-and-fire-escape-planning\/\" target=\"_blank\" rel=\"noopener\">sencillos consejos de seguridad<\/a>.<\/li>\n \t<li>Los adultos de 65 a\u00f1os o m\u00e1s corren mayor riesgo de sufrir lesiones y muerte relacionadas con incendios. Utilizar esta <a href=\"https:\/\/www.esfi.org\/home-fire-safety-for-older-adults-safety-awareness-program-toolkit\/\" target=\"_blank\" rel=\"noopener\">caja de herramientas<\/a> para prevenir incendios donde viven sus seres queridos mayores.<\/li>\n \t<li>Minimizar los riesgos el\u00e9ctricos relacionados con tormentas al <a href=\"https:\/\/www.esfi.org\/news\/esfi-warns-of-winter-storm-related-electrical-hazards\/\" target=\"_blank\" rel=\"noopener\">saber qu\u00e9 hacer cuando azotan las tormentas.<\/a><\/li>\n<\/ul>\t\t\t\t\t\t\t\t<\/div>\n\t\t\t\t<\/div>\n\t\t\t\t<div class=\"elementor-element elementor-element-876fde7 animated-slow elementor-invisible elementor-widget elementor-widget-text-editor\" data-id=\"876fde7\" data-element_type=\"widget\" data-e-type=\"widget\" data-settings=\"{&quot;_animation&quot;:&quot;fadeIn&quot;,&quot;_animation_delay&quot;:400}\" data-widget_type=\"text-editor.default\">\n\t\t\t\t<div class=\"elementor-widget-container\">\n\t\t\t\t\t\t\t\t\t<p>Recursos adicionales cortes\u00eda de <a href=\"https:\/\/www.esfi.org\/\" target=\"_blank\" rel=\"noopener\">Fundaci\u00f3n de seguridad el\u00e9ctrica<\/a>.<\/p>\t\t\t\t\t\t\t\t<\/div>\n\t\t\t\t<\/div>\n\t\t\t\t\t<\/div>\n\t\t<\/div>\n\t\t\t\t\t<\/div>\n\t\t<\/section>\n\t\t\t\t<\/div>","protected":false},"excerpt":{"rendered":"<p>Tienes el poder de mantener tu hogar seguro Fue emocionante cuando Ben Franklin hizo volar su cometa y su llave en medio de una tormenta el\u00e9ctrica, pero definitivamente peligroso. En el siglo transcurrido desde que la electricidad se volvi\u00f3 omnipresente en Estados Unidos, tambi\u00e9n es mucho m\u00e1s seguro para nosotros aprovecharla\u2026<\/p>","protected":false},"author":1,"featured_media":0,"parent":35424,"menu_order":0,"comment_status":"closed","ping_status":"closed","template":"elementor_header_footer","meta":{"_acf_changed":false,"footnotes":""},"class_list":["post-35452","page","type-page","status-publish","hentry"],"acf":[],"yoast_head":"<!-- This site is optimized with the Yoast SEO plugin v27.3 - https:\/\/yoast.com\/product\/yoast-seo-wordpress\/ -->\n<title>Home Safety - Holy Cross Energy<\/title>\n<meta name=\"robots\" content=\"index, follow, max-snippet:-1, max-image-preview:large, max-video-preview:-1\" \/>\n<link rel=\"canonical\" href=\"https:\/\/www.holycross.com\/es\/community\/safety\/home-safety\/\" \/>\n<meta property=\"og:locale\" content=\"es_MX\" \/>\n<meta property=\"og:type\" content=\"article\" \/>\n<meta property=\"og:title\" content=\"Home Safety - Holy Cross Energy\" \/>\n<meta property=\"og:description\" content=\"You have the power to keep your home safe It was exciting when Ben Franklin flew his kite and key into a lightning storm, but definitely dangerous. In the century since electricity has become ubiquitous in America, it&#8217;s also much safer for us to harness...\" \/>\n<meta property=\"og:url\" content=\"https:\/\/www.holycross.com\/es\/community\/safety\/home-safety\/\" \/>\n<meta property=\"og:site_name\" content=\"Holy Cross Energy\" \/>\n<meta property=\"article:modified_time\" content=\"2024-03-04T18:33:30+00:00\" \/>\n<meta name=\"twitter:card\" content=\"summary_large_image\" \/>\n<meta name=\"twitter:label1\" content=\"Tiempo de lectura\" \/>\n\t<meta name=\"twitter:data1\" content=\"2 minutos\" \/>\n<script type=\"application\/ld+json\" class=\"yoast-schema-graph\">{\"@context\":\"https:\\\/\\\/schema.org\",\"@graph\":[{\"@type\":\"WebPage\",\"@id\":\"https:\\\/\\\/www.holycross.com\\\/community\\\/safety\\\/home-safety\",\"url\":\"https:\\\/\\\/www.holycross.com\\\/community\\\/safety\\\/home-safety\",\"name\":\"Home Safety - Holy Cross Energy\",\"isPartOf\":{\"@id\":\"https:\\\/\\\/www.holycross.com\\\/#website\"},\"datePublished\":\"2023-01-16T16:00:21+00:00\",\"dateModified\":\"2024-03-04T18:33:30+00:00\",\"breadcrumb\":{\"@id\":\"https:\\\/\\\/www.holycross.com\\\/community\\\/safety\\\/home-safety#breadcrumb\"},\"inLanguage\":\"es\",\"potentialAction\":[{\"@type\":\"ReadAction\",\"target\":[\"https:\\\/\\\/www.holycross.com\\\/community\\\/safety\\\/home-safety\"]}]},{\"@type\":\"BreadcrumbList\",\"@id\":\"https:\\\/\\\/www.holycross.com\\\/community\\\/safety\\\/home-safety#breadcrumb\",\"itemListElement\":[{\"@type\":\"ListItem\",\"position\":1,\"name\":\"Home\",\"item\":\"https:\\\/\\\/www.holycross.com\\\/\"},{\"@type\":\"ListItem\",\"position\":2,\"name\":\"COMMUNITY\",\"item\":\"https:\\\/\\\/www.holycross.com\\\/community\"},{\"@type\":\"ListItem\",\"position\":3,\"name\":\"SAFETY\",\"item\":\"https:\\\/\\\/www.holycross.com\\\/community\\\/safety\"},{\"@type\":\"ListItem\",\"position\":4,\"name\":\"Home Safety\"}]},{\"@type\":\"WebSite\",\"@id\":\"https:\\\/\\\/www.holycross.com\\\/#website\",\"url\":\"https:\\\/\\\/www.holycross.com\\\/\",\"name\":\"Holy Cross Energy\",\"description\":\"\",\"publisher\":{\"@id\":\"https:\\\/\\\/www.holycross.com\\\/#organization\"},\"potentialAction\":[{\"@type\":\"SearchAction\",\"target\":{\"@type\":\"EntryPoint\",\"urlTemplate\":\"https:\\\/\\\/www.holycross.com\\\/?s={search_term_string}\"},\"query-input\":{\"@type\":\"PropertyValueSpecification\",\"valueRequired\":true,\"valueName\":\"search_term_string\"}}],\"inLanguage\":\"es\"},{\"@type\":\"Organization\",\"@id\":\"https:\\\/\\\/www.holycross.com\\\/#organization\",\"name\":\"Holy Cross Energy\",\"url\":\"https:\\\/\\\/www.holycross.com\\\/\",\"logo\":{\"@type\":\"ImageObject\",\"inLanguage\":\"es\",\"@id\":\"https:\\\/\\\/www.holycross.com\\\/#\\\/schema\\\/logo\\\/image\\\/\",\"url\":\"https:\\\/\\\/www.holycross.com\\\/wp-content\\\/uploads\\\/2022\\\/07\\\/HCE-NEW-LOGO-GREEN.png\",\"contentUrl\":\"https:\\\/\\\/www.holycross.com\\\/wp-content\\\/uploads\\\/2022\\\/07\\\/HCE-NEW-LOGO-GREEN.png\",\"width\":288,\"height\":288,\"caption\":\"Holy Cross Energy\"},\"image\":{\"@id\":\"https:\\\/\\\/www.holycross.com\\\/#\\\/schema\\\/logo\\\/image\\\/\"}}]}<\/script>\n<!-- \/ Yoast SEO plugin. -->","yoast_head_json":{"title":"Home Safety - Holy Cross Energy","robots":{"index":"index","follow":"follow","max-snippet":"max-snippet:-1","max-image-preview":"max-image-preview:large","max-video-preview":"max-video-preview:-1"},"canonical":"https:\/\/www.holycross.com\/es\/community\/safety\/home-safety\/","og_locale":"es_MX","og_type":"article","og_title":"Home Safety - Holy Cross Energy","og_description":"You have the power to keep your home safe It was exciting when Ben Franklin flew his kite and key into a lightning storm, but definitely dangerous. In the century since electricity has become ubiquitous in America, it&#8217;s also much safer for us to harness...","og_url":"https:\/\/www.holycross.com\/es\/community\/safety\/home-safety\/","og_site_name":"Holy Cross Energy","article_modified_time":"2024-03-04T18:33:30+00:00","twitter_card":"summary_large_image","twitter_misc":{"Tiempo de lectura":"2 minutos"},"schema":{"@context":"https:\/\/schema.org","@graph":[{"@type":"WebPage","@id":"https:\/\/www.holycross.com\/community\/safety\/home-safety","url":"https:\/\/www.holycross.com\/community\/safety\/home-safety","name":"Home Safety - Holy Cross Energy","isPartOf":{"@id":"https:\/\/www.holycross.com\/#website"},"datePublished":"2023-01-16T16:00:21+00:00","dateModified":"2024-03-04T18:33:30+00:00","breadcrumb":{"@id":"https:\/\/www.holycross.com\/community\/safety\/home-safety#breadcrumb"},"inLanguage":"es","potentialAction":[{"@type":"ReadAction","target":["https:\/\/www.holycross.com\/community\/safety\/home-safety"]}]},{"@type":"BreadcrumbList","@id":"https:\/\/www.holycross.com\/community\/safety\/home-safety#breadcrumb","itemListElement":[{"@type":"ListItem","position":1,"name":"Home","item":"https:\/\/www.holycross.com\/"},{"@type":"ListItem","position":2,"name":"COMMUNITY","item":"https:\/\/www.holycross.com\/community"},{"@type":"ListItem","position":3,"name":"SAFETY","item":"https:\/\/www.holycross.com\/community\/safety"},{"@type":"ListItem","position":4,"name":"Home Safety"}]},{"@type":"WebSite","@id":"https:\/\/www.holycross.com\/#website","url":"https:\/\/www.holycross.com\/","name":"Holy Cross Energy","description":"","publisher":{"@id":"https:\/\/www.holycross.com\/#organization"},"potentialAction":[{"@type":"SearchAction","target":{"@type":"EntryPoint","urlTemplate":"https:\/\/www.holycross.com\/?s={search_term_string}"},"query-input":{"@type":"PropertyValueSpecification","valueRequired":true,"valueName":"search_term_string"}}],"inLanguage":"es"},{"@type":"Organization","@id":"https:\/\/www.holycross.com\/#organization","name":"Holy Cross Energy","url":"https:\/\/www.holycross.com\/","logo":{"@type":"ImageObject","inLanguage":"es","@id":"https:\/\/www.holycross.com\/#\/schema\/logo\/image\/","url":"https:\/\/www.holycross.com\/wp-content\/uploads\/2022\/07\/HCE-NEW-LOGO-GREEN.png","contentUrl":"https:\/\/www.holycross.com\/wp-content\/uploads\/2022\/07\/HCE-NEW-LOGO-GREEN.png","width":288,"height":288,"caption":"Holy Cross Energy"},"image":{"@id":"https:\/\/www.holycross.com\/#\/schema\/logo\/image\/"}}]}},"_links":{"self":[{"href":"https:\/\/www.holycross.com\/es\/wp-json\/wp\/v2\/pages\/35452","targetHints":{"allow":["GET"]}}],"collection":[{"href":"https:\/\/www.holycross.com\/es\/wp-json\/wp\/v2\/pages"}],"about":[{"href":"https:\/\/www.holycross.com\/es\/wp-json\/wp\/v2\/types\/page"}],"author":[{"embeddable":true,"href":"https:\/\/www.holycross.com\/es\/wp-json\/wp\/v2\/users\/1"}],"replies":[{"embeddable":true,"href":"https:\/\/www.holycross.com\/es\/wp-json\/wp\/v2\/comments?post=35452"}],"version-history":[{"count":12,"href":"https:\/\/www.holycross.com\/es\/wp-json\/wp\/v2\/pages\/35452\/revisions"}],"predecessor-version":[{"id":45759,"href":"https:\/\/www.holycross.com\/es\/wp-json\/wp\/v2\/pages\/35452\/revisions\/45759"}],"up":[{"embeddable":true,"href":"https:\/\/www.holycross.com\/es\/wp-json\/wp\/v2\/pages\/35424"}],"wp:attachment":[{"href":"https:\/\/www.holycross.com\/es\/wp-json\/wp\/v2\/media?parent=35452"}],"curies":[{"name":"wp","href":"https:\/\/api.w.org\/{rel}","templated":true}]}}