{"id":35441,"date":"2023-01-16T15:58:57","date_gmt":"2023-01-16T15:58:57","guid":{"rendered":"https:\/\/holycross.com\/?page_id=35441"},"modified":"2026-02-25T09:34:57","modified_gmt":"2026-02-25T16:34:57","slug":"annual-meeting","status":"publish","type":"page","link":"https:\/\/www.holycross.com\/es\/community\/engagement\/annual-meeting","title":{"rendered":"Reuni\u00f3n anual"},"content":{"rendered":"<div data-elementor-type=\"wp-page\" data-elementor-id=\"35441\" class=\"elementor elementor-35441\" data-elementor-post-type=\"page\">\n\t\t\t\t\t\t<section class=\"elementor-section elementor-top-section elementor-element elementor-element-f331717 elementor-section-items-stretch elementor-section-content-middle elementor-section-height-min-height elementor-section-boxed elementor-section-height-default parallax_section_no qode_elementor_container_no\" data-id=\"f331717\" data-element_type=\"section\" data-settings=\"{&quot;background_background&quot;:&quot;classic&quot;}\">\n\t\t\t\t\t\t\t<div class=\"elementor-background-overlay\"><\/div>\n\t\t\t\t\t\t\t<div class=\"elementor-container elementor-column-gap-no\">\n\t\t\t\t\t<div class=\"elementor-column elementor-col-50 elementor-top-column elementor-element elementor-element-02dd363\" data-id=\"02dd363\" data-element_type=\"column\">\n\t\t\t<div class=\"elementor-widget-wrap\">\n\t\t\t\t\t\t\t<\/div>\n\t\t<\/div>\n\t\t\t\t<div class=\"elementor-column elementor-col-50 elementor-top-column elementor-element elementor-element-b43ca25\" data-id=\"b43ca25\" data-element_type=\"column\" data-settings=\"{&quot;background_background&quot;:&quot;classic&quot;}\">\n\t\t\t<div class=\"elementor-widget-wrap elementor-element-populated\">\n\t\t\t\t\t\t<div class=\"elementor-element elementor-element-e4dbc4d elementor-widget elementor-widget-heading\" data-id=\"e4dbc4d\" data-element_type=\"widget\" data-widget_type=\"heading.default\">\n\t\t\t\t<div class=\"elementor-widget-container\">\n\t\t\t\t\t<h1 class=\"elementor-heading-title elementor-size-default\">2026<br>Reuni\u00f3n Anual de Miembros<\/h1>\t\t\t\t<\/div>\n\t\t\t\t<\/div>\n\t\t\t\t<div class=\"elementor-element elementor-element-e7fb18d elementor-widget elementor-widget-image\" data-id=\"e7fb18d\" data-element_type=\"widget\" data-widget_type=\"image.default\">\n\t\t\t\t<div class=\"elementor-widget-container\">\n\t\t\t\t\t\t\t\t\t\t\t\t\t\t\t<img decoding=\"async\" src=\"https:\/\/www.holycross.com\/wp-content\/uploads\/2026\/01\/carevoice-vote-coop.svg\" title=\"voz-voto-cooperativa\" alt=\"carevoice-vote-coop\" loading=\"lazy\" \/>\t\t\t\t\t\t\t\t\t\t\t\t\t\t\t<\/div>\n\t\t\t\t<\/div>\n\t\t\t\t\t<\/div>\n\t\t<\/div>\n\t\t\t\t\t<\/div>\n\t\t<\/section>\n\t\t\t\t<section class=\"elementor-section elementor-top-section elementor-element elementor-element-5f92f48 elementor-section-full_width elementor-section-height-default elementor-section-height-default parallax_section_no qode_elementor_container_no\" data-id=\"5f92f48\" data-element_type=\"section\">\n\t\t\t\t\t\t<div class=\"elementor-container elementor-column-gap-default\">\n\t\t\t\t\t<div class=\"elementor-column elementor-col-100 elementor-top-column elementor-element elementor-element-0de6629\" data-id=\"0de6629\" data-element_type=\"column\">\n\t\t\t<div class=\"elementor-widget-wrap\">\n\t\t\t\t\t\t\t<\/div>\n\t\t<\/div>\n\t\t\t\t\t<\/div>\n\t\t<\/section>\n\t\t\t\t<section class=\"elementor-section elementor-top-section elementor-element elementor-element-eeeaa9a elementor-section-boxed elementor-section-height-default elementor-section-height-default parallax_section_no qode_elementor_container_no\" data-id=\"eeeaa9a\" data-element_type=\"section\" data-settings=\"{&quot;background_background&quot;:&quot;classic&quot;}\">\n\t\t\t\t\t\t<div class=\"elementor-container elementor-column-gap-default\">\n\t\t\t\t\t<div class=\"elementor-column elementor-col-50 elementor-top-column elementor-element elementor-element-a424b11\" data-id=\"a424b11\" data-element_type=\"column\">\n\t\t\t<div class=\"elementor-widget-wrap elementor-element-populated\">\n\t\t\t\t\t\t<div class=\"elementor-element elementor-element-8c980fb animated-slow elementor-invisible elementor-widget elementor-widget-heading\" data-id=\"8c980fb\" data-element_type=\"widget\" data-settings=\"{&quot;_animation&quot;:&quot;fadeIn&quot;,&quot;_animation_delay&quot;:100}\" data-widget_type=\"heading.default\">\n\t\t\t\t<div class=\"elementor-widget-container\">\n\t\t\t\t\t<h3 class=\"elementor-heading-title elementor-size-default\">Reuni\u00f3n Anual de Miembros de Holy Cross Energy<\/h3>\t\t\t\t<\/div>\n\t\t\t\t<\/div>\n\t\t\t\t<div class=\"elementor-element elementor-element-f47e188 animated-slow elementor-invisible elementor-widget elementor-widget-heading\" data-id=\"f47e188\" data-element_type=\"widget\" data-settings=\"{&quot;_animation&quot;:&quot;fadeIn&quot;,&quot;_animation_delay&quot;:100}\" data-widget_type=\"heading.default\">\n\t\t\t\t<div class=\"elementor-widget-container\">\n\t\t\t\t\t<h5 class=\"elementor-heading-title elementor-size-default\">Jueves, 11 de junio de 2026<\/h5>\t\t\t\t<\/div>\n\t\t\t\t<\/div>\n\t\t\t\t<div class=\"elementor-element elementor-element-a9f2e94 animated-slow elementor-invisible elementor-widget elementor-widget-heading\" data-id=\"a9f2e94\" data-element_type=\"widget\" data-settings=\"{&quot;_animation&quot;:&quot;fadeIn&quot;,&quot;_animation_delay&quot;:100}\" data-widget_type=\"heading.default\">\n\t\t\t\t<div class=\"elementor-widget-container\">\n\t\t\t\t\t<h5 class=\"elementor-heading-title elementor-size-default\">Four Eagle Ranch, Wolcott<\/h5>\t\t\t\t<\/div>\n\t\t\t\t<\/div>\n\t\t\t\t<div class=\"elementor-element elementor-element-385605c animated-slow elementor-invisible elementor-widget elementor-widget-text-editor\" data-id=\"385605c\" data-element_type=\"widget\" data-settings=\"{&quot;_animation&quot;:&quot;fadeIn&quot;,&quot;_animation_delay&quot;:400}\" data-widget_type=\"text-editor.default\">\n\t\t\t\t<div class=\"elementor-widget-container\">\n\t\t\t\t\t\t\t\t\t<p style=\"text-align: left;\"><strong><span style=\"color: var( --e-global-color-text ); letter-spacing: 0px;\">5:00 pm \u2014<\/span><\/strong><\/p>\n<ul style=\"text-align: left;\">\n<li><em><span style=\"color: var( --e-global-color-text ); letter-spacing: 0px;\">Cena de agradecimiento a los miembros de cortes\u00eda<\/span><\/em><\/li>\n<li><em>Paseos en cami\u00f3n con cubo<\/em><\/li>\n<li><em>Juegos de c\u00e9sped<\/em><\/li>\n<li><em>Votaci\u00f3n electoral presencial hasta las 6:00 p. m.<\/em><\/li>\n<li><em><em>Informaci\u00f3n del Programa de Energ\u00eda<\/em><\/em>\n<p><\/p>\n<\/li>\n<\/ul>\n<p style=\"text-align: left;\"><strong>6:00 pm \u2014<\/strong><\/p>\n<ul>\n<li style=\"text-align: left;\"><em>La votaci\u00f3n termina<\/em><\/li>\n<li style=\"text-align: left;\"><em>Presentaci\u00f3n del estado de la cooperativa<\/em><\/li>\n<li style=\"text-align: left;\"><em>Se anuncian los resultados de las elecciones<\/em><\/li>\n<li style=\"text-align: left;\"><em>Premios de la puerta y obsequios<\/em><\/li>\n<\/ul>\t\t\t\t\t\t\t\t<\/div>\n\t\t\t\t<\/div>\n\t\t\t\t\t<\/div>\n\t\t<\/div>\n\t\t\t\t<div class=\"elementor-column elementor-col-50 elementor-top-column elementor-element elementor-element-5d4e320 animated-slow elementor-invisible\" data-id=\"5d4e320\" data-element_type=\"column\" id=\"RSVP\" data-settings=\"{&quot;background_background&quot;:&quot;classic&quot;,&quot;animation&quot;:&quot;slideInRight&quot;,&quot;animation_delay&quot;:500}\">\n\t\t\t<div class=\"elementor-widget-wrap elementor-element-populated\">\n\t\t\t\t\t\t<div class=\"elementor-element elementor-element-b84b458 elementor-widget elementor-widget-image\" data-id=\"b84b458\" data-element_type=\"widget\" data-widget_type=\"image.default\">\n\t\t\t\t<div class=\"elementor-widget-container\">\n\t\t\t\t\t\t\t\t\t\t\t\t\t\t\t<img decoding=\"async\" width=\"100\" height=\"100\" src=\"https:\/\/www.holycross.com\/wp-content\/uploads\/2022\/11\/HCE_Icons_2.png\" class=\"attachment-full size-full wp-image-2040\" alt=\"\" \/>\t\t\t\t\t\t\t\t\t\t\t\t\t\t\t<\/div>\n\t\t\t\t<\/div>\n\t\t\t\t<div class=\"elementor-element elementor-element-f966cdf elementor-widget elementor-widget-heading\" data-id=\"f966cdf\" data-element_type=\"widget\" data-widget_type=\"heading.default\">\n\t\t\t\t<div class=\"elementor-widget-container\">\n\t\t\t\t\t<h4 class=\"elementor-heading-title elementor-size-default\">Confirma tu asistencia aqu\u00ed<\/h4>\t\t\t\t<\/div>\n\t\t\t\t<\/div>\n\t\t\t\t<div class=\"elementor-element elementor-element-8aae3e8 elementor-widget elementor-widget-text-editor\" data-id=\"8aae3e8\" data-element_type=\"widget\" data-widget_type=\"text-editor.default\">\n\t\t\t\t<div class=\"elementor-widget-container\">\n\t\t\t\t\t\t\t\t\t<p style=\"text-align: center;\">Confirmaci\u00f3n de asistencia pr\u00f3ximamente. \u00bfQu\u00e9 tipo de informaci\u00f3n desea escuchar durante la presentaci\u00f3n de la reuni\u00f3n? Ind\u00edquenoslo en su solicitud de confirmaci\u00f3n de asistencia o env\u00edenos un correo electr\u00f3nico a <a href=\"mailto:communityrelations@holycross.com\">communityrelations@holycross.com<\/a>.<\/p>\t\t\t\t\t\t\t\t<\/div>\n\t\t\t\t<\/div>\n\t\t\t\t<div class=\"elementor-element elementor-element-b6a0787 elementor-widget elementor-widget-html\" data-id=\"b6a0787\" data-element_type=\"widget\" data-widget_type=\"html.default\">\n\t\t\t\t<div class=\"elementor-widget-container\">\n\t\t\t\t\t<script type=\"text\/javascript\" src=\"https:\/\/hce.formstack.com\/forms\/js.php\/annual_meeting_2025_copy\"><\/script><noscript><a href=\"https:\/\/hce.formstack.com\/forms\/annual_meeting_2025_copy\" title=\"Formulario en linea\">Formulario en l\u00ednea - RSVP de la reuni\u00f3n anual 2026<\/a><\/noscript>\t\t\t\t<\/div>\n\t\t\t\t<\/div>\n\t\t\t\t\t<\/div>\n\t\t<\/div>\n\t\t\t\t\t<\/div>\n\t\t<\/section>\n\t\t\t\t<\/div>","protected":false},"excerpt":{"rendered":"<p>2026Annual Meeting of Members Holy Cross Energy Annual Meeting of Members Thursday, June 11, 2026 Four Eagle Ranch, Wolcott 5:00 p.m. \u2014 Complimentary Member Appreciation Dinner Bucket Truck Rides Lawn Games In-Person Election Voting until 6:00 p.m. Energy Program Information 6:00 p.m. \u2014 Voting Ends&#8230;<\/p>","protected":false},"author":1,"featured_media":0,"parent":35425,"menu_order":0,"comment_status":"closed","ping_status":"closed","template":"elementor_header_footer","meta":{"_acf_changed":false,"footnotes":""},"class_list":["post-35441","page","type-page","status-publish","hentry"],"acf":[],"yoast_head":"<!-- This site is optimized with the Yoast SEO plugin v22.8 - https:\/\/yoast.com\/wordpress\/plugins\/seo\/ -->\n<title>Annual meeting - Holy Cross Energy<\/title>\n<meta name=\"robots\" content=\"index, follow, max-snippet:-1, max-image-preview:large, max-video-preview:-1\" \/>\n<link rel=\"canonical\" href=\"https:\/\/www.holycross.com\/es\/community\/engagement\/annual-meeting\/\" \/>\n<meta property=\"og:locale\" content=\"es_MX\" \/>\n<meta property=\"og:type\" content=\"article\" \/>\n<meta property=\"og:title\" content=\"Annual meeting - Holy Cross Energy\" \/>\n<meta property=\"og:description\" content=\"2026Annual Meeting of Members Holy Cross Energy Annual Meeting of Members Thursday, June 11, 2026 Four Eagle Ranch, Wolcott 5:00 p.m. \u2014 Complimentary Member Appreciation Dinner Bucket Truck Rides Lawn Games In-Person Election Voting until 6:00 p.m. Energy Program Information 6:00 p.m. \u2014 Voting Ends...\" \/>\n<meta property=\"og:url\" content=\"https:\/\/www.holycross.com\/es\/community\/engagement\/annual-meeting\/\" \/>\n<meta property=\"og:site_name\" content=\"Holy Cross Energy\" \/>\n<meta property=\"article:modified_time\" content=\"2026-02-25T16:34:57+00:00\" \/>\n<meta property=\"og:image\" content=\"https:\/\/www.holycross.com\/wp-content\/uploads\/2026\/01\/carevoice-vote-coop.svg\" \/>\n<meta name=\"twitter:card\" content=\"summary_large_image\" \/>\n<meta name=\"twitter:label1\" content=\"Tiempo de lectura\" \/>\n\t<meta name=\"twitter:data1\" content=\"1 minuto\" \/>\n<script type=\"application\/ld+json\" class=\"yoast-schema-graph\">{\"@context\":\"https:\/\/schema.org\",\"@graph\":[{\"@type\":\"WebPage\",\"@id\":\"https:\/\/www.holycross.com\/community\/engagement\/annual-meeting\",\"url\":\"https:\/\/www.holycross.com\/community\/engagement\/annual-meeting\",\"name\":\"Annual meeting - Holy Cross Energy\",\"isPartOf\":{\"@id\":\"https:\/\/www.holycross.com\/#website\"},\"primaryImageOfPage\":{\"@id\":\"https:\/\/www.holycross.com\/community\/engagement\/annual-meeting#primaryimage\"},\"image\":{\"@id\":\"https:\/\/www.holycross.com\/community\/engagement\/annual-meeting#primaryimage\"},\"thumbnailUrl\":\"https:\/\/www.holycross.com\/wp-content\/uploads\/2026\/01\/carevoice-vote-coop.svg\",\"datePublished\":\"2023-01-16T15:58:57+00:00\",\"dateModified\":\"2026-02-25T16:34:57+00:00\",\"breadcrumb\":{\"@id\":\"https:\/\/www.holycross.com\/community\/engagement\/annual-meeting#breadcrumb\"},\"inLanguage\":\"es\",\"potentialAction\":[{\"@type\":\"ReadAction\",\"target\":[\"https:\/\/www.holycross.com\/community\/engagement\/annual-meeting\"]}]},{\"@type\":\"ImageObject\",\"inLanguage\":\"es\",\"@id\":\"https:\/\/www.holycross.com\/community\/engagement\/annual-meeting#primaryimage\",\"url\":\"https:\/\/www.holycross.com\/wp-content\/uploads\/2026\/01\/carevoice-vote-coop.svg\",\"contentUrl\":\"https:\/\/www.holycross.com\/wp-content\/uploads\/2026\/01\/carevoice-vote-coop.svg\"},{\"@type\":\"BreadcrumbList\",\"@id\":\"https:\/\/www.holycross.com\/community\/engagement\/annual-meeting#breadcrumb\",\"itemListElement\":[{\"@type\":\"ListItem\",\"position\":1,\"name\":\"Home\",\"item\":\"https:\/\/www.holycross.com\/\"},{\"@type\":\"ListItem\",\"position\":2,\"name\":\"COMMUNITY\",\"item\":\"https:\/\/www.holycross.com\/community\"},{\"@type\":\"ListItem\",\"position\":3,\"name\":\"ENGAGEMENT\",\"item\":\"https:\/\/www.holycross.com\/community\/engagement\"},{\"@type\":\"ListItem\",\"position\":4,\"name\":\"Annual meeting\"}]},{\"@type\":\"WebSite\",\"@id\":\"https:\/\/www.holycross.com\/#website\",\"url\":\"https:\/\/www.holycross.com\/\",\"name\":\"Holy Cross Energy\",\"description\":\"\",\"publisher\":{\"@id\":\"https:\/\/www.holycross.com\/#organization\"},\"potentialAction\":[{\"@type\":\"SearchAction\",\"target\":{\"@type\":\"EntryPoint\",\"urlTemplate\":\"https:\/\/www.holycross.com\/?s={search_term_string}\"},\"query-input\":\"required name=search_term_string\"}],\"inLanguage\":\"es\"},{\"@type\":\"Organization\",\"@id\":\"https:\/\/www.holycross.com\/#organization\",\"name\":\"Holy Cross Energy\",\"url\":\"https:\/\/www.holycross.com\/\",\"logo\":{\"@type\":\"ImageObject\",\"inLanguage\":\"es\",\"@id\":\"https:\/\/www.holycross.com\/#\/schema\/logo\/image\/\",\"url\":\"https:\/\/www.holycross.com\/wp-content\/uploads\/2022\/07\/HCE-NEW-LOGO-GREEN.png\",\"contentUrl\":\"https:\/\/www.holycross.com\/wp-content\/uploads\/2022\/07\/HCE-NEW-LOGO-GREEN.png\",\"width\":288,\"height\":288,\"caption\":\"Holy Cross Energy\"},\"image\":{\"@id\":\"https:\/\/www.holycross.com\/#\/schema\/logo\/image\/\"}}]}<\/script>\n<!-- \/ Yoast SEO plugin. -->","yoast_head_json":{"title":"Reuni\u00f3n anual - Holy Cross Energy","robots":{"index":"index","follow":"follow","max-snippet":"max-snippet:-1","max-image-preview":"max-image-preview:large","max-video-preview":"max-video-preview:-1"},"canonical":"https:\/\/www.holycross.com\/es\/community\/engagement\/annual-meeting\/","og_locale":"es_MX","og_type":"article","og_title":"Annual meeting - Holy Cross Energy","og_description":"2026Annual Meeting of Members Holy Cross Energy Annual Meeting of Members Thursday, June 11, 2026 Four Eagle Ranch, Wolcott 5:00 p.m. \u2014 Complimentary Member Appreciation Dinner Bucket Truck Rides Lawn Games In-Person Election Voting until 6:00 p.m. Energy Program Information 6:00 p.m. \u2014 Voting Ends...","og_url":"https:\/\/www.holycross.com\/es\/community\/engagement\/annual-meeting\/","og_site_name":"Holy Cross Energy","article_modified_time":"2026-02-25T16:34:57+00:00","og_image":[{"url":"https:\/\/www.holycross.com\/wp-content\/uploads\/2026\/01\/carevoice-vote-coop.svg"}],"twitter_card":"summary_large_image","twitter_misc":{"Tiempo de lectura":"1 minuto"},"schema":{"@context":"https:\/\/schema.org","@graph":[{"@type":"WebPage","@id":"https:\/\/www.holycross.com\/community\/engagement\/annual-meeting","url":"https:\/\/www.holycross.com\/community\/engagement\/annual-meeting","name":"Reuni\u00f3n anual - Holy Cross Energy","isPartOf":{"@id":"https:\/\/www.holycross.com\/#website"},"primaryImageOfPage":{"@id":"https:\/\/www.holycross.com\/community\/engagement\/annual-meeting#primaryimage"},"image":{"@id":"https:\/\/www.holycross.com\/community\/engagement\/annual-meeting#primaryimage"},"thumbnailUrl":"https:\/\/www.holycross.com\/wp-content\/uploads\/2026\/01\/carevoice-vote-coop.svg","datePublished":"2023-01-16T15:58:57+00:00","dateModified":"2026-02-25T16:34:57+00:00","breadcrumb":{"@id":"https:\/\/www.holycross.com\/community\/engagement\/annual-meeting#breadcrumb"},"inLanguage":"es","potentialAction":[{"@type":"ReadAction","target":["https:\/\/www.holycross.com\/community\/engagement\/annual-meeting"]}]},{"@type":"ImageObject","inLanguage":"es","@id":"https:\/\/www.holycross.com\/community\/engagement\/annual-meeting#primaryimage","url":"https:\/\/www.holycross.com\/wp-content\/uploads\/2026\/01\/carevoice-vote-coop.svg","contentUrl":"https:\/\/www.holycross.com\/wp-content\/uploads\/2026\/01\/carevoice-vote-coop.svg"},{"@type":"BreadcrumbList","@id":"https:\/\/www.holycross.com\/community\/engagement\/annual-meeting#breadcrumb","itemListElement":[{"@type":"ListItem","position":1,"name":"Home","item":"https:\/\/www.holycross.com\/"},{"@type":"ListItem","position":2,"name":"COMMUNITY","item":"https:\/\/www.holycross.com\/community"},{"@type":"ListItem","position":3,"name":"ENGAGEMENT","item":"https:\/\/www.holycross.com\/community\/engagement"},{"@type":"ListItem","position":4,"name":"Annual meeting"}]},{"@type":"WebSite","@id":"https:\/\/www.holycross.com\/#website","url":"https:\/\/www.holycross.com\/","name":"Holy Cross Energy","description":"","publisher":{"@id":"https:\/\/www.holycross.com\/#organization"},"potentialAction":[{"@type":"SearchAction","target":{"@type":"EntryPoint","urlTemplate":"https:\/\/www.holycross.com\/?s={search_term_string}"},"query-input":"required name=search_term_string"}],"inLanguage":"es"},{"@type":"Organization","@id":"https:\/\/www.holycross.com\/#organization","name":"Holy Cross Energy","url":"https:\/\/www.holycross.com\/","logo":{"@type":"ImageObject","inLanguage":"es","@id":"https:\/\/www.holycross.com\/#\/schema\/logo\/image\/","url":"https:\/\/www.holycross.com\/wp-content\/uploads\/2022\/07\/HCE-NEW-LOGO-GREEN.png","contentUrl":"https:\/\/www.holycross.com\/wp-content\/uploads\/2022\/07\/HCE-NEW-LOGO-GREEN.png","width":288,"height":288,"caption":"Holy Cross Energy"},"image":{"@id":"https:\/\/www.holycross.com\/#\/schema\/logo\/image\/"}}]}},"_links":{"self":[{"href":"https:\/\/www.holycross.com\/es\/wp-json\/wp\/v2\/pages\/35441","targetHints":{"allow":["GET"]}}],"collection":[{"href":"https:\/\/www.holycross.com\/es\/wp-json\/wp\/v2\/pages"}],"about":[{"href":"https:\/\/www.holycross.com\/es\/wp-json\/wp\/v2\/types\/page"}],"author":[{"embeddable":true,"href":"https:\/\/www.holycross.com\/es\/wp-json\/wp\/v2\/users\/1"}],"replies":[{"embeddable":true,"href":"https:\/\/www.holycross.com\/es\/wp-json\/wp\/v2\/comments?post=35441"}],"version-history":[{"count":125,"href":"https:\/\/www.holycross.com\/es\/wp-json\/wp\/v2\/pages\/35441\/revisions"}],"predecessor-version":[{"id":55642,"href":"https:\/\/www.holycross.com\/es\/wp-json\/wp\/v2\/pages\/35441\/revisions\/55642"}],"up":[{"embeddable":true,"href":"https:\/\/www.holycross.com\/es\/wp-json\/wp\/v2\/pages\/35425"}],"wp:attachment":[{"href":"https:\/\/www.holycross.com\/es\/wp-json\/wp\/v2\/media?parent=35441"}],"curies":[{"name":"wp","href":"https:\/\/api.w.org\/{rel}","templated":true}]}}